{"id":1798,"date":"2023-08-25T13:28:13","date_gmt":"2023-08-25T12:28:13","guid":{"rendered":"https:\/\/heinesen.fo\/?page_id=1798"},"modified":"2023-10-27T13:31:55","modified_gmt":"2023-10-27T12:31:55","slug":"en-populaer-sang","status":"publish","type":"page","link":"https:\/\/heinesen.fo\/da\/index.php\/en-populaer-sang\/","title":{"rendered":"EN POPUL\u00c6R SANG"},"content":{"rendered":"<h3>EITT D\u00ddPI AV D\u00ddRARI T\u00cd\u00d0<\/h3>\n<h4>(P\u00c5 DANSK: \u201cET DYB AF DYREBAR TID\u201d)<\/h4>\n<p>Dette er titlen p\u00e5 en af Elin&#8217;s mest popul\u00e6re sange med sangtekst af hendes far, Jens Pauli Heinesen. Sangen har f\u00e5et international anerkendelse.<\/p>\n<p>Der er to versioner af sangen &#8211; den originale fra NALJA-albummet, der blev udgivet i 1988 og en senere version fra 2002, indspillet med the City of Prague Philharmonic Orchestra og T\u00f3rshavn Mandskor, arrangeret af den danske komponist S\u00f8ren Hyldgaard, som i dag er den mest kendte.<\/p>\n<p>Lyt til den originale NALJA-version her:<\/p>\n<audio class=\"wp-audio-shortcode\" id=\"audio-1798-1\" preload=\"none\" style=\"width: 100%;\" controls=\"controls\"><source type=\"audio\/mpeg\" src=\"http:\/\/heinesen.fo\/wp-content\/uploads\/2023\/08\/05-Eitt-Dypi-Av-Dyrari-Tid.mp3?_=1\" \/><a href=\"http:\/\/heinesen.fo\/wp-content\/uploads\/2023\/08\/05-Eitt-Dypi-Av-Dyrari-Tid.mp3\">http:\/\/heinesen.fo\/wp-content\/uploads\/2023\/08\/05-Eitt-Dypi-Av-Dyrari-Tid.mp3<\/a><\/audio>\n<p>Lyt til den nyere symfoniske version her:<\/p>\n<audio class=\"wp-audio-shortcode\" id=\"audio-1798-2\" preload=\"none\" style=\"width: 100%;\" controls=\"controls\"><source type=\"audio\/mpeg\" src=\"http:\/\/heinesen.fo\/wp-content\/uploads\/2023\/08\/Eitt_dypi_av_dyrari_tid.mp3?_=2\" \/><a href=\"http:\/\/heinesen.fo\/wp-content\/uploads\/2023\/08\/Eitt_dypi_av_dyrari_tid.mp3\">http:\/\/heinesen.fo\/wp-content\/uploads\/2023\/08\/Eitt_dypi_av_dyrari_tid.mp3<\/a><\/audio>\n<p>Se Elin spille sangen live i en akustisk version her:<\/p>\n<p style=\"text-align: center;\"><iframe loading=\"lazy\" title=\"YouTube video player\" src=\"https:\/\/www.youtube.com\/embed\/lZGfI3_hLhg?si=irf2JvJWpDLf5a6Q&amp;start=36\" width=\"853\" height=\"480\" frameborder=\"0\" allowfullscreen=\"allowfullscreen\" data-mce-fragment=\"1\"><\/iframe><\/p>\n<p>Sangen er ogs\u00e5 at finde p\u00e5 lydsiden til denne video, kaldt &#8220;Hvor naturen r\u00e5der&#8221;:<\/p>\n<p><center><iframe loading=\"lazy\" title=\"YouTube video player\" src=\"https:\/\/www.youtube.com\/embed\/l9pbqJq-FU0?si=F8UsDdxz5rC5KG6w\" width=\"700\" height=\"450\" frameborder=\"0\" allowfullscreen=\"allowfullscreen\"><span data-mce-type=\"bookmark\" style=\"display: inline-block; width: 0px; overflow: hidden; line-height: 0;\" class=\"mce_SELRES_start\">\ufeff<\/span><\/iframe><\/center><\/p>\n","protected":false},"excerpt":{"rendered":"<p>EITT D\u00ddPI AV D\u00ddRARI T\u00cd\u00d0 (P\u00c5 DANSK: \u201cET DYB AF DYREBAR TID\u201d) Dette er titlen p\u00e5 en af Elin&#8217;s mest popul\u00e6re sange med sangtekst af hendes far, Jens Pauli Heinesen. Sangen har f\u00e5et international anerkendelse. Der er to versioner af sangen &#8211; den originale fra NALJA-albummet, der blev udgivet i 1988 og en senere version&hellip;<\/p>\n","protected":false},"author":1,"featured_media":1674,"parent":0,"menu_order":0,"comment_status":"closed","ping_status":"closed","template":"","meta":{"footnotes":""},"class_list":["post-1798","page","type-page","status-publish","format-standard","has-post-thumbnail","hentry"],"_links":{"self":[{"href":"https:\/\/heinesen.fo\/da\/index.php\/wp-json\/wp\/v2\/pages\/1798","targetHints":{"allow":["GET"]}}],"collection":[{"href":"https:\/\/heinesen.fo\/da\/index.php\/wp-json\/wp\/v2\/pages"}],"about":[{"href":"https:\/\/heinesen.fo\/da\/index.php\/wp-json\/wp\/v2\/types\/page"}],"author":[{"embeddable":true,"href":"https:\/\/heinesen.fo\/da\/index.php\/wp-json\/wp\/v2\/users\/1"}],"replies":[{"embeddable":true,"href":"https:\/\/heinesen.fo\/da\/index.php\/wp-json\/wp\/v2\/comments?post=1798"}],"version-history":[{"count":6,"href":"https:\/\/heinesen.fo\/da\/index.php\/wp-json\/wp\/v2\/pages\/1798\/revisions"}],"predecessor-version":[{"id":3294,"href":"https:\/\/heinesen.fo\/da\/index.php\/wp-json\/wp\/v2\/pages\/1798\/revisions\/3294"}],"wp:featuredmedia":[{"embeddable":true,"href":"https:\/\/heinesen.fo\/da\/index.php\/wp-json\/wp\/v2\/media\/1674"}],"wp:attachment":[{"href":"https:\/\/heinesen.fo\/da\/index.php\/wp-json\/wp\/v2\/media?parent=1798"}],"curies":[{"name":"wp","href":"https:\/\/api.w.org\/{rel}","templated":true}]}}