{"id":1876,"date":"2023-08-28T09:23:59","date_gmt":"2023-08-28T08:23:59","guid":{"rendered":"https:\/\/heinesen.fo\/index.php\/en-populaer-sang\/about-the-song\/"},"modified":"2023-10-27T13:05:02","modified_gmt":"2023-10-27T12:05:02","slug":"om-sangen","status":"publish","type":"page","link":"https:\/\/heinesen.fo\/da\/index.php\/en-populaer-sang\/om-sangen\/","title":{"rendered":"OM SANGEN"},"content":{"rendered":"<figure id=\"attachment_120\" aria-describedby=\"caption-attachment-120\" style=\"width: 350px\" class=\"wp-caption alignleft\"><img loading=\"lazy\" decoding=\"async\" class=\"wp-image-120 size-full\" src=\"https:\/\/heinesen.fo\/wp-content\/uploads\/2023\/08\/Elin_og_papin_millum.jpg\" alt=\"Elin Brimheim Heinesen og hendes far, forfatteren Jens Pauli Heinesen p\u00e5 hans 75 \u00e5rs f\u00f8dselsdag.\" width=\"350\" height=\"262\" srcset=\"https:\/\/heinesen.fo\/wp-content\/uploads\/2023\/08\/Elin_og_papin_millum.jpg 350w, https:\/\/heinesen.fo\/wp-content\/uploads\/2023\/08\/Elin_og_papin_millum-300x225.jpg 300w\" sizes=\"auto, (max-width: 350px) 100vw, 350px\" \/><figcaption id=\"caption-attachment-120\" class=\"wp-caption-text\">Elin Brimheim Heinesen og hendes far, forfatteren Jens Pauli Heinesen p\u00e5 hans 75 \u00e5rs f\u00f8dselsdag.<\/figcaption><\/figure>\n<h3>DEN F\u00d8RSTE VERSION AF SANGEN<\/h3>\n<p>Sangen <em>Eitt d\u00fdpi av d\u00fdrari t\u00ed\u00f0<\/em> (Et dyb af dyrebar tid) var en af de mest popul\u00e6re sange p\u00e5 albummet <em>NALJA<\/em> med Elin Brimheim Heinesen og K\u00e1ri Linderoth Jacobsen. Albummet blev udgivet f\u00f8rste gang som MC i 1988 og genudgivet p\u00e5 CD i 1998 af pladeselskabet TUTL p\u00e5 F\u00e6r\u00f8erne. Musikken er indspillet i Bl\u00f8ndal Studio i K\u00f8benhavn i 1988. Elin Brimheim Heinesen skrev og arrangerede nummeret <em>Eitt d\u00fdpi av d\u00fdrari t\u00ed\u00f0<\/em>.<\/p>\n<h3>FORLADT OG SMUK KUNST BLEV SKABT<\/h3>\n<p>Elins far, den f\u00e6r\u00f8ske forfatter Jens Pauli Heinesen, skrev teksten til sangen tilbage i 1953 &#8211; kun 21 \u00e5r gammel. P\u00e5 det tidspunkt var han forlovet med en ung dame ved navn Kirstin. Han var helt sikker p\u00e5, at det var hende, der skulle v\u00e6re hans livsledsager, og at de skulle giftes. Men efter at de var kommet sammen i to \u00e5r, forlod hun ham pludselig til fordel for en af hans bedste venner.<\/p>\n<p>Hans hjerte var knust. S\u00e5 han satte sig for at skrive et digt. Man skulle tro, han ville skrive et digt om at v\u00e6re ulykkeligt forelsket, men nej. Han skrev om, hvor dyrebart livet er, og hvor meget livet er v\u00e6rd at leve p\u00e5 trods af udfordringer og ulykkelige forhold. Han skrev hovedsageligt om h\u00e5b. M\u00e5ske for at tr\u00f8ste sig selv, men ikke desto mindre blev der skabt et imponerende dybt og smukt digt, som i dag er en af de mest elskede sangtekster p\u00e5 F\u00e6r\u00f8erne. Mange mennesker finder det utroligt, at en s\u00e5 ung mand kunne skrive noget s\u00e5 dybsindigt og indsigtsfuldt.<\/p>\n<p><em>Her er Jens Pauli Heinesen p\u00e5 det tidspunkt, hvor han skrev digtet \u201cEitt d\u00fdpi av d\u00fdrari t\u00ed\u00f0\u201d:<\/em><\/p>\n<p style=\"text-align: center;\"><img loading=\"lazy\" decoding=\"async\" class=\"alignnone size-full wp-image-1679\" src=\"http:\/\/heinesen.fo\/wp-content\/uploads\/2023\/09\/1953_JPH_i_Sandavagi.jpg\" alt=\"\" width=\"624\" height=\"560\" srcset=\"https:\/\/heinesen.fo\/wp-content\/uploads\/2023\/09\/1953_JPH_i_Sandavagi.jpg 624w, https:\/\/heinesen.fo\/wp-content\/uploads\/2023\/09\/1953_JPH_i_Sandavagi-300x269.jpg 300w\" sizes=\"auto, (max-width: 624px) 100vw, 624px\" \/><\/p>\n<h3>SANGEN I EN NY SYMFONISK VERSION<\/h3>\n<p>Den 10. og 17. november 2002 blev en tv-dokumentar i to dele sendt for f\u00f8rste gang i det f\u00e6r\u00f8ske landsd\u00e6kkende tv. Dokumentaren om forfatteren og manden Jens Pauli Heinesen blev lavet af Gulla \u00d8regaard som en hyldest til ham p\u00e5 hans 70 \u00e5rs f\u00f8dselsdag den 12. november 2002.<\/p>\n<p>Ved tilblivelsen af dokumentaren blev der lavet en ny version af sangen <em>Eitt d\u00fdpi av d\u00fdrari t\u00ed\u00f0<\/em>. Gulla form\u00e5ede at skaffe finansiering til en symfonisk indsplining, som hun skulle bruge til dokumentaren, og Elin fik kontakt med den danske filmkomponist <a href=\"http:\/\/www.screenmusic.dk\/\" target=\"_blank\" rel=\"noopener\">S\u00f8ren Hyldgaard<\/a>, der hjalp med at arrangere musikken for symfoniorkester og et mandekor. Musikken er indspillet dels i Prag med The City of Prague Philharmonic Orchestra under ledelse af Mario Klemens \u2013 og dels i T\u00f3rshavn med T\u00f3rshavns Mandskor under ledelse af Bjarni Restorff og med Elin Brimheim Heinesen som vokalsolist.<\/p>\n<p>Denne sidste symfoniske version af sangen er udkommet to gange \u2013 f\u00f8rste gang i 2003 p\u00e5 en f\u00e6r\u00f8sk opsamlings-cd kaldet Popp List 2, udgivet af 3&#8217;arin og anden gang p\u00e5 en anden f\u00e6r\u00f8sk opsamlings-cd med kun f\u00e6r\u00f8ske kvindelige kunstnere, udgivet som en introduktionsgave til folk, der abonnerer p\u00e5 det f\u00e6r\u00f8ske kvindemagasin &#8216;Kvinna&#8217;. Denne cd blev udgivet f\u00f8rste gang i november 2004.<\/p>\n<p>Den symfoniske version blev genudgivet i november 2023 p\u00e5 albummet med samme titel &#8211; <em>Eitt d\u00fdpi av d\u00fdrari t\u00ed\u00f0<\/em> &#8211; i opdateret mix og mastering.<\/p>\n<p>Se ogs\u00e5 Elins <a href=\"https:\/\/heinesen.fo\/da\/index.php\/udgivet-musik\/diskografi\/\">DISCOGRAFI<\/a>.<\/p>\n","protected":false},"excerpt":{"rendered":"<p>DEN F\u00d8RSTE VERSION AF SANGEN Sangen Eitt d\u00fdpi av d\u00fdrari t\u00ed\u00f0 (Et dyb af dyrebar tid) var en af de mest popul\u00e6re sange p\u00e5 albummet NALJA med Elin Brimheim Heinesen og K\u00e1ri Linderoth Jacobsen. Albummet blev udgivet f\u00f8rste gang som MC i 1988 og genudgivet p\u00e5 CD i 1998 af pladeselskabet TUTL p\u00e5 F\u00e6r\u00f8erne. Musikken&hellip;<\/p>\n","protected":false},"author":1,"featured_media":1674,"parent":1798,"menu_order":0,"comment_status":"closed","ping_status":"closed","template":"","meta":{"footnotes":""},"class_list":["post-1876","page","type-page","status-publish","format-standard","has-post-thumbnail","hentry"],"_links":{"self":[{"href":"https:\/\/heinesen.fo\/da\/index.php\/wp-json\/wp\/v2\/pages\/1876","targetHints":{"allow":["GET"]}}],"collection":[{"href":"https:\/\/heinesen.fo\/da\/index.php\/wp-json\/wp\/v2\/pages"}],"about":[{"href":"https:\/\/heinesen.fo\/da\/index.php\/wp-json\/wp\/v2\/types\/page"}],"author":[{"embeddable":true,"href":"https:\/\/heinesen.fo\/da\/index.php\/wp-json\/wp\/v2\/users\/1"}],"replies":[{"embeddable":true,"href":"https:\/\/heinesen.fo\/da\/index.php\/wp-json\/wp\/v2\/comments?post=1876"}],"version-history":[{"count":6,"href":"https:\/\/heinesen.fo\/da\/index.php\/wp-json\/wp\/v2\/pages\/1876\/revisions"}],"predecessor-version":[{"id":3283,"href":"https:\/\/heinesen.fo\/da\/index.php\/wp-json\/wp\/v2\/pages\/1876\/revisions\/3283"}],"up":[{"embeddable":true,"href":"https:\/\/heinesen.fo\/da\/index.php\/wp-json\/wp\/v2\/pages\/1798"}],"wp:featuredmedia":[{"embeddable":true,"href":"https:\/\/heinesen.fo\/da\/index.php\/wp-json\/wp\/v2\/media\/1674"}],"wp:attachment":[{"href":"https:\/\/heinesen.fo\/da\/index.php\/wp-json\/wp\/v2\/media?parent=1876"}],"curies":[{"name":"wp","href":"https:\/\/api.w.org\/{rel}","templated":true}]}}