{"id":1880,"date":"2023-08-28T09:30:04","date_gmt":"2023-08-28T08:30:04","guid":{"rendered":"https:\/\/heinesen.fo\/index.php\/en-populaer-sang\/an-awarded-video\/"},"modified":"2023-10-09T16:08:05","modified_gmt":"2023-10-09T15:08:05","slug":"prisbelonnet-video","status":"publish","type":"page","link":"https:\/\/heinesen.fo\/da\/index.php\/en-populaer-sang\/prisbelonnet-video\/","title":{"rendered":"PRISBEL\u00d8NNET VIDEO"},"content":{"rendered":"<h3>BRUGT I REKLAME FOR F\u00c6R\u00d8ERNE<\/h3>\n<p>Sangen &#8220;<em>Eitt d\u00fdpi av d\u00fdrari t\u00ed\u00f0<\/em>&#8221; blev brugt i en videopr\u00e6sentation om F\u00e6r\u00f8erne kaldet <em>&#8220;Where Nature Rules&#8221;<\/em>, som Elin lavede i 2008, efter at magasinet National Geographic Traveler i november 2007 udr\u00e5bte F\u00e6r\u00f8erne som de bedste \u00f8er i verdenen at rejse til. Den lille film viser landskaber fra F\u00e6r\u00f8erne og er en reklame for F\u00e6r\u00f8erne som rejsem\u00e5l. Billeder og musik vises med citater fra rejsendes beskrivelser af F\u00e6r\u00f8erne.<\/p>\n<h3>INTERNATIONAL PRIS FOR 3. BEDSTE TURISTREKLAMEFILM<\/h3>\n<p>Den 12. marts 2009 modtog videoen 3. pris ved den internationale turismefilmprisuddeling <em>&#8220;Golden City Gate&#8221;<\/em> p\u00e5 ITB Tourist Fair i Berlin &#8211; en af de st\u00f8rste af sin slags i verden. (L\u00e6s mere her: <a href=\"http:\/\/www.das-goldene-stadttor.de\/\" target=\"_blank\" rel=\"noopener\">www.das-goldene-stadttor.de<\/a>).<\/p>\n<p>Elin om at vinde en pris for videoen:<\/p>\n<blockquote><p><em>&#8220;Det var virkelig en overraskelse for mig, at videoen vandt en pris. Egentlig var det et udkast, jeg lavede som opl\u00e6g til et m\u00f8de, vi havde p\u00e5 min arbejdsplads, hvor vi skulle diskutere forskellige m\u00e5der at markedsf\u00f8re F\u00e6r\u00f8erne p\u00e5. Dette var mit forslag, som jeg lavede derhjemme efter arbejdstid med et amat\u00f8rfilmredigeringsprogram Windows Movie Maker. Jeg lagde videoen p\u00e5 YouTube og Facebook for at f\u00e5 noget feedback \u2013 s\u00e5 jeg kunne l\u00e6re af kommentarerne. Efter et stykke tid inds\u00e5 jeg, at folk kunne lide videoen s\u00e5 meget, at de sendte linket til hinanden og til deres venner og bekendte over hele verden. <\/em><em>Efter et par m\u00e5neder havde mere end tolv tusinde mennesker set videoen p\u00e5 YouTube og sikkert lige s\u00e5 mange p\u00e5 Facebook (desv\u00e6rre talte Facebook ikke seertal dengang). En m\u00e5ned f\u00f8r Tourist Fair ITB i Berlin (som i \u00f8vrigt er en af de st\u00f8rste i verden med op til 200.000 bes\u00f8gende), hvor Tourism Film Award Ceremonien &#8220;Golden City Gate Awards&#8221; finder sted, foreslog mine medarbejdere, at jeg skulle sende videoen til filmkonkurrencen, men jeg sagde nej \u2013 for det var en <strong>FILM<\/strong>-konkurrence, og min video er bare en r\u00e6kke stillbilleder (som sagt bare en sketch egentlig). Men de sendte den ind alligevel, uden at jeg vidste det! S\u00e5 jeg blev virkelig overrasket, da de ringede til mig fra Berlin for at fort\u00e6lle, at den havde vundet 3. pr\u00e6mien!\u201d<\/em><\/p><\/blockquote>\n<h3>NYDT AF FLERE HUNDREDE TUSINDE<\/h3>\n<p>I februar 2010 oversteg antallet af seere mere end hundrede tusinde p\u00e5 YouTube og Facebook \u2013 og 5 \u00e5r efter udgivelsen havde mere end 200.000 mennesker set videoen p\u00e5 YouTube. Grunden til at videoen blev s\u00e5 popul\u00e6r s\u00e5 hurtigt kan nok p\u00e5 den ene side v\u00e6re de fantastiske billeder og p\u00e5 den anden side ogs\u00e5 musikken. Sangen &#8220;<em>Eitt d\u00fdpi av d\u00fdrari t\u00ed\u00f0<\/em>&#8221; (oversat til engelsk: A Chasm of Precious Time) var allerede meget popul\u00e6r p\u00e5 F\u00e6r\u00f8erne l\u00e6nge f\u00f8r videoen blev lavet. Elin Brimheim Heinesen har lavet musikken, og teksterne er skrevet af hendes far, den f\u00e6r\u00f8ske forfatter Jens Pauli Heinesen, som er hans generations st\u00f8rste og mest v\u00e6rdsatte forfattere p\u00e5 F\u00e6r\u00f8erne.<\/p>\n<p>Du kan l\u00e6se hele historien om musikken og teksterne og ogs\u00e5 l\u00e6se teksterne p\u00e5 fire sprog \u2013 f\u00e6r\u00f8sk og oversat til dansk, engelsk og tysk \u2013 og lytte til musikken i to versioner \u2013 den originale og den symfoniske \u2013 gratis ! \u2013 <a href=\"https:\/\/heinesen.fo\/da\/index.php\/en-populaer-sang\/\">her p\u00e5 siden<\/a>.<\/p>\n<p><em>Se videoen &#8220;Hvor naturen hersker&#8221;\u00a0her:<\/em><\/p>\n<p style=\"text-align: center;\"><iframe loading=\"lazy\" title=\"YouTube video player\" src=\"https:\/\/www.youtube.com\/embed\/l9pbqJq-FU0?si=4RtOH9ff0HFNvIYc\" width=\"700\" height=\"450\" frameborder=\"0\" allowfullscreen=\"allowfullscreen\"><span data-mce-type=\"bookmark\" style=\"display: inline-block; width: 0px; overflow: hidden; line-height: 0;\" class=\"mce_SELRES_start\">\ufeff<\/span><\/iframe><\/p>\n<p>Du kan ogs\u00e5 finde denne video p\u00e5 facebook <a href=\"http:\/\/www.facebook.com\/video\/video.php?v=48199918144\" target=\"_blank\" rel=\"noopener\">her<\/a> og p\u00e5 YouTube <a href=\"http:\/\/www.youtube.com\/watch?v=Nd-vBF2-mIo\" target=\"_blank\" rel=\"noopener\">her<\/a> eller <a href=\"http:\/\/www.youtube.com\/watch?v=Ow2HumAf13w\" target=\"_blank\" rel=\"noopener\">her (Engelsk)<\/a>\u00a0&gt;\u00a0<a href=\"http:\/\/www.youtube.com\/watch?v=l9pbqJq-FU0\" target=\"_blank\" rel=\"noopener\">(Dansk)<\/a>\u00a0&gt;\u00a0<a href=\"http:\/\/www.youtube.com\/watch?v=23QbNHTpYug\" target=\"_blank\" rel=\"noopener\">(Tysk)<\/a><\/p>\n<p>Her er nogle af de f\u00f8rste <a href=\"http:\/\/heinesen.fo\/wp-content\/uploads\/2023\/08\/Comments_to_WhereNatureRules.pdf\" target=\"_blank\" rel=\"noopener\">kommentarer om videoen<\/a> in E-mails, YouTube og Facebook.<\/p>\n","protected":false},"excerpt":{"rendered":"<p>BRUGT I REKLAME FOR F\u00c6R\u00d8ERNE Sangen &#8220;Eitt d\u00fdpi av d\u00fdrari t\u00ed\u00f0&#8221; blev brugt i en videopr\u00e6sentation om F\u00e6r\u00f8erne kaldet &#8220;Where Nature Rules&#8221;, som Elin lavede i 2008, efter at magasinet National Geographic Traveler i november 2007 udr\u00e5bte F\u00e6r\u00f8erne som de bedste \u00f8er i verdenen at rejse til. Den lille film viser landskaber fra F\u00e6r\u00f8erne og&hellip;<\/p>\n","protected":false},"author":1,"featured_media":1674,"parent":1798,"menu_order":2,"comment_status":"closed","ping_status":"closed","template":"","meta":{"footnotes":""},"class_list":["post-1880","page","type-page","status-publish","format-standard","has-post-thumbnail","hentry"],"_links":{"self":[{"href":"https:\/\/heinesen.fo\/da\/index.php\/wp-json\/wp\/v2\/pages\/1880","targetHints":{"allow":["GET"]}}],"collection":[{"href":"https:\/\/heinesen.fo\/da\/index.php\/wp-json\/wp\/v2\/pages"}],"about":[{"href":"https:\/\/heinesen.fo\/da\/index.php\/wp-json\/wp\/v2\/types\/page"}],"author":[{"embeddable":true,"href":"https:\/\/heinesen.fo\/da\/index.php\/wp-json\/wp\/v2\/users\/1"}],"replies":[{"embeddable":true,"href":"https:\/\/heinesen.fo\/da\/index.php\/wp-json\/wp\/v2\/comments?post=1880"}],"version-history":[{"count":6,"href":"https:\/\/heinesen.fo\/da\/index.php\/wp-json\/wp\/v2\/pages\/1880\/revisions"}],"predecessor-version":[{"id":3110,"href":"https:\/\/heinesen.fo\/da\/index.php\/wp-json\/wp\/v2\/pages\/1880\/revisions\/3110"}],"up":[{"embeddable":true,"href":"https:\/\/heinesen.fo\/da\/index.php\/wp-json\/wp\/v2\/pages\/1798"}],"wp:featuredmedia":[{"embeddable":true,"href":"https:\/\/heinesen.fo\/da\/index.php\/wp-json\/wp\/v2\/media\/1674"}],"wp:attachment":[{"href":"https:\/\/heinesen.fo\/da\/index.php\/wp-json\/wp\/v2\/media?parent=1880"}],"curies":[{"name":"wp","href":"https:\/\/api.w.org\/{rel}","templated":true}]}}