{"id":1884,"date":"2023-08-28T11:41:52","date_gmt":"2023-08-28T10:41:52","guid":{"rendered":"https:\/\/heinesen.fo\/index.php\/en-populaer-sang\/eivor-faroe-islands-symphony-orchestra\/"},"modified":"2023-10-27T13:35:51","modified_gmt":"2023-10-27T12:35:51","slug":"eivor-faeroernes-symfoniorkester","status":"publish","type":"page","link":"https:\/\/heinesen.fo\/da\/index.php\/en-populaer-sang\/eivor-faeroernes-symfoniorkester\/","title":{"rendered":"EIV\u00d8R &#038; F\u00c6R\u00d8ERNES SYMFONIORKESTER"},"content":{"rendered":"<p>I januar 2013 opf\u00f8rte F\u00f8roya Symfoniorkestur (F\u00e6r\u00f8ernes Symfoniorkester) sangen &#8220;Eitt d\u00fdpi av d\u00fdrari t\u00ed\u00f0&#8221; med den ber\u00f8mte f\u00e6r\u00f8ske sangerinde, Eiv\u00f8r, ved deres \u00e5rlige nyt\u00e5rskoncert. Opf\u00f8relsen af sangen var en hyldest til den afd\u00f8de forfatter, Jens Pauli Heinesen, som netop havde haft sin 80 \u00e5rs f\u00f8dselsdag i november 2012. Se her:<\/p>\n<p><iframe loading=\"lazy\" src=\"https:\/\/www.youtube.com\/embed\/KmknXWCey2c\" width=\"853\" height=\"480\" frameborder=\"0\" allowfullscreen=\"allowfullscreen\" data-mce-fragment=\"1\"><\/iframe><\/p>\n<p>&nbsp;<\/p>\n","protected":false},"excerpt":{"rendered":"<p>I januar 2013 opf\u00f8rte F\u00f8roya Symfoniorkestur (F\u00e6r\u00f8ernes Symfoniorkester) sangen &#8220;Eitt d\u00fdpi av d\u00fdrari t\u00ed\u00f0&#8221; med den ber\u00f8mte f\u00e6r\u00f8ske sangerinde, Eiv\u00f8r, ved deres \u00e5rlige nyt\u00e5rskoncert. Opf\u00f8relsen af sangen var en hyldest til den afd\u00f8de forfatter, Jens Pauli Heinesen, som netop havde haft sin 80 \u00e5rs f\u00f8dselsdag i november 2012. Se her: &nbsp;<\/p>\n","protected":false},"author":1,"featured_media":1674,"parent":1798,"menu_order":4,"comment_status":"closed","ping_status":"closed","template":"","meta":{"footnotes":""},"class_list":["post-1884","page","type-page","status-publish","format-standard","has-post-thumbnail","hentry"],"_links":{"self":[{"href":"https:\/\/heinesen.fo\/da\/index.php\/wp-json\/wp\/v2\/pages\/1884","targetHints":{"allow":["GET"]}}],"collection":[{"href":"https:\/\/heinesen.fo\/da\/index.php\/wp-json\/wp\/v2\/pages"}],"about":[{"href":"https:\/\/heinesen.fo\/da\/index.php\/wp-json\/wp\/v2\/types\/page"}],"author":[{"embeddable":true,"href":"https:\/\/heinesen.fo\/da\/index.php\/wp-json\/wp\/v2\/users\/1"}],"replies":[{"embeddable":true,"href":"https:\/\/heinesen.fo\/da\/index.php\/wp-json\/wp\/v2\/comments?post=1884"}],"version-history":[{"count":3,"href":"https:\/\/heinesen.fo\/da\/index.php\/wp-json\/wp\/v2\/pages\/1884\/revisions"}],"predecessor-version":[{"id":3298,"href":"https:\/\/heinesen.fo\/da\/index.php\/wp-json\/wp\/v2\/pages\/1884\/revisions\/3298"}],"up":[{"embeddable":true,"href":"https:\/\/heinesen.fo\/da\/index.php\/wp-json\/wp\/v2\/pages\/1798"}],"wp:featuredmedia":[{"embeddable":true,"href":"https:\/\/heinesen.fo\/da\/index.php\/wp-json\/wp\/v2\/media\/1674"}],"wp:attachment":[{"href":"https:\/\/heinesen.fo\/da\/index.php\/wp-json\/wp\/v2\/media?parent=1884"}],"curies":[{"name":"wp","href":"https:\/\/api.w.org\/{rel}","templated":true}]}}