{"id":1886,"date":"2023-08-25T13:29:00","date_gmt":"2023-08-25T12:29:00","guid":{"rendered":"https:\/\/heinesen.fo\/index.php\/about\/"},"modified":"2025-05-24T13:55:48","modified_gmt":"2025-05-24T12:55:48","slug":"om-elin","status":"publish","type":"page","link":"https:\/\/heinesen.fo\/da\/","title":{"rendered":"OM ELIN"},"content":{"rendered":"<h3>MUSIK<\/h3>\n<p>Siden halvfjerdserne har Elin Brimheim Heinesen v\u00e6ret kendt p\u00e5 F\u00e6r\u00f8erne som singer\/songwriter\/komponist. Hun optr\u00e6der og laver musik som solist, men har ogs\u00e5 fra tid til anden arbejdet sammen med flere andre kunstnere.<\/p>\n<p>Samarbejdet med den f\u00e6r\u00f8ske komponist\/producer K\u00e1ri Linderoth Jacobsen er det mest kendte p\u00e5 F\u00e6r\u00f8erne, med hvem hun udgav deres debutalbum NALJA i 1988.<span style=\"font-size: 1em;\"> P\u00e5 udgivelsen var fem af de ti sange skrevet af hende, og de \u00f8vrige fem af K\u00e1ri. NALJA-sangene blev godt modtaget og har v\u00e6ret h\u00f8jt v\u00e6rdsat p\u00e5 F\u00e6r\u00f8erne lige siden. De spilles stadig ofte i f\u00e6r\u00f8sk radio. Man kunne med rette sige, at sangene er blevet klassikere.<\/span><\/p>\n<p>F\u00f8rst 22 \u00e5r senere blev Elin aktuel med et album igen. Midt i nullerne indledte hun et samarbejde med musikgruppen Ad Libitum, som hun udgav albummet &#8220;Yndisl\u00f8g&#8221; (Treasured Songs) sammen med i 2010. P\u00e5 albummet var der 15 sange, hvoraf de fleste var covers of evergreens, som Elin oversatte til f\u00e6r\u00f8sk.<\/p>\n<p>8 \u00e5r senere, det vil sige tidligt i 2018, tog Elin endelig skridtet til at indspille og udgive sit f\u00f8rste album som solist \u2013 &#8220;Handan stj\u00f8rnurnar&#8221; (Beyond The Stars) kun med hendes egen musik &#8211; 12 sange med tekst og musik af hende selv.<\/p>\n<p>Og 5 \u00e5r senere \u2013 i december 2023 \u2013 udgav hun et album med nyklassisk symfonisk musik &#8211; &#8220;Eitt d\u00fdpi av d\u00fdrari t\u00ed\u00f0 &#8211; A Chasm of Precious Time&#8221; &#8211; med musik, hun komponerede til digte af sin far, Jens Pauli Heinesen. P\u00e5 FMA (Faroese Music Awards) i 2022 modtog hun en pris for sin fars tekst til sangen &#8220;S\u00f3leyan l\u00fdsir um fl\u00f8tur&#8221; p\u00e5 albummet, som hun havde udgivet som single, inden albummet blev udgivet.<\/p>\n<p>Flere detaljer <a href=\"https:\/\/heinesen.fo\/da\/index.php\/musikkarriere\/\">HER<\/a>.<\/p>\n<h4>LYT TIL ELIN BRIMHEIM HEINESEN<br \/>\n<iframe loading=\"lazy\" style=\"border-radius: 12px;\" src=\"https:\/\/open.spotify.com\/embed\/playlist\/2wT1sSwBBKTu1Lw1Lh35ul?utm_source=generator\" width=\"100%\" height=\"352\" frameborder=\"0\" allowfullscreen=\"allowfullscreen\"><\/iframe><\/h4>\n<h3>UDDANNELSE<\/h3>\n<p>Elin har en universitetsuddannelse (Cand.Mag.) i \u00e6stetik og kultur og har desuden en erhvervs\u00f8konomisk uddannelse fra Copenhagen Business School samt uddannelse som manuskriptforfatter fra Den Danske Filmskole.<\/p>\n<p>Flere detaljer <a href=\"https:\/\/heinesen.fo\/da\/index.php\/om\/uddannelse\/\">HER<\/a>.<\/p>\n<h3>ERHVERVSERFARING<\/h3>\n<p>Elin har bred erfaring inden for internet, marketing, medier og kultur og har i mange \u00e5r arbejdet med kommunikation og marketing som medie- og marketingchef, journalist og chefredakt\u00f8r p\u00e5 online og trykte medier.<\/p>\n<p>Elin var f.eks. international marketingskoordinator for K\u00f8benhavn som Kulturby i 1996.<\/p>\n<p>De sidste 5 \u00e5r af de 25 \u00e5r, hun tilbragte i Danmark, inden hun flyttede tilbage til F\u00e6r\u00f8erne i 2007, var hun chefredakt\u00f8r p\u00e5 KIWI Magazine, et dansk kvinde- og forbrugermagasin, som hun var med til at grundl\u00e6gge. Magasinet havde 430.000 l\u00e6sere if\u00f8lge en Gallup-unders\u00f8gelse i 2006.<\/p>\n<p>I 2007 flyttede hun til F\u00e6r\u00f8erne for at p\u00e5tage sig jobbet som administrerende direkt\u00f8r i SamViti \u2013 Faroe Islands Enterprise, Faroese Trade og Tourism Council, som efter 2 \u00e5r blev lagt sammen med det f\u00e6r\u00f8ske udenrigsministerium.<\/p>\n<p>I 2009 blev hun medieleder p\u00e5 Kringvarp F\u00f8roya.<\/p>\n<p>I maj 2012 forlod hun Kringvarp F\u00f8roya for at blive selvst\u00e6ndig tekstforfatter, journalist, redakt\u00f8r og kommunikationsr\u00e5dgiver. Hun drev et online musikmagasin og arbejdede som freelancejournalist.<\/p>\n<p>I 2015 tog hun igen fast job som leder af Studenterservicecentret ved Fr\u00f3\u00f0skaparsetur F\u00f8roya, F\u00e6r\u00f8ernes Universitet, som varetog formidlings-, informations-, vejlednings-, administrative og akademiske opgaver is\u00e6r relateret til studierne af kommende, nuv\u00e6rende og tidligere studerende.<\/p>\n<p>I 2018 blev hun tilbudt jobbet som leder af Landsb\u00f3kasavni\u00f0&#8217;s (Nationalbibliotekets) Lydbogstjeneste p\u00e5 F\u00e6r\u00f8erne, hvilket er hendes nuv\u00e6rende job. Hun st\u00e5r for produktion og distribution af f\u00e6r\u00f8ske lydb\u00f8ger. Lydbogstjenestens form\u00e5l er at sikre, at f\u00f8rst og fremmest personer med s\u00e6rlige behov, har s\u00e5 stor adgang som muligt til l\u00e6sestof udgivet p\u00e5 f\u00e6r\u00f8sk, ogs\u00e5 p\u00e5 andre medier end trykte medier.<\/p>\n<p>Flere detaljer <a href=\"https:\/\/heinesen.fo\/da\/index.php\/om\/erhvervserfaring\/\">HER<\/a>.<\/p>\n<h3>PRIVATLIV<\/h3>\n<p>Elin blev f\u00f8dt 25. juni i 1958 i T\u00f3rshavn, F\u00e6r\u00f8erne, hvor hun voksede op sammen med sine for\u00e6ldre, Jens Pauli Heinesen, forfatter og l\u00e6rer, og Maud Heinesen (f\u00f8dt Brimheim), b\u00f8rnebogsforfatter og administrationschef p\u00e5 F\u00e6r\u00f8ernes universitet.<\/p>\n<p>Elin tog til Danmark for at studere, da hun var i midten af tyverne, og blev i landet i 25 \u00e5r, hvor hun det meste af tiden boede og arbejdede i K\u00f8benhavn, indtil hun i 2007 flyttede tilbage til F\u00e6r\u00f8erne, hvor hun bor i dag.<\/p>\n<p>Elin giftede sig i 1989 med en dansk mand med hvem hun fik en datter. De blev senere skilt i 1997.<\/p>\n<p>Er du interesseret i at l\u00e6se en mere personlig og grundig beskrivelse af Elins liv og karriere, kan du f\u00e5 mere at vide <a href=\"https:\/\/heinesen.info\/wp\/da\/blog\/2020\/06\/30\/omsorg-hjalp-mig-med-at-overleve\/\" target=\"_blank\" rel=\"noopener\">HER<\/a>.<\/p>\n<p><img loading=\"lazy\" decoding=\"async\" class=\"size-medium wp-image-1157 alignright\" src=\"http:\/\/heinesen.fo\/wp-content\/uploads\/2023\/08\/Brimheim-300x300.jpg\" alt=\"\" width=\"300\" height=\"300\" srcset=\"https:\/\/heinesen.fo\/wp-content\/uploads\/2023\/08\/Brimheim-300x300.jpg 300w, https:\/\/heinesen.fo\/wp-content\/uploads\/2023\/08\/Brimheim-1024x1024.jpg 1024w, https:\/\/heinesen.fo\/wp-content\/uploads\/2023\/08\/Brimheim-150x150.jpg 150w, https:\/\/heinesen.fo\/wp-content\/uploads\/2023\/08\/Brimheim-768x769.jpg 768w, https:\/\/heinesen.fo\/wp-content\/uploads\/2023\/08\/Brimheim-1534x1536.jpg 1534w, https:\/\/heinesen.fo\/wp-content\/uploads\/2023\/08\/Brimheim-1300x1302.jpg 1300w, https:\/\/heinesen.fo\/wp-content\/uploads\/2023\/08\/Brimheim.jpg 1618w\" sizes=\"auto, (max-width: 300px) 100vw, 300px\" \/><\/p>\n<h3>DATTEREN<\/h3>\n<p>Elins datter, Helena Heinesen Rebensdorff, f\u00f8dt i 1990, har en musikkarriere ligesom sin mor. Men Helena har taget det videre og meget l\u00e6ngere. Hun har en bachelorgrad i sangskrivning fra Det Kongelige Musikkonservatorium i Aarhus og en kandidatgrad i Music Creation fra Rytmisk Musikkonservatorium (RMC) i K\u00f8benhavn.<\/p>\n<p>Helena lever nu af at v\u00e6re professionel musiker under kunstnernavnet <a href=\"http:\/\/brimheim.com\" target=\"_blank\" rel=\"noopener\">BRIMHEIM<\/a> og bor i Malm\u00f6, Sverige, sammen med sin kone Lorri Lin, men har sin daglige gang i K\u00f8benhavn, Danmark, hvor hun har sin professionelle <span style=\"font-size: 1em;\">base. BRIMHEIM er ret kendt i Danmark, hvor hendes musik f\u00e5r en del airplay i dansk radio. Hun spiller koncerter p\u00e5 hovedscenerne og festivalerne med sit band der og har ogs\u00e5 turneret i andre lande. BRIMHEIM har f\u00e5et et v\u00e6ld af rosende anmeldelser for sin udgivne musik og sine koncerter.<\/span><\/p>\n<p>Hun er nomineret flere gange til FMA \u2013 Faroe Music Awards og har f\u00e5et seks priser ialt \u2013 I 2021 som \u00c5rets Nye Navn, I 2022 som \u00c5rets Kvindelige Sanger, \u00c5rets Band og for \u00c5rets Sang (Hey Amanda), foruden I 2024 for \u00c5rets Sang (Literally Everything) og for \u00c5rets Visuelle Identitet. Deruover har hun ogs\u00e5 f\u00e5et Carl Prisen \u2013 danske musikforl\u00e6ggeres pris \u2013 som \u00c5rets Talent i 2022, hvor 30.000 kr. fulgte med prisen.<\/p>\n<p>Hun er flere gange blevet nomineret til FMA \u2013 Faroe Music Awards, og hun har i alt modtaget otte FMA-priser \u2013 i 2021 som \u00c5rets Nye Navn, i 2022 som \u00c5rets Kvindelige Sanger, \u00c5rets Band og for \u00c5rets Sang (&#8220;Hey Amanda&#8221;), samt i 2024 for \u00c5rets Sang (&#8220;Literally Everything&#8221;) og \u00c5rets Visuelle Identitet. I 2025 vandt hun to priser \u2013 \u00e9n som \u00c5rets Komponist og \u00e9n for \u00c5rets Albumudgivelse (albummet <em>&#8220;RATKING&#8221;)<\/em>. Derudover modtog hun ogs\u00e5 Carl Prisen fra de danske musikforl\u00e6ggere som \u00c5rets Talent i 2022, hvor der fulgte 30.000 kr. med.<\/p>\n<p>Check <a href=\"http:\/\/brimheim.com\" target=\"_blank\" rel=\"noopener\">BRIMHEIM&#8217;s webside<\/a>.<\/p>\n<h4>LYT TIL BRIMHEIM<br \/>\n<iframe loading=\"lazy\" style=\"border-radius: 12px;\" src=\"https:\/\/open.spotify.com\/embed\/artist\/2ROf9t2bzHTnVuf8btRd5J?utm_source=generator\" width=\"100%\" height=\"352\" frameborder=\"0\" allowfullscreen=\"allowfullscreen\"><\/iframe><\/h4>\n","protected":false},"excerpt":{"rendered":"<p>MUSIK Siden halvfjerdserne har Elin Brimheim Heinesen v\u00e6ret kendt p\u00e5 F\u00e6r\u00f8erne som singer\/songwriter\/komponist. Hun optr\u00e6der og laver musik som solist, men har ogs\u00e5 fra tid til anden arbejdet sammen med flere andre kunstnere. Samarbejdet med den f\u00e6r\u00f8ske komponist\/producer K\u00e1ri Linderoth Jacobsen er det mest kendte p\u00e5 F\u00e6r\u00f8erne, med hvem hun udgav deres debutalbum NALJA i&hellip;<\/p>\n","protected":false},"author":1,"featured_media":1237,"parent":0,"menu_order":0,"comment_status":"closed","ping_status":"closed","template":"","meta":{"footnotes":""},"class_list":["post-1886","page","type-page","status-publish","format-standard","has-post-thumbnail","hentry"],"_links":{"self":[{"href":"https:\/\/heinesen.fo\/da\/index.php\/wp-json\/wp\/v2\/pages\/1886","targetHints":{"allow":["GET"]}}],"collection":[{"href":"https:\/\/heinesen.fo\/da\/index.php\/wp-json\/wp\/v2\/pages"}],"about":[{"href":"https:\/\/heinesen.fo\/da\/index.php\/wp-json\/wp\/v2\/types\/page"}],"author":[{"embeddable":true,"href":"https:\/\/heinesen.fo\/da\/index.php\/wp-json\/wp\/v2\/users\/1"}],"replies":[{"embeddable":true,"href":"https:\/\/heinesen.fo\/da\/index.php\/wp-json\/wp\/v2\/comments?post=1886"}],"version-history":[{"count":28,"href":"https:\/\/heinesen.fo\/da\/index.php\/wp-json\/wp\/v2\/pages\/1886\/revisions"}],"predecessor-version":[{"id":4124,"href":"https:\/\/heinesen.fo\/da\/index.php\/wp-json\/wp\/v2\/pages\/1886\/revisions\/4124"}],"wp:featuredmedia":[{"embeddable":true,"href":"https:\/\/heinesen.fo\/da\/index.php\/wp-json\/wp\/v2\/media\/1237"}],"wp:attachment":[{"href":"https:\/\/heinesen.fo\/da\/index.php\/wp-json\/wp\/v2\/media?parent=1886"}],"curies":[{"name":"wp","href":"https:\/\/api.w.org\/{rel}","templated":true}]}}