{"id":1888,"date":"2023-08-25T13:30:38","date_gmt":"2023-08-25T12:30:38","guid":{"rendered":"https:\/\/heinesen.fo\/index.php\/about\/education\/"},"modified":"2023-09-17T21:16:47","modified_gmt":"2023-09-17T21:16:47","slug":"uddannelse","status":"publish","type":"page","link":"https:\/\/heinesen.fo\/da\/index.php\/om-elin\/uddannelse\/","title":{"rendered":"UDDANNELSE"},"content":{"rendered":"<h3>UDDANNELSE<\/h3>\n<p><em>Manuskriptforfatter<\/em><br \/>\n1997-1999<br \/>\nDen Danske Filmskole \u2013 Danmarks Filmskole, K\u00f8benhavn<br \/>\nSe <a style=\"font-size: 1em; font-family: Lora, Georgia, serif;\" href=\"http:\/\/heinesen.fo\/wp-content\/uploads\/2023\/08\/Afgangsbevis-fra-Den-Danske-Filmskole.pdf\">afgangsbevis<\/a><\/p>\n<p><em>Master of Arts med hovedfag i \u00e6stetik og kultur (Cand.Mag.)<\/em><br \/>\n1984-1986 og 1989-1991<br \/>\nAfhandling: Praktisk arbejde med markedsf\u00f8ring \u2013 med v\u00e6gt p\u00e5 tv-reklamer \u2013 baseret p\u00e5 humanistiske teorier om kultur og kommunikation<br \/>\nAarhus Universitet, Danmark<br \/>\nSe <a href=\"http:\/\/heinesen.fo\/wp-content\/uploads\/2023\/08\/Eksamensbevis-fra-Aarhus-Universitet.pdf\">eksamensbevis<\/a> and\u00a0<a href=\"http:\/\/heinesen.fo\/wp-content\/uploads\/2023\/08\/Udskrift-fra-Aarhus-Universitets-eksamensregister.pdf\">udskrift af alle eksamensresultater<\/a><\/p>\n<p><em>Erhvervs\u00f8konomi for humanister<\/em><br \/>\n1987-88<br \/>\nHandelsh\u00f8jskolen i K\u00f8benhavn, Danmark<br \/>\nSe <a href=\"http:\/\/heinesen.fo\/wp-content\/uploads\/2023\/08\/Eksamensbevis-fra-Handelshoejskolen-i-Koebenhavn.pdf\">eksamensbevis<\/a><\/p>\n<p><em>Uafsluttet uddannelse i dramaturgi<\/em><br \/>\n1983-84<br \/>\nAarhus Universitet, Danmark<br \/>\nSe <a href=\"http:\/\/heinesen.fo\/wp-content\/uploads\/2023\/08\/Udskrift-fra-Aarhus-Universitets-eksamensregister.pdf\">udskrift fra eksamensregisteret<\/a><\/p>\n<p><em>Universitetsbachelor i nordiske sprog og litteratur<\/em><br \/>\n1979-1981<br \/>\nFr\u00f3\u00f0skaparsetur F\u00f8roya \u2013 Det F\u00e6r\u00f8ske Akademi, T\u00f3rshavn, F\u00e6r\u00f8erne<br \/>\nSe <a href=\"http:\/\/heinesen.fo\/wp-content\/uploads\/2023\/08\/Eksamensbevis-fra-Academia-Faeroensis.pdf\">eksamensbevis<\/a><\/p>\n<h3>KURSER<\/h3>\n<p>Projektledelseskursus<br \/>\nVinter 2007-8<br \/>\nT\u00f3rshavn, F\u00e6r\u00f8erne<\/p>\n<p>Projektledelse<br \/>\nFor\u00e5r 2001<br \/>\nK\u00f8benhavn, Danmark<br \/>\n<span style=\"font-size: 1em;\">Se <\/span><a style=\"font-size: 1em;\" href=\"http:\/\/heinesen.fo\/wp-content\/uploads\/2023\/08\/Kursusbevis-i-projektledelse.pdf\">kursusbevis<\/a><\/p>\n<p><em>Computerbaseret musikkomposition og arrangement<\/em><br \/>\nEfter\u00e5r 1995<br \/>\nK\u00f8benhavn, Danmark<\/p>\n<p><em>Teknologisk kommunikation<\/em><br \/>\nFor\u00e5r 1992<br \/>\nK\u00f8benhavn, Danmark<br \/>\n<span style=\"font-size: 1em;\">Se <\/span><a style=\"font-size: 1em;\" href=\"http:\/\/heinesen.fo\/wp-content\/uploads\/2023\/08\/Kursusbevis-i-teknologiformidling.pdf\">kursusbevis<\/a><\/p>\n<p><em>Kursus i drama, billedkunst, musik og litteratur<\/em><br \/>\nHerning H\u00f8jskole<br \/>\nFor\u00e5r, 1978<br \/>\nHerning, Danmark<br \/>\nSe <a href=\"http:\/\/heinesen.fo\/wp-content\/uploads\/2023\/08\/Kursusbevis-fra-Herning-Hoejskole.pdf\">kursusbevis<\/a><\/p>\n<p><em>To aftenskole dramakurser<\/em><br \/>\nVintrene 1976 og 1977<br \/>\nT\u00f3rshavn, F\u00e6r\u00f8erne<\/p>\n","protected":false},"excerpt":{"rendered":"<p>UDDANNELSE Manuskriptforfatter 1997-1999 Den Danske Filmskole \u2013 Danmarks Filmskole, K\u00f8benhavn Se afgangsbevis Master of Arts med hovedfag i \u00e6stetik og kultur (Cand.Mag.) 1984-1986 og 1989-1991 Afhandling: Praktisk arbejde med markedsf\u00f8ring \u2013 med v\u00e6gt p\u00e5 tv-reklamer \u2013 baseret p\u00e5 humanistiske teorier om kultur og kommunikation Aarhus Universitet, Danmark Se eksamensbevis and\u00a0udskrift af alle eksamensresultater Erhvervs\u00f8konomi for&hellip;<\/p>\n","protected":false},"author":1,"featured_media":1237,"parent":1886,"menu_order":0,"comment_status":"closed","ping_status":"closed","template":"","meta":{"footnotes":""},"class_list":["post-1888","page","type-page","status-publish","format-standard","has-post-thumbnail","hentry"],"_links":{"self":[{"href":"https:\/\/heinesen.fo\/da\/index.php\/wp-json\/wp\/v2\/pages\/1888","targetHints":{"allow":["GET"]}}],"collection":[{"href":"https:\/\/heinesen.fo\/da\/index.php\/wp-json\/wp\/v2\/pages"}],"about":[{"href":"https:\/\/heinesen.fo\/da\/index.php\/wp-json\/wp\/v2\/types\/page"}],"author":[{"embeddable":true,"href":"https:\/\/heinesen.fo\/da\/index.php\/wp-json\/wp\/v2\/users\/1"}],"replies":[{"embeddable":true,"href":"https:\/\/heinesen.fo\/da\/index.php\/wp-json\/wp\/v2\/comments?post=1888"}],"version-history":[{"count":2,"href":"https:\/\/heinesen.fo\/da\/index.php\/wp-json\/wp\/v2\/pages\/1888\/revisions"}],"predecessor-version":[{"id":1952,"href":"https:\/\/heinesen.fo\/da\/index.php\/wp-json\/wp\/v2\/pages\/1888\/revisions\/1952"}],"up":[{"embeddable":true,"href":"https:\/\/heinesen.fo\/da\/index.php\/wp-json\/wp\/v2\/pages\/1886"}],"wp:featuredmedia":[{"embeddable":true,"href":"https:\/\/heinesen.fo\/da\/index.php\/wp-json\/wp\/v2\/media\/1237"}],"wp:attachment":[{"href":"https:\/\/heinesen.fo\/da\/index.php\/wp-json\/wp\/v2\/media?parent=1888"}],"curies":[{"name":"wp","href":"https:\/\/api.w.org\/{rel}","templated":true}]}}