{"id":1890,"date":"2023-08-25T13:29:54","date_gmt":"2023-08-25T12:29:54","guid":{"rendered":"https:\/\/heinesen.fo\/index.php\/about\/work-experience\/"},"modified":"2023-11-05T19:42:25","modified_gmt":"2023-11-05T19:42:25","slug":"erhvervserfaring","status":"publish","type":"page","link":"https:\/\/heinesen.fo\/da\/index.php\/om-elin\/erhvervserfaring\/","title":{"rendered":"ERHVERVSERFARING"},"content":{"rendered":"<h4>APRIL 2018 \u2013 NU<\/h4>\n<p><em>Leder af Lydbogstjenesten p\u00e5 F\u00e6r\u00f8ernes Nationalbibliotek \u2013 Lj\u00f3\u00f0b\u00f3kat\u00e6nastan<\/em>. Lydbogstjenesten udgiver lydb\u00f8ger og andet lydmateriale p\u00e5 f\u00e6r\u00f8sk til personer, som af en eller anden grund ikke har mulighed for at l\u00e6se eller erhverve sig trykt tekst p\u00e5 anden vis. Lydbogstjenesten skal endvidere sikre, at materiale af ovenn\u00e6vnte art er tilg\u00e6ngeligt for brugere af bibliotekerne i landet. Lydbogstjenestens form\u00e5l er at sikre, at f\u00f8rst og fremmest personer med s\u00e6rlige behov, har s\u00e5 stor adgang som muligt til l\u00e6sestof udgivet p\u00e5 f\u00e6r\u00f8sk, ogs\u00e5 p\u00e5 andre medier end trykte medier. Det er vigtigt, at materialet har den bedst mulige litter\u00e6re, sproglige og tekniske kvalitet. Lydbogstjenestens arbejde udf\u00f8res i samarbejde med et r\u00e5dgivende n\u00e6vn med repr\u00e6sentanter for brugere, forskellige foreninger og biblioteker.<\/p>\n<h4>APRIL 2015 \u2013 MARTS 2018<\/h4>\n<p><em>Leder af Informations- og Studenterservicecenteret <\/em>ved F\u00e6r\u00f8ernes Universitet<em>.<\/em> Studenterservicecentret ved Fr\u00f3\u00f0skaparsetur F\u00f8roya, F\u00e6r\u00f8ernes Universitet, varetager universitetets informations- og hjemmesideadministration, studievejledning, administrative og akademiske opgaver specielt relateret til studier af kommende, nuv\u00e6rende og tidligere studerende og skal, sammen med andre administrative enheder arbejde for et mere effektivt serviceniveau for studerende, ansatte og g\u00e6ster p\u00e5 F\u00e6r\u00f8ernes Universitet. Studenterservicecentret varetog sit ansvar i t\u00e6t samarbejde med ledelse og administration p\u00e5 universitetet, studenterrepr\u00e6sentanter m.fl. Studenterservicecentret varetager det praktiske administrative ansvar p\u00e5 omr\u00e5der, der er direkte relateret til optagelse og studieanliggender \u2013 som for eksempel modtagelse af ans\u00f8gninger, optagelser og registrering af studerende. Studenterservicecentret koordinerer de studerendes vejledning p\u00e5 F\u00e6r\u00f8ernes Universitet og udvikler forskellige v\u00e6rkt\u00f8jer og services, der skal sikre, at universitetets brugere f\u00e5r passende hj\u00e6lp og information om studierelevante forhold. Studenterservicecentret markedsf\u00f8rer og informerer ogs\u00e5 offentligheden om uddannelse og forskning p\u00e5 F\u00e6r\u00f8ernes Universitet. Derudover giver Studenterservicecenteret relevant vejledning om kvalitetskontrolv\u00e6rkt\u00f8jer og -procedurer, gennemf\u00f8rer unders\u00f8gelser mv.<\/p>\n<h4>MAJ 2012 \u2013 MARTS 2015<\/h4>\n<p><em>Uafh\u00e6ngig tekstforfatter, redakt\u00f8r og kommunikationsr\u00e5dgiver<\/em> p\u00e5 <a href=\"http:\/\/heinesen.info\/\" target=\"_blank\" rel=\"noopener\">Heinesen.info<\/a>. Chefredakt\u00f8r og journalist p\u00e5 <a href=\"https:\/\/web.archive.org\/web\/20140706143035\/http:\/\/music.fo\/\" target=\"_blank\" rel=\"noopener\">MUSIC.fo.<\/a>. Journalist hos <a href=\"https:\/\/web.archive.org\/web\/20121118161057\/http:\/\/www.planet.fo\/\" target=\"_blank\" rel=\"noopener\">Planet.fo<\/a>.<br \/>\nRedigering. Copywriting. Overs\u00e6ttelse (Fo\/Dk\/En). Web Management og Content Management. R\u00e5dgivning af sm\u00e5 virksomheder i kommunikations- og marketingstrategier.<br \/>\nRoller: tekstforfatter, manuskriptforfatter, journalist, redakt\u00f8r, overs\u00e6tter, korrekturl\u00e6ser, marketing- og kommunikationsr\u00e5dgiver, supervisor, motivator, inspirerende samtalepartner, coach, webmanager, indholdsudvikler, projektleder, foredragsholder, eventarrang\u00f8r, researcher, unders\u00f8gelsesarrang\u00f8r, turistguide , v\u00e6rt og s\u00e5 videre.<\/p>\n<h4>SEPTEMBER 2009 \u2013 MAJ 2012<\/h4>\n<p><em>Medie- og udviklingschef<\/em> i Kringvarp F\u00f8roya, F\u00e6r\u00f8ernes Nationale Radio &amp; TV station, med ansvar for mediestrategier og projektleder for et team med ansvar for at udarbejde og lancere selskabets nyhedshjemmeside (<a href=\"https:\/\/web.archive.org\/web\/20110728144006\/http:\/\/www.kringvarp.fo\/\" target=\"_blank\" rel=\"noopener\">www.kringvarp.fo<\/a>). Siden har mange forskellige funktioner og opdateres flere gange dagligt. Det fungerer ogs\u00e5 som et offentligt arkiv for alle udsendte radio- og tv-programmer, produceret af virksomheden selv. Ansvarlig for radio- og tv-arkiverne (den fysiske del af dem) og for personalet, der planl\u00e6gger og sender tv-shows. Ansvarlig for Kringvarps udgivelse af flere succesfulde musik-cd\u2019er ogs\u00e5 med \u00e6ldre musik fra Kringvarps arkiver eller ny musik med st\u00f8rre ensembler i samarbejde mellem Kringvarp og eksterne samarbejdspartnere.<\/p>\n<h4>MAJ 2007 \u2013 AUGUST 2009<\/h4>\n<p><em>Administrerende direkt\u00f8r<\/em> i SamVit \u2013 F\u00e6r\u00f8ernes Erhvervsr\u00e5d \u2013 en offentlig organisation, som var en fusion af de to tidligere organisationer Fer\u00f0ar\u00e1\u00f0 F\u00f8roya (F\u00e6r\u00f8ernes Turistr\u00e5d) og Menningarstovan (F\u00e6r\u00f8ernes Eksportr\u00e5d). De to organisationer fusionerede officielt ved udgangen af 2006 og blev til SamVit \u2013 F\u00e6r\u00f8ernes Erhvervsr\u00e5d, men i 2009 blev SamVit fusioneret med Udenrigsministeriet p\u00e5 F\u00e6r\u00f8erne og holdt op med at fungere som selvst\u00e6ndig organisation. SamVit skulle gennemf\u00f8re den valgte landspolitik for erhvervslivet. Hovedfunktionerne var:\u00a0 At tilskynde til innovation og iv\u00e6rks\u00e6tteri. At fremme og udvikle f\u00e6r\u00f8sk handel og industri. At markedsf\u00f8re f\u00e6r\u00f8ske produkter og tjenester samt F\u00e6r\u00f8erne selv som forretnings- og investeringsmulighed. At fremme og udvikle turismen p\u00e5 F\u00e6r\u00f8erne og markedsf\u00f8re F\u00e6r\u00f8erne som turistdestination. I samarbejde med andre organisationer og institutioner var det tilstr\u00e6bt at koordinere procedurer vedr\u00f8rende administration, som kan komme alle de enkelte virksomheder til gode. Se <a href=\"https:\/\/web.archive.org\/web\/20090319084205\/http:\/\/samvit.fo\/\" target=\"_blank\" rel=\"noopener\">samvit.fo<\/a>.<\/p>\n<h4>JULI 2003 \u2013 APRIL 2007:<\/h4>\n<p>Administrerende redakt\u00f8r p\u00e5 KIWI magazine, et glansfuldt kvindemagasin udgivet af Chili Group. Involveret i opstartsprocessen, herunder konceptudvikling. KIWI-magasinet har et oplag p\u00e5 200.000 med mere end 400.000 l\u00e6sere. Den indeholder praktiske r\u00e5d, der har til form\u00e5l at g\u00f8re l\u00e6serens hektiske liv lettere &#8211; prim\u00e6rt om at spare tid og penge. Hovedm\u00e5lgruppen er kvinder i alderen 25-50 \u00e5r. Chili Group har kontrakt med den danske supermarkedsk\u00e6de Netto om eksklusiv gratis distribution af magasinet i hele Danmark. Se <a href=\"https:\/\/web.archive.org\/web\/20060719114913\/http:\/\/www.kiwimagazine.dk\/\" target=\"_blank\" rel=\"noopener\">www.kiwimagazine.dk<\/a> p\u00e5 Wayback Machine og <a href=\"https:\/\/web.archive.org\/web\/20060204112101\/http:\/\/www.chiligroup.dk\/\" target=\"_blank\" rel=\"noopener\">www.chiligroup.dk<\/a>. Magasinet KIWI skiftede navn i marts 2010 til magasinet LIME, da den norske supermarkedsk\u00e6de af samme navn &#8211; Kiwi &#8211; \u00e5bnede deres f\u00f8rste butikker i Danmark.<\/p>\n<h4>DECEMBER 2002 \u2013 APRIL 2003:<\/h4>\n<p><em>En kontraktstilling som projektleder\/koordinator<\/em> for F\u00f8roya Tele (F\u00e6r\u00f8sk Telecom). Ansvaret omfattede at udarbejde en rapport om mulighederne for at etablere en ny kommercielt baseret tv-kanal til at konkurrere med den f\u00e6r\u00f8ske landsd\u00e6kkende kanal.<\/p>\n<h4>OKTOBER 2002 \u2013 DECEMBER 2002:<\/h4>\n<p>Flyttede til sit hjemland F\u00e6r\u00f8erne for en kort periode, prim\u00e6rt for at producere en tv-film af Gulla \u00d8regaard i to afsnit om Elins far, den f\u00e6r\u00f8ske forfatter Jens Pauli Heinesen. Ansvarlig for musikken og klipningen af filmen. Musikken kan h\u00f8res her.<\/p>\n<h4>NOVEMBER 2001 \u2013 OKTOBER 2002:<\/h4>\n<p><em>Redaktionschef<\/em> ved Udvalget for Sundhedsuddannelse, en offentlig tjeneste, der udgiver sundhedsrelaterede b\u00f8ger og magasiner, herunder UNG, et kvartalsblad, der distribueres til alle 13-16-\u00e5rige skoleelever i Danmark. Se <a href=\"https:\/\/web.archive.org\/web\/20020610174251\/http:\/\/www.sundhedsformidling.dk\/\" target=\"_blank\" rel=\"noopener\">www.sundhedsoplysning.dk<\/a>,\u00a0<a href=\"https:\/\/web.archive.org\/web\/20020402124239\/http:\/\/www.ung-bladet.dk\/\" target=\"_blank\" rel=\"noopener\">www.ung-bladet.dk<\/a>\u00a0og\u00a0<a href=\"https:\/\/web.archive.org\/web\/20020607144528\/http:\/\/www.ung-rejseguide.dk\/index.htm\" target=\"_blank\" rel=\"noopener\">www.ung-rejseguide.dk<\/a>.<\/p>\n<h4>FEBRUAR 2000 \u2013 OKTOBER 2001:<\/h4>\n<p><em>Redakt\u00f8r og stifter<\/em> af f\u00a0<a href=\"http:\/\/heinesen.fo\/wp-content\/uploads\/2023\/08\/Kvindekanalen.pdf\" target=\"_blank\" rel=\"noopener\">www.kvindekanalen.dk<\/a>\u00a0 \u2013 World Onlines (nu Tiscalis) onlinemagasin for kvinder med indhold som shopping, breve, krop &amp; sj\u00e6l, livsstil &amp; kultur, karriere og IT. Ansvaret omfattede vision, konceptudvikling og strategi samt vedligeholdelse. Personalet bestod af en redaktionsassistent og 40 freelancere. Selvom siden var den femtest\u00f8rste kvindeside i Danmark, blev den lukket ned i august 2001 p\u00e5 grund af \u00f8konomiske problemer for\u00e5rsaget af den dav\u00e6rende verdensomsp\u00e6ndende it-krise.<\/p>\n<h4>JULI 1997 \u2013 APRIL 2007:<\/h4>\n<p><em>Stifter og direkt\u00f8r<\/em> i eget firma (i f\u00f8rste omgang for at finansiere studier p\u00e5 Den Danske Filmskole), Heinesen Kommunikation. Virksomheden leverede konsulentydelser med speciale i mediekommunikation. Da hun blev administrerende direkt\u00f8r for SamVit i 2007, m\u00e5tte hun lukke virksomheden p\u00e5 grund af sin officielle stilling.<\/p>\n<h4>1995-1996:<\/h4>\n<p><em>Marketingkoordinator<\/em>\u00a0for Kulturby 96 (K\u00f8benhavn \u2013 Europas Kulturhovedstad 1996). Elin udviklede annoncestrategien og redigerede reklametekster og layout til forskellige annonceomr\u00e5der. Derudover var hun r\u00e5dgiver for knap 600 kulturprojekter i byen, r\u00e5dgivet om markedsf\u00f8ringsstrategier og annoncering samt uddeling af flyers, skilte, bannere og flag til forskellige kulturinstitutioner.<\/p>\n<h4>1994-1995:<\/h4>\n<p><em>Salgs- og marketingchef<\/em> ved Folketeateret \u2013 Folketeatret i K\u00f8benhavn. Hun var ansvarlig for planl\u00e6gning og kontrol af teatrets markedsf\u00f8ringsplaner. Hun designede og udsendte salgsbreve, designede pakker til kunder og bes\u00f8gende, redigerede reklameeksemplarer, designede teatrets programmer, plakater og postkort samt organiserede merchandising, annoncer og sponsorer.<\/p>\n<h4>1992-1993:<\/h4>\n<p><em>Marketing Manager<\/em> hos SMS i T\u00f3rshavn \u2013 et indk\u00f8bscenter, der huser 26 butikker, herunder et stort supermarked, posthus, bank og cafeteria, og besk\u00e6ftiger 300 medarbejdere. Elin var ansvarlig for at producere ugentlige fem minutter lange tv-udsendelser til landsd\u00e6kkende tv, som omfattede reportager og reklamer. Hun var ogs\u00e5 ansvarlig for salg af annonceplads til butikkerne og afholdelse af ugentlige arrangementer i centret \u2013 kulturelle, kommercielle og underholdningsm\u00e6ssige.<\/p>\n<h3>JOB F\u00d8R OG UNDER GYMNASIE OG UNIVERSITETSSTUDIER<\/h3>\n<p><em>Teknologisk assistent<\/em> p\u00e5 Teknovision-udstillingen i K\u00f8benhavn (sommeren 1992)<br \/>\n<em>Kontorassistent<\/em> ved F\u00e6r\u00f8ernes Akademi (sommerferie, 1989-91)<br \/>\n<em>Markedsforsker<\/em>, K\u00f8benhavn (studiejob, 1988)<br \/>\n<em>Marketing Assistent<\/em> p\u00e5 EC-Marketing, K\u00f8benhavn (studiejob, 1987-88)<br \/>\n<em>Sm\u00f8rrebr\u00f8dspige<\/em> (studiejob, 1987)<br \/>\n<em>Kantineassistent<\/em>\u00a0i F\u00e6r\u00f8ernes Hus i K\u00f8benhavn (studiejob, 1986-87)<br \/>\n<em>Boghandler<\/em>, T\u00f3rshavn (sommer, 1986)<br \/>\n<em>Kontorassistent<\/em> ved F\u00e6r\u00f8ernes Akademi (sommerferie, 1983-85)<br \/>\n<em>L\u00e6rervikar<\/em> p\u00e5 gymnasiet i T\u00f3rshavn (fuldtidsjob, 1981-82)<br \/>\n<em>Plejemedarbejder<\/em> p\u00e5 et fritidscenter for fysisk og psykisk handicappede, T\u00f3rshavn (sommerjob, 1979-1981)<br \/>\n<em>Journalist<\/em> p\u00e5 avisen 14. september og et f\u00e6r\u00f8sk kulturmagasin Magn (fuldtidsjob, 1978-79)<br \/>\n<em>Radioassistent og pladearkivar<\/em>, T\u00f3rshavn (fuldtidsjob, 1978)<br \/>\n<em>L\u00e6rervikar<\/em> p\u00e5 en folkeskole (fuldtidsjob, 1977-78)<br \/>\n<em>Billetkontorassistent<\/em>\u00a0i Torshavns Jazzklub (weekendjob, 1976-82)<br \/>\n<em>Kustode<\/em> ved F\u00e6r\u00f8ernes Nationale Kunstgalleri (studenterjob, 1974-76)<\/p>\n","protected":false},"excerpt":{"rendered":"<p>APRIL 2018 \u2013 NU Leder af Lydbogstjenesten p\u00e5 F\u00e6r\u00f8ernes Nationalbibliotek \u2013 Lj\u00f3\u00f0b\u00f3kat\u00e6nastan. Lydbogstjenesten udgiver lydb\u00f8ger og andet lydmateriale p\u00e5 f\u00e6r\u00f8sk til personer, som af en eller anden grund ikke har mulighed for at l\u00e6se eller erhverve sig trykt tekst p\u00e5 anden vis. Lydbogstjenesten skal endvidere sikre, at materiale af ovenn\u00e6vnte art er tilg\u00e6ngeligt for brugere&hellip;<\/p>\n","protected":false},"author":1,"featured_media":1237,"parent":1886,"menu_order":1,"comment_status":"closed","ping_status":"closed","template":"","meta":{"footnotes":""},"class_list":["post-1890","page","type-page","status-publish","format-standard","has-post-thumbnail","hentry"],"_links":{"self":[{"href":"https:\/\/heinesen.fo\/da\/index.php\/wp-json\/wp\/v2\/pages\/1890","targetHints":{"allow":["GET"]}}],"collection":[{"href":"https:\/\/heinesen.fo\/da\/index.php\/wp-json\/wp\/v2\/pages"}],"about":[{"href":"https:\/\/heinesen.fo\/da\/index.php\/wp-json\/wp\/v2\/types\/page"}],"author":[{"embeddable":true,"href":"https:\/\/heinesen.fo\/da\/index.php\/wp-json\/wp\/v2\/users\/1"}],"replies":[{"embeddable":true,"href":"https:\/\/heinesen.fo\/da\/index.php\/wp-json\/wp\/v2\/comments?post=1890"}],"version-history":[{"count":6,"href":"https:\/\/heinesen.fo\/da\/index.php\/wp-json\/wp\/v2\/pages\/1890\/revisions"}],"predecessor-version":[{"id":3496,"href":"https:\/\/heinesen.fo\/da\/index.php\/wp-json\/wp\/v2\/pages\/1890\/revisions\/3496"}],"up":[{"embeddable":true,"href":"https:\/\/heinesen.fo\/da\/index.php\/wp-json\/wp\/v2\/pages\/1886"}],"wp:featuredmedia":[{"embeddable":true,"href":"https:\/\/heinesen.fo\/da\/index.php\/wp-json\/wp\/v2\/media\/1237"}],"wp:attachment":[{"href":"https:\/\/heinesen.fo\/da\/index.php\/wp-json\/wp\/v2\/media?parent=1890"}],"curies":[{"name":"wp","href":"https:\/\/api.w.org\/{rel}","templated":true}]}}