{"id":1892,"date":"2023-08-25T13:31:41","date_gmt":"2023-08-25T12:31:41","guid":{"rendered":"https:\/\/heinesen.fo\/index.php\/about\/pastime\/"},"modified":"2023-10-09T22:01:19","modified_gmt":"2023-10-09T21:01:19","slug":"fritid","status":"publish","type":"page","link":"https:\/\/heinesen.fo\/da\/index.php\/om-elin\/fritid\/","title":{"rendered":"FRITID"},"content":{"rendered":"<h3>FRIVILLIGT OG FREELANCE ARBEJDE<\/h3>\n<p>Elin Brimheim Heinesen er passioneret omkring internettet og holder sig konstant opdateret med online trends.<\/p>\n<p>Elin var webmaster og webredakt\u00f8r for hjemmesiden MUSIC.fo fra 2012 til 2014 \u2013 et online musikmagasin for alle interesserede i aktuel information om musik fra F\u00e6r\u00f8erne \u2013 et arbejde hun udf\u00f8rte p\u00e5 frivillig basis i sin fritid . Siden indeholdt en overflod af videoer, billeder, artikler, podcasts og anden information \u2013 alt om f\u00e6r\u00f8sk musik. Desv\u00e6rre tog det for meget arbejde at holde siden opdateret. Der skete s\u00e5 meget p\u00e5 den f\u00e6r\u00f8ske musikscene, og andre pligter kr\u00e6vede Elins opm\u00e6rksomhed, s\u00e5 hun m\u00e5tte tage den sv\u00e6re beslutning at lukke hjemmesiden ned. Her er et <a href=\"https:\/\/web.archive.org\/web\/20140706143035\/http:\/\/music.fo\/\" target=\"_blank\" rel=\"noopener\">snapshot af websiden p\u00e5 the Wayback Machine<\/a><\/p>\n<p>Elin var desuden webmaster og webredakt\u00f8r for hjemmesiden www.faroeislandsreview.com fra 2009 til 2012 \u2013 et webmagasin om F\u00e6r\u00f8erne generelt. Her er et <a href=\"https:\/\/web.archive.org\/web\/20101024170157\/http:\/\/www.heinesen.fo\/faroeislandsreview\/\" target=\"_blank\" rel=\"noopener\">snapshot fra 2010<\/a>.<\/p>\n<p>Tidligere har hun v\u00e6ret skaber og redakt\u00f8r af www.fo-dk.dk \u2013 en hjemmeside om forholdet mellem F\u00e6r\u00f8erne og Danmark, som f\u00f8rst udkom i april 2000 og l\u00f8b frem til 2007. Dette frivillige arbejde stoppede ogs\u00e5 p\u00e5 grund af andre forpligtelser, da Elin flyttede til F\u00e6r\u00f8erne i 2007. Her er et <a href=\"https:\/\/web.archive.org\/web\/20021016100219\/http:\/\/www.fo-dk.dk:80\/\" target=\"_blank\" rel=\"noopener\">snapshot fra 2002<\/a>.<\/p>\n<p>Elin har desuden haft forskellige journalistiske researchopgaver p\u00e5 freelancebasis. Hun har skrevet adskillige indslag og anmeldelser til danske og f\u00e6r\u00f8ske aviser. Hun skriver nogle gange kunst-, musik-, film -og teateranmeldelser. Og hun har arbejdet p\u00e5 forskellige projekter, der involverer annoncekampagner og markedsunders\u00f8gelser. Dette har resulteret i forskellige publikationer, prim\u00e6rt om marketingr\u00e5dgivning.<\/p>\n<h3>MUSIK OG TEATER<\/h3>\n<p>Siden 1964 har Elin v\u00e6ret aktiv som komponist og sanger. Hun udgav albummet NALJA p\u00e5 MC i 1988 og p\u00e5 CD i 1998 sammen med K\u00e1ri Jacobsen. I 2010 udgav hun igen et album med sine egne fortolkninger af nogle af hendes mors og onkels mest skattede sange. De d\u00f8de begge af kr\u00e6ft hhv. i 2005 og 2006, og dette album er Elins hyldest til dem. L\u00e6s om <a href=\"https:\/\/heinesen.fo\/da\/index.php\/musikkarriere\/\">Elins musikalske karriere og h\u00f8r nogle af hendes sange<\/a> og specifikt om hendes albums &#8211; <a href=\"https:\/\/heinesen.fo\/da\/index.php\/udgivet-musik\/album-yndisloeg-treasured-songs\/\">Yndisl\u00f8g<\/a> og <a href=\"https:\/\/heinesen.fo\/da\/index.php\/udgivet-musik\/album-handan-stjoernurnar\/\">Handan Stj\u00f8rnurnar<\/a>. Og her er en <a href=\"https:\/\/heinesen.fo\/da\/index.php\/udgivet-musik\/diskografi\/\">liste over andre udgivelser, hun har v\u00e6ret en del af.<\/a><\/p>\n<p>Elin har v\u00e6ret aktiv i det lokale teaterliv, som optr\u00e6dende og tilrettel\u00e6gger, i T\u00f3rshavns Jazzforening siden stiftelsen i 1975. Hun var en af stifterne og bestyrelsesmedlem i foreningen i de f\u00f8rste \u00e5r.<\/p>\n<p>Elin har arrangeret koncerter &#8211; og g\u00f8r det stadig &#8211; og hun var medstifter af et par musik- og komponistforeninger i Torshavn.<\/p>\n<p>Hun har optr\u00e5dt i musikteaterstykker som Seymistovan p\u00e5 T\u00f3rshavn Teater (1978) og De Fortabte Spillem\u00e6nd, et teaterstykke baseret p\u00e5 William Heinesens roman, i Nordens Hus i T\u00f3rshavn (1993).<\/p>\n<h3>RADIO, TV OG FILM<\/h3>\n<p>Elin turnerede p\u00e5 F\u00e6r\u00f8erne som revysanger i tre \u00e5r (1975-1978). Disse forestillinger var en del af det ugentlige underholdningsshow l\u00f8rdag aften p\u00e5 den f\u00e6r\u00f8ske radio, V4.<\/p>\n<p>Hun har lavet musikvideoer og musikprogrammer p\u00e5 freelancebasis til f\u00e6r\u00f8sk TV og radio siden 1975.<\/p>\n<p>Hun har produceret forskellige radioprogrammer siden 1975, herunder en serie p\u00e5 ni programmer om jazzens historie og et seksdelt h\u00f8respil for b\u00f8rn. Hun producerede og spillede i forskellige radiospil, producerede b\u00f8rneprogrammer, reciterede flere b\u00f8rneb\u00f8ger og sang adskillige b\u00f8rnesange i radioen.<\/p>\n","protected":false},"excerpt":{"rendered":"<p>FRIVILLIGT OG FREELANCE ARBEJDE Elin Brimheim Heinesen er passioneret omkring internettet og holder sig konstant opdateret med online trends. Elin var webmaster og webredakt\u00f8r for hjemmesiden MUSIC.fo fra 2012 til 2014 \u2013 et online musikmagasin for alle interesserede i aktuel information om musik fra F\u00e6r\u00f8erne \u2013 et arbejde hun udf\u00f8rte p\u00e5 frivillig basis i sin&hellip;<\/p>\n","protected":false},"author":1,"featured_media":1237,"parent":1886,"menu_order":2,"comment_status":"closed","ping_status":"closed","template":"","meta":{"footnotes":""},"class_list":["post-1892","page","type-page","status-publish","format-standard","has-post-thumbnail","hentry"],"_links":{"self":[{"href":"https:\/\/heinesen.fo\/da\/index.php\/wp-json\/wp\/v2\/pages\/1892","targetHints":{"allow":["GET"]}}],"collection":[{"href":"https:\/\/heinesen.fo\/da\/index.php\/wp-json\/wp\/v2\/pages"}],"about":[{"href":"https:\/\/heinesen.fo\/da\/index.php\/wp-json\/wp\/v2\/types\/page"}],"author":[{"embeddable":true,"href":"https:\/\/heinesen.fo\/da\/index.php\/wp-json\/wp\/v2\/users\/1"}],"replies":[{"embeddable":true,"href":"https:\/\/heinesen.fo\/da\/index.php\/wp-json\/wp\/v2\/comments?post=1892"}],"version-history":[{"count":4,"href":"https:\/\/heinesen.fo\/da\/index.php\/wp-json\/wp\/v2\/pages\/1892\/revisions"}],"predecessor-version":[{"id":3125,"href":"https:\/\/heinesen.fo\/da\/index.php\/wp-json\/wp\/v2\/pages\/1892\/revisions\/3125"}],"up":[{"embeddable":true,"href":"https:\/\/heinesen.fo\/da\/index.php\/wp-json\/wp\/v2\/pages\/1886"}],"wp:featuredmedia":[{"embeddable":true,"href":"https:\/\/heinesen.fo\/da\/index.php\/wp-json\/wp\/v2\/media\/1237"}],"wp:attachment":[{"href":"https:\/\/heinesen.fo\/da\/index.php\/wp-json\/wp\/v2\/media?parent=1892"}],"curies":[{"name":"wp","href":"https:\/\/api.w.org\/{rel}","templated":true}]}}