{"id":1898,"date":"2023-08-25T13:18:07","date_gmt":"2023-08-25T12:18:07","guid":{"rendered":"https:\/\/heinesen.fo\/index.php\/book-a-performance\/"},"modified":"2024-07-04T01:25:37","modified_gmt":"2024-07-04T00:25:37","slug":"book-optraedener","status":"publish","type":"page","link":"https:\/\/heinesen.fo\/da\/index.php\/book-optraedener\/","title":{"rendered":"BOOK OPTR\u00c6DENER"},"content":{"rendered":"<h3>HVAD OG HVORDAN BOOKER MAN<\/h3>\n<p>Er du interesseret i at booke:<\/p>\n<ul>\n<li>En eller flere stuekoncerter med Elin Brimheim Heinesen og medmusikanter i hendes egen stue?<\/li>\n<li>M\u00e5ske private stuekoncerter for grupper af rejsende.<\/li>\n<li>M\u00e5ske grupper af medarbejdere fra en arbejdsplads?<\/li>\n<li>M\u00e5ske strikkeklubber?<\/li>\n<li>Eller m\u00e5ske nogle andre interessegrupper?<\/li>\n<li>Eller vil du bare booke Elin til en optr\u00e6den et andet sted? Kunne v\u00e6re til en f\u00f8dselsdagsfest, et bryllup, en begravelse, en kirkelig ceremoni, en festival eller til en stuekoncert i din egen stue!<\/li>\n<li>Ja, enhver begivenhed \u2013 you name it.<\/li>\n<\/ul>\n<h3>Musikforestillinger \/ Koncerter<\/h3>\n<p>Elin tilbyder flere muligheder:<\/p>\n<ul>\n<li>Elin Brimheim Heinesen Solo (sang; guitar)<\/li>\n<li>EBH Duo (vokal &amp; guitar + guitar)<\/li>\n<li>EBH Trio (sang, guitar, guitar, bas)<\/li>\n<li>EBH Kvartet (sang, guitar, guitar, bas, trommer) og<\/li>\n<li>EBH Band ( vokal, guitar, guitar, bas, trommer, keyboard)<\/li>\n<\/ul>\n<h3>Andre optr\u00e6dener<\/h3>\n<p>Elin holder ogs\u00e5 taler eller opl\u00e6g om forskellige emner.<\/p>\n<p>For at se n\u00e6rmere p\u00e5 interesseomr\u00e5der, g\u00e5 til: <a href=\"http:\/\/heinesen.info\" target=\"_blank\" rel=\"noopener\">heinesen.info<\/a>.<\/p>\n<p>Elin kan ogs\u00e5 optr\u00e6de med historiefort\u00e6lling, novellel\u00e6sning og l\u00e6sning af poesi.<\/p>\n<h3 style=\"width: 100%; height: 500px;\" data-tf-widget=\"I0mIJ9nw\" data-tf-opacity=\"100\" data-tf-iframe-props=\"title=Music Artist Booking Form DK\" data-tf-medium=\"snippet\">UDFYLD NEDENST\u00c5ENDE FORMULAR<\/h3>\n<p><script src=\"\/\/embed.typeform.com\/next\/embed.js\"><\/script><\/p>\n<p><strong><a href=\"https:\/\/www.facebook.com\/elinbrimheimheinesen\" target=\"_blank\" rel=\"noopener\">Eller book p\u00e5 Facebook<\/a><\/strong><\/p>\n","protected":false},"excerpt":{"rendered":"<p>HVAD OG HVORDAN BOOKER MAN Er du interesseret i at booke: En eller flere stuekoncerter med Elin Brimheim Heinesen og medmusikanter i hendes egen stue? M\u00e5ske private stuekoncerter for grupper af rejsende. M\u00e5ske grupper af medarbejdere fra en arbejdsplads? M\u00e5ske strikkeklubber? Eller m\u00e5ske nogle andre interessegrupper? Eller vil du bare booke Elin til en optr\u00e6den&hellip;<\/p>\n","protected":false},"author":1,"featured_media":1241,"parent":0,"menu_order":0,"comment_status":"closed","ping_status":"closed","template":"","meta":{"footnotes":""},"class_list":["post-1898","page","type-page","status-publish","format-standard","has-post-thumbnail","hentry"],"_links":{"self":[{"href":"https:\/\/heinesen.fo\/da\/index.php\/wp-json\/wp\/v2\/pages\/1898","targetHints":{"allow":["GET"]}}],"collection":[{"href":"https:\/\/heinesen.fo\/da\/index.php\/wp-json\/wp\/v2\/pages"}],"about":[{"href":"https:\/\/heinesen.fo\/da\/index.php\/wp-json\/wp\/v2\/types\/page"}],"author":[{"embeddable":true,"href":"https:\/\/heinesen.fo\/da\/index.php\/wp-json\/wp\/v2\/users\/1"}],"replies":[{"embeddable":true,"href":"https:\/\/heinesen.fo\/da\/index.php\/wp-json\/wp\/v2\/comments?post=1898"}],"version-history":[{"count":25,"href":"https:\/\/heinesen.fo\/da\/index.php\/wp-json\/wp\/v2\/pages\/1898\/revisions"}],"predecessor-version":[{"id":3768,"href":"https:\/\/heinesen.fo\/da\/index.php\/wp-json\/wp\/v2\/pages\/1898\/revisions\/3768"}],"wp:featuredmedia":[{"embeddable":true,"href":"https:\/\/heinesen.fo\/da\/index.php\/wp-json\/wp\/v2\/media\/1241"}],"wp:attachment":[{"href":"https:\/\/heinesen.fo\/da\/index.php\/wp-json\/wp\/v2\/media?parent=1898"}],"curies":[{"name":"wp","href":"https:\/\/api.w.org\/{rel}","templated":true}]}}