{"id":1902,"date":"2023-09-07T22:33:33","date_gmt":"2023-09-07T21:33:33","guid":{"rendered":"https:\/\/heinesen.fo\/index.php\/in-a-private-home\/"},"modified":"2024-08-13T22:22:51","modified_gmt":"2024-08-13T21:22:51","slug":"i-et-privat-hjem","status":"publish","type":"page","link":"https:\/\/heinesen.fo\/da\/index.php\/fljod-koncerter\/i-et-privat-hjem\/","title":{"rendered":"I ET PRIVAT HJEM"},"content":{"rendered":"<h3>F&#8217;LJ\u00d3\u00d0 KV\u00d8LDSETUR<\/h3>\n<p>I 2011 fik Elin ideen til at arrangere koncerter i sin egen stue og invitere publikum til at komme og opleve koncerter med forskellige musikartister i den lange m\u00f8rke vinters\u00e6son. Hun startede op i januar 2012. Koncerterne blev hurtigt popul\u00e6re, men for at f\u00e5 break-even var det n\u00f8dvendigt at have fuldt hus hver gang. Hun inds\u00e5 hurtigt, at det ikke var muligt.<\/p>\n<p>Elin startede ogs\u00e5 med at s\u00e6tte prisen p\u00e5 billetterne for lavt, s\u00e5 det var sv\u00e6rt for hende at f\u00e5 det til at l\u00f8be rundt. S\u00e5 efter en meget travl s\u00e6son stoppede hun og arrangerede ikke koncerter i halvandet \u00e5r. Men s\u00e5 udviklede Elin ideen til at arrangere stuekoncerter for grupper af turister i l\u00f8bet af sommeren, hvor hun selv var den optr\u00e6dende musikartist. I dag overg\u00e5r denne aktivitet de andre koncerter i antal.<\/p>\n<h3>HVAD BETYDER ORDET F&#8217;LJ\u00d3\u00d0?<\/h3>\n<p>Elin valgte at kalde koncerterne for F&#8217;LJ\u00d3\u00d0 KV\u00d8LDSETUR.<\/p>\n<p>Ordet F&#8217;LJ\u00d3\u00d0 har en dobbelt betydning. &#8220;Flj\u00f3\u00f0&#8221; er et gammelt f\u00e6r\u00f8sk ord for en &#8216;kvinde&#8217;. I dette tilf\u00e6lde skrives der F&#8217;LJ\u00d3\u00d0 med en apostrof mellem F og L, hvor &#8220;F&#8221; er en forkortelse for &#8216;f\u00e6r\u00f8sk&#8217; og &#8220;lj\u00f3\u00f0&#8221; betyder &#8216;lyd&#8217;, som tilsammen betyder f\u00e6r\u00f8sk lyd. Ordet udtales som &#8220;flow&#8221;, men med et &#8216;i&#8217; sat mellem l&#8217;et og o&#8217;et &#8211; ligesom &#8220;fleeow&#8221; med stress p\u00e5 &#8216;ow&#8217;et&#8217;.<\/p>\n<p>Ordet \u201akv\u00f8ldseta\u2018 betyder \u2013 direkte oversat: \u201aaften-sidning\u2018. Flertalsformen er: \u201akv\u00f8ldsetur\u2018. Form\u00e5let med F&#8217;LJ\u00d3\u00d0 KV\u00d8LDSETUR events er at tilbyde publikum god underholdning i form af live musik og opl\u00e6sning af f\u00e6r\u00f8sk kvalitetslitteratur i et hyggeligt milj\u00f8 \u2013 og til geng\u00e6ld f\u00e5 publikum&#8217;s st\u00f8tte til det arbejde, som v\u00e6rten g\u00f8r.<\/p>\n<p>Udover kaffe, te og kage byder F&#8217;LJ\u00d3\u00d0 KV\u00d8LDSETUR aftenerne ikke kun p\u00e5 livekoncerter, men ogs\u00e5 historiefort\u00e6lling, hvilket betyder, at aftenerne minder meget om de gamle &#8220;kv\u00f8ldseta&#8221;-aftener, hvor f\u00e6ringerne samles for at synge og fort\u00e6lle historier til hinanden. . F&#8217;LJ\u00d3\u00d0 KV\u00d8LDSETUR aftener er derfor et sp\u00e6ndende, forfriskende og inspirerende alternativ til almindelige koncerter, der er v\u00e6rd at overv\u00e6re.<\/p>\n<p>L\u00e6s om hele konceptet for F&#8217;LJ\u00d3\u00d0 KV\u00d8LDSETUR i denne brochure:<\/p>\n<a href=\"https:\/\/heinesen.fo\/wp-content\/uploads\/2024\/08\/FLJOD-litil-faldari-DK.pdf\" class=\"pdfemb-viewer\" style=\"\" data-width=\"max\" data-height=\"max\" data-toolbar=\"bottom\" data-toolbar-fixed=\"off\">F&#039;LJ\u00d3\u00d0 - l\u00edtil faldari DK<\/a>\n<p>Klik <a href=\"https:\/\/heinesen.fo\/wp-content\/uploads\/2024\/08\/FLJOD-litil-faldari-DK.pdf\" target=\"_blank\" rel=\"noopener\">HER<\/a> for at lukke brochuren op i nyt vindue for at f\u00e5 bedre overblik.<\/p>\n<p>&nbsp;<\/p>\n<p>&nbsp;<\/p>\n<p><em><strong>L\u00e6s mere her:<\/strong><\/em><br \/>\n<a href=\"https:\/\/heinesen.fo\/da\/index.php\/fljod-koncerter\/faq-om-fljod-koncerter\/\">Ofte stillede sp\u00f8rgsm\u00e5l (FAQ) om F&#8217;LJ\u00d3\u00d0 KV\u00d8LDSETUR<\/a><br \/>\n<a href=\"https:\/\/heinesen.fo\/da\/index.php\/fljod-koncerter\/\">Hvad er en stuekoncert?<\/a><\/p>\n","protected":false},"excerpt":{"rendered":"<p>F&#8217;LJ\u00d3\u00d0 KV\u00d8LDSETUR I 2011 fik Elin ideen til at arrangere koncerter i sin egen stue og invitere publikum til at komme og opleve koncerter med forskellige musikartister i den lange m\u00f8rke vinters\u00e6son. Hun startede op i januar 2012. Koncerterne blev hurtigt popul\u00e6re, men for at f\u00e5 break-even var det n\u00f8dvendigt at have fuldt hus hver&hellip;<\/p>\n","protected":false},"author":1,"featured_media":1710,"parent":1904,"menu_order":1,"comment_status":"closed","ping_status":"closed","template":"","meta":{"footnotes":""},"class_list":["post-1902","page","type-page","status-publish","format-standard","has-post-thumbnail","hentry"],"_links":{"self":[{"href":"https:\/\/heinesen.fo\/da\/index.php\/wp-json\/wp\/v2\/pages\/1902","targetHints":{"allow":["GET"]}}],"collection":[{"href":"https:\/\/heinesen.fo\/da\/index.php\/wp-json\/wp\/v2\/pages"}],"about":[{"href":"https:\/\/heinesen.fo\/da\/index.php\/wp-json\/wp\/v2\/types\/page"}],"author":[{"embeddable":true,"href":"https:\/\/heinesen.fo\/da\/index.php\/wp-json\/wp\/v2\/users\/1"}],"replies":[{"embeddable":true,"href":"https:\/\/heinesen.fo\/da\/index.php\/wp-json\/wp\/v2\/comments?post=1902"}],"version-history":[{"count":17,"href":"https:\/\/heinesen.fo\/da\/index.php\/wp-json\/wp\/v2\/pages\/1902\/revisions"}],"predecessor-version":[{"id":3927,"href":"https:\/\/heinesen.fo\/da\/index.php\/wp-json\/wp\/v2\/pages\/1902\/revisions\/3927"}],"up":[{"embeddable":true,"href":"https:\/\/heinesen.fo\/da\/index.php\/wp-json\/wp\/v2\/pages\/1904"}],"wp:featuredmedia":[{"embeddable":true,"href":"https:\/\/heinesen.fo\/da\/index.php\/wp-json\/wp\/v2\/media\/1710"}],"wp:attachment":[{"href":"https:\/\/heinesen.fo\/da\/index.php\/wp-json\/wp\/v2\/media?parent=1902"}],"curies":[{"name":"wp","href":"https:\/\/api.w.org\/{rel}","templated":true}]}}