{"id":1904,"date":"2023-09-04T16:36:34","date_gmt":"2023-09-04T15:36:34","guid":{"rendered":"https:\/\/heinesen.fo\/index.php\/living-room-concerts\/"},"modified":"2024-04-03T21:35:51","modified_gmt":"2024-04-03T20:35:51","slug":"fljod-koncerter","status":"publish","type":"page","link":"https:\/\/heinesen.fo\/da\/index.php\/fljod-koncerter\/","title":{"rendered":"F&#8217;LJ\u00d3\u00d0 KONCERTER"},"content":{"rendered":"<h3>HVAD ER EN STUEKONCERT<\/h3>\n<p>En stuekoncert er en koncert, hvor g\u00e6sterne har mulighed for at lytte til levende musik i en stue i et privat hjem. Stuekoncerter er ved at blive ret popul\u00e6re i mange lande, men at have kulturaftener med fort\u00e6lling og sang i private hjem er faktisk en \u00e6ldgammel tradition p\u00e5 F\u00e6r\u00f8erne. F\u00e6ringerne kalder det at have en &#8220;kv\u00f8ldseta&#8221;, som kan overs\u00e6ttes til at have &#8216;en aftensidning&#8217;.<\/p>\n<p>I de senere \u00e5r er disse arrangementer blevet tilrettelagt p\u00e5 en mere systematisk og professionel m\u00e5de. Elin var den f\u00f8rste til at introducere dette nye koncept p\u00e5 F\u00e6r\u00f8erne med F&#8217;LJ\u00d3\u00d0 KV\u00d8LDSETUR &#8211; stuekoncerter og litter\u00e6re aftener, der startede i januar 2012.<\/p>\n<p>S\u00e5 kom HOYMA-koncerterne i bygden G\u00f8ta efterfulgt af HEIMA-koncerter i N\u00f3lsoy, og senest H\u00daSAGONGD-koncerterne i Sandav\u00e1gur og med flere og flere bygder, der fulgte efter med deres egne stuekoncerter.<\/p>\n<p>Alle disse arrangementer finder sted en gang om \u00e5ret hver med koncerter i mange forskellige huse i l\u00f8bet af en dag, mens F&#8217;LJ\u00d3\u00d0 KV\u00d8LDSETUR stuekoncerterne finder sted i \u00e9t bestemt hjem mange gange i l\u00f8bet af hele \u00e5ret.<\/p>\n<p>Her er en YouTube-video, som giver et indtryk af stemningen ved en F&#8217;LJ\u00d3\u00d0 KV\u00d8LDSETUR stuekoncert, hvor Elin Brimheim Heinesen optr\u00e6der:<br \/>\n<iframe loading=\"lazy\" title=\"F&#039;LJ\u00d3\u00d0 stovukonsert vi\u00f0 Elini Brimheim Heinesen\" width=\"1200\" height=\"675\" src=\"https:\/\/www.youtube.com\/embed\/4YjxO-G9Or4?feature=oembed\" frameborder=\"0\" allow=\"accelerometer; autoplay; clipboard-write; encrypted-media; gyroscope; picture-in-picture; web-share\" referrerpolicy=\"strict-origin-when-cross-origin\" allowfullscreen><\/iframe><\/p>\n<h3>FORDELE B\u00c5DE FOR KUNSTNERE OG PUBLIKUM<\/h3>\n<p>Ved almindelige koncerter optr\u00e6der kunstnere normalt p\u00e5 en scene, p\u00e5 lang afstand fra publikum. En stuekoncert er kendetegnet ved, at publikum er meget t\u00e6ttere p\u00e5 kunstneren uden &#8211; eller med n\u00e6sten intet &#8220;filter&#8221; mellem g\u00e6ster og optr\u00e6dende. Du kan se de hvert udtryk p\u00e5 de optr\u00e6dende p\u00e5 t\u00e6t hold og m\u00f8de de optr\u00e6dende og tale med dem, b\u00e5de f\u00f8r og efter deres optr\u00e6den.<\/p>\n<p>G\u00e6sterne spiller en meget vigtig rolle ved disse arrangementer, fordi det er en helt s\u00e6rlig oplevelse for de optr\u00e6dende at synge, spille musik og recitere litteratur for et s\u00e5 n\u00e6rt og opm\u00e6rksomt publikum. Det g\u00f8r oplevelsen s\u00e5 meget mere intens, og inspirationen g\u00e5r begge veje. B\u00e5de kunstnere og publikum har gang p\u00e5 gang bekr\u00e6ftet, at disse begivenheder er meget positive oplevelser.<\/p>\n<p>Publikum f\u00f8ler sig som en del af en helt speciel og intim oplevelse i et privat hjem. Det f\u00f8les n\u00e6sten som at have en meget hyggelig aften derhjemme sammen med gode venner. Den n\u00e6rhed og den hygge, som en stuekoncert byder p\u00e5, er virkelig noget at huske og vil blive hos dig i lang tid.<\/p>\n<p><strong><em>L\u00e6s mere her:<br \/>\n<\/em><\/strong><a href=\"https:\/\/heinesen.fo\/da\/index.php\/fljod-koncerter\/i-et-privat-hjem\/\">Om historien bag og om titlen F&#8217;LJ\u00d3\u00d0 KV\u00d8LDSETUR<\/a><br \/>\n<a href=\"https:\/\/heinesen.fo\/da\/index.php\/fljod-koncerter\/faq-om-fljod-koncerter\/\">Ofte spurgte sp\u00f8rgsm\u00e5l (FAQ) om F&#8217;LJ\u00d3\u00d0 KV\u00d8LDSETUR<\/a><\/p>\n","protected":false},"excerpt":{"rendered":"<p>HVAD ER EN STUEKONCERT En stuekoncert er en koncert, hvor g\u00e6sterne har mulighed for at lytte til levende musik i en stue i et privat hjem. Stuekoncerter er ved at blive ret popul\u00e6re i mange lande, men at have kulturaftener med fort\u00e6lling og sang i private hjem er faktisk en \u00e6ldgammel tradition p\u00e5 F\u00e6r\u00f8erne. F\u00e6ringerne&hellip;<\/p>\n","protected":false},"author":1,"featured_media":1710,"parent":0,"menu_order":0,"comment_status":"closed","ping_status":"closed","template":"","meta":{"footnotes":""},"class_list":["post-1904","page","type-page","status-publish","format-standard","has-post-thumbnail","hentry"],"_links":{"self":[{"href":"https:\/\/heinesen.fo\/da\/index.php\/wp-json\/wp\/v2\/pages\/1904","targetHints":{"allow":["GET"]}}],"collection":[{"href":"https:\/\/heinesen.fo\/da\/index.php\/wp-json\/wp\/v2\/pages"}],"about":[{"href":"https:\/\/heinesen.fo\/da\/index.php\/wp-json\/wp\/v2\/types\/page"}],"author":[{"embeddable":true,"href":"https:\/\/heinesen.fo\/da\/index.php\/wp-json\/wp\/v2\/users\/1"}],"replies":[{"embeddable":true,"href":"https:\/\/heinesen.fo\/da\/index.php\/wp-json\/wp\/v2\/comments?post=1904"}],"version-history":[{"count":10,"href":"https:\/\/heinesen.fo\/da\/index.php\/wp-json\/wp\/v2\/pages\/1904\/revisions"}],"predecessor-version":[{"id":3625,"href":"https:\/\/heinesen.fo\/da\/index.php\/wp-json\/wp\/v2\/pages\/1904\/revisions\/3625"}],"wp:featuredmedia":[{"embeddable":true,"href":"https:\/\/heinesen.fo\/da\/index.php\/wp-json\/wp\/v2\/media\/1710"}],"wp:attachment":[{"href":"https:\/\/heinesen.fo\/da\/index.php\/wp-json\/wp\/v2\/media?parent=1904"}],"curies":[{"name":"wp","href":"https:\/\/api.w.org\/{rel}","templated":true}]}}