{"id":1906,"date":"2023-08-25T13:20:27","date_gmt":"2023-08-25T12:20:27","guid":{"rendered":"https:\/\/heinesen.fo\/index.php\/biography\/"},"modified":"2024-07-25T12:25:03","modified_gmt":"2024-07-25T11:25:03","slug":"musikkarriere","status":"publish","type":"page","link":"https:\/\/heinesen.fo\/da\/index.php\/musikkarriere\/","title":{"rendered":"MUSIKKARRIERE"},"content":{"rendered":"<p>ELIN BRIMHEIM HEINESEN er en f\u00e6r\u00f8sk singer-songwriter, der har v\u00e6ret kendt af den f\u00e6r\u00f8ske befolkning siden midten af 70&#8217;erne. Elin er m\u00e5ske mest kendt som den ene halvdel af duoen Elin &amp; K\u00e1ri &#8211; ogs\u00e5 kaldet NALJA efter deres f\u00f8rste album &#8211; der i slutningen af 80&#8217;erne udgav et kassetteb\u00e5nd med meget popul\u00e6re sange som &#8220;\u00c1, Tann deiliga Havn&#8221;, &#8220;Sjeikurin&#8221; og &#8220;Eitt d\u00fdpi av d\u00fdrari t\u00ed\u00f0&#8221;.<\/p>\n<p>Selvom Elin l\u00e6nge har v\u00e6ret et kendt ansigt p\u00e5 den f\u00e6r\u00f8ske musikscene, har hun kun udgivet tre albums:<\/p>\n<ul>\n<li>Albummet &#8220;NALJA&#8221; sammen med K\u00e1ri Linderoth Jacobsen, hvor de skrev fem numre hver. Albummet blev udgivet i 1988 som MC, og igen i 1998 som CD.<br \/>\nL\u00e6s mere om albummet <a href=\"https:\/\/heinesen.fo\/da\/index.php\/udgivet-musik\/album-nalja\/\">HER<\/a> og lyt til albummet p\u00e5 din foretrukne platform online her: <a href=\"https:\/\/album.link\/i\/1019759045\" target=\"_blank\" rel=\"noopener\">https:\/\/album.link\/i\/1019759045<\/a><\/li>\n<li>Albummet &#8220;Yndisl\u00f8g \u2013 Ein fer\u00f0 aftur \u00ed farnar t\u00ed\u00f0ir&#8221; (Treasured songs \u2013 a trip down memory lane) sammen med det akustiske band Ad Libitum, indeholdende forskellige velkendte evergreens, hun og andre oversatte til f\u00e6r\u00f8sk, udgivet i 2010.<br \/>\nL\u00e6s mere om albummet <a href=\"https:\/\/heinesen.fo\/da\/index.php\/udgivet-musik\/album-yndisloeg-treasured-songs\/\">HER<\/a> og lyt til albummet p\u00e5 din foretrukne platform online her: <a href=\"https:\/\/album.link\/i\/1317126745\">https:\/\/album.link\/i\/1317126745<\/a><\/li>\n<li>Albummet &#8220;Handan stj\u00f8rnurnar&#8221; (Beyond the Stars), som var hendes f\u00f8rste soloalbum med 12 af hendes egne sange, udkom i 2018.<br \/>\nL\u00e6s mere om albummet <a href=\"https:\/\/heinesen.fo\/da\/index.php\/udgivet-musik\/album-handan-stjoernurnar\/\">HER<\/a> og lyt til albummet p\u00e5 din foretrukne platform online her: <a href=\"https:\/\/album.link\/i\/1406252217\" target=\"_blank\" rel=\"noopener\">https:\/\/album.link\/i\/1406252217<\/a><\/li>\n<li>Hendes fjerde album &#8220;Eitt d\u00fdpi av d\u00fdrari t\u00ed\u00f0 \/ A Chasm of Precious Time&#8221; kom i november 2023 med nyklassisk symfonisk musik, som Elin har komponeret til sin fars, Jens Pauli Heinesens digte.<br \/>\nL\u00e6s mere om albummet <a href=\"https:\/\/heinesen.fo\/da\/index.php\/udgivet-musik\/album-eitt-dypi-av-dyrari-tid\/\">HER<\/a> og lyt til albummet p\u00e5 din foretrukne platform online her: <a href=\"https:\/\/album.link\/eitt-dypi-av-dyrari-tid\" target=\"_blank\" rel=\"noopener\">https:\/\/album.link\/eitt-dypi-av-dyrari-tid<\/a><\/li>\n<\/ul>\n<h3>HVILKEN SLAGS MUSIK SPILLER ELIN?<\/h3>\n<p>Elin har spillet og komponeret musik af mange forskellige slags hele sin karriere. Hun har sunget jazz, musicals, revysange, poprock \u2013 endda optr\u00e5dt med et heavy rockband. P\u00e5 det seneste har hun komponeret flere symfoniske sange.<\/p>\n<p>I barndommen blev Elin pr\u00e6get en hel del af den meget livlige sangtradition p\u00e5 F\u00e6r\u00f8erne, hvor hun voksede op &#8211; og selvf\u00f8lgelig har dette haft indflydelse p\u00e5 hendes kompositionsstil, som altid har v\u00e6ret ret vokalorienteret.<\/p>\n<p>I halvfjerdserne lavede hun sange, som man kan kalde folkesange, hvilket var en meget popul\u00e6r genre p\u00e5 det tidspunkt. I disse \u00e5r tidligt i sin musikkarriere var Elin ogs\u00e5 meget til jazz og blues. Hun lavede udsendelser i \u00datvarp F\u00f8roya, den nationale radio, om jazz-historien og var med til at stifte Havnar Jazzfelag (T\u00f3rshavns Jazzklub) midt i halvfjerdserne, hvor hun ogs\u00e5 optr\u00e5dte bl.a. sammen med sin morbror Svenn Brimheim, og sang sange fra jazz-bibelen &#8220;The Real Book. Denne periode udviklede og pr\u00e6gede ogs\u00e5 meget hendes musikpreferencer. S\u00e5 dette har ogs\u00e5 haft stor indflydelse p\u00e5 hendes musik.<\/p>\n<p>I firserne dannede hun en duo med K\u00e1ri Jacobsen og lavede popalbummet &#8220;NALJA&#8221;. Det var et album, der p\u00e5 mange m\u00e5der mindede om andre popalbum fra firserne \u2013 men albummet var ogs\u00e5 unikt p\u00e5 en meget &#8216;f\u00e6r\u00f8sk&#8217; m\u00e5de, og blev som s\u00e5dan meget popul\u00e6r. I interviews fortalte Elin &amp; K\u00e1ri journalister, at de s\u00e5 albummet som en slags reaktion mod den politiske korrekthed i musikken, som var meget almindelig i de \u00e5r. Dette var egentlig ikke et bevidst m\u00e5l med albummet, men set i bakspejlet kunne det ses p\u00e5 den m\u00e5de. Elin har altid insisteret p\u00e5 at lave musik, det har en ret i sig selv \u2013 og ikke kun som et middel til at promovere noget andet eller &#8216;s\u00e6lge&#8217; et budskab &#8211; f.eks. et politisk budskab, der er oppe i tiden&#8230; Ideelt set burde musik ikke handle om andet end at udtrykke sande f\u00f8lelser, uanset om det er gl\u00e6de og lykke eller sorg og fortvivlelse. Sangene p\u00e5 NALJA-albummet, der blev genudgivet i 1998, har i hvert fald v\u00e6ret meget popul\u00e6re, siden de f\u00f8rst blev udgivet, og bliver stadig spillet meget i de f\u00e6r\u00f8ske radiokanaler.<\/p>\n<p>Albummet \u201cYndisl\u00f8g\u201d, udgivet i 2010, havde en meget anderledes afslappet og easy listening stemning. Mens hendes soloalbum &#8220;Handan stj\u00f8rnurnar&#8221;, udgivet i 2018, havde et helt andet, mere poprock-udtryk. Og hendes album &#8220;Eitt d\u00fdpi av d\u00fdrari t\u00ed\u00f0&#8221; er s\u00e5 igen noget helt andet, for her taler vi om storsl\u00e5et neoklassisk symfonisk musik.<\/p>\n<p>Derudover har Elin komponeret mange andre uudgivne sange, der trodser let kategorisering. Hendes musik er mangfoldig og udtrykker hendes kunstneriske udvikling. Meget af hendes musik kan m\u00e5ske betegnes som poprock eller folkrock \u2013 men det er meget generelle udtryk, som ikke fort\u00e6ller noget om, hvordan musikken egentlig lyder.<\/p>\n<h3>PLAYLISTE<\/h3>\n<p>Lyt til sange af eller med Elin Brimheim Heinesen:<br \/>\n<iframe loading=\"lazy\" style=\"border-radius: 12px;\" src=\"https:\/\/open.spotify.com\/embed\/playlist\/2wT1sSwBBKTu1Lw1Lh35ul?utm_source=generator\" width=\"100%\" height=\"352\" frameborder=\"0\" allowfullscreen=\"allowfullscreen\"><\/iframe><\/p>\n","protected":false},"excerpt":{"rendered":"<p>ELIN BRIMHEIM HEINESEN er en f\u00e6r\u00f8sk singer-songwriter, der har v\u00e6ret kendt af den f\u00e6r\u00f8ske befolkning siden midten af 70&#8217;erne. Elin er m\u00e5ske mest kendt som den ene halvdel af duoen Elin &amp; K\u00e1ri &#8211; ogs\u00e5 kaldet NALJA efter deres f\u00f8rste album &#8211; der i slutningen af 80&#8217;erne udgav et kassetteb\u00e5nd med meget popul\u00e6re sange som&hellip;<\/p>\n","protected":false},"author":1,"featured_media":1481,"parent":0,"menu_order":0,"comment_status":"closed","ping_status":"closed","template":"","meta":{"footnotes":""},"class_list":["post-1906","page","type-page","status-publish","format-standard","has-post-thumbnail","hentry"],"_links":{"self":[{"href":"https:\/\/heinesen.fo\/da\/index.php\/wp-json\/wp\/v2\/pages\/1906","targetHints":{"allow":["GET"]}}],"collection":[{"href":"https:\/\/heinesen.fo\/da\/index.php\/wp-json\/wp\/v2\/pages"}],"about":[{"href":"https:\/\/heinesen.fo\/da\/index.php\/wp-json\/wp\/v2\/types\/page"}],"author":[{"embeddable":true,"href":"https:\/\/heinesen.fo\/da\/index.php\/wp-json\/wp\/v2\/users\/1"}],"replies":[{"embeddable":true,"href":"https:\/\/heinesen.fo\/da\/index.php\/wp-json\/wp\/v2\/comments?post=1906"}],"version-history":[{"count":23,"href":"https:\/\/heinesen.fo\/da\/index.php\/wp-json\/wp\/v2\/pages\/1906\/revisions"}],"predecessor-version":[{"id":3901,"href":"https:\/\/heinesen.fo\/da\/index.php\/wp-json\/wp\/v2\/pages\/1906\/revisions\/3901"}],"wp:featuredmedia":[{"embeddable":true,"href":"https:\/\/heinesen.fo\/da\/index.php\/wp-json\/wp\/v2\/media\/1481"}],"wp:attachment":[{"href":"https:\/\/heinesen.fo\/da\/index.php\/wp-json\/wp\/v2\/media?parent=1906"}],"curies":[{"name":"wp","href":"https:\/\/api.w.org\/{rel}","templated":true}]}}