{"id":1910,"date":"2023-08-31T10:56:17","date_gmt":"2023-08-31T09:56:17","guid":{"rendered":"https:\/\/heinesen.fo\/index.php\/biography\/1958-1970\/"},"modified":"2024-03-06T19:43:28","modified_gmt":"2024-03-06T19:43:28","slug":"1958-1970","status":"publish","type":"page","link":"https:\/\/heinesen.fo\/da\/index.php\/musikkarriere\/1958-1970\/","title":{"rendered":"1958 &#8211; 1970"},"content":{"rendered":"<h3>MUSIKALSK MILJ\u00d8<\/h3>\n<p>Elins for\u00e6ldre var meget til klassisk musik s\u00e5vel som svensk folkemusik af for eksempel Evert Taube og Sven Bertil Taube. Elins farfar var kirkekorsanger hele sit liv, og andre i familien sang ogs\u00e5 i kor. Hendes onkel Svenn Brimheim var en kendt guitarist. Familiens musik var i h\u00f8j grad en del af Elins dagligdag gennem hele hendes barndom og har naturligvis haft stor indflydelse.<\/p>\n<p><em>Her er Elin p\u00e5 4 \u00e5r og synger sammen med sin onkel, Svenn Brimheim, sin mor Maud Heinesen, sin far Jens Pauli Heinesen og sin tante (morfars s\u00f8ster) Anna Arnesen:<\/em><\/p>\n<p style=\"text-align: center;\"><img loading=\"lazy\" decoding=\"async\" class=\"alignnone wp-image-137 size-full\" src=\"http:\/\/heinesen.fo\/wp-content\/uploads\/2023\/08\/heinesen.fo_.jpeg\" alt=\"\" width=\"600\" height=\"415\" srcset=\"https:\/\/heinesen.fo\/wp-content\/uploads\/2023\/08\/heinesen.fo_.jpeg 600w, https:\/\/heinesen.fo\/wp-content\/uploads\/2023\/08\/heinesen.fo_-300x208.jpeg 300w\" sizes=\"auto, (max-width: 600px) 100vw, 600px\" \/><\/p>\n<p>Men ogs\u00e5 den meget livlige sangtradition p\u00e5 F\u00e6r\u00f8erne, hvor Elin voksede op, har pr\u00e6get hende. F\u00e6ringerne elsker at feste og synge sammen. Hver lille by har sit eget kor eller bl\u00e6seorkester. Og T\u00f3rshavn har sit eget symfoniorkester, hvilket er noget af en pr\u00e6station for en lille by med kun omkring 20.000 mennesker.<\/p>\n<h3>I ET PROGRAM FOR B\u00d8RN<\/h3>\n<p>F\u00f8rste gang offentligheden nogensinde h\u00f8rte Elin synge var, da hun kun var 6 \u00e5r gammel. Hun sang en f\u00e6r\u00f8sk b\u00f8rnesang &#8211; &#8220;N\u00fa fiskur er \u00e1 grunninum&#8221; af Hans Andrias Djurhuus &#8211; i et b\u00f8rneprogram p\u00e5 den f\u00e6r\u00f8ske offentlige radiostation. Desv\u00e6rre er optagelsen g\u00e5et tabt.<\/p>\n<p><em>Her er Elin p\u00e5 seks \u00e5r med sine for\u00e6ldre. Hun b\u00e6rer den f\u00e6r\u00f8ske nationaldragt:<\/em><\/p>\n<p style=\"text-align: center;\"><img loading=\"lazy\" decoding=\"async\" class=\"alignnone size-large wp-image-1338\" src=\"http:\/\/heinesen.fo\/wp-content\/uploads\/2023\/09\/1964_JensPauli_Elin_MaudHeinesen-1024x809.jpg\" alt=\"\" width=\"1024\" height=\"809\" srcset=\"https:\/\/heinesen.fo\/wp-content\/uploads\/2023\/09\/1964_JensPauli_Elin_MaudHeinesen-1024x809.jpg 1024w, https:\/\/heinesen.fo\/wp-content\/uploads\/2023\/09\/1964_JensPauli_Elin_MaudHeinesen-300x237.jpg 300w, https:\/\/heinesen.fo\/wp-content\/uploads\/2023\/09\/1964_JensPauli_Elin_MaudHeinesen-768x607.jpg 768w, https:\/\/heinesen.fo\/wp-content\/uploads\/2023\/09\/1964_JensPauli_Elin_MaudHeinesen-1536x1213.jpg 1536w, https:\/\/heinesen.fo\/wp-content\/uploads\/2023\/09\/1964_JensPauli_Elin_MaudHeinesen-2048x1617.jpg 2048w, https:\/\/heinesen.fo\/wp-content\/uploads\/2023\/09\/1964_JensPauli_Elin_MaudHeinesen-1300x1027.jpg 1300w\" sizes=\"auto, (max-width: 1024px) 100vw, 1024px\" \/><\/p>\n<p>I 1969, da hun var 11 \u00e5r gammel, blev Elin igen interviewet i et b\u00f8rneprogram om sit ophold i Fuengirola i det sydlige Spanien, hvor hun havde boet med sine for\u00e6ldre i et \u00e5r, g\u00e5et i spansk skole og levet sit liv blandt andaluserne. Denne gang sang hun den spanske nationalsang og en spansk sang, de fleste spanske b\u00f8rn kender. Ogs\u00e5 denne optagelse er g\u00e5et tabt.<\/p>\n<p><em>Her er Elin i skoleg\u00e5rden p\u00e5 den spanske skole, hun gik p\u00e5, hvor b\u00f8rnene stod i k\u00f8 og sang nationalsangen hver morgen, inden de gik til undervisning:<\/em><\/p>\n<p style=\"text-align: center;\"><img loading=\"lazy\" decoding=\"async\" class=\"alignnone size-large wp-image-1341\" src=\"http:\/\/heinesen.fo\/wp-content\/uploads\/2023\/09\/1968f_JPH_Elin_i_skulagardinum_i_Fuengirola-1024x711.jpg\" alt=\"\" width=\"1024\" height=\"711\" srcset=\"https:\/\/heinesen.fo\/wp-content\/uploads\/2023\/09\/1968f_JPH_Elin_i_skulagardinum_i_Fuengirola-1024x711.jpg 1024w, https:\/\/heinesen.fo\/wp-content\/uploads\/2023\/09\/1968f_JPH_Elin_i_skulagardinum_i_Fuengirola-300x208.jpg 300w, https:\/\/heinesen.fo\/wp-content\/uploads\/2023\/09\/1968f_JPH_Elin_i_skulagardinum_i_Fuengirola-768x533.jpg 768w, https:\/\/heinesen.fo\/wp-content\/uploads\/2023\/09\/1968f_JPH_Elin_i_skulagardinum_i_Fuengirola-1300x902.jpg 1300w, https:\/\/heinesen.fo\/wp-content\/uploads\/2023\/09\/1968f_JPH_Elin_i_skulagardinum_i_Fuengirola.jpg 1367w\" sizes=\"auto, (max-width: 1024px) 100vw, 1024px\" \/><\/p>\n<p>Her er teksten til sangen, hun sang i den f\u00e6r\u00f8ske nationale radio:<\/p>\n<h4>El Barquito Chiquitito<\/h4>\n<p>Hab\u00eda una vez<br \/>\nun barquito chicqutito<br \/>\nHab\u00eda una vez<br \/>\nun barquito chiquitio<br \/>\nque no sab\u00eda<br \/>\nque no sab\u00eda<br \/>\nque no sab\u00eda<br \/>\nnavegar<\/p>\n<p>Pasaron un, dos tr\u00e9s<br \/>\nquatro, cinco, seis semanas<br \/>\nPasaron un, dos tr\u00e9s<br \/>\nquatro, cinco, seis semanas<br \/>\ny aquel barquito<br \/>\ny aquel barquito<br \/>\ny aquel barquito<br \/>\nnaveg\u00f3<\/p>\n<p>Y si esta historia,<br \/>\nparece corta,<br \/>\nvolveremos,<br \/>\nvolveremos,<br \/>\na empezar<\/p>\n<p>Hab\u00eda una vez<br \/>\nun barquito chiquitito,<br \/>\nhab\u00eda una vez<br \/>\nun barquito chiquitito<br \/>\nque no sabia<br \/>\nque no sab\u00eda<br \/>\nque no sab\u00eda, navegar&#8230;..<br \/>\netc<\/p>\n<p>&nbsp;<\/p>\n<hr \/>\n<p>Videre til: <a href=\"https:\/\/heinesen.fo\/index.php\/tonleikayrkisleid\/1970-1980\/\">1970-1980<\/a><\/p>\n","protected":false},"excerpt":{"rendered":"<p>MUSIKALSK MILJ\u00d8 Elins for\u00e6ldre var meget til klassisk musik s\u00e5vel som svensk folkemusik af for eksempel Evert Taube og Sven Bertil Taube. Elins farfar var kirkekorsanger hele sit liv, og andre i familien sang ogs\u00e5 i kor. Hendes onkel Svenn Brimheim var en kendt guitarist. Familiens musik var i h\u00f8j grad en del af Elins&hellip;<\/p>\n","protected":false},"author":1,"featured_media":1481,"parent":1906,"menu_order":1,"comment_status":"closed","ping_status":"closed","template":"","meta":{"footnotes":""},"class_list":["post-1910","page","type-page","status-publish","format-standard","has-post-thumbnail","hentry"],"_links":{"self":[{"href":"https:\/\/heinesen.fo\/da\/index.php\/wp-json\/wp\/v2\/pages\/1910","targetHints":{"allow":["GET"]}}],"collection":[{"href":"https:\/\/heinesen.fo\/da\/index.php\/wp-json\/wp\/v2\/pages"}],"about":[{"href":"https:\/\/heinesen.fo\/da\/index.php\/wp-json\/wp\/v2\/types\/page"}],"author":[{"embeddable":true,"href":"https:\/\/heinesen.fo\/da\/index.php\/wp-json\/wp\/v2\/users\/1"}],"replies":[{"embeddable":true,"href":"https:\/\/heinesen.fo\/da\/index.php\/wp-json\/wp\/v2\/comments?post=1910"}],"version-history":[{"count":3,"href":"https:\/\/heinesen.fo\/da\/index.php\/wp-json\/wp\/v2\/pages\/1910\/revisions"}],"predecessor-version":[{"id":3587,"href":"https:\/\/heinesen.fo\/da\/index.php\/wp-json\/wp\/v2\/pages\/1910\/revisions\/3587"}],"up":[{"embeddable":true,"href":"https:\/\/heinesen.fo\/da\/index.php\/wp-json\/wp\/v2\/pages\/1906"}],"wp:featuredmedia":[{"embeddable":true,"href":"https:\/\/heinesen.fo\/da\/index.php\/wp-json\/wp\/v2\/media\/1481"}],"wp:attachment":[{"href":"https:\/\/heinesen.fo\/da\/index.php\/wp-json\/wp\/v2\/media?parent=1910"}],"curies":[{"name":"wp","href":"https:\/\/api.w.org\/{rel}","templated":true}]}}