{"id":1912,"date":"2023-08-31T10:58:31","date_gmt":"2023-08-31T09:58:31","guid":{"rendered":"https:\/\/heinesen.fo\/index.php\/biography\/1970-1980\/"},"modified":"2024-03-06T19:41:49","modified_gmt":"2024-03-06T19:41:49","slug":"1970-1980","status":"publish","type":"page","link":"https:\/\/heinesen.fo\/da\/index.php\/musikkarriere\/1970-1980\/","title":{"rendered":"1970 &#8211; 1980"},"content":{"rendered":"<h3>ELIN &#8211; EN ROCK CHICK I HENDES TEENAGE \u00c5R<\/h3>\n<p>Elin lyttede til meget musik i sine f\u00f8rste teenage\u00e5r, mest rockmusik, men hun blev hovedkulds forelsket i \u00e9t bestemt band &#8211; Uriah Heep, og blev en stor fan af dem. Hun beundrede is\u00e6r hjernen bag mange af Uriah Heeps kompositioner &#8211; Ken Hensley, hvis soloalbum hun n\u00f8d lige s\u00e5 meget.<\/p>\n<p><em>Ken Hensley i halvfjerdserne:<\/em><\/p>\n<p style=\"text-align: center;\"><img loading=\"lazy\" decoding=\"async\" class=\"alignnone wp-image-1744\" src=\"http:\/\/heinesen.fo\/wp-content\/uploads\/2023\/09\/KenHensley.jpeg\" alt=\"\" width=\"700\" height=\"467\" srcset=\"https:\/\/heinesen.fo\/wp-content\/uploads\/2023\/09\/KenHensley.jpeg 590w, https:\/\/heinesen.fo\/wp-content\/uploads\/2023\/09\/KenHensley-300x200.jpeg 300w\" sizes=\"auto, (max-width: 700px) 100vw, 700px\" \/><\/p>\n<p>Som et lille kuriosum: Lidt anede hun, at hun mange \u00e5r senere ville komme til at m\u00f8de sit idol, Ken Hensley, i hendes hjemby, T\u00f3rshavn, hvor hun havde mulighed for at fort\u00e6lle ham, hvor meget hans musik havde betydet for hende. Hun var s\u00e5 taknemmelig for at kunne takke ham for hans musik.<\/p>\n<p><em>Her er Elin sammen med sit idol, Ken Hensley, i baren Glitnir i T\u00f3rshavn i 2012:<\/em><\/p>\n<p style=\"text-align: center;\"><img loading=\"lazy\" decoding=\"async\" class=\"alignnone wp-image-1736\" src=\"http:\/\/heinesen.fo\/wp-content\/uploads\/2023\/09\/KenHensley_og_Elin-1024x768.jpg\" alt=\"\" width=\"700\" height=\"525\" srcset=\"https:\/\/heinesen.fo\/wp-content\/uploads\/2023\/09\/KenHensley_og_Elin-1024x768.jpg 1024w, https:\/\/heinesen.fo\/wp-content\/uploads\/2023\/09\/KenHensley_og_Elin-300x225.jpg 300w, https:\/\/heinesen.fo\/wp-content\/uploads\/2023\/09\/KenHensley_og_Elin-768x576.jpg 768w, https:\/\/heinesen.fo\/wp-content\/uploads\/2023\/09\/KenHensley_og_Elin-1536x1152.jpg 1536w, https:\/\/heinesen.fo\/wp-content\/uploads\/2023\/09\/KenHensley_og_Elin-1300x975.jpg 1300w, https:\/\/heinesen.fo\/wp-content\/uploads\/2023\/09\/KenHensley_og_Elin.jpg 2048w\" sizes=\"auto, (max-width: 700px) 100vw, 700px\" \/><\/p>\n<p>Tilbage i begyndelsen af halvfjerdserne kunne Elin bare sidde i timevis og nyde at lytte til Uriah Heep-plader, ofte sammen med sin bedste veninde, Maria, som delte lignende musiksmag.<\/p>\n<p>De lyttede og head-bangede ogs\u00e5 meget til albums af Deep Purple, the Doors, Black Sabbath, Steppenwolf, Free, Cream, Led Zeppelin, Frank Zappa, Andrew Lloyd Webbers musical Jesus Christ Superstar (den med Ian Gillian som Jesus i hovedrollen), og andre albums.<\/p>\n<h3>F\u00d8RSTE OFFENTLIGE OPTR\u00c6DEN<\/h3>\n<p>Elins f\u00f8rste rigtige offentlige optr\u00e6den p\u00e5 scenen som sangerinde var, da hun var 16 \u00e5r gammel i et teaterstykke i T\u00f3rshavn, F\u00e6r\u00f8erne, hvor hun sang en f\u00e6r\u00f8sk version af sangen &#8220;Streets of London&#8221; af Ralph McTell oversat eller omskrevet af hende selv som kun 15 \u00e5r gammel. Den f\u00e6r\u00f8ske sangtekst, hun skrev, blev meget popul\u00e6r. Folk kopieredr teksten p\u00e5 stencilpapir og sang den til fester overalt p\u00e5 F\u00e6r\u00f8erne. Sangen er blevet indspillet med hendes tekst af forskellige andre f\u00e6r\u00f8ske bands et par gange siden da.<\/p>\n<p><em>Her er et foto fra Elins allerf\u00f8rste offentlige optr\u00e6den i det gamle teater i T\u00f3rshavn, Sj\u00f3nleikarh\u00fasi\u00f0, i 1974:<\/em><\/p>\n<p style=\"text-align: center;\"><img loading=\"lazy\" decoding=\"async\" class=\"alignnone wp-image-107\" src=\"http:\/\/heinesen.fo\/wp-content\/uploads\/2023\/08\/Elin_i_Sjonleikarhusinum_1974.jpg\" alt=\"\" width=\"700\" height=\"909\" srcset=\"https:\/\/heinesen.fo\/wp-content\/uploads\/2023\/08\/Elin_i_Sjonleikarhusinum_1974.jpg 402w, https:\/\/heinesen.fo\/wp-content\/uploads\/2023\/08\/Elin_i_Sjonleikarhusinum_1974-231x300.jpg 231w\" sizes=\"auto, (max-width: 700px) 100vw, 700px\" \/><\/p>\n<h3>RADIO ENTERTAINER<\/h3>\n<p>Efter denne optr\u00e6den blev hun bedt om at deltage i et live radiounderholdningsshow kaldet &#8220;V4&#8221; i den f\u00e6r\u00f8ske offentlige radio. Hun blev i disse \u00e5r kendt af det f\u00e6r\u00f8ske publikum, fordi hun turnerede p\u00e5 F\u00e6r\u00f8erne sammen med de andre optr\u00e6dende i radioprogrammet og blev h\u00f8rt synge i radioen mange l\u00f8rdage aftener om vinteren i n\u00e6sten tre \u00e5r. Det er v\u00e6rd at n\u00e6vne, at der ikke var tv p\u00e5 F\u00e6r\u00f8erne i disse \u00e5r \u2013 f\u00f8rst i 1983 \u2013 s\u00e5 alle lyttede til radio.<\/p>\n<p><em>Her er et billede fra en af V4-forestillingerne:<\/em><\/p>\n<p style=\"text-align: center;\"><img loading=\"lazy\" decoding=\"async\" class=\"alignnone wp-image-132\" src=\"http:\/\/heinesen.fo\/wp-content\/uploads\/2023\/08\/ElinBHeinesen_V41977.jpg\" alt=\"\" width=\"700\" height=\"488\" srcset=\"https:\/\/heinesen.fo\/wp-content\/uploads\/2023\/08\/ElinBHeinesen_V41977.jpg 501w, https:\/\/heinesen.fo\/wp-content\/uploads\/2023\/08\/ElinBHeinesen_V41977-300x209.jpg 300w\" sizes=\"auto, (max-width: 700px) 100vw, 700px\" \/><\/p>\n<p>Her er en udsendelsesr\u00e6kke i to dele, som T\u00f3r\u00f0ur Johannesarson lavede om visesangeren Elin. T\u00f3r\u00f0ur siger s\u00e5ledes om udsendelserne:<\/p>\n<blockquote><p><em>&#8220;I to udsendelser h\u00f8rer vi Elin Brimheim Heinesen synge nogle satiriske viser og andre folkeviser. Elin Brimheim Heinesen har v\u00e6ret vidt omkring i musikken, lige fra jazz til pop. I disse udsendelser bliver fokus mest sat p\u00e5 de satiriske viser, som hun sang, da hun var meget fremme i 70&#8217;erne i det f\u00e6r\u00f8ske underholdningsradioprogram V4&#8221;.<\/em><\/p><\/blockquote>\n<p><span style=\"font-size: 1em;\">I den f\u00f8rste del fort\u00e6ller Elin blandt andet om, hvordan hun blev en del af V4-underholdningsprogrammerne (p\u00e5 f\u00e6r\u00f8sk)<\/span><span style=\"font-size: 1em;\">:<\/span><span style=\"font-size: 1em;\"><br \/>\n<\/span><\/p>\n<p><center><iframe loading=\"lazy\" src=\"https:\/\/w.soundcloud.com\/player\/?url=https%3A\/\/api.soundcloud.com\/tracks\/1626236322&amp;color=%23ff5500&amp;auto_play=false&amp;hide_related=false&amp;show_comments=true&amp;show_user=true&amp;show_reposts=false&amp;show_teaser=true&amp;visual=true\" width=\"500\" height=\"500\" frameborder=\"no\" scrolling=\"no\" data-mce-fragment=\"1\"><\/iframe><\/center>&nbsp;<\/p>\n<p>I den anden del h\u00f8rer vi blandt andet Elin fort\u00e6lle om, hvordan det var at synge i direkte live udsendelser, om forbilleder og om albummet Yndisl\u00f8g (p\u00e5 f\u00e6r\u00f8sk). Hun synger ogs\u00e5 viser fra andre underholdningsprogrammer:<\/p>\n<p><center><iframe loading=\"lazy\" src=\"https:\/\/w.soundcloud.com\/player\/?url=https%3A\/\/api.soundcloud.com\/tracks\/1626238647&amp;color=%23ff5500&amp;auto_play=false&amp;hide_related=false&amp;show_comments=true&amp;show_user=true&amp;show_reposts=false&amp;show_teaser=true&amp;visual=true\" width=\"500\" height=\"500\" frameborder=\"no\" scrolling=\"no\" data-mce-fragment=\"1\"><\/iframe><\/center><\/p>\n<h3><\/h3>\n<h3>DEN LEGENDARISKE T\u00d3RSHAVN JAZZKLUB<\/h3>\n<p>I slutningen af halvfjerdserne var Elin med til at stifte den f\u00f8rste Jazzklub i T\u00f3rshavn \u2013 en legendarisk klub, som ikke kun pr\u00e6senterede jazz, men alle former for rytmisk musik. Jazzklubben blev et kendt sted, mange f\u00e6r\u00f8ske musikere stadig husker med taknemmelighed, fordi den gav dem mulighed for at spille og lytte til musik, der aldrig var h\u00f8rt live f\u00f8r i T\u00f3rshavn. Desuden var flere udenlandske bands og musikere inviteret til F\u00e6r\u00f8erne for at spille i jazzklubben, hvilket var meget inspirerende for f\u00e6r\u00f8ske musikere. Elin var meget til jazz og blues i anden halvdel af halvfjerdserne p\u00e5 grund af sit engagement i T\u00f3rshavn Jazzklub \u2013 s\u00e5 det har ogs\u00e5 haft stor indflydelse.<\/p>\n<p>Elin optr\u00e5dte ogs\u00e5 flere gange i jazzklubben, blandt andet med sin onkel Svenn Brimheim, hvor hun sang jazz og blues fra The Real Book.<\/p>\n<p><em>Elin p\u00e5 scenen med sin onkel Svenn Brimheim (\u00a9 Ole Wich):<\/em><\/p>\n<p style=\"text-align: center;\"><img loading=\"lazy\" decoding=\"async\" class=\"alignnone wp-image-122\" src=\"http:\/\/heinesen.fo\/wp-content\/uploads\/2023\/08\/Elin_og_Svenn_i_auluni_aLaeraraskulanum_1980.jpg\" alt=\"\" width=\"700\" height=\"475\" srcset=\"https:\/\/heinesen.fo\/wp-content\/uploads\/2023\/08\/Elin_og_Svenn_i_auluni_aLaeraraskulanum_1980.jpg 558w, https:\/\/heinesen.fo\/wp-content\/uploads\/2023\/08\/Elin_og_Svenn_i_auluni_aLaeraraskulanum_1980-300x204.jpg 300w\" sizes=\"auto, (max-width: 700px) 100vw, 700px\" \/><\/p>\n<p>P\u00e5 det tidspunkt spillede Elin ogs\u00e5 folkemusik med nogle af sine klassekammerater \u2013 \u00cdvar B\u00e6rentsen, guitar og Bergur Hansen, fl\u00f8jte \u2013 selv sang hun og spillede klaver. Hun begyndte ogs\u00e5 at komponere sin egen musik, mest traditionel folkemusik, som var oppe i tiden p\u00e5 det tidspunkt, med inspiration fra jazz og blues. De tre optr\u00e5dte ogs\u00e5 sammen i jazzklubben \u2013 og andre steder.<\/p>\n<p><em>Her synger Elin med Bergur p\u00e5 fl\u00f8jte og \u00cdvar p\u00e5 guitar:<\/em><\/p>\n<p style=\"text-align: center;\"><img loading=\"lazy\" decoding=\"async\" class=\"alignnone wp-image-91\" src=\"http:\/\/heinesen.fo\/wp-content\/uploads\/2023\/08\/Bergur_Elin_Ivar_1977.jpg\" alt=\"\" width=\"700\" height=\"487\" srcset=\"https:\/\/heinesen.fo\/wp-content\/uploads\/2023\/08\/Bergur_Elin_Ivar_1977.jpg 960w, https:\/\/heinesen.fo\/wp-content\/uploads\/2023\/08\/Bergur_Elin_Ivar_1977-300x209.jpg 300w, https:\/\/heinesen.fo\/wp-content\/uploads\/2023\/08\/Bergur_Elin_Ivar_1977-768x534.jpg 768w\" sizes=\"auto, (max-width: 700px) 100vw, 700px\" \/><\/p>\n<h3>F\u00d8RSTE JAZZPLADE NOGENSINDE OPTAGET P\u00c5 F\u00c6R\u00d8ERNE<\/h3>\n<p>Elin medvirkede i 1977 p\u00e5 det f\u00f8rste jazz-album nogensinde lavet p\u00e5 F\u00e6r\u00f8erne \u201cJazz \u00ed F\u00f8royum 1\u201d (TUTL HJF 1) p\u00e5 nummeret \u201cHundasj\u00faku blues\u201d (T\u00f8mmerm\u00e6ndsblues) komponeret af Kristian Blak og Elin&#8217;s gymnasieklasse i f\u00e6llesskab. Det er en af de sange, der har holdt sig l\u00e6ngst nogensinde p\u00e5 Top 15 hitlisten p\u00e5 F\u00e6r\u00f8erne (ca. 20 uger). Albummet blev indspillet i den legendariske f\u00e6r\u00f8ske musikproducer Milson Zachariassens studie i hans k\u00e6lder.<\/p>\n<p style=\"text-align: center;\"><img loading=\"lazy\" decoding=\"async\" class=\"alignnone wp-image-3143\" src=\"https:\/\/heinesen.fo\/wp-content\/uploads\/2023\/10\/HJF002-Jazz-i-Foroyum.jpg\" alt=\"\" width=\"300\" height=\"300\" srcset=\"https:\/\/heinesen.fo\/wp-content\/uploads\/2023\/10\/HJF002-Jazz-i-Foroyum.jpg 259w, https:\/\/heinesen.fo\/wp-content\/uploads\/2023\/10\/HJF002-Jazz-i-Foroyum-150x150.jpg 150w\" sizes=\"auto, (max-width: 300px) 100vw, 300px\" \/><\/p>\n<p>Samme \u00e5r (1977) medvirkede Elin p\u00e5 en b\u00f8rneplade \u201dNu ska\u2019 vi u \u00e5 sejle\u201d [TUTL HJF 3] 1977 med bandet Kr\u00e6klingar og andre, med musik lavet af Kristian Blak. Hun sang Girafsangen (&#8220;Girafsangen&#8221;).<\/p>\n<p style=\"text-align: center;\"><img loading=\"lazy\" decoding=\"async\" class=\"alignnone size-medium wp-image-335\" src=\"http:\/\/heinesen.fo\/wp-content\/uploads\/2023\/08\/Kristian-Blak-Nu-ska-vi-u-a-sejle-HJF003-300x300.jpg\" alt=\"\" width=\"300\" height=\"300\" srcset=\"https:\/\/heinesen.fo\/wp-content\/uploads\/2023\/08\/Kristian-Blak-Nu-ska-vi-u-a-sejle-HJF003-300x300.jpg 300w, https:\/\/heinesen.fo\/wp-content\/uploads\/2023\/08\/Kristian-Blak-Nu-ska-vi-u-a-sejle-HJF003-150x150.jpg 150w, https:\/\/heinesen.fo\/wp-content\/uploads\/2023\/08\/Kristian-Blak-Nu-ska-vi-u-a-sejle-HJF003-768x768.jpg 768w, https:\/\/heinesen.fo\/wp-content\/uploads\/2023\/08\/Kristian-Blak-Nu-ska-vi-u-a-sejle-HJF003.jpg 800w\" sizes=\"auto, (max-width: 300px) 100vw, 300px\" \/><\/p>\n<h3>P\u00c5 KONCERT TOUR I SKOTLAND, ORKNEY\u00d8ERNE OG SHETLAND<\/h3>\n<p>I sommeren 1977 tog Elin p\u00e5 turn\u00e9 i Skotland, Orkney\u00f8erne og Shetland, hvor hun var en del af en gruppe f\u00e6r\u00f8ske folkedansere og et folk band. Hun optr\u00e5dte ogs\u00e5 selv p\u00e5 scenen med guitarist \u00cdvar B\u00e6rentsen og bassist Kolbein Simonsen og sang nogle af sine egne sange og nogle af \u00cdvar B\u00e6rentsens sange. Koncerterne var popul\u00e6re is\u00e6r p\u00e5 Orkney og Shetland, hvor alle billetter var udsolgt til alle koncerterne.<\/p>\n<p><em>Her optr\u00e6der Elin med \u00cdvar B\u00e6rentsen p\u00e5 guitar og Kolbein Simonsen p\u00e5 bas I Shetland:<\/em><\/p>\n<p style=\"text-align: center;\"><img loading=\"lazy\" decoding=\"async\" class=\"alignnone wp-image-164\" src=\"http:\/\/heinesen.fo\/wp-content\/uploads\/2023\/08\/Tourne77Elin_Orkney2-1024x728.jpg\" alt=\"\" width=\"700\" height=\"498\" srcset=\"https:\/\/heinesen.fo\/wp-content\/uploads\/2023\/08\/Tourne77Elin_Orkney2-1024x728.jpg 1024w, https:\/\/heinesen.fo\/wp-content\/uploads\/2023\/08\/Tourne77Elin_Orkney2-300x213.jpg 300w, https:\/\/heinesen.fo\/wp-content\/uploads\/2023\/08\/Tourne77Elin_Orkney2-768x546.jpg 768w, https:\/\/heinesen.fo\/wp-content\/uploads\/2023\/08\/Tourne77Elin_Orkney2-1536x1093.jpg 1536w, https:\/\/heinesen.fo\/wp-content\/uploads\/2023\/08\/Tourne77Elin_Orkney2-2048x1457.jpg 2048w, https:\/\/heinesen.fo\/wp-content\/uploads\/2023\/08\/Tourne77Elin_Orkney2-1300x925.jpg 1300w\" sizes=\"auto, (max-width: 700px) 100vw, 700px\" \/><\/p>\n<p style=\"text-align: left;\"><img loading=\"lazy\" decoding=\"async\" class=\"aligncenter wp-image-162\" src=\"http:\/\/heinesen.fo\/wp-content\/uploads\/2023\/08\/Tourne77_KolbeinIvarElin-1024x731-1.jpg\" alt=\"\" width=\"700\" height=\"500\" srcset=\"https:\/\/heinesen.fo\/wp-content\/uploads\/2023\/08\/Tourne77_KolbeinIvarElin-1024x731-1.jpg 1024w, https:\/\/heinesen.fo\/wp-content\/uploads\/2023\/08\/Tourne77_KolbeinIvarElin-1024x731-1-300x214.jpg 300w, https:\/\/heinesen.fo\/wp-content\/uploads\/2023\/08\/Tourne77_KolbeinIvarElin-1024x731-1-768x548.jpg 768w\" sizes=\"auto, (max-width: 700px) 100vw, 700px\" \/><\/p>\n<h3>MUSICAL \/ TEATER: &#8220;L\u00cdV OG LEIKUR \u00cd FIMTI \u00c1R&#8221;<\/h3>\n<p>I 1976 var Elin en af skuespillerne p\u00e5 scenen i musicalen &#8220;L\u00edv og spil \u00ed fimti \u00e1r&#8221; (Liv og leg i 50 \u00e5r).<\/p>\n<p><em>Her er alle skuespillerne p\u00e5 scenen i teatret Sj\u00f3nleikarh\u00fasi\u00f0 \u2013 Elin er nr. 3 fra venstre i forreste r\u00e6kke:<\/em><\/p>\n<p><img loading=\"lazy\" decoding=\"async\" class=\"wp-image-72 aligncenter\" style=\"font-size: 1em; text-align: center;\" src=\"http:\/\/heinesen.fo\/wp-content\/uploads\/2023\/08\/1976-Liv-og-leikur-i-fimti-ar-1024x709-1.jpg\" alt=\"\" width=\"720\" height=\"499\" srcset=\"https:\/\/heinesen.fo\/wp-content\/uploads\/2023\/08\/1976-Liv-og-leikur-i-fimti-ar-1024x709-1.jpg 1024w, https:\/\/heinesen.fo\/wp-content\/uploads\/2023\/08\/1976-Liv-og-leikur-i-fimti-ar-1024x709-1-300x208.jpg 300w, https:\/\/heinesen.fo\/wp-content\/uploads\/2023\/08\/1976-Liv-og-leikur-i-fimti-ar-1024x709-1-768x532.jpg 768w\" sizes=\"auto, (max-width: 720px) 100vw, 720px\" \/><\/p>\n<p><em>Her har Elin sin f\u00f8rste solooptr\u00e6den p\u00e5 scenen, hvor hun sang egne sange, i slutningen af halvfjerdserne ved den internationale kvindedag:<\/em><\/p>\n<p style=\"text-align: center;\"><img loading=\"lazy\" decoding=\"async\" class=\"alignnone wp-image-97\" src=\"http:\/\/heinesen.fo\/wp-content\/uploads\/2023\/08\/Elin_8mars1979-733x1024.jpg\" alt=\"\" width=\"700\" height=\"978\" srcset=\"https:\/\/heinesen.fo\/wp-content\/uploads\/2023\/08\/Elin_8mars1979-733x1024.jpg 733w, https:\/\/heinesen.fo\/wp-content\/uploads\/2023\/08\/Elin_8mars1979-215x300.jpg 215w, https:\/\/heinesen.fo\/wp-content\/uploads\/2023\/08\/Elin_8mars1979.jpg 744w\" sizes=\"auto, (max-width: 700px) 100vw, 700px\" \/><\/p>\n<p style=\"text-align: center;\">\n<hr \/>\n<p>Videre til <a href=\"https:\/\/heinesen.fo\/index.php\/tonleikayrkisleid\/1980-1990\/\">1980-1990<\/a><\/p>\n<h2><\/h2>\n","protected":false},"excerpt":{"rendered":"<p>ELIN &#8211; EN ROCK CHICK I HENDES TEENAGE \u00c5R Elin lyttede til meget musik i sine f\u00f8rste teenage\u00e5r, mest rockmusik, men hun blev hovedkulds forelsket i \u00e9t bestemt band &#8211; Uriah Heep, og blev en stor fan af dem. Hun beundrede is\u00e6r hjernen bag mange af Uriah Heeps kompositioner &#8211; Ken Hensley, hvis soloalbum hun&hellip;<\/p>\n","protected":false},"author":1,"featured_media":1481,"parent":1906,"menu_order":2,"comment_status":"closed","ping_status":"closed","template":"","meta":{"footnotes":""},"class_list":["post-1912","page","type-page","status-publish","format-standard","has-post-thumbnail","hentry"],"_links":{"self":[{"href":"https:\/\/heinesen.fo\/da\/index.php\/wp-json\/wp\/v2\/pages\/1912","targetHints":{"allow":["GET"]}}],"collection":[{"href":"https:\/\/heinesen.fo\/da\/index.php\/wp-json\/wp\/v2\/pages"}],"about":[{"href":"https:\/\/heinesen.fo\/da\/index.php\/wp-json\/wp\/v2\/types\/page"}],"author":[{"embeddable":true,"href":"https:\/\/heinesen.fo\/da\/index.php\/wp-json\/wp\/v2\/users\/1"}],"replies":[{"embeddable":true,"href":"https:\/\/heinesen.fo\/da\/index.php\/wp-json\/wp\/v2\/comments?post=1912"}],"version-history":[{"count":12,"href":"https:\/\/heinesen.fo\/da\/index.php\/wp-json\/wp\/v2\/pages\/1912\/revisions"}],"predecessor-version":[{"id":3585,"href":"https:\/\/heinesen.fo\/da\/index.php\/wp-json\/wp\/v2\/pages\/1912\/revisions\/3585"}],"up":[{"embeddable":true,"href":"https:\/\/heinesen.fo\/da\/index.php\/wp-json\/wp\/v2\/pages\/1906"}],"wp:featuredmedia":[{"embeddable":true,"href":"https:\/\/heinesen.fo\/da\/index.php\/wp-json\/wp\/v2\/media\/1481"}],"wp:attachment":[{"href":"https:\/\/heinesen.fo\/da\/index.php\/wp-json\/wp\/v2\/media?parent=1912"}],"curies":[{"name":"wp","href":"https:\/\/api.w.org\/{rel}","templated":true}]}}