{"id":1914,"date":"2023-08-31T10:59:16","date_gmt":"2023-08-31T09:59:16","guid":{"rendered":"https:\/\/heinesen.fo\/index.php\/biography\/1980-1990\/"},"modified":"2025-05-12T11:12:56","modified_gmt":"2025-05-12T10:12:56","slug":"1980-1990","status":"publish","type":"page","link":"https:\/\/heinesen.fo\/da\/index.php\/musikkarriere\/1980-1990\/","title":{"rendered":"1980 &#8211; 1990"},"content":{"rendered":"<h3>MUSICAL \/ TEATER: &#8220;SEYMISTOVAN&#8221;<\/h3>\n<p>I midten af firserne boede Elin i \u00c5rhus i Danmark \u2013 for en kort stund sang og spillede hun keyboard i et rockband med br\u00f8drene Kaj &amp; Karl Anton Klein a.o. og deltog p\u00e5 en optagelse (udgivet som MC) med dem, kaldet SKOT (<a href=\"https:\/\/album.link\/i\/1554312093\" target=\"_blank\" rel=\"noopener\">https:\/\/album.link\/i\/1554312093<\/a>)<\/p>\n<p><em>Her er et foto fra en fest i \u00c5rhus \u2013 det f\u00f8rste med Kaj Klein p\u00e5 guitar og J\u00e1kup Thomsen p\u00e5 keyboard, og det andet med Karl Anton Klein p\u00e5 guitar, Emil ? p\u00e5 bas og Edvard Nyholm Debess p\u00e5 trommer, i 1983:<\/em><\/p>\n<p style=\"text-align: center;\"><img loading=\"lazy\" decoding=\"async\" class=\"alignnone size-full wp-image-159\" src=\"http:\/\/heinesen.fo\/wp-content\/uploads\/2023\/08\/Seymistovan_crew-1024x781-1.jpg\" alt=\"\" width=\"1024\" height=\"781\" srcset=\"https:\/\/heinesen.fo\/wp-content\/uploads\/2023\/08\/Seymistovan_crew-1024x781-1.jpg 1024w, https:\/\/heinesen.fo\/wp-content\/uploads\/2023\/08\/Seymistovan_crew-1024x781-1-300x229.jpg 300w, https:\/\/heinesen.fo\/wp-content\/uploads\/2023\/08\/Seymistovan_crew-1024x781-1-768x586.jpg 768w\" sizes=\"auto, (max-width: 1024px) 100vw, 1024px\" \/><\/p>\n<h3>MUSIKAKTIVITETER I \u00c5RHUS I FIRSERNE<\/h3>\n<p>I midten af firserne boede Elin i \u00c5rhus i Danmark \u2013 for en kort stund sang og spillede hun keyboard i et rockband med br\u00f8drene Kaj &amp; Karl Anton Klein a.o. og deltog p\u00e5 en optagelse (udgivet som MC) med dem, kaldet SKOT.<\/p>\n<p><em>Her er et foto fra en fest i \u00c5rhus \u2013 det f\u00f8rste med Kaj Klein p\u00e5 guitar og J\u00e1kup Thomsen p\u00e5 keyboard, og det andet med Karl Anton Klein p\u00e5 guitar, Emil ? p\u00e5 bas og Edvard Nyholm Debess p\u00e5 trommer, i 1983:<\/em><\/p>\n<p style=\"text-align: center;\"><img loading=\"lazy\" decoding=\"async\" class=\"alignnone size-large wp-image-139\" src=\"http:\/\/heinesen.fo\/wp-content\/uploads\/2023\/08\/KajKlein_JakupThomsen_1984-696x1024.jpg\" alt=\"\" width=\"696\" height=\"1024\" srcset=\"https:\/\/heinesen.fo\/wp-content\/uploads\/2023\/08\/KajKlein_JakupThomsen_1984-696x1024.jpg 696w, https:\/\/heinesen.fo\/wp-content\/uploads\/2023\/08\/KajKlein_JakupThomsen_1984-204x300.jpg 204w, https:\/\/heinesen.fo\/wp-content\/uploads\/2023\/08\/KajKlein_JakupThomsen_1984-768x1130.jpg 768w, https:\/\/heinesen.fo\/wp-content\/uploads\/2023\/08\/KajKlein_JakupThomsen_1984.jpg 1026w\" sizes=\"auto, (max-width: 696px) 100vw, 696px\" \/><\/p>\n<p style=\"text-align: center;\"><img loading=\"lazy\" decoding=\"async\" class=\"alignnone size-full wp-image-141\" src=\"http:\/\/heinesen.fo\/wp-content\/uploads\/2023\/08\/KarlAntonKlein_EdvardDebess_1984-1024x686-1.jpg\" alt=\"\" width=\"1024\" height=\"686\" srcset=\"https:\/\/heinesen.fo\/wp-content\/uploads\/2023\/08\/KarlAntonKlein_EdvardDebess_1984-1024x686-1.jpg 1024w, https:\/\/heinesen.fo\/wp-content\/uploads\/2023\/08\/KarlAntonKlein_EdvardDebess_1984-1024x686-1-300x201.jpg 300w, https:\/\/heinesen.fo\/wp-content\/uploads\/2023\/08\/KarlAntonKlein_EdvardDebess_1984-1024x686-1-768x515.jpg 768w\" sizes=\"auto, (max-width: 1024px) 100vw, 1024px\" \/><\/p>\n<p style=\"text-align: left;\">Elin dirigerede samtidig et lille f\u00e6r\u00f8sk kor i \u00c5rhus -og en lille a capella-kvartet en kort overgang.<\/p>\n<h3 style=\"text-align: left;\">ELIN BIDRAGEDE TIL FLERE ALBUM I 80&#8217;ERNE<\/h3>\n<p>I firserne deltog Elin som sangerinde (mest som backingkor) p\u00e5 adskillige musikalbumindspilninger med forskellige kunstnere. Hun sang st\u00f8ttekor p\u00e5 flere sange p\u00e5 albummet <a href=\"https:\/\/open.spotify.com\/album\/75l3b9dJa4XE4X4a6yO6Yn?si=N7G_nka8TY6eUkqeniHz2Q\" target=\"_blank\" rel=\"noopener\">SKOT af Kaj Klein<\/a>.<\/p>\n<p>Det mest kendte album er \u201cBl\u00e1tt\u201d af J\u00e1kup Marner Antoniussen, hvor hun \u2013 blandt andre sange \u2013 sang duet med J\u00e1kup Marner i hitsangen <a href=\"https:\/\/open.spotify.com\/track\/6rgvjJKDrenWYVglS7Bwpb?si=84da59c9d46a450b\" target=\"_blank\" rel=\"noopener\">\u201cT\u00fa og eg\u201d<\/a>.<\/p>\n<p>En anden duetsang blev ogs\u00e5 et hit p\u00e5 F\u00e6r\u00f8erne \u2013 \u201cMeg minnist eina mynd\u201d af Hans Andrias Djurhuus, som Elin sang sammen med J\u00f3gvan Telling.<\/p>\n<p>Hun sang ogs\u00e5 kor p\u00e5 hitsangen <a href=\"https:\/\/open.spotify.com\/track\/4veLxC71LeSh3I5rlX0n1D?si=6e6aea8f49b44966\" target=\"_blank\" rel=\"noopener\">\u201cL\u00edtli fuglur\u201d by Anfinn T. Hanse<\/a>.<\/p>\n<p>Elin har ogs\u00e5 sunget flere popul\u00e6re b\u00f8rnesange p\u00e5 den f\u00e6r\u00f8ske offentlige radio.<\/p>\n<p><a href=\"https:\/\/open.spotify.com\/track\/4veLxC71LeSh3I5rlX0n1D?si=6e6aea8f49b44966\" target=\"_blank\" rel=\"noopener\">\u201cL\u00edtli fuglur\u201d by Anfinn T. Hansen<\/a><\/p>\n<h3>TOMANDS POPBANDET NALJA<\/h3>\n<p>I 1984 m\u00f8dtes Elin og den f\u00e6r\u00f8ske komponist\/producer K\u00e1ri Jacobsen til en fest. Elin var 26 \u00e5r p\u00e5 det tidspunkt, og K\u00e1ri kun 16! Selvom der var ti \u00e5rs aldersforskel og de kom fra meget forskellige musikalske baggrunde, fandt de ud af, at deres kemi var perfekt.<\/p>\n<p><em>Her er et billede af Elin &amp; K\u00e1ri fra selve festen, da de m\u00f8dtes f\u00f8rste gang:<\/em><\/p>\n<p style=\"text-align: center;\"><img loading=\"lazy\" decoding=\"async\" class=\"alignnone size-full wp-image-113\" src=\"http:\/\/heinesen.fo\/wp-content\/uploads\/2023\/08\/Elin_og_Kari_1984.jpg\" alt=\"\" width=\"960\" height=\"641\" srcset=\"https:\/\/heinesen.fo\/wp-content\/uploads\/2023\/08\/Elin_og_Kari_1984.jpg 960w, https:\/\/heinesen.fo\/wp-content\/uploads\/2023\/08\/Elin_og_Kari_1984-300x200.jpg 300w, https:\/\/heinesen.fo\/wp-content\/uploads\/2023\/08\/Elin_og_Kari_1984-768x513.jpg 768w\" sizes=\"auto, (max-width: 960px) 100vw, 960px\" \/><\/p>\n<p>Kort efter dannede de et tomands popband \u201cElin &amp; K\u00e1ri\u201d, og i sommeren 1988 udgav de et album p\u00e5 musikkassette kaldet \u201cNALJA\u201d p\u00e5 F\u00e6r\u00f8erne. De skrev, komponerede og arrangerede selv al musikken, men den f\u00e6r\u00f8ske legendariske musikproducer, \u00d3li Poulsen, hjalp dem med at producere albummet. Der var 10 numre p\u00e5 albummet. 5 af K\u00e1ri Linderoth Jacobsen og 5 af Elin Brimheim Heinesen.<\/p>\n<p>Sangene p\u00e5 popalbummet &#8220;NALJA&#8221; var en slags reaktion mod al den politiske korrekthed i musik, som var meget almindelig p\u00e5 det tidspunkt. Elin har altid insisteret p\u00e5 at lave musik, det har en ret i sig selv \u2013 og ikke kun som et middel til at fremme noget andet&#8230; andet end sande f\u00f8lelser, uanset om det er gl\u00e6de og lykke eller sorg og fortvivlelse.<\/p>\n<p>Albummet &#8220;NALJA&#8221; var et popalbum, som p\u00e5 en m\u00e5de var typisk for firserne med sine Simmons trom<span style=\"font-size: 1em;\">mer og andre typiske lyde dengang. Det mindede derfor p\u00e5 mange m\u00e5der om andre popalbum fra dengang. MEN det var ogs\u00e5 ganske enest\u00e5ende p\u00e5 en meget &#8216;f\u00e6r\u00f8sk&#8217; m\u00e5de, og blev som s\u00e5dan meget popul\u00e6r. Sangene p\u00e5 albummet &#8211; der blev genudgivet p\u00e5 cd i 1998 &#8211; bliver stadig meget spillet i de f\u00e6r\u00f8ske radiokanaler.<\/span><\/p>\n<p><em>Her er et foto af Elin, \u00d3li og K\u00e1ri fra Bl\u00f8ndal-studiet i K\u00f8benhavn:<\/em><\/p>\n<p style=\"text-align: center;\"><img loading=\"lazy\" decoding=\"async\" class=\"alignnone size-full wp-image-258\" src=\"http:\/\/heinesen.fo\/wp-content\/uploads\/2023\/08\/Elin_og_Kari_og_OliPoulsen_i_BloendalStudio-2.jpg\" alt=\"\" width=\"900\" height=\"620\" srcset=\"https:\/\/heinesen.fo\/wp-content\/uploads\/2023\/08\/Elin_og_Kari_og_OliPoulsen_i_BloendalStudio-2.jpg 900w, https:\/\/heinesen.fo\/wp-content\/uploads\/2023\/08\/Elin_og_Kari_og_OliPoulsen_i_BloendalStudio-2-300x207.jpg 300w, https:\/\/heinesen.fo\/wp-content\/uploads\/2023\/08\/Elin_og_Kari_og_OliPoulsen_i_BloendalStudio-2-768x529.jpg 768w\" sizes=\"auto, (max-width: 900px) 100vw, 900px\" \/><\/p>\n<p style=\"text-align: left;\"><em>MC-coveret fra 1988:<\/em><\/p>\n<p style=\"text-align: center;\"><img loading=\"lazy\" decoding=\"async\" class=\"alignnone size-full wp-image-336\" src=\"http:\/\/heinesen.fo\/wp-content\/uploads\/2023\/08\/elin-heinesen-and-kari-jacobsen-nalja-Cover-Art.jpg\" alt=\"\" width=\"385\" height=\"600\" srcset=\"https:\/\/heinesen.fo\/wp-content\/uploads\/2023\/08\/elin-heinesen-and-kari-jacobsen-nalja-Cover-Art.jpg 385w, https:\/\/heinesen.fo\/wp-content\/uploads\/2023\/08\/elin-heinesen-and-kari-jacobsen-nalja-Cover-Art-193x300.jpg 193w\" sizes=\"auto, (max-width: 385px) 100vw, 385px\" \/><\/p>\n<p><em>Og her er et foto af Elin &amp; K\u00e1ri fra et fotoshoot skudt i 1988 i forbindelse med udgivelsen af deres album NALJA:<\/em><\/p>\n<p><img loading=\"lazy\" decoding=\"async\" class=\"size-full wp-image-261 aligncenter\" src=\"http:\/\/heinesen.fo\/wp-content\/uploads\/2023\/08\/Elin_og_Kari_plakat-2-1024x817-1.jpg\" alt=\"\" width=\"1024\" height=\"817\" srcset=\"https:\/\/heinesen.fo\/wp-content\/uploads\/2023\/08\/Elin_og_Kari_plakat-2-1024x817-1.jpg 1024w, https:\/\/heinesen.fo\/wp-content\/uploads\/2023\/08\/Elin_og_Kari_plakat-2-1024x817-1-300x239.jpg 300w, https:\/\/heinesen.fo\/wp-content\/uploads\/2023\/08\/Elin_og_Kari_plakat-2-1024x817-1-768x613.jpg 768w\" sizes=\"auto, (max-width: 1024px) 100vw, 1024px\" \/><\/p>\n<p>&nbsp;<\/p>\n<hr \/>\n<p>Videre til <a href=\"https:\/\/heinesen.fo\/index.php\/tonleikayrkisleid\/1990-2000\/\">1990-2000<\/a><\/p>\n","protected":false},"excerpt":{"rendered":"<p>MUSICAL \/ TEATER: &#8220;SEYMISTOVAN&#8221; I midten af firserne boede Elin i \u00c5rhus i Danmark \u2013 for en kort stund sang og spillede hun keyboard i et rockband med br\u00f8drene Kaj &amp; Karl Anton Klein a.o. og deltog p\u00e5 en optagelse (udgivet som MC) med dem, kaldet SKOT (https:\/\/album.link\/i\/1554312093) Her er et foto fra en fest&hellip;<\/p>\n","protected":false},"author":1,"featured_media":1481,"parent":1906,"menu_order":3,"comment_status":"closed","ping_status":"closed","template":"","meta":{"footnotes":""},"class_list":["post-1914","page","type-page","status-publish","format-standard","has-post-thumbnail","hentry"],"_links":{"self":[{"href":"https:\/\/heinesen.fo\/da\/index.php\/wp-json\/wp\/v2\/pages\/1914","targetHints":{"allow":["GET"]}}],"collection":[{"href":"https:\/\/heinesen.fo\/da\/index.php\/wp-json\/wp\/v2\/pages"}],"about":[{"href":"https:\/\/heinesen.fo\/da\/index.php\/wp-json\/wp\/v2\/types\/page"}],"author":[{"embeddable":true,"href":"https:\/\/heinesen.fo\/da\/index.php\/wp-json\/wp\/v2\/users\/1"}],"replies":[{"embeddable":true,"href":"https:\/\/heinesen.fo\/da\/index.php\/wp-json\/wp\/v2\/comments?post=1914"}],"version-history":[{"count":6,"href":"https:\/\/heinesen.fo\/da\/index.php\/wp-json\/wp\/v2\/pages\/1914\/revisions"}],"predecessor-version":[{"id":4108,"href":"https:\/\/heinesen.fo\/da\/index.php\/wp-json\/wp\/v2\/pages\/1914\/revisions\/4108"}],"up":[{"embeddable":true,"href":"https:\/\/heinesen.fo\/da\/index.php\/wp-json\/wp\/v2\/pages\/1906"}],"wp:featuredmedia":[{"embeddable":true,"href":"https:\/\/heinesen.fo\/da\/index.php\/wp-json\/wp\/v2\/media\/1481"}],"wp:attachment":[{"href":"https:\/\/heinesen.fo\/da\/index.php\/wp-json\/wp\/v2\/media?parent=1914"}],"curies":[{"name":"wp","href":"https:\/\/api.w.org\/{rel}","templated":true}]}}