{"id":1916,"date":"2023-08-31T11:00:21","date_gmt":"2023-08-31T10:00:21","guid":{"rendered":"https:\/\/heinesen.fo\/index.php\/biography\/1990-2000\/"},"modified":"2024-07-04T12:41:46","modified_gmt":"2024-07-04T11:41:46","slug":"1990-2000","status":"publish","type":"page","link":"https:\/\/heinesen.fo\/da\/index.php\/musikkarriere\/1990-2000\/","title":{"rendered":"1990 &#8211; 2000"},"content":{"rendered":"<h3>ELIN BLIVER MOR<\/h3>\n<p>Der skete ikke meget musikm\u00e6ssigt i Elins liv i 90\u2019erne. Hun fik en datter i 1990, hvilket tog meget af hendes tid og energi de f\u00f8lgende \u00e5r \u2013 som det selvf\u00f8lgelig skulle. Hun afsluttede sin universitetsuddannelse og fors\u00f8gte efterf\u00f8lgende at opbygge en arbejdskarriere inden for kommunikation og marketing for at hj\u00e6lpe med at fors\u00f8rge sin familie, s\u00e5 der var n\u00e6sten nul tid til en aktiv musikkarriere.<\/p>\n<p><em>Her er Elin lige efter at have f\u00f8dt sin datter, Helena Heinesen Rebensdorff (a.k.a. <a href=\"http:\/\/brimheim.com\" target=\"_blank\" rel=\"noopener\">BRIMHEIM<\/a>) den 12. februar i 1990:<\/em><\/p>\n<p><img loading=\"lazy\" decoding=\"async\" class=\"size-large wp-image-1375 aligncenter\" src=\"http:\/\/heinesen.fo\/wp-content\/uploads\/2023\/09\/1990_Elin_Helena_just-foedd-1024x690.jpg\" alt=\"\" width=\"1024\" height=\"690\" srcset=\"https:\/\/heinesen.fo\/wp-content\/uploads\/2023\/09\/1990_Elin_Helena_just-foedd-1024x690.jpg 1024w, https:\/\/heinesen.fo\/wp-content\/uploads\/2023\/09\/1990_Elin_Helena_just-foedd-300x202.jpg 300w, https:\/\/heinesen.fo\/wp-content\/uploads\/2023\/09\/1990_Elin_Helena_just-foedd-768x517.jpg 768w, https:\/\/heinesen.fo\/wp-content\/uploads\/2023\/09\/1990_Elin_Helena_just-foedd-1536x1034.jpg 1536w, https:\/\/heinesen.fo\/wp-content\/uploads\/2023\/09\/1990_Elin_Helena_just-foedd-2048x1379.jpg 2048w, https:\/\/heinesen.fo\/wp-content\/uploads\/2023\/09\/1990_Elin_Helena_just-foedd-1300x876.jpg 1300w\" sizes=\"auto, (max-width: 1024px) 100vw, 1024px\" \/><\/p>\n<h3>HVOR BLEV ELIN &amp; K\u00c1RI AF EFTER NALJA?<\/h3>\n<p>Elin &amp; K\u00e1ri havde planlagt at udgive et andet album i 1992 &#8220;NALJA II&#8221;, men p\u00e5 det tidspunkt blev F\u00e6r\u00f8erne ramt af en meget alvorlig \u00f8konomisk krise, som gjorde det umuligt at finansiere produktionen af et nyt album. Derefter fik de travlt med andre ting i deres liv og gik hver til sit.<\/p>\n<p>K\u00e1ri har haft en succesfuld karriere som musikkomponist og producer i Danmark, og er manden bag mange af jinglerne, trailersangene eller temasangene i popul\u00e6re tv-programmer p\u00e5 dansk tv, samt manden bag meget popul\u00e6re popacts \u2013 som f.eks. det f\u00e6r\u00f8ske pigepopband Popp Korn for nogle \u00e5r siden, og popbandet Faroe 5. Disse to gruppers album er nogle af de bedst s\u00e6lgende albums p\u00e5 F\u00e6r\u00f8erne i \u00e5rtusindets f\u00f8rste \u00e5rti.<\/p>\n<p>Efter at Elin i 1991 afsluttede sin \u2013 dengang \u2013 us\u00e6dvanlige universitetsuddannelse i \u00c6stetik og Kulturledelse, s\u00f8gte hun mere end 100 jobs p\u00e5 et \u00e5r. Hun var desperat efter et job, men arbejdsgiverne havde ingen viden om, hvad hendes uddannelse var, og hvad den kunne bruges til, s\u00e5 hun havde virkelig sv\u00e6rt ved at overbevise dem om sine f\u00e6rdigheder og kunne derfor ikke finde noget arbejde, der var relevant for hendes uddannelse.<\/p>\n<p>Men mens hun var hjemme p\u00e5 ferie p\u00e5 F\u00e6r\u00f8erne i sommeren 1992, fik hun endelig tilbudt job i SMS, indk\u00f8bscentret i T\u00f3rshavn, som marketingchef. Det var vigtigt for hende at f\u00e5 en brugbar jobtitel p\u00e5 sit CV for at kunne f\u00e5 et job i Danmark, s\u00e5 hun besluttede sig for at tage jobbet og blive p\u00e5 F\u00e6r\u00f8erne. Hun endte med at blive i n\u00e6sten et \u00e5r, p\u00e5 trods af at det desv\u00e6rre splittede familien i et stykke tid. Det bet\u00f8d, at hendes datter skulle rejse frem og tilbage mellem Danmark og F\u00e6r\u00f8erne og blive et par m\u00e5neder hos hver for\u00e6lder, hvilket langt fra var en ideel situation for familien.<\/p>\n<h3>MUSICAL \/ TEATER: GLATA\u00d0U SP\u00c6LIMENNINIR<\/h3>\n<p>Der var dog en undtagelse, hvad ang\u00e5r Elins n\u00e6sten ikke-eksisterende musikkarriere i halvfemserne. Elin optr\u00e5dte syngende p\u00e5 en teaterscene igen i 1993, hvor hun spillede en rolle i teaterstykket\/musicalen \u201cGlata\u00f0u Sp\u00e6limenninir\u201d (De fortabte spillem\u00e6nd) baseret p\u00e5 romanen af samme titel af den ber\u00f8mte f\u00e6r\u00f8ske forfatter William Heinesen. Det fandt sted i Nordens Hus i T\u00f3rshavn.<\/p>\n<p><em>Her ses Elin back stage. Hun spillede rollen som &#8220;Sorte Mira&#8221;:<\/em><\/p>\n<p style=\"text-align: center;\"><img loading=\"lazy\" decoding=\"async\" class=\"alignnone size-medium wp-image-1250\" src=\"http:\/\/heinesen.fo\/wp-content\/uploads\/2023\/08\/1993_GlataduSpaelimenninir1-226x300.jpg\" alt=\"\" width=\"226\" height=\"300\" srcset=\"https:\/\/heinesen.fo\/wp-content\/uploads\/2023\/08\/1993_GlataduSpaelimenninir1-226x300.jpg 226w, https:\/\/heinesen.fo\/wp-content\/uploads\/2023\/08\/1993_GlataduSpaelimenninir1-771x1024.jpg 771w, https:\/\/heinesen.fo\/wp-content\/uploads\/2023\/08\/1993_GlataduSpaelimenninir1-768x1020.jpg 768w, https:\/\/heinesen.fo\/wp-content\/uploads\/2023\/08\/1993_GlataduSpaelimenninir1-1156x1536.jpg 1156w, https:\/\/heinesen.fo\/wp-content\/uploads\/2023\/08\/1993_GlataduSpaelimenninir1-1542x2048.jpg 1542w, https:\/\/heinesen.fo\/wp-content\/uploads\/2023\/08\/1993_GlataduSpaelimenninir1-1300x1727.jpg 1300w, https:\/\/heinesen.fo\/wp-content\/uploads\/2023\/08\/1993_GlataduSpaelimenninir1.jpg 1586w\" sizes=\"auto, (max-width: 226px) 100vw, 226px\" \/>\u00a0 \u00a0 \u00a0<img loading=\"lazy\" decoding=\"async\" class=\"alignnone size-medium wp-image-1253\" src=\"http:\/\/heinesen.fo\/wp-content\/uploads\/2023\/08\/1993_GlataduSpaelimenninir2-199x300.jpg\" alt=\"\" width=\"199\" height=\"300\" srcset=\"https:\/\/heinesen.fo\/wp-content\/uploads\/2023\/08\/1993_GlataduSpaelimenninir2-199x300.jpg 199w, https:\/\/heinesen.fo\/wp-content\/uploads\/2023\/08\/1993_GlataduSpaelimenninir2-680x1024.jpg 680w, https:\/\/heinesen.fo\/wp-content\/uploads\/2023\/08\/1993_GlataduSpaelimenninir2-768x1157.jpg 768w, https:\/\/heinesen.fo\/wp-content\/uploads\/2023\/08\/1993_GlataduSpaelimenninir2-1020x1536.jpg 1020w, https:\/\/heinesen.fo\/wp-content\/uploads\/2023\/08\/1993_GlataduSpaelimenninir2-1360x2048.jpg 1360w, https:\/\/heinesen.fo\/wp-content\/uploads\/2023\/08\/1993_GlataduSpaelimenninir2-1300x1958.jpg 1300w, https:\/\/heinesen.fo\/wp-content\/uploads\/2023\/08\/1993_GlataduSpaelimenninir2.jpg 1655w\" sizes=\"auto, (max-width: 199px) 100vw, 199px\" \/><\/p>\n<p style=\"text-align: center;\"><img loading=\"lazy\" decoding=\"async\" class=\"alignnone size-medium wp-image-1256\" src=\"http:\/\/heinesen.fo\/wp-content\/uploads\/2023\/08\/1993_GlataduSpaelimenninir3-218x300.jpg\" alt=\"\" width=\"218\" height=\"300\" srcset=\"https:\/\/heinesen.fo\/wp-content\/uploads\/2023\/08\/1993_GlataduSpaelimenninir3-218x300.jpg 218w, https:\/\/heinesen.fo\/wp-content\/uploads\/2023\/08\/1993_GlataduSpaelimenninir3-744x1024.jpg 744w, https:\/\/heinesen.fo\/wp-content\/uploads\/2023\/08\/1993_GlataduSpaelimenninir3-768x1056.jpg 768w, https:\/\/heinesen.fo\/wp-content\/uploads\/2023\/08\/1993_GlataduSpaelimenninir3-1117x1536.jpg 1117w, https:\/\/heinesen.fo\/wp-content\/uploads\/2023\/08\/1993_GlataduSpaelimenninir3-1489x2048.jpg 1489w, https:\/\/heinesen.fo\/wp-content\/uploads\/2023\/08\/1993_GlataduSpaelimenninir3-1300x1788.jpg 1300w, https:\/\/heinesen.fo\/wp-content\/uploads\/2023\/08\/1993_GlataduSpaelimenninir3.jpg 1774w\" sizes=\"auto, (max-width: 218px) 100vw, 218px\" \/> <img loading=\"lazy\" decoding=\"async\" class=\"alignnone size-medium wp-image-1259\" src=\"http:\/\/heinesen.fo\/wp-content\/uploads\/2023\/08\/1993_GlataduSpaelimenninir4-221x300.jpg\" alt=\"\" width=\"221\" height=\"300\" srcset=\"https:\/\/heinesen.fo\/wp-content\/uploads\/2023\/08\/1993_GlataduSpaelimenninir4-221x300.jpg 221w, https:\/\/heinesen.fo\/wp-content\/uploads\/2023\/08\/1993_GlataduSpaelimenninir4-756x1024.jpg 756w, https:\/\/heinesen.fo\/wp-content\/uploads\/2023\/08\/1993_GlataduSpaelimenninir4-768x1040.jpg 768w, https:\/\/heinesen.fo\/wp-content\/uploads\/2023\/08\/1993_GlataduSpaelimenninir4-1134x1536.jpg 1134w, https:\/\/heinesen.fo\/wp-content\/uploads\/2023\/08\/1993_GlataduSpaelimenninir4-1512x2048.jpg 1512w, https:\/\/heinesen.fo\/wp-content\/uploads\/2023\/08\/1993_GlataduSpaelimenninir4-1300x1761.jpg 1300w, https:\/\/heinesen.fo\/wp-content\/uploads\/2023\/08\/1993_GlataduSpaelimenninir4.jpg 1539w\" sizes=\"auto, (max-width: 221px) 100vw, 221px\" \/><\/p>\n<p>P\u00e5 det tidspunkt var stykket den st\u00f8rste teaterbegivenhed opf\u00f8rt p\u00e5 F\u00e6r\u00f8erne i historien med mere end 100 mennesker involveret p\u00e5 og bag scenen. Det var ogs\u00e5 en stor succes. De spillede for fuldt hus 19 gange i tr\u00e6k i maj m\u00e5ned 1993 og kunne have spillet mange flere gange, men Nordens Hus havde andre arrangementer p\u00e5 programmet, s\u00e5 det var ikke muligt at forl\u00e6nge perioden, fordi det ville have karaboleret med de andre events.<\/p>\n<h3>TILBAGE I DANMARK<\/h3>\n<p>Efter at den f\u00f8romtalte k\u00e6mpe \u00f8konomiske krise ramte F\u00e6r\u00f8erne, tog Elin i sommeren 1993 tilbage til Danmark, hvor hun fik job som marketingchef i et gammelt teater i K\u00f8benhavn, Folketeateret. Og s\u00e5 kunne hun forts\u00e6tte sit liv i byen,<\/p>\n<p><em>Her er Elin og kernefamilien i 1995 uden for deres hjem i det centrale K\u00f8benhavn:<\/em><\/p>\n<p><img loading=\"lazy\" decoding=\"async\" class=\"alignnone size-full wp-image-1377\" src=\"http:\/\/heinesen.fo\/wp-content\/uploads\/2023\/09\/1995_Jens_Helena_Elin.jpg\" alt=\"\" width=\"1473\" height=\"1993\" srcset=\"https:\/\/heinesen.fo\/wp-content\/uploads\/2023\/09\/1995_Jens_Helena_Elin.jpg 1473w, https:\/\/heinesen.fo\/wp-content\/uploads\/2023\/09\/1995_Jens_Helena_Elin-222x300.jpg 222w, https:\/\/heinesen.fo\/wp-content\/uploads\/2023\/09\/1995_Jens_Helena_Elin-757x1024.jpg 757w, https:\/\/heinesen.fo\/wp-content\/uploads\/2023\/09\/1995_Jens_Helena_Elin-768x1039.jpg 768w, https:\/\/heinesen.fo\/wp-content\/uploads\/2023\/09\/1995_Jens_Helena_Elin-1135x1536.jpg 1135w, https:\/\/heinesen.fo\/wp-content\/uploads\/2023\/09\/1995_Jens_Helena_Elin-1300x1759.jpg 1300w\" sizes=\"auto, (max-width: 1473px) 100vw, 1473px\" \/><\/p>\n<p>Desv\u00e6rre for deres datter holdt \u00e6gteskabet ikke. Elin og hendes mand blev separeret i 1997 og blev skilt i 1998.<\/p>\n<h3>GENUDGIVELSE AF NALJA<\/h3>\n<p>Samme \u00e5r skete der trods alt noget i Elins musikkarriere. Efter mange henvendelser besluttede Elin &amp; K\u00e1ri at genudgive albummet NALJA p\u00e5 CD i sommeren 1998 som en fejring af 10 \u00e5rs jubil\u00e6et for albummet, udgivet af det f\u00e6r\u00f8ske pladeselskab, kaldet TUTL. P\u00e5 cd&#8217;en var alle de gamle numre + et bonusnummer &#8220;Heimlongsul&#8221;. En sang, som de har skabt sammen. K\u00e1ri komponerede musikken, og Elin skrev teksterne, som handlede om det, der l\u00e5 hende meget p\u00e5 sinde dengang \u2013 l\u00e6ngslen efter at vende hjem til sit hjemland.<\/p>\n<p>L\u00e6s mere <a href=\"https:\/\/heinesen.fo\/index.php\/published-music\/album-nalja\/\">HER.<\/a><\/p>\n<p><em>Her er det genudgivne NALJA album cd-cover, som Elin har designet:<\/em><\/p>\n<p><img loading=\"lazy\" decoding=\"async\" class=\"size-full wp-image-333 aligncenter\" src=\"http:\/\/heinesen.fo\/wp-content\/uploads\/2023\/08\/Elin-Kari-Nalja-HJF051.png\" alt=\"\" width=\"800\" height=\"803\" srcset=\"https:\/\/heinesen.fo\/wp-content\/uploads\/2023\/08\/Elin-Kari-Nalja-HJF051.png 800w, https:\/\/heinesen.fo\/wp-content\/uploads\/2023\/08\/Elin-Kari-Nalja-HJF051-300x300.png 300w, https:\/\/heinesen.fo\/wp-content\/uploads\/2023\/08\/Elin-Kari-Nalja-HJF051-150x150.png 150w, https:\/\/heinesen.fo\/wp-content\/uploads\/2023\/08\/Elin-Kari-Nalja-HJF051-768x771.png 768w\" sizes=\"auto, (max-width: 800px) 100vw, 800px\" \/><\/p>\n<p>&nbsp;<\/p>\n<hr \/>\n<p>Videre til <a href=\"https:\/\/heinesen.fo\/index.php\/tonleikayrkisleid\/2000-2010\/\">2000-2010<\/a><\/p>\n","protected":false},"excerpt":{"rendered":"<p>ELIN BLIVER MOR Der skete ikke meget musikm\u00e6ssigt i Elins liv i 90\u2019erne. Hun fik en datter i 1990, hvilket tog meget af hendes tid og energi de f\u00f8lgende \u00e5r \u2013 som det selvf\u00f8lgelig skulle. Hun afsluttede sin universitetsuddannelse og fors\u00f8gte efterf\u00f8lgende at opbygge en arbejdskarriere inden for kommunikation og marketing for at hj\u00e6lpe med&hellip;<\/p>\n","protected":false},"author":1,"featured_media":1481,"parent":1906,"menu_order":4,"comment_status":"closed","ping_status":"closed","template":"","meta":{"footnotes":""},"class_list":["post-1916","page","type-page","status-publish","format-standard","has-post-thumbnail","hentry"],"_links":{"self":[{"href":"https:\/\/heinesen.fo\/da\/index.php\/wp-json\/wp\/v2\/pages\/1916","targetHints":{"allow":["GET"]}}],"collection":[{"href":"https:\/\/heinesen.fo\/da\/index.php\/wp-json\/wp\/v2\/pages"}],"about":[{"href":"https:\/\/heinesen.fo\/da\/index.php\/wp-json\/wp\/v2\/types\/page"}],"author":[{"embeddable":true,"href":"https:\/\/heinesen.fo\/da\/index.php\/wp-json\/wp\/v2\/users\/1"}],"replies":[{"embeddable":true,"href":"https:\/\/heinesen.fo\/da\/index.php\/wp-json\/wp\/v2\/comments?post=1916"}],"version-history":[{"count":6,"href":"https:\/\/heinesen.fo\/da\/index.php\/wp-json\/wp\/v2\/pages\/1916\/revisions"}],"predecessor-version":[{"id":3787,"href":"https:\/\/heinesen.fo\/da\/index.php\/wp-json\/wp\/v2\/pages\/1916\/revisions\/3787"}],"up":[{"embeddable":true,"href":"https:\/\/heinesen.fo\/da\/index.php\/wp-json\/wp\/v2\/pages\/1906"}],"wp:featuredmedia":[{"embeddable":true,"href":"https:\/\/heinesen.fo\/da\/index.php\/wp-json\/wp\/v2\/media\/1481"}],"wp:attachment":[{"href":"https:\/\/heinesen.fo\/da\/index.php\/wp-json\/wp\/v2\/media?parent=1916"}],"curies":[{"name":"wp","href":"https:\/\/api.w.org\/{rel}","templated":true}]}}