{"id":1918,"date":"2023-09-02T00:08:28","date_gmt":"2023-09-01T23:08:28","guid":{"rendered":"https:\/\/heinesen.fo\/index.php\/biography\/2000-2010\/"},"modified":"2024-03-06T19:35:56","modified_gmt":"2024-03-06T19:35:56","slug":"2000-2010","status":"publish","type":"page","link":"https:\/\/heinesen.fo\/da\/index.php\/musikkarriere\/2000-2010\/","title":{"rendered":"2000 &#8211; 2010"},"content":{"rendered":"<h3>ELINS MEST POPUL\u00c6RE SANG I EN NY VERSION<\/h3>\n<p>&#8220;EITT D\u00ddPI AV D\u00ddRARI T\u00cd\u00d0&#8221; (p\u00e5 engelsk: &#8220;A Chasm of Precious Time&#8221;) er titlen p\u00e5 en af de mest popul\u00e6re sange p\u00e5 NALJA-albummet. Elin skrev og arrangerede musikken til sangen, og hendes far, den f\u00e6r\u00f8ske forfatter Jens Pauli Heinesen, skrev teksten.<\/p>\n<p>I 2002 blev sangen omarrangeret af den danske filmkomponist S\u00f8ren Hyldgaard og blev indspillet med City of Prague Philharmonic Orchestra under ledelse af Mario Klemens. Elin sang som solist bakket op af T\u00f3rshavnar Mansk\u00f3r (T\u00f3rshavns mandskor) under ledelse af Bjarni Restorff.<\/p>\n<p>Den nye indspilning af sangen blev brugt i en tv-dokumentar af Gulla \u00d8regaard om Elins far \u2013 forfatteren Jens Pauli Heinesen, og vist p\u00e5 f\u00e6r\u00f8sk offentligt tv i anledning af hans 70 \u00e5rs f\u00f8dselsdag.<\/p>\n<p>L\u00e6s mere <a href=\"https:\/\/heinesen.fo\/da\/index.php\/en-populaer-sang\/\">HER<\/a>.<\/p>\n<p>Lyt til den originale version af sangen fra 1988:<\/p>\n<audio class=\"wp-audio-shortcode\" id=\"audio-1918-1\" preload=\"none\" style=\"width: 100%;\" controls=\"controls\"><source type=\"audio\/mpeg\" src=\"http:\/\/heinesen.fo\/wp-content\/uploads\/2023\/08\/05-Eitt-Dypi-Av-Dyrari-Tid.mp3?_=1\" \/><a href=\"http:\/\/heinesen.fo\/wp-content\/uploads\/2023\/08\/05-Eitt-Dypi-Av-Dyrari-Tid.mp3\">http:\/\/heinesen.fo\/wp-content\/uploads\/2023\/08\/05-Eitt-Dypi-Av-Dyrari-Tid.mp3<\/a><\/audio>\n<p>Lyt til den symfoniske version af sangen fra 2002:<\/p>\n<audio class=\"wp-audio-shortcode\" id=\"audio-1918-2\" preload=\"none\" style=\"width: 100%;\" controls=\"controls\"><source type=\"audio\/mpeg\" src=\"http:\/\/heinesen.fo\/wp-content\/uploads\/2023\/08\/Eitt_dypi_av_dyrari_tid.mp3?_=2\" \/><a href=\"http:\/\/heinesen.fo\/wp-content\/uploads\/2023\/08\/Eitt_dypi_av_dyrari_tid.mp3\">http:\/\/heinesen.fo\/wp-content\/uploads\/2023\/08\/Eitt_dypi_av_dyrari_tid.mp3<\/a><\/audio>\n<h3>ELINS MUSICAL COME-BACK<\/h3>\n<p>I n\u00e6sten 20 \u00e5r optr\u00e5dte Elin ikke meget som musiker offentligt \u2013 ikke siden begyndelsen af halvfemserne. Hun blev mor i 1990, og i lang tid havde hun en travl karriere i Danmark inden for kulturadministration, marketing og journalistik \u2013 s\u00e5 hun havde heller ikke tid til at forf\u00f8lge en musikalsk karriere.<\/p>\n<p>Men i 2005 gik hun endelig i studiet for at indspille otte sange sammen med sin onkel Svenn Brimheim, som var en kendt guitarist p\u00e5 F\u00e6r\u00f8erne, og med bandet han spillede i, Ad Libitum, som var et meget popul\u00e6rt easy listening folk band p\u00e5 F\u00e6r\u00f8erne, der mest spillede klassiske evergreens. De havde planer om at indspille en r\u00e6kke andre sange senere, og albummet var beregnet til at blive udgivet i 2006, men Svenn d\u00f8de desv\u00e6rre i for\u00e5ret 2006, inden de kunne lave resten af indspilningerne. Senere \u2013 i 2007 \u2013 gik Elin i studiet med resten af bandet for at indspille de syv resterende sange.<\/p>\n<p>Albummet fik titlen &#8220;Yndisl\u00f8g \u2013 Ein fer\u00f0 aftur \u00ed farnar t\u00ed\u00f0ir&#8221; (Yndlingssange &#8211; en rejse tilbage til forgangne tider) og indeholder 15 af hendes, hendes onkels og mors yndlingssange, de fleste evergreens fra tresserne, oversat til f\u00e6r\u00f8sk af Elin selv og andre. Otte af sangene blev indspillet live i et studie p\u00e5 den f\u00e6r\u00f8ske offentlige radiostation i september 2005 med Svenn og Ad Libitum. De resterende syv numre blev indspillet med bandet \u2013 dog uden Svenn &#8211; i det samme studie.<\/p>\n<p>Men det tog lang tid for albummet at blive udgivet p\u00e5 grund af nogle problemer med ophavsret. Mere info om det<span style=\"font-size: 1em;\">\u00a0<\/span><a style=\"font-size: 1em;\" href=\"https:\/\/heinesen.fo\/da\/index.php\/udgivet-musik\/album-yndisloeg-treasured-songs\/\">HER<\/a><span style=\"font-size: 1em;\">.<\/span><\/p>\n<h3>BILLEDER FRA KONCERTER 2007-2010<\/h3>\n<p>Her er nogle billeder fra forskellige optr\u00e6dener:<\/p>\n<p>Here are some photos from different performances:<\/p>\n<p><em>Elin med Ad Libitum i 2007 \u2013 Jul i Mi\u00f0lah\u00fasi\u00f0 \/ Sosialurin i T\u00f3rshavn:<\/em><\/p>\n<p style=\"text-align: center;\"><img loading=\"lazy\" decoding=\"async\" class=\"alignnone size-full wp-image-88\" src=\"http:\/\/heinesen.fo\/wp-content\/uploads\/2023\/08\/Ad_Libitum_og_Elin_Sosialurin_jolakonsert2007.jpg\" alt=\"\" width=\"400\" height=\"279\" srcset=\"https:\/\/heinesen.fo\/wp-content\/uploads\/2023\/08\/Ad_Libitum_og_Elin_Sosialurin_jolakonsert2007.jpg 400w, https:\/\/heinesen.fo\/wp-content\/uploads\/2023\/08\/Ad_Libitum_og_Elin_Sosialurin_jolakonsert2007-300x209.jpg 300w\" sizes=\"auto, (max-width: 400px) 100vw, 400px\" \/><\/p>\n<p><em>Elin med Ad Libitum i 2008 \u2013 Koncert i Mi\u00f0lah\u00fasi\u00f0, da avisen Sosialurin havde 80 \u00e5rs f\u00f8dselsdag:<\/em><\/p>\n<p style=\"text-align: center;\"><img loading=\"lazy\" decoding=\"async\" class=\"alignnone size-full wp-image-86\" src=\"http:\/\/heinesen.fo\/wp-content\/uploads\/2023\/08\/Ad_Libitum_og_Elin_Sosialurin_80ar_juli2008.jpg\" alt=\"\" width=\"450\" height=\"338\" srcset=\"https:\/\/heinesen.fo\/wp-content\/uploads\/2023\/08\/Ad_Libitum_og_Elin_Sosialurin_80ar_juli2008.jpg 450w, https:\/\/heinesen.fo\/wp-content\/uploads\/2023\/08\/Ad_Libitum_og_Elin_Sosialurin_80ar_juli2008-300x225.jpg 300w\" sizes=\"auto, (max-width: 450px) 100vw, 450px\" \/><\/p>\n<p><em>Elin spiller sammen med Jens Marni Hansen til en vens 50 \u00e5rs f\u00f8dselsdag i 2008:<\/em><\/p>\n<p style=\"text-align: center;\"><img loading=\"lazy\" decoding=\"async\" class=\"alignnone size-full wp-image-148\" src=\"http:\/\/heinesen.fo\/wp-content\/uploads\/2023\/08\/n1463510092_38243_7552.jpg\" alt=\"\" width=\"604\" height=\"453\" srcset=\"https:\/\/heinesen.fo\/wp-content\/uploads\/2023\/08\/n1463510092_38243_7552.jpg 604w, https:\/\/heinesen.fo\/wp-content\/uploads\/2023\/08\/n1463510092_38243_7552-300x225.jpg 300w\" sizes=\"auto, (max-width: 604px) 100vw, 604px\" \/><\/p>\n<p><em>Og her er deres optr\u00e6den til den samme fest:<\/em><\/p>\n<p style=\"text-align: center;\"><iframe loading=\"lazy\" src=\"https:\/\/www.youtube.com\/embed\/lZGfI3_hLhg?start=36\" width=\"640\" height=\"360\" frameborder=\"0\" allowfullscreen=\"allowfullscreen\" data-mce-fragment=\"1\"><span data-mce-type=\"bookmark\" style=\"display: inline-block; width: 0px; overflow: hidden; line-height: 0;\" class=\"mce_SELRES_start\">\ufeff<\/span><\/iframe><\/p>\n<p><em>Elin spiller sammen med Benjamin Petersen (S\u00f8n of Fortune) i T\u00f8ting i G\u00f8ta i 2009:<\/em><\/p>\n<p style=\"text-align: center;\"><img loading=\"lazy\" decoding=\"async\" class=\"alignnone size-full wp-image-79\" src=\"http:\/\/heinesen.fo\/wp-content\/uploads\/2023\/08\/227857_223158787698292_128611720486333_1022106_7528379_n.jpg\" alt=\"\" width=\"720\" height=\"405\" srcset=\"https:\/\/heinesen.fo\/wp-content\/uploads\/2023\/08\/227857_223158787698292_128611720486333_1022106_7528379_n.jpg 720w, https:\/\/heinesen.fo\/wp-content\/uploads\/2023\/08\/227857_223158787698292_128611720486333_1022106_7528379_n-300x169.jpg 300w\" sizes=\"auto, (max-width: 720px) 100vw, 720px\" \/><\/p>\n<p><img loading=\"lazy\" decoding=\"async\" class=\"size-full wp-image-81 aligncenter\" src=\"http:\/\/heinesen.fo\/wp-content\/uploads\/2023\/08\/229707_223158851031619_128611720486333_1022110_4536746_n.jpg\" alt=\"\" width=\"720\" height=\"405\" srcset=\"https:\/\/heinesen.fo\/wp-content\/uploads\/2023\/08\/229707_223158851031619_128611720486333_1022110_4536746_n.jpg 720w, https:\/\/heinesen.fo\/wp-content\/uploads\/2023\/08\/229707_223158851031619_128611720486333_1022110_4536746_n-300x169.jpg 300w\" sizes=\"auto, (max-width: 720px) 100vw, 720px\" \/><\/p>\n<p><em>Elin og Ad Libitum til Ment\u00f3n-koncert i Reinsar\u00edi\u00f0 sommeren 2010:<\/em><\/p>\n<p style=\"text-align: center;\"><img loading=\"lazy\" decoding=\"async\" class=\"alignnone size-large wp-image-146\" src=\"http:\/\/heinesen.fo\/wp-content\/uploads\/2023\/08\/menton2010_elin_b_heinesen_og_ad_libitum2-1024x764.jpg\" alt=\"\" width=\"1024\" height=\"764\" srcset=\"https:\/\/heinesen.fo\/wp-content\/uploads\/2023\/08\/menton2010_elin_b_heinesen_og_ad_libitum2-1024x764.jpg 1024w, https:\/\/heinesen.fo\/wp-content\/uploads\/2023\/08\/menton2010_elin_b_heinesen_og_ad_libitum2-300x224.jpg 300w, https:\/\/heinesen.fo\/wp-content\/uploads\/2023\/08\/menton2010_elin_b_heinesen_og_ad_libitum2-768x573.jpg 768w, https:\/\/heinesen.fo\/wp-content\/uploads\/2023\/08\/menton2010_elin_b_heinesen_og_ad_libitum2-1536x1145.jpg 1536w, https:\/\/heinesen.fo\/wp-content\/uploads\/2023\/08\/menton2010_elin_b_heinesen_og_ad_libitum2-1300x969.jpg 1300w, https:\/\/heinesen.fo\/wp-content\/uploads\/2023\/08\/menton2010_elin_b_heinesen_og_ad_libitum2.jpg 1600w\" sizes=\"auto, (max-width: 1024px) 100vw, 1024px\" \/><\/p>\n<p style=\"text-align: center;\">\u00a0<img loading=\"lazy\" decoding=\"async\" class=\"alignnone size-large wp-image-144\" src=\"http:\/\/heinesen.fo\/wp-content\/uploads\/2023\/08\/menton2010_elin_b_heinesen_og_ad_libitum-936x1024.jpg\" alt=\"\" width=\"936\" height=\"1024\" srcset=\"https:\/\/heinesen.fo\/wp-content\/uploads\/2023\/08\/menton2010_elin_b_heinesen_og_ad_libitum-936x1024.jpg 936w, https:\/\/heinesen.fo\/wp-content\/uploads\/2023\/08\/menton2010_elin_b_heinesen_og_ad_libitum-274x300.jpg 274w, https:\/\/heinesen.fo\/wp-content\/uploads\/2023\/08\/menton2010_elin_b_heinesen_og_ad_libitum-768x840.jpg 768w, https:\/\/heinesen.fo\/wp-content\/uploads\/2023\/08\/menton2010_elin_b_heinesen_og_ad_libitum-1404x1536.jpg 1404w, https:\/\/heinesen.fo\/wp-content\/uploads\/2023\/08\/menton2010_elin_b_heinesen_og_ad_libitum-1300x1422.jpg 1300w, https:\/\/heinesen.fo\/wp-content\/uploads\/2023\/08\/menton2010_elin_b_heinesen_og_ad_libitum.jpg 1463w\" sizes=\"auto, (max-width: 936px) 100vw, 936px\" \/><\/p>\n<hr \/>\n<p>Videre til <a href=\"https:\/\/heinesen.fo\/index.php\/tonleikayrkisleid\/2010-2020\/\">2010-2020<\/a><\/p>\n","protected":false},"excerpt":{"rendered":"<p>ELINS MEST POPUL\u00c6RE SANG I EN NY VERSION &#8220;EITT D\u00ddPI AV D\u00ddRARI T\u00cd\u00d0&#8221; (p\u00e5 engelsk: &#8220;A Chasm of Precious Time&#8221;) er titlen p\u00e5 en af de mest popul\u00e6re sange p\u00e5 NALJA-albummet. Elin skrev og arrangerede musikken til sangen, og hendes far, den f\u00e6r\u00f8ske forfatter Jens Pauli Heinesen, skrev teksten. I 2002 blev sangen omarrangeret af&hellip;<\/p>\n","protected":false},"author":1,"featured_media":1481,"parent":1906,"menu_order":5,"comment_status":"closed","ping_status":"closed","template":"","meta":{"footnotes":""},"class_list":["post-1918","page","type-page","status-publish","format-standard","has-post-thumbnail","hentry"],"_links":{"self":[{"href":"https:\/\/heinesen.fo\/da\/index.php\/wp-json\/wp\/v2\/pages\/1918","targetHints":{"allow":["GET"]}}],"collection":[{"href":"https:\/\/heinesen.fo\/da\/index.php\/wp-json\/wp\/v2\/pages"}],"about":[{"href":"https:\/\/heinesen.fo\/da\/index.php\/wp-json\/wp\/v2\/types\/page"}],"author":[{"embeddable":true,"href":"https:\/\/heinesen.fo\/da\/index.php\/wp-json\/wp\/v2\/users\/1"}],"replies":[{"embeddable":true,"href":"https:\/\/heinesen.fo\/da\/index.php\/wp-json\/wp\/v2\/comments?post=1918"}],"version-history":[{"count":4,"href":"https:\/\/heinesen.fo\/da\/index.php\/wp-json\/wp\/v2\/pages\/1918\/revisions"}],"predecessor-version":[{"id":3579,"href":"https:\/\/heinesen.fo\/da\/index.php\/wp-json\/wp\/v2\/pages\/1918\/revisions\/3579"}],"up":[{"embeddable":true,"href":"https:\/\/heinesen.fo\/da\/index.php\/wp-json\/wp\/v2\/pages\/1906"}],"wp:featuredmedia":[{"embeddable":true,"href":"https:\/\/heinesen.fo\/da\/index.php\/wp-json\/wp\/v2\/media\/1481"}],"wp:attachment":[{"href":"https:\/\/heinesen.fo\/da\/index.php\/wp-json\/wp\/v2\/media?parent=1918"}],"curies":[{"name":"wp","href":"https:\/\/api.w.org\/{rel}","templated":true}]}}