{"id":1928,"date":"2023-08-28T19:52:45","date_gmt":"2023-08-28T18:52:45","guid":{"rendered":"https:\/\/heinesen.fo\/index.php\/published-music\/"},"modified":"2023-10-30T11:46:45","modified_gmt":"2023-10-30T11:46:45","slug":"udgivet-musik","status":"publish","type":"page","link":"https:\/\/heinesen.fo\/da\/index.php\/udgivet-musik\/","title":{"rendered":"UDGIVET MUSIK"},"content":{"rendered":"<p>ELIN BRIMHEIM HEINESEN har udgivet fire albums &#8211; alene eller sammen med andre, foruden at hun har spillet en rolle i flere musikproduktioner, som andre har lavet.<\/p>\n<h3>ALBUMS<\/h3>\n<p>I 1988 udgav ELIN &amp; K\u00c1RI deres debutalbum <em>NALJA<\/em> &#8211; med fem ud af ti numre skrevet og komponeret af Elin og de andre fem af K\u00e1ri. Disse sange er blevet meget godt modtaget og popul\u00e6re p\u00e5 F\u00e6r\u00f8erne og f\u00e5r stadig en masse airplay i f\u00e6r\u00f8sk radio. Man kan med rette h\u00e6vde, at sangene er blevet klassikere.<br \/>\nF\u00e5 flere detaljer <a href=\"https:\/\/heinesen.fo\/da\/index.php\/udgivet-musik\/album-nalja\/\">HER<\/a>.<\/p>\n<p>I 2010 udgav Elin albummet <em>Yndisl\u00f8g &#8211; ein fer\u00f0 aftur \u00ed farnar t\u00ed\u00f0ir \/ Treasured songs &#8211; A Trip Down Memory Lane<\/em> sammen med det akustiske band Ad Libitum med 15 gamle evergreens, hvoraf de fleste blev oversat til f\u00e6r\u00f8sk af Elin. Albummet var en hyldest til hendes mor og onkel, som begge d\u00f8de af kr\u00e6ft.<br \/>\nF\u00e5 flere detaljer <a href=\"https:\/\/heinesen.fo\/da\/index.php\/udgivet-musik\/album-yndisloeg-treasured-songs\/\">HER<\/a>.<\/p>\n<p>I begyndelsen af 2018 tog Elin endelig i studiet for at indspille sit f\u00f8rste soloalbum \u2013 <em>Handan stj\u00f8rnurnar<\/em> (Hinsides stjernerne) udelukkende med hendes egen musik &#8211; 12 numre med kompositoner og tekster af Elin. Albummet udkom den 7. juli i 2018. Den dag holdt Elin en stor releasefest, som ogs\u00e5 var hendes f\u00f8dselsdagsfest. Hun fyldte 60 blot f\u00e5 dage tidligere.<br \/>\nF\u00e5 flere detaljer <a href=\"https:\/\/heinesen.fo\/da\/index.php\/udgivet-musik\/album-handan-stjoernurnar\/\">HER<\/a>.<\/p>\n<p>I november 2023 udgav Elin et album med 12 numre &#8211; seks sange med tekst p\u00e5 f\u00e6r\u00f8sk + de samme seks sange med tekst p\u00e5 engelsk. Albummet har f\u00e5et titlen <em>Eitt d\u00fdpi av d\u00fdrari \/ A Chasm of Precious Time<\/em> (Et dyb af dyrebar tid) efter den \u00e6ldste sang, som Elin har komponeret til et digt af sin far, forfatteren Jens Pauli Heinesen. Sangen er med p\u00e5 dette album i et opdateret mix. Elin har ogs\u00e5 komponeret de andre fem sange til digte af hendes far, som alle er arrangeret for symfoniorkester og kor af den italienske komponist Enzo De Rosa, mens den sjette sang, <em>Eitt d\u00fdpi av d\u00fdrari t\u00ed\u00f0,<\/em> er arrangeret af den danske filmkomponist S\u00f8ren Hyldgaard.<br \/>\nF\u00e5 flere detaljer <a href=\"https:\/\/heinesen.fo\/da\/index.php\/udgivet-musik\/album-eitt-dypi-av-dyrari-tid\/\">HER.<\/a><\/p>\n<h3>ANDRE UDGIVELSER<\/h3>\n<p>Se hele Elin Brimheim Heinesens diskografi <a href=\"https:\/\/heinesen.fo\/da\/index.php\/udgivet-musik\/diskografi\/\">HER<\/a>.<\/p>\n<h3>PLAYLISTE<\/h3>\n<p>Lyt til sange af eller med Elin Brimheim Heinesen:<br \/>\n<iframe loading=\"lazy\" style=\"border-radius: 12px;\" src=\"https:\/\/open.spotify.com\/embed\/playlist\/2wT1sSwBBKTu1Lw1Lh35ul?utm_source=generator\" width=\"100%\" height=\"352\" frameborder=\"0\" allowfullscreen=\"allowfullscreen\"><\/iframe><\/p>\n","protected":false},"excerpt":{"rendered":"<p>ELIN BRIMHEIM HEINESEN har udgivet fire albums &#8211; alene eller sammen med andre, foruden at hun har spillet en rolle i flere musikproduktioner, som andre har lavet. ALBUMS I 1988 udgav ELIN &amp; K\u00c1RI deres debutalbum NALJA &#8211; med fem ud af ti numre skrevet og komponeret af Elin og de andre fem af K\u00e1ri.&hellip;<\/p>\n","protected":false},"author":1,"featured_media":1766,"parent":0,"menu_order":0,"comment_status":"closed","ping_status":"closed","template":"","meta":{"footnotes":""},"class_list":["post-1928","page","type-page","status-publish","format-standard","has-post-thumbnail","hentry"],"_links":{"self":[{"href":"https:\/\/heinesen.fo\/da\/index.php\/wp-json\/wp\/v2\/pages\/1928","targetHints":{"allow":["GET"]}}],"collection":[{"href":"https:\/\/heinesen.fo\/da\/index.php\/wp-json\/wp\/v2\/pages"}],"about":[{"href":"https:\/\/heinesen.fo\/da\/index.php\/wp-json\/wp\/v2\/types\/page"}],"author":[{"embeddable":true,"href":"https:\/\/heinesen.fo\/da\/index.php\/wp-json\/wp\/v2\/users\/1"}],"replies":[{"embeddable":true,"href":"https:\/\/heinesen.fo\/da\/index.php\/wp-json\/wp\/v2\/comments?post=1928"}],"version-history":[{"count":11,"href":"https:\/\/heinesen.fo\/da\/index.php\/wp-json\/wp\/v2\/pages\/1928\/revisions"}],"predecessor-version":[{"id":3329,"href":"https:\/\/heinesen.fo\/da\/index.php\/wp-json\/wp\/v2\/pages\/1928\/revisions\/3329"}],"wp:featuredmedia":[{"embeddable":true,"href":"https:\/\/heinesen.fo\/da\/index.php\/wp-json\/wp\/v2\/media\/1766"}],"wp:attachment":[{"href":"https:\/\/heinesen.fo\/da\/index.php\/wp-json\/wp\/v2\/media?parent=1928"}],"curies":[{"name":"wp","href":"https:\/\/api.w.org\/{rel}","templated":true}]}}