{"id":1936,"date":"2023-08-25T13:26:02","date_gmt":"2023-08-25T12:26:02","guid":{"rendered":"https:\/\/heinesen.fo\/index.php\/videos\/"},"modified":"2023-11-05T21:18:38","modified_gmt":"2023-11-05T21:18:38","slug":"video","status":"publish","type":"page","link":"https:\/\/heinesen.fo\/da\/index.php\/udgivet-musik\/video\/","title":{"rendered":"VIDEO"},"content":{"rendered":"<h3><strong>MUSIC VIDEOER &amp; OPF\u00d8RELSER P\u00c5 VIDEO<\/strong><\/h3>\n<p><strong>Indholdsfortegnelse:<\/strong><\/p>\n<p>\u2013 <a href=\"#Soleyan\">Musikvideo: \u201cS\u00f3leyan l\u00fdsir um fl\u00f8tur\u201d (Buttercups Light Up The Meadows) p\u00e5 f\u00e6r\u00f8sk (2021)<\/a><br \/>\n\u2013 <a href=\"#Buttercups\">Musikideo: \u201cS\u00f3leyan l\u00fdsir um fl\u00f8tur\u201d (Buttercups Light Up The Meadows) p\u00e5 engelsk (2021)<\/a><br \/>\n\u2013 <a href=\"#Tuvart\">Lyrikvideo: \u201cT\u00fa vart alt\u00ed\u00f0 har (Du var altid der) fra albummet \u201cHandan stj\u00f8rnurnar\u201d (Hinsides stjernerne) (2018)<\/a><br \/>\n\u2013 <a href=\"#Soeti\">Lyrikvideo: \u201cS\u00f8ti m\u00edn\u201d (Min skat) fra albummet \u201cHandan stj\u00f8rnurnar\u201d (Hinsides stjernerne) (2018)<\/a><br \/>\n\u2013 <a href=\"#Lisa\">Video af live koncert med Elin Brimheim Heinesen Trio, der spiller sangen \u201cLisas sang til K\u00e5re\u201d skrevet og komponeret af Lisbeth Nebelong<\/a><br \/>\n\u2013 <a href=\"#Dypi\">Prisvindende video: \u201cEitt d\u00fdpi av d\u00fdrari t\u00ed\u00f0\u201d (Et dyb af dyrebar tid) med engelske undertekster (2008)<\/a><br \/>\n\u2013 <a href=\"#Dypilive\">Video of live koncert af sangen \u201cEitt d\u00fdpi av d\u00fdrari t\u00ed\u00f0\u201d (2008)<\/a><br \/>\n\u2013 <a href=\"#Geralog\">Video Interview (p\u00e5 f\u00e6r\u00f8sk) om at komponere (2008)<\/a><br \/>\n\u2013 <a href=\"#Atanndeiliga\">Musikvideo: Det st\u00f8rste hit fra pop duoen NALJA&#8217;s tid: \u201c\u00c1, tann deiliga Havn\u201d (1988)<\/a><\/p>\n<p id=\"Soleyan\"><strong>Musikvideo: \u201cS\u00f3leyan l\u00fdsir um fl\u00f8tur\u201d (Buttercups Light Up The Meadows) p\u00e5 f\u00e6r\u00f8sk (2021):<\/strong><\/p>\n<p><iframe loading=\"lazy\" title=\"YouTube video player\" src=\"https:\/\/www.youtube.com\/embed\/KHFIqjqT4Gg\" width=\"700\" height=\"450\" frameborder=\"0\" allowfullscreen=\"allowfullscreen\" data-mce-fragment=\"1\"><\/iframe><\/p>\n<p id=\"&quot;Buttercups\"><strong>Musikideo: \u201cS\u00f3leyan l\u00fdsir um fl\u00f8tur\u201d (Buttercups Light Up The Meadows) p\u00e5 engelsk (2021):<\/strong><\/p>\n<p><iframe loading=\"lazy\" title=\"YouTube video player\" src=\"https:\/\/www.youtube.com\/embed\/8RDofwQg284\" width=\"700\" height=\"450\" frameborder=\"0\" allowfullscreen=\"allowfullscreen\" data-mce-fragment=\"1\"><\/iframe><\/p>\n<p id=\"Tuvart\"><strong>Lyrikvideo: \u201cT\u00fa vart alt\u00ed\u00f0 har (Du var altid der) fra albummet \u201cHandan stj\u00f8rnurnar\u201d (Hinsides stjernerne) (2018):<\/strong><\/p>\n<p><iframe loading=\"lazy\" title=\"YouTube video player\" src=\"https:\/\/www.youtube.com\/embed\/ijo2GVo_ZbA\" width=\"700\" height=\"450\" frameborder=\"0\" allowfullscreen=\"allowfullscreen\" data-mce-fragment=\"1\"><\/iframe><\/p>\n<p id=\"Soeti\"><strong>Lyrikvideo: \u201cS\u00f8ti m\u00edn\u201d (Min skat) fra albummet \u201cHandan stj\u00f8rnurnar\u201d (Hinsides stjernerne) (2018):<\/strong><\/p>\n<p><iframe loading=\"lazy\" title=\"YouTube video player\" src=\"https:\/\/www.youtube.com\/embed\/-A-XR5ZjGrU\" width=\"700\" height=\"450\" frameborder=\"0\" allowfullscreen=\"allowfullscreen\" data-mce-fragment=\"1\"><\/iframe><\/p>\n<p id=\"Lisa\"><strong>Video af live koncert med Elin Brimheim Heinesen Trio, der spiller sangen \u201cLisas sang til K\u00e5re\u201d skrevet og komponeret af Lisbeth Nebelong:<\/strong><\/p>\n<p><iframe loading=\"lazy\" title=\"YouTube video player\" src=\"https:\/\/www.youtube.com\/embed\/bOIQgxlBkus\" width=\"700\" height=\"450\" frameborder=\"0\" allowfullscreen=\"allowfullscreen\" data-mce-fragment=\"1\"><\/iframe><\/p>\n<p id=\"Dypi\"><strong>Prisvindende video: \u201cEitt d\u00fdpi av d\u00fdrari t\u00ed\u00f0\u201d (Et dyb af dyrebar tid) (2008) med engelske undertekster:<\/strong><\/p>\n<p><iframe loading=\"lazy\" title=\"YouTube video player\" src=\"https:\/\/www.youtube.com\/embed\/Nd-vBF2-mIo\" width=\"700\" height=\"450\" frameborder=\"0\" allowfullscreen=\"allowfullscreen\" data-mce-fragment=\"1\"><\/iframe><\/p>\n<p id=\"Dypilive\"><strong>Video af live koncert af sangen <em>Eitt d\u00fdpi av d\u00fdrari t\u00ed\u00f0<\/em> (2008):<\/strong><\/p>\n<p><iframe loading=\"lazy\" title=\"YouTube video player\" src=\"https:\/\/www.youtube.com\/embed\/lZGfI3_hLhg?si=VjY5dv3_0D61kDLV&amp;start=36\" width=\"700\" height=\"450\" frameborder=\"0\" allowfullscreen=\"allowfullscreen\"><\/iframe><\/p>\n<p id=\"&quot;Geralog\"><strong>Video interview (p\u00e5 f\u00e6r\u00f8sk) om at komponere (2008):<\/strong><\/p>\n<p><iframe loading=\"lazy\" title=\"YouTube video player\" src=\"https:\/\/www.youtube.com\/embed\/jFNHfIB4AHE?si=VIDoRmTUO_s0M-uI\" width=\"700\" height=\"450\" frameborder=\"0\" allowfullscreen=\"allowfullscreen\"><\/iframe><\/p>\n<p id=\"Atanndeiliga\"><strong>Musikvideo med det st\u00f8rste hit fra pop duoen NALJAs tid (1988):<\/strong><\/p>\n<p><iframe loading=\"lazy\" title=\"YouTube video player\" src=\"https:\/\/www.youtube.com\/embed\/0-Cdyo7AKuU?si=jh4RfGdCrSAfzLxs&amp;start=36\" width=\"700\" height=\"450\" frameborder=\"0\" allowfullscreen=\"allowfullscreen\"><\/iframe><\/p>\n","protected":false},"excerpt":{"rendered":"<p>MUSIC VIDEOER &amp; OPF\u00d8RELSER P\u00c5 VIDEO Indholdsfortegnelse: \u2013 Musikvideo: \u201cS\u00f3leyan l\u00fdsir um fl\u00f8tur\u201d (Buttercups Light Up The Meadows) p\u00e5 f\u00e6r\u00f8sk (2021) \u2013 Musikideo: \u201cS\u00f3leyan l\u00fdsir um fl\u00f8tur\u201d (Buttercups Light Up The Meadows) p\u00e5 engelsk (2021) \u2013 Lyrikvideo: \u201cT\u00fa vart alt\u00ed\u00f0 har (Du var altid der) fra albummet \u201cHandan stj\u00f8rnurnar\u201d (Hinsides stjernerne) (2018) \u2013 Lyrikvideo: \u201cS\u00f8ti&hellip;<\/p>\n","protected":false},"author":1,"featured_media":1766,"parent":1928,"menu_order":5,"comment_status":"closed","ping_status":"closed","template":"","meta":{"footnotes":""},"class_list":["post-1936","page","type-page","status-publish","format-standard","has-post-thumbnail","hentry"],"_links":{"self":[{"href":"https:\/\/heinesen.fo\/da\/index.php\/wp-json\/wp\/v2\/pages\/1936","targetHints":{"allow":["GET"]}}],"collection":[{"href":"https:\/\/heinesen.fo\/da\/index.php\/wp-json\/wp\/v2\/pages"}],"about":[{"href":"https:\/\/heinesen.fo\/da\/index.php\/wp-json\/wp\/v2\/types\/page"}],"author":[{"embeddable":true,"href":"https:\/\/heinesen.fo\/da\/index.php\/wp-json\/wp\/v2\/users\/1"}],"replies":[{"embeddable":true,"href":"https:\/\/heinesen.fo\/da\/index.php\/wp-json\/wp\/v2\/comments?post=1936"}],"version-history":[{"count":5,"href":"https:\/\/heinesen.fo\/da\/index.php\/wp-json\/wp\/v2\/pages\/1936\/revisions"}],"predecessor-version":[{"id":2847,"href":"https:\/\/heinesen.fo\/da\/index.php\/wp-json\/wp\/v2\/pages\/1936\/revisions\/2847"}],"up":[{"embeddable":true,"href":"https:\/\/heinesen.fo\/da\/index.php\/wp-json\/wp\/v2\/pages\/1928"}],"wp:featuredmedia":[{"embeddable":true,"href":"https:\/\/heinesen.fo\/da\/index.php\/wp-json\/wp\/v2\/media\/1766"}],"wp:attachment":[{"href":"https:\/\/heinesen.fo\/da\/index.php\/wp-json\/wp\/v2\/media?parent=1936"}],"curies":[{"name":"wp","href":"https:\/\/api.w.org\/{rel}","templated":true}]}}