{"id":3955,"date":"2024-09-20T17:06:08","date_gmt":"2024-09-20T16:06:08","guid":{"rendered":"https:\/\/heinesen.fo\/?page_id=3955"},"modified":"2024-09-22T22:37:39","modified_gmt":"2024-09-22T21:37:39","slug":"placering-2","status":"publish","type":"page","link":"https:\/\/heinesen.fo\/da\/index.php\/fljod-koncerter\/placering-2\/","title":{"rendered":"PLACERING"},"content":{"rendered":"<p>Her er et kort af T\u00f3rshavn, som viser den omtrentlige beliggenhed, markeret \u201c<strong>MY HOME<\/strong>\u201c:<\/p>\n<p><img loading=\"lazy\" decoding=\"async\" class=\"alignnone size-nord-full-width wp-image-3668\" src=\"https:\/\/heinesen.fo\/wp-content\/uploads\/2024\/04\/Map-of-Torshavn-with-FLJOD-location-1300x1378.jpg\" sizes=\"auto, (max-width: 1200px) 100vw, 1200px\" srcset=\"https:\/\/heinesen.fo\/wp-content\/uploads\/2024\/04\/Map-of-Torshavn-with-FLJOD-location-1300x1378.jpg 1300w, https:\/\/heinesen.fo\/wp-content\/uploads\/2024\/04\/Map-of-Torshavn-with-FLJOD-location-283x300.jpg 283w, https:\/\/heinesen.fo\/wp-content\/uploads\/2024\/04\/Map-of-Torshavn-with-FLJOD-location-966x1024.jpg 966w, https:\/\/heinesen.fo\/wp-content\/uploads\/2024\/04\/Map-of-Torshavn-with-FLJOD-location-768x814.jpg 768w, https:\/\/heinesen.fo\/wp-content\/uploads\/2024\/04\/Map-of-Torshavn-with-FLJOD-location-1449x1536.jpg 1449w, https:\/\/heinesen.fo\/wp-content\/uploads\/2024\/04\/Map-of-Torshavn-with-FLJOD-location-1932x2048.jpg 1932w, https:\/\/heinesen.fo\/wp-content\/uploads\/2024\/04\/Map-of-Torshavn-with-FLJOD-location.jpg 1998w\" alt=\"\" width=\"1200\" height=\"1272\" \/><\/p>\n<p>Og lidt t\u00e6ttere p\u00e5:<\/p>\n<p><img loading=\"lazy\" decoding=\"async\" class=\"alignnone wp-image-3757 size-nord-full-width\" src=\"https:\/\/heinesen.fo\/wp-content\/uploads\/2024\/05\/How-to-get-to-Magnus-Heinasonar-gota-8-1300x1040.png\" sizes=\"auto, (max-width: 1200px) 100vw, 1200px\" srcset=\"https:\/\/heinesen.fo\/wp-content\/uploads\/2024\/05\/How-to-get-to-Magnus-Heinasonar-gota-8-1300x1040.png 1300w, https:\/\/heinesen.fo\/wp-content\/uploads\/2024\/05\/How-to-get-to-Magnus-Heinasonar-gota-8-300x240.png 300w, https:\/\/heinesen.fo\/wp-content\/uploads\/2024\/05\/How-to-get-to-Magnus-Heinasonar-gota-8-1024x819.png 1024w, https:\/\/heinesen.fo\/wp-content\/uploads\/2024\/05\/How-to-get-to-Magnus-Heinasonar-gota-8-768x614.png 768w, https:\/\/heinesen.fo\/wp-content\/uploads\/2024\/05\/How-to-get-to-Magnus-Heinasonar-gota-8-1536x1229.png 1536w, https:\/\/heinesen.fo\/wp-content\/uploads\/2024\/05\/How-to-get-to-Magnus-Heinasonar-gota-8.png 1720w\" alt=\"\" width=\"1200\" height=\"960\" \/><\/p>\n<h4>Find vej fra Sverrisg\u00f8ta:<\/h4>\n<p>Find hj\u00f8rnet af Sverrisg\u00f8ta og Magnus Heinasonarg\u00f8ta (ser ud som fotoet herunder) \u2013 og g\u00e5 s\u00e5 ned til det m\u00f8rker\u00f8de hus for enden af gaden med de parkerede biler.<\/p>\n<p>Det er Magnus Heinasonar g\u00f8ta. Nr. 8 er lige bag ved det m\u00f8rker\u00f8de hus for enden af vejen. Men\u2026<\/p>\n<p><img loading=\"lazy\" decoding=\"async\" class=\"alignnone size-large wp-image-3671\" src=\"https:\/\/heinesen.fo\/wp-content\/uploads\/2024\/04\/Corner_Sverrisgota_M-Heinasonargota-1024x708.jpg\" sizes=\"auto, (max-width: 1024px) 100vw, 1024px\" srcset=\"https:\/\/heinesen.fo\/wp-content\/uploads\/2024\/04\/Corner_Sverrisgota_M-Heinasonargota-1024x708.jpg 1024w, https:\/\/heinesen.fo\/wp-content\/uploads\/2024\/04\/Corner_Sverrisgota_M-Heinasonargota-300x207.jpg 300w, https:\/\/heinesen.fo\/wp-content\/uploads\/2024\/04\/Corner_Sverrisgota_M-Heinasonargota-768x531.jpg 768w, https:\/\/heinesen.fo\/wp-content\/uploads\/2024\/04\/Corner_Sverrisgota_M-Heinasonargota-1536x1062.jpg 1536w, https:\/\/heinesen.fo\/wp-content\/uploads\/2024\/04\/Corner_Sverrisgota_M-Heinasonargota-2048x1416.jpg 2048w, https:\/\/heinesen.fo\/wp-content\/uploads\/2024\/04\/Corner_Sverrisgota_M-Heinasonargota-1300x899.jpg 1300w\" alt=\"\" width=\"1024\" height=\"708\" \/><\/p>\n<p>\u2026 n\u00e5r du n\u00e5r ned til det m\u00f8rker\u00f8de hus, s\u00f8rg for, at du\u00a0<strong>IKKE<\/strong>\u00a0g\u00e5r ned at gaden til venstre for det r\u00f8de hus, hvor du kan se den hvide bil p\u00e5 fotoet nedenunder parkeret foran et lille hvidt hus.<\/p>\n<p>Du skal som sagt\u00a0<strong>IKKE g\u00e5 den vej. Venligst g\u00e5 til h\u00f8jre i stedet for og drej med det samme om hj\u00f8rnet af det r\u00f8de hus,<\/strong>\u00a0hvor du ser en meget smal gyde til din venstre side.<\/p>\n<p><img loading=\"lazy\" decoding=\"async\" class=\"alignnone size-large wp-image-3682\" src=\"https:\/\/heinesen.fo\/wp-content\/uploads\/2024\/04\/The-red-house-1024x778.jpg\" sizes=\"auto, (max-width: 1024px) 100vw, 1024px\" srcset=\"https:\/\/heinesen.fo\/wp-content\/uploads\/2024\/04\/The-red-house-1024x778.jpg 1024w, https:\/\/heinesen.fo\/wp-content\/uploads\/2024\/04\/The-red-house-300x228.jpg 300w, https:\/\/heinesen.fo\/wp-content\/uploads\/2024\/04\/The-red-house-768x583.jpg 768w, https:\/\/heinesen.fo\/wp-content\/uploads\/2024\/04\/The-red-house-1536x1167.jpg 1536w, https:\/\/heinesen.fo\/wp-content\/uploads\/2024\/04\/The-red-house-2048x1556.jpg 2048w, https:\/\/heinesen.fo\/wp-content\/uploads\/2024\/04\/The-red-house-1300x988.jpg 1300w\" alt=\"\" width=\"1024\" height=\"778\" \/><\/p>\n<p>Videoen nedenunder viser dig vejen til Magnus Heinasonar g\u00f8ta 8 fra det sted, du kan se p\u00e5 fotoet her ovenover:<\/p>\n<p><iframe loading=\"lazy\" title=\"How to find F'LJ\u00d3\u00d0 KV\u00d8LDSETUR's location\" src=\"https:\/\/www.youtube.com\/embed\/4b9KSqkxA90?feature=oembed\" width=\"1200\" height=\"675\" frameborder=\"0\" allowfullscreen=\"allowfullscreen\" data-mce-fragment=\"1\"><\/iframe><\/p>\n<p>Du finder Magnus Heinasonar g\u00f8ta 8 \u2013 F\u2019LJ\u00d3\u00d0 KV\u00d8LDSETUR\u2019s hjemsted \u2013 i det andet hus i r\u00e6kken ned ad den smalle gyde. Det er et sort hus med hvide vinduer og en gr\u00f8n hovedd\u00f8r.<\/p>\n<p><img loading=\"lazy\" decoding=\"async\" class=\"alignnone size-full wp-image-3690\" src=\"https:\/\/heinesen.fo\/wp-content\/uploads\/2024\/04\/Magnus-Heinasonar-gota-8.jpg\" sizes=\"auto, (max-width: 697px) 100vw, 697px\" srcset=\"https:\/\/heinesen.fo\/wp-content\/uploads\/2024\/04\/Magnus-Heinasonar-gota-8.jpg 697w, https:\/\/heinesen.fo\/wp-content\/uploads\/2024\/04\/Magnus-Heinasonar-gota-8-300x300.jpg 300w, https:\/\/heinesen.fo\/wp-content\/uploads\/2024\/04\/Magnus-Heinasonar-gota-8-150x150.jpg 150w\" alt=\"\" width=\"697\" height=\"697\" \/><\/p>\n<h4>Find vej fra V\u00e1gsbotn &#8211; ved sm\u00e5b\u00e5dehavnen:<\/h4>\n<p>Hvis du kommer fra havnen nede ved V\u00e1gsbotn, kan du f\u00f8lge denne rute:<\/p>\n<p><a href=\"https:\/\/heinesen.fo\/en\/index.php\/stadseting\/vagsbotn1\/\" rel=\"attachment wp-att-3986\"><img loading=\"lazy\" decoding=\"async\" class=\"alignnone size-large wp-image-3986\" src=\"https:\/\/heinesen.fo\/wp-content\/uploads\/2024\/09\/Vagsbotn1-1024x861.jpg\" alt=\"\" width=\"1024\" height=\"861\" srcset=\"https:\/\/heinesen.fo\/wp-content\/uploads\/2024\/09\/Vagsbotn1-1024x861.jpg 1024w, https:\/\/heinesen.fo\/wp-content\/uploads\/2024\/09\/Vagsbotn1-300x252.jpg 300w, https:\/\/heinesen.fo\/wp-content\/uploads\/2024\/09\/Vagsbotn1-768x646.jpg 768w, https:\/\/heinesen.fo\/wp-content\/uploads\/2024\/09\/Vagsbotn1-1536x1291.jpg 1536w, https:\/\/heinesen.fo\/wp-content\/uploads\/2024\/09\/Vagsbotn1-1300x1093.jpg 1300w, https:\/\/heinesen.fo\/wp-content\/uploads\/2024\/09\/Vagsbotn1.jpg 1806w\" sizes=\"auto, (max-width: 1024px) 100vw, 1024px\" \/><\/a><\/p>\n<p>G\u00e5 hen til baren Sirkus.<\/p>\n<p><a href=\"https:\/\/heinesen.fo\/en\/index.php\/stadseting\/vagsbotn2\/\" rel=\"attachment wp-att-3989\"><img loading=\"lazy\" decoding=\"async\" class=\"alignnone size-large wp-image-3989\" src=\"https:\/\/heinesen.fo\/wp-content\/uploads\/2024\/09\/Vagsbotn2-1024x864.jpg\" alt=\"\" width=\"1024\" height=\"864\" srcset=\"https:\/\/heinesen.fo\/wp-content\/uploads\/2024\/09\/Vagsbotn2-1024x864.jpg 1024w, https:\/\/heinesen.fo\/wp-content\/uploads\/2024\/09\/Vagsbotn2-300x253.jpg 300w, https:\/\/heinesen.fo\/wp-content\/uploads\/2024\/09\/Vagsbotn2-768x648.jpg 768w, https:\/\/heinesen.fo\/wp-content\/uploads\/2024\/09\/Vagsbotn2-1536x1297.jpg 1536w, https:\/\/heinesen.fo\/wp-content\/uploads\/2024\/09\/Vagsbotn2-1300x1097.jpg 1300w, https:\/\/heinesen.fo\/wp-content\/uploads\/2024\/09\/Vagsbotn2.jpg 1836w\" sizes=\"auto, (max-width: 1024px) 100vw, 1024px\" \/><\/a><\/p>\n<p>G\u00e5 forbi baren Sirkus og op af vejen.<\/p>\n<p><a href=\"https:\/\/heinesen.fo\/en\/index.php\/stadseting\/vagsbotn3\/\" rel=\"attachment wp-att-3992\"><img loading=\"lazy\" decoding=\"async\" class=\"alignnone size-large wp-image-3992\" src=\"https:\/\/heinesen.fo\/wp-content\/uploads\/2024\/09\/Vagsbotn3-1024x865.jpg\" alt=\"\" width=\"1024\" height=\"865\" srcset=\"https:\/\/heinesen.fo\/wp-content\/uploads\/2024\/09\/Vagsbotn3-1024x865.jpg 1024w, https:\/\/heinesen.fo\/wp-content\/uploads\/2024\/09\/Vagsbotn3-300x254.jpg 300w, https:\/\/heinesen.fo\/wp-content\/uploads\/2024\/09\/Vagsbotn3-768x649.jpg 768w, https:\/\/heinesen.fo\/wp-content\/uploads\/2024\/09\/Vagsbotn3-1536x1298.jpg 1536w, https:\/\/heinesen.fo\/wp-content\/uploads\/2024\/09\/Vagsbotn3-1300x1099.jpg 1300w, https:\/\/heinesen.fo\/wp-content\/uploads\/2024\/09\/Vagsbotn3.jpg 1820w\" sizes=\"auto, (max-width: 1024px) 100vw, 1024px\" \/><\/a><\/p>\n<p>G\u00e5 op til trapperne p\u00e5 h\u00f8jre side af vejen.<\/p>\n<p><a href=\"https:\/\/heinesen.fo\/en\/index.php\/stadseting\/vagsbotn4\/\" rel=\"attachment wp-att-3995\"><img loading=\"lazy\" decoding=\"async\" class=\"alignnone wp-image-3995 size-large\" src=\"https:\/\/heinesen.fo\/wp-content\/uploads\/2024\/09\/Vagsbotn4-e1727035834917-1024x885.jpg\" alt=\"\" width=\"1024\" height=\"885\" srcset=\"https:\/\/heinesen.fo\/wp-content\/uploads\/2024\/09\/Vagsbotn4-e1727035834917-1024x885.jpg 1024w, https:\/\/heinesen.fo\/wp-content\/uploads\/2024\/09\/Vagsbotn4-e1727035834917-300x259.jpg 300w, https:\/\/heinesen.fo\/wp-content\/uploads\/2024\/09\/Vagsbotn4-e1727035834917-768x664.jpg 768w, https:\/\/heinesen.fo\/wp-content\/uploads\/2024\/09\/Vagsbotn4-e1727035834917.jpg 1286w\" sizes=\"auto, (max-width: 1024px) 100vw, 1024px\" \/><\/a><\/p>\n<p>G\u00e5 op af trappen og drej til h\u00f8jre for enden. Se denne korte video for at se ruten og hvordan du finder det rigtige hus:<\/p>\n<p><iframe loading=\"lazy\" title=\"V\u00e1gsbotn route\" width=\"1200\" height=\"675\" src=\"https:\/\/www.youtube.com\/embed\/KkiIsMzT2gM?feature=oembed\" frameborder=\"0\" allow=\"accelerometer; autoplay; clipboard-write; encrypted-media; gyroscope; picture-in-picture; web-share\" referrerpolicy=\"strict-origin-when-cross-origin\" allowfullscreen><\/iframe><\/p>\n<p>S\u00e5dan! Du har nu fundet adressen: Magnus Heinasonar g\u00f8ta 8, hvor F&#8217;LJ\u00d3\u00d0 KV\u00d8LDSETUR arrangementerne finder sted.<\/p>\n","protected":false},"excerpt":{"rendered":"<p>Her er et kort af T\u00f3rshavn, som viser den omtrentlige beliggenhed, markeret \u201cMY HOME\u201c: Og lidt t\u00e6ttere p\u00e5: Find vej fra Sverrisg\u00f8ta: Find hj\u00f8rnet af Sverrisg\u00f8ta og Magnus Heinasonarg\u00f8ta (ser ud som fotoet herunder) \u2013 og g\u00e5 s\u00e5 ned til det m\u00f8rker\u00f8de hus for enden af gaden med de parkerede biler. Det er Magnus Heinasonar&hellip;<\/p>\n","protected":false},"author":1,"featured_media":0,"parent":1904,"menu_order":3,"comment_status":"closed","ping_status":"closed","template":"","meta":{"footnotes":""},"class_list":["post-3955","page","type-page","status-publish","format-standard","hentry"],"_links":{"self":[{"href":"https:\/\/heinesen.fo\/da\/index.php\/wp-json\/wp\/v2\/pages\/3955","targetHints":{"allow":["GET"]}}],"collection":[{"href":"https:\/\/heinesen.fo\/da\/index.php\/wp-json\/wp\/v2\/pages"}],"about":[{"href":"https:\/\/heinesen.fo\/da\/index.php\/wp-json\/wp\/v2\/types\/page"}],"author":[{"embeddable":true,"href":"https:\/\/heinesen.fo\/da\/index.php\/wp-json\/wp\/v2\/users\/1"}],"replies":[{"embeddable":true,"href":"https:\/\/heinesen.fo\/da\/index.php\/wp-json\/wp\/v2\/comments?post=3955"}],"version-history":[{"count":5,"href":"https:\/\/heinesen.fo\/da\/index.php\/wp-json\/wp\/v2\/pages\/3955\/revisions"}],"predecessor-version":[{"id":4011,"href":"https:\/\/heinesen.fo\/da\/index.php\/wp-json\/wp\/v2\/pages\/3955\/revisions\/4011"}],"up":[{"embeddable":true,"href":"https:\/\/heinesen.fo\/da\/index.php\/wp-json\/wp\/v2\/pages\/1904"}],"wp:attachment":[{"href":"https:\/\/heinesen.fo\/da\/index.php\/wp-json\/wp\/v2\/media?parent=3955"}],"curies":[{"name":"wp","href":"https:\/\/api.w.org\/{rel}","templated":true}]}}