{"id":1001,"date":"2023-08-28T11:41:52","date_gmt":"2023-08-28T11:41:52","guid":{"rendered":"https:\/\/heinesen.fo\/?page_id=1001"},"modified":"2023-10-27T13:36:21","modified_gmt":"2023-10-27T12:36:21","slug":"eivor-faroe-islands-symphony-orchestra","status":"publish","type":"page","link":"https:\/\/heinesen.fo\/en\/index.php\/a-popular-song\/eivor-faroe-islands-symphony-orchestra\/","title":{"rendered":"EIV\u00d8R &#038; FAROE ISLANDS SYMPHONY ORCHESTRA"},"content":{"rendered":"<p>In January 2013 F\u00f8roya Symfoniorkestur (Faroe Islands Philharmonics) performed the song \u201cEitt d\u00fdpi av d\u00fdrari t\u00ed\u00f0\u201d with famous Faroese singer, Eiv\u00f8r, at their annual New Years Eve Concert. The performance of the song was a tribute to the late author, Jens Pauli Heinesen, who had just had his 80th birthday in november 2012. Watch here:<\/p>\n<p><iframe loading=\"lazy\" src=\"https:\/\/www.youtube.com\/embed\/KmknXWCey2c\" width=\"853\" height=\"480\" frameborder=\"0\" allowfullscreen=\"allowfullscreen\" data-mce-fragment=\"1\"><\/iframe><\/p>\n<p>&nbsp;<\/p>\n","protected":false},"excerpt":{"rendered":"<p>In January 2013 F\u00f8roya Symfoniorkestur (Faroe Islands Philharmonics) performed the song \u201cEitt d\u00fdpi av d\u00fdrari t\u00ed\u00f0\u201d with famous Faroese singer, Eiv\u00f8r, at their annual New Years Eve Concert. The performance of the song was a tribute to the late author, Jens Pauli Heinesen, who had just had his 80th birthday in november 2012. Watch here:&hellip;<\/p>\n","protected":false},"author":1,"featured_media":1673,"parent":37,"menu_order":4,"comment_status":"closed","ping_status":"closed","template":"","meta":{"footnotes":""},"class_list":["post-1001","page","type-page","status-publish","format-standard","has-post-thumbnail","hentry"],"_links":{"self":[{"href":"https:\/\/heinesen.fo\/en\/index.php\/wp-json\/wp\/v2\/pages\/1001","targetHints":{"allow":["GET"]}}],"collection":[{"href":"https:\/\/heinesen.fo\/en\/index.php\/wp-json\/wp\/v2\/pages"}],"about":[{"href":"https:\/\/heinesen.fo\/en\/index.php\/wp-json\/wp\/v2\/types\/page"}],"author":[{"embeddable":true,"href":"https:\/\/heinesen.fo\/en\/index.php\/wp-json\/wp\/v2\/users\/1"}],"replies":[{"embeddable":true,"href":"https:\/\/heinesen.fo\/en\/index.php\/wp-json\/wp\/v2\/comments?post=1001"}],"version-history":[{"count":3,"href":"https:\/\/heinesen.fo\/en\/index.php\/wp-json\/wp\/v2\/pages\/1001\/revisions"}],"predecessor-version":[{"id":3299,"href":"https:\/\/heinesen.fo\/en\/index.php\/wp-json\/wp\/v2\/pages\/1001\/revisions\/3299"}],"up":[{"embeddable":true,"href":"https:\/\/heinesen.fo\/en\/index.php\/wp-json\/wp\/v2\/pages\/37"}],"wp:featuredmedia":[{"embeddable":true,"href":"https:\/\/heinesen.fo\/en\/index.php\/wp-json\/wp\/v2\/media\/1673"}],"wp:attachment":[{"href":"https:\/\/heinesen.fo\/en\/index.php\/wp-json\/wp\/v2\/media?parent=1001"}],"curies":[{"name":"wp","href":"https:\/\/api.w.org\/{rel}","templated":true}]}}