{"id":1064,"date":"2023-08-28T19:03:41","date_gmt":"2023-08-28T19:03:41","guid":{"rendered":"https:\/\/heinesen.fo\/?page_id=1064"},"modified":"2023-12-04T16:37:07","modified_gmt":"2023-12-04T16:37:07","slug":"buy-albums","status":"publish","type":"page","link":"https:\/\/heinesen.fo\/en\/index.php\/buy-albums\/","title":{"rendered":"BUY ALBUMS"},"content":{"rendered":"<h3>ORDER FORM<\/h3>\n<style id=\"wpforms-css-vars-1050\">\n\t\t\t\t#wpforms-1050 {\n\t\t\t\t\n\t\t\t}\n\t\t\t<\/style><div class=\"wpforms-container wpforms-container-full wpforms-render-modern\" id=\"wpforms-1050\"><form id=\"wpforms-form-1050\" class=\"wpforms-validate wpforms-form wpforms-ajax-form\" data-formid=\"1050\" method=\"post\" enctype=\"multipart\/form-data\" action=\"\/en\/index.php\/wp-json\/wp\/v2\/pages\/1064\" data-token=\"9c533b27975c56e150ea121f612af8c5\" data-token-time=\"1776587196\"><noscript class=\"wpforms-error-noscript\">Please enable JavaScript in your browser to complete this form.<\/noscript><div id=\"wpforms-error-noscript\" style=\"display: none;\">Please enable JavaScript in your browser to complete this form.<\/div><div class=\"wpforms-field-container\"><div id=\"wpforms-1050-field_0-container\" class=\"wpforms-field wpforms-field-name\" data-field-id=\"0\"><fieldset><legend class=\"wpforms-field-label\">Name <span class=\"wpforms-required-label\" aria-hidden=\"true\">*<\/span><\/legend><div class=\"wpforms-field-row wpforms-field-medium\"><div class=\"wpforms-field-row-block wpforms-first wpforms-one-half\"><input type=\"text\" id=\"wpforms-1050-field_0\" class=\"wpforms-field-name-first wpforms-field-required\" name=\"wpforms[fields][0][first]\" value=\"Name\" aria-errormessage=\"wpforms-1050-field_0-error\" required><label for=\"wpforms-1050-field_0\" class=\"wpforms-field-sublabel after\">First<\/label><\/div><div class=\"wpforms-field-row-block wpforms-one-half\"><input type=\"text\" id=\"wpforms-1050-field_0-last\" class=\"wpforms-field-name-last wpforms-field-required\" name=\"wpforms[fields][0][last]\" value=\"Last name\" aria-errormessage=\"wpforms-1050-field_0-last-error\" required><label for=\"wpforms-1050-field_0-last\" class=\"wpforms-field-sublabel after\">Last<\/label><\/div><\/div><\/fieldset><\/div><div id=\"wpforms-1050-field_1-container\" class=\"wpforms-field wpforms-field-email\" data-field-id=\"1\"><fieldset><legend class=\"wpforms-field-label\">Email <span class=\"wpforms-required-label\" aria-hidden=\"true\">*<\/span><\/legend><div class=\"wpforms-field-row wpforms-field-medium\"><div class=\"wpforms-field-row-block wpforms-one-half wpforms-first\"><input type=\"email\" id=\"wpforms-1050-field_1\" class=\"wpforms-field-required wpforms-field-email-primary\" name=\"wpforms[fields][1][primary]\" placeholder=\"Email\" spellcheck=\"false\" aria-errormessage=\"wpforms-1050-field_1-error\" aria-describedby=\"wpforms-1050-field_1-description\" required><label for=\"wpforms-1050-field_1\" class=\"wpforms-field-sublabel after\">Email<\/label><\/div><div class=\"wpforms-field-row-block wpforms-one-half\"><input type=\"email\" id=\"wpforms-1050-field_1-secondary\" class=\"wpforms-field-email-secondary wpforms-field-required\" data-rule-confirm=\"#wpforms-1050-field_1\" name=\"wpforms[fields][1][secondary]\" placeholder=\"Confirm Email\" spellcheck=\"false\" aria-errormessage=\"wpforms-1050-field_1-secondary-error\" aria-describedby=\"wpforms-1050-field_1-description\" required><label for=\"wpforms-1050-field_1-secondary\" class=\"wpforms-field-sublabel after\">Confirm Email<\/label><\/div><\/div><div id=\"wpforms-1050-field_1-description\" class=\"wpforms-field-description\">Please make sure you enter the correct Email by entering it twice.<\/div><\/fieldset><\/div><div id=\"wpforms-1050-field_2-container\" class=\"wpforms-field wpforms-field-textarea\" data-field-id=\"2\"><label class=\"wpforms-field-label\" for=\"wpforms-1050-field_2\">Address <span class=\"wpforms-required-label\" aria-hidden=\"true\">*<\/span><\/label><textarea id=\"wpforms-1050-field_2\" class=\"wpforms-field-medium wpforms-field-required\" name=\"wpforms[fields][2]\" placeholder=\"Street; City\/Town\/Village; Zip Code; Country\" aria-errormessage=\"wpforms-1050-field_2-error\" aria-describedby=\"wpforms-1050-field_2-description\" required><\/textarea><div id=\"wpforms-1050-field_2-description\" class=\"wpforms-field-description\">Please write your postal address in the field above.<\/div><\/div><div id=\"wpforms-1050-field_5-container\" class=\"wpforms-field wpforms-field-checkbox wpforms-list-2-columns\" data-field-id=\"5\"><fieldset><legend class=\"wpforms-field-label\">Checkboxes <span class=\"wpforms-required-label\" aria-hidden=\"true\">*<\/span><\/legend><ul id=\"wpforms-1050-field_5\" class=\"wpforms-field-required wpforms-image-choices wpforms-image-choices-classic\"><li class=\"choice-3 depth-1 wpforms-image-choices-item\"><label class=\"wpforms-field-label-inline\" for=\"wpforms-1050-field_5_3\" tabindex=\"0\"><span class=\"wpforms-image-choices-image\"><img decoding=\"async\" src=\"http:\/\/heinesen.fo\/wp-content\/uploads\/2023\/09\/Eitt-dypi-husi-1684x1684-1.jpg\" alt=\"PRE-ORDER CD \/ LP: &lt;br&gt;&lt;b&gt;Eitt d\u00fdpi av d\u00fdrari t\u00ed\u00f0 &lt;\/b&gt;&lt;br&gt; (A Chasm of Precious Time) &lt;br&gt;(2 x 6 tracks released in 2023) &lt;br&gt;&lt;b&gt;Price for CD:&lt;\/b&gt;&lt;br&gt; 103 DKK excl. tax,&lt;br&gt; 128,75 DKK incl. tax &lt;br&gt;+ postal delivery. &lt;br&gt;&lt;b&gt;Price for LP:&lt;\/b&gt;&lt;br&gt; 199 DKK excl. tax,&lt;br&gt; 248,75 incl. tax&lt;br&gt; + postal delivery.\" title=\"PRE-ORDER CD \/ LP: &lt;br&gt;&lt;b&gt;Eitt d\u00fdpi av d\u00fdrari t\u00ed\u00f0 &lt;\/b&gt;&lt;br&gt; (A Chasm of Precious Time) &lt;br&gt;(2 x 6 tracks released in 2023) &lt;br&gt;&lt;b&gt;Price for CD:&lt;\/b&gt;&lt;br&gt; 103 DKK excl. tax,&lt;br&gt; 128,75 DKK incl. tax &lt;br&gt;+ postal delivery. &lt;br&gt;&lt;b&gt;Price for LP:&lt;\/b&gt;&lt;br&gt; 199 DKK excl. tax,&lt;br&gt; 248,75 incl. tax&lt;br&gt; + postal delivery.\"><\/span><input type=\"checkbox\" id=\"wpforms-1050-field_5_3\" class=\"wpforms-screen-reader-element\" name=\"wpforms[fields][5][]\" value=\"PRE-ORDER CD \/ LP: &lt;br&gt;&lt;b&gt;Eitt d\u00fdpi av d\u00fdrari t\u00ed\u00f0 &lt;\/b&gt;&lt;br&gt; (A Chasm of Precious Time) &lt;br&gt;(2 x 6 tracks released in 2023) &lt;br&gt;&lt;b&gt;Price for CD:&lt;\/b&gt;&lt;br&gt; 103 DKK excl. tax,&lt;br&gt; 128,75 DKK incl. tax &lt;br&gt;+ postal delivery. &lt;br&gt;&lt;b&gt;Price for LP:&lt;\/b&gt;&lt;br&gt; 199 DKK excl. tax,&lt;br&gt; 248,75 incl. tax&lt;br&gt; + postal delivery.\" aria-errormessage=\"wpforms-1050-field_5_3-error\" aria-describedby=\"wpforms-1050-field_5-description\" tabindex=\"-1\" required ><span class=\"wpforms-image-choices-label\">PRE-ORDER CD \/ LP: <br><b>Eitt d\u00fdpi av d\u00fdrari t\u00ed\u00f0 <\/b><br> (A Chasm of Precious Time) <br>(2 x 6 tracks released in 2023) <br><b>Price for CD:<\/b><br> 103 DKK excl. tax,<br> 128,75 DKK incl. tax <br>+ postal delivery. <br><b>Price for LP:<\/b><br> 199 DKK excl. tax,<br> 248,75 incl. tax<br> + postal delivery.<\/span><\/label><\/li><li class=\"choice-2 depth-1 wpforms-image-choices-item\"><label class=\"wpforms-field-label-inline\" for=\"wpforms-1050-field_5_2\" tabindex=\"0\"><span class=\"wpforms-image-choices-image\"><img decoding=\"async\" src=\"http:\/\/heinesen.fo\/wp-content\/uploads\/2023\/08\/04-Utistongd-m4a-image.jpg\" alt=\"ORDER CD:&lt;br&gt;&lt;b&gt;Handan Stj\u00f8rnurnar&lt;\/b&gt;&lt;br&gt;(Beyond the Stars) &lt;br&gt; (12 tracks released in 2018). &lt;br&gt;&lt;b&gt;Price for CD:&lt;\/b&gt;&lt;br&gt;95,00 DKK excl. tax,&lt;br&gt; 118,75 DKK incl. tax&lt;br&gt; + postal delivery.\" title=\"ORDER CD:&lt;br&gt;&lt;b&gt;Handan Stj\u00f8rnurnar&lt;\/b&gt;&lt;br&gt;(Beyond the Stars) &lt;br&gt; (12 tracks released in 2018). &lt;br&gt;&lt;b&gt;Price for CD:&lt;\/b&gt;&lt;br&gt;95,00 DKK excl. tax,&lt;br&gt; 118,75 DKK incl. tax&lt;br&gt; + postal delivery.\"><\/span><input type=\"checkbox\" id=\"wpforms-1050-field_5_2\" class=\"wpforms-screen-reader-element\" name=\"wpforms[fields][5][]\" value=\"ORDER CD:&lt;br&gt;&lt;b&gt;Handan Stj\u00f8rnurnar&lt;\/b&gt;&lt;br&gt;(Beyond the Stars) &lt;br&gt; (12 tracks released in 2018). &lt;br&gt;&lt;b&gt;Price for CD:&lt;\/b&gt;&lt;br&gt;95,00 DKK excl. tax,&lt;br&gt; 118,75 DKK incl. tax&lt;br&gt; + postal delivery.\" aria-errormessage=\"wpforms-1050-field_5_2-error\" aria-describedby=\"wpforms-1050-field_5-description\" tabindex=\"-1\" required ><span class=\"wpforms-image-choices-label\">ORDER CD:<br><b>Handan Stj\u00f8rnurnar<\/b><br>(Beyond the Stars) <br> (12 tracks released in 2018). <br><b>Price for CD:<\/b><br>95,00 DKK excl. tax,<br> 118,75 DKK incl. tax<br> + postal delivery.<\/span><\/label><\/li><li class=\"choice-1 depth-1 wpforms-image-choices-item\"><label class=\"wpforms-field-label-inline\" for=\"wpforms-1050-field_5_1\" tabindex=\"0\"><span class=\"wpforms-image-choices-image\"><img decoding=\"async\" src=\"http:\/\/heinesen.fo\/wp-content\/uploads\/2023\/09\/Yndislog-husi_1400x1400.jpeg\" alt=\"ORDER CD: &lt;br&gt;&lt;b&gt;Yndisl\u00f8g - ein fer\u00f0 aftur \u00ed farnar t\u00ed\u00f0ir&lt;\/b&gt; &lt;br&gt;(Treasured Songs  - A Trip Down Memory Lane) &lt;br&gt; (15 tracks released in 2018). &lt;br&gt; &lt;b&gt;Price for CD:&lt;\/b&gt;&lt;br&gt;79,00 DKK excl. tax, &lt;br&gt; 98,75 DKK incl. tax&lt;br&gt;+ postal delivery.\" title=\"ORDER CD: &lt;br&gt;&lt;b&gt;Yndisl\u00f8g - ein fer\u00f0 aftur \u00ed farnar t\u00ed\u00f0ir&lt;\/b&gt; &lt;br&gt;(Treasured Songs  - A Trip Down Memory Lane) &lt;br&gt; (15 tracks released in 2018). &lt;br&gt; &lt;b&gt;Price for CD:&lt;\/b&gt;&lt;br&gt;79,00 DKK excl. tax, &lt;br&gt; 98,75 DKK incl. tax&lt;br&gt;+ postal delivery.\"><\/span><input type=\"checkbox\" id=\"wpforms-1050-field_5_1\" class=\"wpforms-screen-reader-element\" name=\"wpforms[fields][5][]\" value=\"ORDER CD: &lt;br&gt;&lt;b&gt;Yndisl\u00f8g - ein fer\u00f0 aftur \u00ed farnar t\u00ed\u00f0ir&lt;\/b&gt; &lt;br&gt;(Treasured Songs  - A Trip Down Memory Lane) &lt;br&gt; (15 tracks released in 2018). &lt;br&gt; &lt;b&gt;Price for CD:&lt;\/b&gt;&lt;br&gt;79,00 DKK excl. tax, &lt;br&gt; 98,75 DKK incl. tax&lt;br&gt;+ postal delivery.\" aria-errormessage=\"wpforms-1050-field_5_1-error\" aria-describedby=\"wpforms-1050-field_5-description\" tabindex=\"-1\" required ><span class=\"wpforms-image-choices-label\">ORDER CD: <br><b>Yndisl\u00f8g - ein fer\u00f0 aftur \u00ed farnar t\u00ed\u00f0ir<\/b> <br>(Treasured Songs  - A Trip Down Memory Lane) <br> (15 tracks released in 2018). <br> <b>Price for CD:<\/b><br>79,00 DKK excl. tax, <br> 98,75 DKK incl. tax<br>+ postal delivery.<\/span><\/label><\/li><li class=\"choice-4 depth-1 wpforms-image-choices-item\"><label class=\"wpforms-field-label-inline\" for=\"wpforms-1050-field_5_4\" tabindex=\"0\"><span class=\"wpforms-image-choices-image\"><img decoding=\"async\" src=\"http:\/\/heinesen.fo\/wp-content\/uploads\/2023\/08\/Elin-Kari-Nalja-HJF051.png\" alt=\"ORDER CD: &lt;br&gt;&lt;b&gt;NALJA&lt;\/b&gt; &lt;br&gt;Elin &amp; K\u00e1ri &lt;br&gt; (10 tracks released in 1998). &lt;br&gt; &lt;b&gt;Price for CD:&lt;\/b&gt;&lt;br&gt;79,00 DKK excl. tax,&lt;br&gt;98,75 DKK incl. tax&lt;br&gt;+ postal delivery.\" title=\"ORDER CD: &lt;br&gt;&lt;b&gt;NALJA&lt;\/b&gt; &lt;br&gt;Elin &amp; K\u00e1ri &lt;br&gt; (10 tracks released in 1998). &lt;br&gt; &lt;b&gt;Price for CD:&lt;\/b&gt;&lt;br&gt;79,00 DKK excl. tax,&lt;br&gt;98,75 DKK incl. tax&lt;br&gt;+ postal delivery.\"><\/span><input type=\"checkbox\" id=\"wpforms-1050-field_5_4\" class=\"wpforms-screen-reader-element\" name=\"wpforms[fields][5][]\" value=\"ORDER CD: &lt;br&gt;&lt;b&gt;NALJA&lt;\/b&gt; &lt;br&gt;Elin &amp; K\u00e1ri &lt;br&gt; (10 tracks released in 1998). &lt;br&gt; &lt;b&gt;Price for CD:&lt;\/b&gt;&lt;br&gt;79,00 DKK excl. tax,&lt;br&gt;98,75 DKK incl. tax&lt;br&gt;+ postal delivery.\" aria-errormessage=\"wpforms-1050-field_5_4-error\" aria-describedby=\"wpforms-1050-field_5-description\" tabindex=\"-1\" required ><span class=\"wpforms-image-choices-label\">ORDER CD: <br><b>NALJA<\/b> <br>Elin &amp; K\u00e1ri <br> (10 tracks released in 1998). <br> <b>Price for CD:<\/b><br>79,00 DKK excl. tax,<br>98,75 DKK incl. tax<br>+ postal delivery.<\/span><\/label><\/li><\/ul><div id=\"wpforms-1050-field_5-description\" class=\"wpforms-field-description\">OBS! OBS! <br>In order to buy one or more of Elin Brimheim Heinesen's albums: <\/br>\r\n1. Click on the album\/s above that you want to order. <\/br>\r\nNOTE! You can pre-order Elin's upcoming album \"Eitt d\u00fdpi av d\u00fdrari  t\u00ed\u00f0 \/ A Chasm of Precious Time\", which will be released later in 2023. <\/br> \r\n2. Then enter how many of which you want to buy in the field below. Kindly remember also to inform if you want CD's and\/or LP's.\r\n<\/div><\/fieldset><\/div><div id=\"wpforms-1050-field_6-container\" class=\"wpforms-field wpforms-field-textarea\" data-field-id=\"6\"><label class=\"wpforms-field-label\" for=\"wpforms-1050-field_6\">Number of items <span class=\"wpforms-required-label\" aria-hidden=\"true\">*<\/span><\/label><textarea id=\"wpforms-1050-field_6\" class=\"wpforms-field-small wpforms-field-required\" name=\"wpforms[fields][6]\" placeholder=\"Write how many of which album you want to buy. Please define - example: 1 LP Eitt d\u00fdpi av d\u00fdrari t\u00ed\u00f0\" aria-errormessage=\"wpforms-1050-field_6-error\" aria-describedby=\"wpforms-1050-field_6-description\" required><\/textarea><div id=\"wpforms-1050-field_6-description\" class=\"wpforms-field-description\">1. When we receive your order you will get a confirmation email stating that your order is registered. <\/br>\r\n2. In the confirmation email there will be information about the payment terms. <\/br>\r\n3. Please transfer the correct amount to the bank account, stated in the confirmation email. <\/br>\r\n4. When your payment is registered, the ordered items are on their way to you.<\/div><\/div><\/div><!-- .wpforms-field-container --><div class=\"wpforms-submit-container\" ><input type=\"hidden\" name=\"wpforms[id]\" value=\"1050\"><input type=\"hidden\" name=\"page_title\" value=\"\"><input type=\"hidden\" name=\"page_url\" value=\"https:\/\/heinesen.fo\/en\/index.php\/wp-json\/wp\/v2\/pages\/1064\"><input type=\"hidden\" name=\"url_referer\" value=\"\"><button type=\"submit\" name=\"wpforms[submit]\" id=\"wpforms-submit-1050\" class=\"wpforms-submit\" data-alt-text=\"Sending...\" data-submit-text=\"Submit\" aria-live=\"assertive\" value=\"wpforms-submit\">Submit<\/button><img loading=\"lazy\" decoding=\"async\" src=\"https:\/\/heinesen.fo\/wp-content\/plugins\/wpforms-lite\/assets\/images\/submit-spin.svg\" class=\"wpforms-submit-spinner\" style=\"display: none;\" width=\"26\" height=\"26\" alt=\"Loading\"><\/div><\/form><\/div>  <!-- .wpforms-container -->\n","protected":false},"excerpt":{"rendered":"<p>ORDER FORM<\/p>\n","protected":false},"author":1,"featured_media":1717,"parent":0,"menu_order":0,"comment_status":"closed","ping_status":"closed","template":"","meta":{"footnotes":""},"class_list":["post-1064","page","type-page","status-publish","format-standard","has-post-thumbnail","hentry"],"_links":{"self":[{"href":"https:\/\/heinesen.fo\/en\/index.php\/wp-json\/wp\/v2\/pages\/1064","targetHints":{"allow":["GET"]}}],"collection":[{"href":"https:\/\/heinesen.fo\/en\/index.php\/wp-json\/wp\/v2\/pages"}],"about":[{"href":"https:\/\/heinesen.fo\/en\/index.php\/wp-json\/wp\/v2\/types\/page"}],"author":[{"embeddable":true,"href":"https:\/\/heinesen.fo\/en\/index.php\/wp-json\/wp\/v2\/users\/1"}],"replies":[{"embeddable":true,"href":"https:\/\/heinesen.fo\/en\/index.php\/wp-json\/wp\/v2\/comments?post=1064"}],"version-history":[{"count":5,"href":"https:\/\/heinesen.fo\/en\/index.php\/wp-json\/wp\/v2\/pages\/1064\/revisions"}],"predecessor-version":[{"id":3539,"href":"https:\/\/heinesen.fo\/en\/index.php\/wp-json\/wp\/v2\/pages\/1064\/revisions\/3539"}],"wp:featuredmedia":[{"embeddable":true,"href":"https:\/\/heinesen.fo\/en\/index.php\/wp-json\/wp\/v2\/media\/1717"}],"wp:attachment":[{"href":"https:\/\/heinesen.fo\/en\/index.php\/wp-json\/wp\/v2\/media?parent=1064"}],"curies":[{"name":"wp","href":"https:\/\/api.w.org\/{rel}","templated":true}]}}