{"id":1078,"date":"2023-08-28T19:52:45","date_gmt":"2023-08-28T19:52:45","guid":{"rendered":"https:\/\/heinesen.fo\/?page_id=1078"},"modified":"2023-10-30T11:46:20","modified_gmt":"2023-10-30T11:46:20","slug":"published-music","status":"publish","type":"page","link":"https:\/\/heinesen.fo\/en\/index.php\/published-music\/","title":{"rendered":"PUBLISHED MUSIC"},"content":{"rendered":"<p>ELIN BRIMHEIM HEINESEN has released four albums &#8211; alone or together with others, in addition to playing a role in several music productions made by others.<\/p>\n<h3>ALBUMS<\/h3>\n<p>In 1988 ELIN &amp; K\u00c1RI published their debut album <em>NALJA<\/em> &#8211; with five of ten tracks written and composed by Elin and the other five by K\u00e1ri. These songs have been very well received and popular in the Faroes and still get a lot of airplay in Faroese radio. One could rightfully claim they have become classics.<br \/>\nGet more details <a href=\"https:\/\/heinesen.fo\/en\/index.php\/published-music\/album-nalja\/\">HERE<\/a>.<\/p>\n<p>In 2010 Elin published the album <em>Yndisl\u00f8g &#8211; ein fer\u00f0 aftur \u00ed farnar t\u00ed\u00f0ir \/ Treasured Songs &#8211; A Trip Down Memory Lane<\/em> together with the band Ad Libitum with 15 old evergreens of which most were translated to Faroese by Elin. The album was a tribute to her mother and uncle, who both died of cancer.<br \/>\nGet more details <a href=\"https:\/\/heinesen.fo\/en\/index.php\/published-music\/album-yndisloeg-treasured-songs\/\">HERE<\/a>.<\/p>\n<p>In early 2018 Elin finally went to a studio to record her first solo album \u2013 <em>Handan stj\u00f8rnurnar<\/em> (Beyond The Stars) solely with her own music &#8211; 12 tracks with compositons and lyrics by Elin. The album was released on July 7th in 2018. Elin threw a big release party, which was also her birthday party. She turned 60 just a few days earlier.<br \/>\nGet more details <a title=\"Musical career\" href=\"https:\/\/heinesen.fo\/en\/index.php\/published-music\/album-handan-stjoernurnar\/\">HERE<\/a>.<\/p>\n<p>In November 2023, Elin released an album with 12 tracks &#8211; six songs with lyrics in Faroese + the same six songs with lyrics in English. The album has been given the title <em>Eitt d\u00fdpi av d\u00fdrari t\u00ed\u00f0 \/ A Chasm of Precious Time<\/em> after the oldest song that Elin composed for a poem by her father, the writer Jens Pauli Heinesen. The song is on this album in an updated mix. Elin has also composed the other five songs to poems by her father, all of which have been arranged for symphony orchestra and choir by the Italian composer Enzo De Rosa, while the sixth song, <em>Eitt d\u00fdpi av d\u00fdrari t\u00ed\u00f0<\/em>, has been arranged by the Danish film composer S\u00f8ren Hyldgaard.<br \/>\nGet more details <a href=\"https:\/\/heinesen.fo\/en\/index.php\/published-music\/album-eitt-dypi-av-dyrari-tid\/\">HERE<\/a>.<\/p>\n<h3>OTHER MUSIC PRODUCTIONS<\/h3>\n<p>See Elin Brimheim Heinesen&#8217;s whole discography <a href=\"https:\/\/heinesen.fo\/en\/index.php\/published-music\/discography\/\">HERE<\/a>.<\/p>\n<h3>PLAYLIST<\/h3>\n<p>Listen to a playlist with songs by or with Elin Brimheim Heinesen:<br \/>\n<iframe loading=\"lazy\" style=\"border-radius: 12px;\" src=\"https:\/\/open.spotify.com\/embed\/playlist\/2wT1sSwBBKTu1Lw1Lh35ul?utm_source=generator\" width=\"100%\" height=\"352\" frameborder=\"0\" allowfullscreen=\"allowfullscreen\"><\/iframe><\/p>\n","protected":false},"excerpt":{"rendered":"<p>ELIN BRIMHEIM HEINESEN has released four albums &#8211; alone or together with others, in addition to playing a role in several music productions made by others. ALBUMS In 1988 ELIN &amp; K\u00c1RI published their debut album NALJA &#8211; with five of ten tracks written and composed by Elin and the other five by K\u00e1ri. These&hellip;<\/p>\n","protected":false},"author":1,"featured_media":1765,"parent":0,"menu_order":0,"comment_status":"closed","ping_status":"closed","template":"","meta":{"footnotes":""},"class_list":["post-1078","page","type-page","status-publish","format-standard","has-post-thumbnail","hentry"],"_links":{"self":[{"href":"https:\/\/heinesen.fo\/en\/index.php\/wp-json\/wp\/v2\/pages\/1078","targetHints":{"allow":["GET"]}}],"collection":[{"href":"https:\/\/heinesen.fo\/en\/index.php\/wp-json\/wp\/v2\/pages"}],"about":[{"href":"https:\/\/heinesen.fo\/en\/index.php\/wp-json\/wp\/v2\/types\/page"}],"author":[{"embeddable":true,"href":"https:\/\/heinesen.fo\/en\/index.php\/wp-json\/wp\/v2\/users\/1"}],"replies":[{"embeddable":true,"href":"https:\/\/heinesen.fo\/en\/index.php\/wp-json\/wp\/v2\/comments?post=1078"}],"version-history":[{"count":12,"href":"https:\/\/heinesen.fo\/en\/index.php\/wp-json\/wp\/v2\/pages\/1078\/revisions"}],"predecessor-version":[{"id":3328,"href":"https:\/\/heinesen.fo\/en\/index.php\/wp-json\/wp\/v2\/pages\/1078\/revisions\/3328"}],"wp:featuredmedia":[{"embeddable":true,"href":"https:\/\/heinesen.fo\/en\/index.php\/wp-json\/wp\/v2\/media\/1765"}],"wp:attachment":[{"href":"https:\/\/heinesen.fo\/en\/index.php\/wp-json\/wp\/v2\/media?parent=1078"}],"curies":[{"name":"wp","href":"https:\/\/api.w.org\/{rel}","templated":true}]}}