{"id":1269,"date":"2023-08-31T10:59:16","date_gmt":"2023-08-31T10:59:16","guid":{"rendered":"https:\/\/heinesen.fo\/?page_id=1269"},"modified":"2025-05-12T11:13:52","modified_gmt":"2025-05-12T10:13:52","slug":"1980-1990","status":"publish","type":"page","link":"https:\/\/heinesen.fo\/en\/index.php\/musical-career\/1980-1990\/","title":{"rendered":"1980 &#8211; 1990"},"content":{"rendered":"<p><a name=\"MusicalTheatre\"><\/a><\/p>\n<h3>MUSICAL \/ THEATRE: &#8220;SEYMISTOVAN&#8221;<\/h3>\n<p>In the early eighties Elin performed as a singer in the music theatre play \u201cSeymistovan\u201d which played for full houses more than forty times.<\/p>\n<p><em>Here are all the actors on stage in the theatre, Sj\u00f3nleikarh\u00fasi\u00f0:<\/em><\/p>\n<p style=\"text-align: center;\"><img loading=\"lazy\" decoding=\"async\" class=\"alignnone size-full wp-image-159\" src=\"http:\/\/heinesen.fo\/wp-content\/uploads\/2023\/08\/Seymistovan_crew-1024x781-1.jpg\" alt=\"\" width=\"1024\" height=\"781\" srcset=\"https:\/\/heinesen.fo\/wp-content\/uploads\/2023\/08\/Seymistovan_crew-1024x781-1.jpg 1024w, https:\/\/heinesen.fo\/wp-content\/uploads\/2023\/08\/Seymistovan_crew-1024x781-1-300x229.jpg 300w, https:\/\/heinesen.fo\/wp-content\/uploads\/2023\/08\/Seymistovan_crew-1024x781-1-768x586.jpg 768w\" sizes=\"auto, (max-width: 1024px) 100vw, 1024px\" \/><\/p>\n<p>&nbsp;<\/p>\n<h3>MUSICAL ACTIVITIES IN \u00c5RHUS IN THE 80\u2019IES<\/h3>\n<p>In the mid-eighties she was living in \u00c5rhus in Denmark \u2013 for a short while she sang and played keyboards in a rock band with the brothers Kaj &amp; Karl Anton Klein a.o. and participated on a recording (published as MC) with them.<\/p>\n<p><em>Here is a photo from a party in \u00c5rhus \u2013 first one with Kaj Klein on guitar and J\u00e1kup Thomsen on keyboard, and the second one with Karl Anton Klein on guitar, Emil ? on bass and Edvard Nyholm Debess on drums, in 1983:<\/em><\/p>\n<p style=\"text-align: center;\"><img loading=\"lazy\" decoding=\"async\" class=\"alignnone size-large wp-image-139\" src=\"http:\/\/heinesen.fo\/wp-content\/uploads\/2023\/08\/KajKlein_JakupThomsen_1984-696x1024.jpg\" alt=\"\" width=\"696\" height=\"1024\" srcset=\"https:\/\/heinesen.fo\/wp-content\/uploads\/2023\/08\/KajKlein_JakupThomsen_1984-696x1024.jpg 696w, https:\/\/heinesen.fo\/wp-content\/uploads\/2023\/08\/KajKlein_JakupThomsen_1984-204x300.jpg 204w, https:\/\/heinesen.fo\/wp-content\/uploads\/2023\/08\/KajKlein_JakupThomsen_1984-768x1130.jpg 768w, https:\/\/heinesen.fo\/wp-content\/uploads\/2023\/08\/KajKlein_JakupThomsen_1984.jpg 1026w\" sizes=\"auto, (max-width: 696px) 100vw, 696px\" \/><\/p>\n<p style=\"text-align: center;\"><img loading=\"lazy\" decoding=\"async\" class=\"alignnone size-full wp-image-141\" src=\"http:\/\/heinesen.fo\/wp-content\/uploads\/2023\/08\/KarlAntonKlein_EdvardDebess_1984-1024x686-1.jpg\" alt=\"\" width=\"1024\" height=\"686\" srcset=\"https:\/\/heinesen.fo\/wp-content\/uploads\/2023\/08\/KarlAntonKlein_EdvardDebess_1984-1024x686-1.jpg 1024w, https:\/\/heinesen.fo\/wp-content\/uploads\/2023\/08\/KarlAntonKlein_EdvardDebess_1984-1024x686-1-300x201.jpg 300w, https:\/\/heinesen.fo\/wp-content\/uploads\/2023\/08\/KarlAntonKlein_EdvardDebess_1984-1024x686-1-768x515.jpg 768w\" sizes=\"auto, (max-width: 1024px) 100vw, 1024px\" \/><\/p>\n<p style=\"text-align: left;\">Elin also conducted a small Faroese choir in \u00c5rhus at the same time &#8211; and a little a capella quartet for a short time.<\/p>\n<p><a name=\"SeveralAlbums\"><\/a><\/p>\n<h3>ELIN CONTRIBUTED TO SEVERAL ALBUMS IN THE 80&#8217;s<\/h3>\n<p>In the eighties Elin participated as a singer (mostly as backing choir) on several music album recordings with various artists. She sang backing choir on several songs on the abum <a href=\"https:\/\/open.spotify.com\/album\/75l3b9dJa4XE4X4a6yO6Yn?si=N7G_nka8TY6eUkqeniHz2Q\" target=\"_blank\" rel=\"noopener\">SKOT by Kaj Klein<\/a>.<\/p>\n<p>The best known album is \u201cBl\u00e1tt\u201d by J\u00e1kup Marner Antoniussen, where she \u2013 among other songs \u2013 sang duet with J\u00e1kup Marner in the hit song <a href=\"https:\/\/open.spotify.com\/track\/6rgvjJKDrenWYVglS7Bwpb?si=84da59c9d46a450b\" target=\"_blank\" rel=\"noopener\">\u201cT\u00fa og eg\u201d<\/a>.<\/p>\n<p>Another duet song also became a hit on the Faroe Islands \u2013 \u201cMeg minnist eina mynd\u201d by Hans Andrias Djurhuus, which Elin sang together with J\u00f3gvan Telling.<\/p>\n<p>She also sang choir on the hit song <a href=\"https:\/\/open.spotify.com\/track\/4veLxC71LeSh3I5rlX0n1D?si=6e6aea8f49b44966\" target=\"_blank\" rel=\"noopener\">\u201cL\u00edtli fuglur\u201d by Anfinn T. Hansen<\/a>.<\/p>\n<p>Elin has also sung several popular childrens songs on the Faroese public radio.<\/p>\n<p><a name=\"Nalja\"><\/a><\/p>\n<h3>THE TWO MAN POP BAND NALJA<\/h3>\n<p>In 1984 Elin and Faroese composer\/producer K\u00e1ri Jacobsen met at a party. Elin was 26 years old at the time, and K\u00e1ri only 16! Even though they were ten years apart and came from very different musical backgrounds, they found out that their chemistry was perfect.<\/p>\n<p><em>Here is a photo of Elin &amp; K\u00e1ri from the actual party, when they met the first time:<\/em><\/p>\n<p style=\"text-align: center;\"><img loading=\"lazy\" decoding=\"async\" class=\"alignnone size-full wp-image-113\" src=\"http:\/\/heinesen.fo\/wp-content\/uploads\/2023\/08\/Elin_og_Kari_1984.jpg\" alt=\"\" width=\"960\" height=\"641\" srcset=\"https:\/\/heinesen.fo\/wp-content\/uploads\/2023\/08\/Elin_og_Kari_1984.jpg 960w, https:\/\/heinesen.fo\/wp-content\/uploads\/2023\/08\/Elin_og_Kari_1984-300x200.jpg 300w, https:\/\/heinesen.fo\/wp-content\/uploads\/2023\/08\/Elin_og_Kari_1984-768x513.jpg 768w\" sizes=\"auto, (max-width: 960px) 100vw, 960px\" \/><\/p>\n<p>Shortly after they formed a two man pop band \u201cElin &amp; K\u00e1ri\u201d, and in the summer of 1988 they published an album on music cassette called \u201cNALJA\u201d on the Faroe Islands. They wrote, composed and arranged all the music themselves, but Faroese legendary music producer, \u00d3li Poulsen, helped them produce the album. There were 10 tracks on the album. 5 by K\u00e1ri Linderoth Jacobsen and 5 by Elin Brimheim Heinesen.<\/p>\n<p>The songs on the pop album \u201cNALJA\u201d were kind of a reaction against all the political correctness in music, which was very common at the time. Elin has always insisted on making music, that has a right in itself \u2013 and not <i>only<\/i> as a mean to promote something else\u2026 anything else but true feelings whether it is joy and happiness or sadness and despair.<\/p>\n<p>The album \u201cNALJA&#8221; was a pop album, which in a way was typical for the eighties with its Simmons Drums and other typical sounds for that time. It therefore reminded in many ways of other pop albums from that time. BUT it was also quite unique in a very \u2018Faroese\u2019 way, and became very popular as such. The songs on the album &#8211; which was re-released on CD in 1998 &#8211; still get a lot af air play at the Faroese radio channels.<\/p>\n<p><em>Here is a photo of Elin, \u00d3li and K\u00e1ri from the Bl\u00f8ndal studio in Copenhagen:<\/em><\/p>\n<p style=\"text-align: center;\"><img loading=\"lazy\" decoding=\"async\" class=\"alignnone size-full wp-image-258\" src=\"http:\/\/heinesen.fo\/wp-content\/uploads\/2023\/08\/Elin_og_Kari_og_OliPoulsen_i_BloendalStudio-2.jpg\" alt=\"\" width=\"900\" height=\"620\" srcset=\"https:\/\/heinesen.fo\/wp-content\/uploads\/2023\/08\/Elin_og_Kari_og_OliPoulsen_i_BloendalStudio-2.jpg 900w, https:\/\/heinesen.fo\/wp-content\/uploads\/2023\/08\/Elin_og_Kari_og_OliPoulsen_i_BloendalStudio-2-300x207.jpg 300w, https:\/\/heinesen.fo\/wp-content\/uploads\/2023\/08\/Elin_og_Kari_og_OliPoulsen_i_BloendalStudio-2-768x529.jpg 768w\" sizes=\"auto, (max-width: 900px) 100vw, 900px\" \/><\/p>\n<p style=\"text-align: left;\"><em>The MC-cover from 1988:<\/em><\/p>\n<p style=\"text-align: center;\"><img loading=\"lazy\" decoding=\"async\" class=\"alignnone size-full wp-image-336\" src=\"http:\/\/heinesen.fo\/wp-content\/uploads\/2023\/08\/elin-heinesen-and-kari-jacobsen-nalja-Cover-Art.jpg\" alt=\"\" width=\"385\" height=\"600\" srcset=\"https:\/\/heinesen.fo\/wp-content\/uploads\/2023\/08\/elin-heinesen-and-kari-jacobsen-nalja-Cover-Art.jpg 385w, https:\/\/heinesen.fo\/wp-content\/uploads\/2023\/08\/elin-heinesen-and-kari-jacobsen-nalja-Cover-Art-193x300.jpg 193w\" sizes=\"auto, (max-width: 385px) 100vw, 385px\" \/><\/p>\n<p><em>And here is a photo of Elin &amp; K\u00e1ri from a photo shoot shot in 1988 in connection with the release of their album NALJA:<\/em><\/p>\n<p><img loading=\"lazy\" decoding=\"async\" class=\"size-full wp-image-261 aligncenter\" src=\"http:\/\/heinesen.fo\/wp-content\/uploads\/2023\/08\/Elin_og_Kari_plakat-2-1024x817-1.jpg\" alt=\"\" width=\"1024\" height=\"817\" srcset=\"https:\/\/heinesen.fo\/wp-content\/uploads\/2023\/08\/Elin_og_Kari_plakat-2-1024x817-1.jpg 1024w, https:\/\/heinesen.fo\/wp-content\/uploads\/2023\/08\/Elin_og_Kari_plakat-2-1024x817-1-300x239.jpg 300w, https:\/\/heinesen.fo\/wp-content\/uploads\/2023\/08\/Elin_og_Kari_plakat-2-1024x817-1-768x613.jpg 768w\" sizes=\"auto, (max-width: 1024px) 100vw, 1024px\" \/><\/p>\n<p>&nbsp;<\/p>\n<hr \/>\n<p>Go on to <a href=\"https:\/\/heinesen.fo\/index.php\/tonleikayrkisleid\/1990-2000\/\">1990-2000<\/a><\/p>\n","protected":false},"excerpt":{"rendered":"<p>MUSICAL \/ THEATRE: &#8220;SEYMISTOVAN&#8221; In the early eighties Elin performed as a singer in the music theatre play \u201cSeymistovan\u201d which played for full houses more than forty times. Here are all the actors on stage in the theatre, Sj\u00f3nleikarh\u00fasi\u00f0: &nbsp; MUSICAL ACTIVITIES IN \u00c5RHUS IN THE 80\u2019IES In the mid-eighties she was living in \u00c5rhus&hellip;<\/p>\n","protected":false},"author":1,"featured_media":1480,"parent":23,"menu_order":3,"comment_status":"closed","ping_status":"closed","template":"","meta":{"footnotes":""},"class_list":["post-1269","page","type-page","status-publish","format-standard","has-post-thumbnail","hentry"],"_links":{"self":[{"href":"https:\/\/heinesen.fo\/en\/index.php\/wp-json\/wp\/v2\/pages\/1269","targetHints":{"allow":["GET"]}}],"collection":[{"href":"https:\/\/heinesen.fo\/en\/index.php\/wp-json\/wp\/v2\/pages"}],"about":[{"href":"https:\/\/heinesen.fo\/en\/index.php\/wp-json\/wp\/v2\/types\/page"}],"author":[{"embeddable":true,"href":"https:\/\/heinesen.fo\/en\/index.php\/wp-json\/wp\/v2\/users\/1"}],"replies":[{"embeddable":true,"href":"https:\/\/heinesen.fo\/en\/index.php\/wp-json\/wp\/v2\/comments?post=1269"}],"version-history":[{"count":7,"href":"https:\/\/heinesen.fo\/en\/index.php\/wp-json\/wp\/v2\/pages\/1269\/revisions"}],"predecessor-version":[{"id":4109,"href":"https:\/\/heinesen.fo\/en\/index.php\/wp-json\/wp\/v2\/pages\/1269\/revisions\/4109"}],"up":[{"embeddable":true,"href":"https:\/\/heinesen.fo\/en\/index.php\/wp-json\/wp\/v2\/pages\/23"}],"wp:featuredmedia":[{"embeddable":true,"href":"https:\/\/heinesen.fo\/en\/index.php\/wp-json\/wp\/v2\/media\/1480"}],"wp:attachment":[{"href":"https:\/\/heinesen.fo\/en\/index.php\/wp-json\/wp\/v2\/media?parent=1269"}],"curies":[{"name":"wp","href":"https:\/\/api.w.org\/{rel}","templated":true}]}}