{"id":1384,"date":"2023-09-02T00:08:28","date_gmt":"2023-09-02T00:08:28","guid":{"rendered":"https:\/\/heinesen.fo\/?page_id=1384"},"modified":"2024-03-06T19:36:33","modified_gmt":"2024-03-06T19:36:33","slug":"2000-2010","status":"publish","type":"page","link":"https:\/\/heinesen.fo\/en\/index.php\/musical-career\/2000-2010\/","title":{"rendered":"2000 &#8211; 2010"},"content":{"rendered":"<h3>ELIN\u2019S MOST POPULAR SONG IN A NEW VERSION<\/h3>\n<p>\u201cEITT D\u00ddPI AV D\u00ddRARI T\u00cd\u00d0\u201d (In english: \u201cA Chasm of Precious Time\u201d) is the title of one of the most popular songs on the NALJA album. Elin wrote and arranged the music to the song, and her father, the Faroese author Jens Pauli Heinesen, wrote the lyrics.<\/p>\n<p>In 2002 the song was rearranged by the Danish Film composer S\u00f8ren Hyldgaard and was recorded with City of Prague Philharmonic Orchestra under conduction of Mario Klemens. Elin sang as a soloist backed up by T\u00f3rshavnar Mansk\u00f3r (T\u00f3rshavn Mens Choir) under conduction of Bjarni Restorff.<\/p>\n<p>The song was published in a TV film by Gulla \u00d8regaard about Elin\u2019s father \u2013 the author Jens Pauli Heinesen, and shown on Faroese public TV in celebration of his 70 years birthday.<\/p>\n<p>Read more <a href=\"https:\/\/heinesen.fo\/index.php\/a-popular-song\/\">HERE<\/a>.<\/p>\n<p>Listen to the original version of the song:<\/p>\n<audio class=\"wp-audio-shortcode\" id=\"audio-1384-1\" preload=\"none\" style=\"width: 100%;\" controls=\"controls\"><source type=\"audio\/mpeg\" src=\"http:\/\/heinesen.fo\/wp-content\/uploads\/2023\/08\/05-Eitt-Dypi-Av-Dyrari-Tid.mp3?_=1\" \/><a href=\"http:\/\/heinesen.fo\/wp-content\/uploads\/2023\/08\/05-Eitt-Dypi-Av-Dyrari-Tid.mp3\">http:\/\/heinesen.fo\/wp-content\/uploads\/2023\/08\/05-Eitt-Dypi-Av-Dyrari-Tid.mp3<\/a><\/audio>\n<p>Listen to the symphonic version of the song<span class=\"mejs-offscreen\">:<\/span><\/p>\n<audio class=\"wp-audio-shortcode\" id=\"audio-1384-2\" preload=\"none\" style=\"width: 100%;\" controls=\"controls\"><source type=\"audio\/mpeg\" src=\"http:\/\/heinesen.fo\/wp-content\/uploads\/2023\/08\/Eitt_dypi_av_dyrari_tid.mp3?_=2\" \/><a href=\"http:\/\/heinesen.fo\/wp-content\/uploads\/2023\/08\/Eitt_dypi_av_dyrari_tid.mp3\">http:\/\/heinesen.fo\/wp-content\/uploads\/2023\/08\/Eitt_dypi_av_dyrari_tid.mp3<\/a><\/audio>\n<h3>ELIN\u2019S MUSICAL COME-BACK<\/h3>\n<p>For almost 20 years Elin did not appear much in public as a musician \u2013 not since the early nineties. She became a mother in 1990, and for a long time she had a busy career in Denmark in culture administration, marketing and journalism \u2013 so she hadn\u2019t the time to pursue a musical career also.<\/p>\n<p>But in 2005 she finally went into a studio to record eight songs together with her uncle Svenn Brimheim, who was a well known guitar player on the Faroe Islands, and with the band he played in, Ad Libitum, which was a very popular easy listening folk band on the Faroe Islands, mostly playing classical evergreens. They planned to record a number of other songs later, and the album was intended to be released in 2006, but Svenn unfortunately died in the spring of 2006, before they could make the rest of the recordings. Later \u2013 in 2007 \u2013 Elin went into the studio with the rest of the band to record the seven remaining song.<\/p>\n<p>The album got the title \u201cYndisl\u00f8g \u2013 Ein fer\u00f0 aftur \u00ed farnar t\u00ed\u00f0ir\u201d (Treasured songs \u2013 A trip down memory lane) and contains 15 of hers, her uncles and mothers favorite songs, most of them evergreens from the sixties, translated to Faroese by Elin herself and others. Eight of the songs were recorded live in a studio at the Faroese public radio station in September 2005 with Svenn and Ad Libitum. The remaining seven tracks were recorded with the band \u2013 but without Svenn.<\/p>\n<p>But it took a long time for the album to be released due to some copyright issues. More info about that <a href=\"https:\/\/heinesen.fo\/index.php\/published-music\/album-yndisloeg-treasured-songs\/\">HERE<\/a>.<\/p>\n<h3>PHOTOS FROM CONCERTS 2007-2010<\/h3>\n<p>Here are some photos from different performances:<\/p>\n<p><em>Elin with Ad Libitum in 2007 &#8211; Christmas in Mi\u00f0lah\u00fasi\u00f0 \/ Sosialurin in T\u00f3rshavn\u00a0:<\/em><\/p>\n<p style=\"text-align: center;\"><img loading=\"lazy\" decoding=\"async\" class=\"alignnone size-full wp-image-88\" src=\"http:\/\/heinesen.fo\/wp-content\/uploads\/2023\/08\/Ad_Libitum_og_Elin_Sosialurin_jolakonsert2007.jpg\" alt=\"\" width=\"400\" height=\"279\" srcset=\"https:\/\/heinesen.fo\/wp-content\/uploads\/2023\/08\/Ad_Libitum_og_Elin_Sosialurin_jolakonsert2007.jpg 400w, https:\/\/heinesen.fo\/wp-content\/uploads\/2023\/08\/Ad_Libitum_og_Elin_Sosialurin_jolakonsert2007-300x209.jpg 300w\" sizes=\"auto, (max-width: 400px) 100vw, 400px\" \/><\/p>\n<p><em>Elin with Ad Libitum in 2008 &#8211; Concert in Mi\u00f0lah\u00fasi\u00f0, when the paper Sosialurin had its 80th birthday:<\/em><\/p>\n<p style=\"text-align: center;\"><img loading=\"lazy\" decoding=\"async\" class=\"alignnone size-full wp-image-86\" src=\"http:\/\/heinesen.fo\/wp-content\/uploads\/2023\/08\/Ad_Libitum_og_Elin_Sosialurin_80ar_juli2008.jpg\" alt=\"\" width=\"450\" height=\"338\" srcset=\"https:\/\/heinesen.fo\/wp-content\/uploads\/2023\/08\/Ad_Libitum_og_Elin_Sosialurin_80ar_juli2008.jpg 450w, https:\/\/heinesen.fo\/wp-content\/uploads\/2023\/08\/Ad_Libitum_og_Elin_Sosialurin_80ar_juli2008-300x225.jpg 300w\" sizes=\"auto, (max-width: 450px) 100vw, 450px\" \/><\/p>\n<p><em>Elin playing with Jens Marni Hansen at a friend&#8217;s 50 year birthday party in 2008:<\/em><\/p>\n<p style=\"text-align: center;\"><img loading=\"lazy\" decoding=\"async\" class=\"alignnone size-full wp-image-148\" src=\"http:\/\/heinesen.fo\/wp-content\/uploads\/2023\/08\/n1463510092_38243_7552.jpg\" alt=\"\" width=\"604\" height=\"453\" srcset=\"https:\/\/heinesen.fo\/wp-content\/uploads\/2023\/08\/n1463510092_38243_7552.jpg 604w, https:\/\/heinesen.fo\/wp-content\/uploads\/2023\/08\/n1463510092_38243_7552-300x225.jpg 300w\" sizes=\"auto, (max-width: 604px) 100vw, 604px\" \/><\/p>\n<p><em>And here is their performance at the same party:<\/em><\/p>\n<p style=\"text-align: center;\"><iframe loading=\"lazy\" src=\"https:\/\/www.youtube.com\/embed\/lZGfI3_hLhg?start=36\" width=\"640\" height=\"360\" frameborder=\"0\" allowfullscreen=\"allowfullscreen\" data-mce-fragment=\"1\"><span data-mce-type=\"bookmark\" style=\"display: inline-block; width: 0px; overflow: hidden; line-height: 0;\" class=\"mce_SELRES_start\">\ufeff<\/span><\/iframe><\/p>\n<p><em>Elin playing with Benjamin Petersen (Son of Fortune) in T\u00f8ting in G\u00f8ta in 2009:<\/em><\/p>\n<p style=\"text-align: center;\"><img loading=\"lazy\" decoding=\"async\" class=\"alignnone size-full wp-image-79\" src=\"http:\/\/heinesen.fo\/wp-content\/uploads\/2023\/08\/227857_223158787698292_128611720486333_1022106_7528379_n.jpg\" alt=\"\" width=\"720\" height=\"405\" srcset=\"https:\/\/heinesen.fo\/wp-content\/uploads\/2023\/08\/227857_223158787698292_128611720486333_1022106_7528379_n.jpg 720w, https:\/\/heinesen.fo\/wp-content\/uploads\/2023\/08\/227857_223158787698292_128611720486333_1022106_7528379_n-300x169.jpg 300w\" sizes=\"auto, (max-width: 720px) 100vw, 720px\" \/><\/p>\n<p><img loading=\"lazy\" decoding=\"async\" class=\"size-full wp-image-81 aligncenter\" src=\"http:\/\/heinesen.fo\/wp-content\/uploads\/2023\/08\/229707_223158851031619_128611720486333_1022110_4536746_n.jpg\" alt=\"\" width=\"720\" height=\"405\" srcset=\"https:\/\/heinesen.fo\/wp-content\/uploads\/2023\/08\/229707_223158851031619_128611720486333_1022110_4536746_n.jpg 720w, https:\/\/heinesen.fo\/wp-content\/uploads\/2023\/08\/229707_223158851031619_128611720486333_1022110_4536746_n-300x169.jpg 300w\" sizes=\"auto, (max-width: 720px) 100vw, 720px\" \/><\/p>\n<p><em>Elin and Ad Libitum at Ment\u00f3n concert in Reinsar\u00edi\u00f0 summer 2010:<\/em><\/p>\n<p style=\"text-align: center;\"><img loading=\"lazy\" decoding=\"async\" class=\"alignnone size-large wp-image-146\" src=\"http:\/\/heinesen.fo\/wp-content\/uploads\/2023\/08\/menton2010_elin_b_heinesen_og_ad_libitum2-1024x764.jpg\" alt=\"\" width=\"1024\" height=\"764\" srcset=\"https:\/\/heinesen.fo\/wp-content\/uploads\/2023\/08\/menton2010_elin_b_heinesen_og_ad_libitum2-1024x764.jpg 1024w, https:\/\/heinesen.fo\/wp-content\/uploads\/2023\/08\/menton2010_elin_b_heinesen_og_ad_libitum2-300x224.jpg 300w, https:\/\/heinesen.fo\/wp-content\/uploads\/2023\/08\/menton2010_elin_b_heinesen_og_ad_libitum2-768x573.jpg 768w, https:\/\/heinesen.fo\/wp-content\/uploads\/2023\/08\/menton2010_elin_b_heinesen_og_ad_libitum2-1536x1145.jpg 1536w, https:\/\/heinesen.fo\/wp-content\/uploads\/2023\/08\/menton2010_elin_b_heinesen_og_ad_libitum2-1300x969.jpg 1300w, https:\/\/heinesen.fo\/wp-content\/uploads\/2023\/08\/menton2010_elin_b_heinesen_og_ad_libitum2.jpg 1600w\" sizes=\"auto, (max-width: 1024px) 100vw, 1024px\" \/><\/p>\n<p style=\"text-align: center;\">\u00a0<img loading=\"lazy\" decoding=\"async\" class=\"alignnone size-large wp-image-144\" src=\"http:\/\/heinesen.fo\/wp-content\/uploads\/2023\/08\/menton2010_elin_b_heinesen_og_ad_libitum-936x1024.jpg\" alt=\"\" width=\"936\" height=\"1024\" srcset=\"https:\/\/heinesen.fo\/wp-content\/uploads\/2023\/08\/menton2010_elin_b_heinesen_og_ad_libitum-936x1024.jpg 936w, https:\/\/heinesen.fo\/wp-content\/uploads\/2023\/08\/menton2010_elin_b_heinesen_og_ad_libitum-274x300.jpg 274w, https:\/\/heinesen.fo\/wp-content\/uploads\/2023\/08\/menton2010_elin_b_heinesen_og_ad_libitum-768x840.jpg 768w, https:\/\/heinesen.fo\/wp-content\/uploads\/2023\/08\/menton2010_elin_b_heinesen_og_ad_libitum-1404x1536.jpg 1404w, https:\/\/heinesen.fo\/wp-content\/uploads\/2023\/08\/menton2010_elin_b_heinesen_og_ad_libitum-1300x1422.jpg 1300w, https:\/\/heinesen.fo\/wp-content\/uploads\/2023\/08\/menton2010_elin_b_heinesen_og_ad_libitum.jpg 1463w\" sizes=\"auto, (max-width: 936px) 100vw, 936px\" \/><\/p>\n<hr \/>\n<p>Go on to <a href=\"https:\/\/heinesen.fo\/index.php\/tonleikayrkisleid\/2010-2020\/\">2010-2020<\/a><\/p>\n","protected":false},"excerpt":{"rendered":"<p>ELIN\u2019S MOST POPULAR SONG IN A NEW VERSION \u201cEITT D\u00ddPI AV D\u00ddRARI T\u00cd\u00d0\u201d (In english: \u201cA Chasm of Precious Time\u201d) is the title of one of the most popular songs on the NALJA album. Elin wrote and arranged the music to the song, and her father, the Faroese author Jens Pauli Heinesen, wrote the lyrics.&hellip;<\/p>\n","protected":false},"author":1,"featured_media":1480,"parent":23,"menu_order":5,"comment_status":"closed","ping_status":"closed","template":"","meta":{"footnotes":""},"class_list":["post-1384","page","type-page","status-publish","format-standard","has-post-thumbnail","hentry"],"_links":{"self":[{"href":"https:\/\/heinesen.fo\/en\/index.php\/wp-json\/wp\/v2\/pages\/1384","targetHints":{"allow":["GET"]}}],"collection":[{"href":"https:\/\/heinesen.fo\/en\/index.php\/wp-json\/wp\/v2\/pages"}],"about":[{"href":"https:\/\/heinesen.fo\/en\/index.php\/wp-json\/wp\/v2\/types\/page"}],"author":[{"embeddable":true,"href":"https:\/\/heinesen.fo\/en\/index.php\/wp-json\/wp\/v2\/users\/1"}],"replies":[{"embeddable":true,"href":"https:\/\/heinesen.fo\/en\/index.php\/wp-json\/wp\/v2\/comments?post=1384"}],"version-history":[{"count":9,"href":"https:\/\/heinesen.fo\/en\/index.php\/wp-json\/wp\/v2\/pages\/1384\/revisions"}],"predecessor-version":[{"id":3580,"href":"https:\/\/heinesen.fo\/en\/index.php\/wp-json\/wp\/v2\/pages\/1384\/revisions\/3580"}],"up":[{"embeddable":true,"href":"https:\/\/heinesen.fo\/en\/index.php\/wp-json\/wp\/v2\/pages\/23"}],"wp:featuredmedia":[{"embeddable":true,"href":"https:\/\/heinesen.fo\/en\/index.php\/wp-json\/wp\/v2\/media\/1480"}],"wp:attachment":[{"href":"https:\/\/heinesen.fo\/en\/index.php\/wp-json\/wp\/v2\/media?parent=1384"}],"curies":[{"name":"wp","href":"https:\/\/api.w.org\/{rel}","templated":true}]}}