{"id":1462,"date":"2023-09-04T16:36:34","date_gmt":"2023-09-04T16:36:34","guid":{"rendered":"https:\/\/heinesen.fo\/?page_id=1462"},"modified":"2024-04-08T16:12:25","modified_gmt":"2024-04-08T15:12:25","slug":"fljod-concerts","status":"publish","type":"page","link":"https:\/\/heinesen.fo\/en\/index.php\/fljod-concerts\/","title":{"rendered":"F&#8217;LJ\u00d3\u00d0 CONCERTS"},"content":{"rendered":"<h3>WHAT IS A LIVING ROOM CONCERT<\/h3>\n<p>A living room concert is a concert where the guests have the opportunity to listen to live music in a living room in a private home. Living room concerts are becoming quite popular in many countries, but having cultural evenings with storytelling and singing in private homes is, in fact, an age old tradition in the Faroe Islands. The Faroese people call it having a &#8220;kv\u00f8ldseta&#8221;, which can be translated to having &#8216;an evening sitting&#8217;.<\/p>\n<p>In recent years these events have been organized in a more systematic and professional manner. Elin was the first to introduce this new concept in the Faroe Islands with the F&#8217;LJ\u00d3\u00d0 KV\u00d8LDSETUR &#8211; i.e. living room concerts and literary evenings &#8211; starting in January 2012.<\/p>\n<p>Then came the HOYMA concerts in the village of G\u00f8ta followed by the HEIMA concerts in the village of N\u00f3lsoy, and most recently, the H\u00daSAGONGD concerts in the village of Sandav\u00e1gur and with more and more villages following with their own living room concerts.<\/p>\n<p>All these events take place once a year each with concerts in many different houses during the course of a day, while F&#8217;LJ\u00d3\u00d0 KV\u00d8LDSETUR living room concerts take place in one particular home many times throughout the year.<\/p>\n<p>Here is a YouTube video which gives an impression of the atmosphere at a F&#8217;LJ\u00d3\u00d0 KV\u00d8LDSETUR living room concert, where Elin Brimheim Heinesen performs:<br \/>\n<iframe loading=\"lazy\" title=\"F&#039;LJ\u00d3\u00d0 stovukonsert vi\u00f0 Elini Brimheim Heinesen\" width=\"1200\" height=\"675\" src=\"https:\/\/www.youtube.com\/embed\/4YjxO-G9Or4?feature=oembed\" frameborder=\"0\" allow=\"accelerometer; autoplay; clipboard-write; encrypted-media; gyroscope; picture-in-picture; web-share\" referrerpolicy=\"strict-origin-when-cross-origin\" allowfullscreen><\/iframe><\/p>\n<h3>BENEFITS BOTH FOR ARTISTS AND AUDIENCE<\/h3>\n<p>At regular concerts artists usually perform on stage, at a distance. A living room concert is characterised by the fact that the audience is much closer to the artist with no &#8211; or almost no &#8220;filter&#8221; between the guests and the performer. You can watch the performers&#8217; every expression up close and meet the performers and talk to them, both before and after their performance.<\/p>\n<p>The guests play a very important role at these events because it is a very special experience for the performers to sing, play music, and recite literature for an audience that close and attentive. It makes the experience so much more intense, and the inspiration goes both ways. Both performers and audiences have attested time and time again these events are very postive experiences.<\/p>\n<p>The audience feels like part of a very special and intimate experience in a private home. It almost feels like having a very nice evening at home together with good friends. The closeness and the coziness that a living room concert offers is really something to remember and will stay with you for a long time.<\/p>\n<p><em><strong>Read more here:<\/strong><\/em><br \/>\n<a href=\"https:\/\/heinesen.fo\/en\/index.php\/fljod-concerts\/in-a-private-home\/\">About the story behind and about the title F&#8217;LJ\u00d3\u00d0 KV\u00d8LDSETUR<\/a><br \/>\n<a href=\"https:\/\/heinesen.fo\/en\/index.php\/fljod-concerts\/faq-about-fljod-concerts\/\">Frequently asked questions about F&#8217;LJ\u00d3\u00d0 KV\u00d8LDSETUR<\/a><\/p>\n","protected":false},"excerpt":{"rendered":"<p>WHAT IS A LIVING ROOM CONCERT A living room concert is a concert where the guests have the opportunity to listen to live music in a living room in a private home. Living room concerts are becoming quite popular in many countries, but having cultural evenings with storytelling and singing in private homes is, in&hellip;<\/p>\n","protected":false},"author":1,"featured_media":1709,"parent":0,"menu_order":0,"comment_status":"closed","ping_status":"closed","template":"","meta":{"footnotes":""},"class_list":["post-1462","page","type-page","status-publish","format-standard","has-post-thumbnail","hentry"],"_links":{"self":[{"href":"https:\/\/heinesen.fo\/en\/index.php\/wp-json\/wp\/v2\/pages\/1462","targetHints":{"allow":["GET"]}}],"collection":[{"href":"https:\/\/heinesen.fo\/en\/index.php\/wp-json\/wp\/v2\/pages"}],"about":[{"href":"https:\/\/heinesen.fo\/en\/index.php\/wp-json\/wp\/v2\/types\/page"}],"author":[{"embeddable":true,"href":"https:\/\/heinesen.fo\/en\/index.php\/wp-json\/wp\/v2\/users\/1"}],"replies":[{"embeddable":true,"href":"https:\/\/heinesen.fo\/en\/index.php\/wp-json\/wp\/v2\/comments?post=1462"}],"version-history":[{"count":14,"href":"https:\/\/heinesen.fo\/en\/index.php\/wp-json\/wp\/v2\/pages\/1462\/revisions"}],"predecessor-version":[{"id":3633,"href":"https:\/\/heinesen.fo\/en\/index.php\/wp-json\/wp\/v2\/pages\/1462\/revisions\/3633"}],"wp:featuredmedia":[{"embeddable":true,"href":"https:\/\/heinesen.fo\/en\/index.php\/wp-json\/wp\/v2\/media\/1709"}],"wp:attachment":[{"href":"https:\/\/heinesen.fo\/en\/index.php\/wp-json\/wp\/v2\/media?parent=1462"}],"curies":[{"name":"wp","href":"https:\/\/api.w.org\/{rel}","templated":true}]}}