{"id":1471,"date":"2023-09-04T22:13:06","date_gmt":"2023-09-04T21:13:06","guid":{"rendered":"https:\/\/heinesen.fo\/?page_id=1471"},"modified":"2024-09-22T19:09:58","modified_gmt":"2024-09-22T18:09:58","slug":"faq-about-fljod-concerts","status":"publish","type":"page","link":"https:\/\/heinesen.fo\/en\/index.php\/fljod-concerts\/faq-about-fljod-concerts\/","title":{"rendered":"FAQ ABOUT F&#8217;LJ\u00d3\u00d0 CONCERTS"},"content":{"rendered":"<h3>FREQUENTLY ASKED QUESTIONS<\/h3>\n<p>(See prices further below).<\/p>\n<style id=\"ea_dynamic_css3964\">#sp-ea-3964 .spcollapsing{height: 0; overflow: hidden; transition-property: height; transition-duration: 300ms;}#sp-ea-3964.sp-easy-accordion>.sp-ea-single.eap_inactive>.ea-header a{background-color: #bb0000 !important; color: #fff !important;}#sp-ea-3964.sp-easy-accordion>.sp-ea-single{ margin-bottom: 16px; border: 1px solid #e2e2e2; border-radius: 0;}#sp-ea-3964.sp-easy-accordion>.sp-ea-single>.ea-header a{background: ;}#sp-ea-3964.sp-easy-accordion>.sp-ea-single.ea-expand>.ea-header a{background: #eee;}#sp-ea-3964.sp-easy-accordion>.sp-ea-single>.ea-header:hover a{background: ;}#sp-ea-3964.sp-easy-accordion>.sp-ea-single>.ea-header a .eap-title-icon{ color: ;font-size: 20px;} #sp-ea-3964.sp-easy-accordion>.sp-ea-single>.ea-header a .eap-title-custom-icon{ max-width: 20px; }#sp-ea-3964.sp-easy-accordion>.sp-ea-single>.ea-header:hover a .eap-title-icon{color: ;} #sp-ea-3964.sp-easy-accordion>.sp-ea-single.ea-expand>.ea-header a .eap-title-icon{color: ;}#sp-ea-3964.sp-easy-accordion>.sp-ea-single>.ea-header a{padding: 15px 15px 15px 15px; color: #444; font-size: 20px; line-height: 30px; text-align: left; letter-spacing: 0px; text-transform: none;font-family: Times New Roman; font-weight: normal; font-style: normal;}#sp-ea-3964.sp-easy-accordion>.sp-ea-single>.ea-header:hover a{color: #444;}#sp-ea-3964.sp-easy-accordion>.sp-ea-single.ea-expand>.ea-header a{color: #444;}#sp-ea-3964.sp-easy-accordion>.sp-ea-single>.sp-collapse>.ea-body p,#sp-ea-3964.sp-easy-accordion>.sp-ea-single>.sp-collapse>.ea-body{background: #fff; padding: 15px 15px 15px 15px; border-radius: 0 0 0 0; color: #444; font-size: 18px; text-align: left; letter-spacing: 0px; line-height: 26px; animation-delay: 200ms; text-transform: none;font-family: Times New Roman; font-weight: normal; font-style: ;}#sp-ea-3964.sp-easy-accordion>.sp-ea-single>.ea-header a .ea-expand-icon.fa{color: ; font-size: 16px; font-style: normal;}#sp-ea-3964.sp-easy-accordion>.sp-ea-single>.ea-header:hover a .ea-expand-icon.fa{color: ;}#sp-ea-3964.sp-easy-accordion>.sp-ea-single.ea-expand>.ea-header a .ea-expand-icon.fa{color: ;}#sp-ea-3964.sp-easy-accordion>.sp-ea-single{border-radius: 0; border: 1px solid #e2e2e2;}#sp-ea-3964.sp-easy-accordion>.sp-ea-single>.sp-collapse>.ea-body{border-radius: 0 0 0 0; border: none;}#sp-ea-3964.sp-easy-accordion>.sp-ea-single>.ea-header a .ea-expand-icon.fa{float: left; margin-right: 10px;}#sp-ea-3964 #eap_faq_search_bar_container input{display:none; opacity:0;}#sp-ea-3964 #eap_faq_search_bar_container ::before{content:\"\";}#sp-ea-3964.sp-easy-accordion>.sp-ea-single>.sp-collapse>.ea-body p{ padding:0px}<\/style><div id=\"sp-eap-accordion-section-3964\" class=\"sp-eap-container\">\t<div id=\"eap_faq_search_bar_container\">\n\t\t<input type=\"search\"  data-shortcode-id=\"3964\" data-autocomplete=\"\" name=\"eap_faq_search_bar_sp-ea\" id=\"eap_faq_search_bar_sp-ea-3964\" placeholder=\"\" value=\"\" onkeyup=\"this.setAttribute('value', this.value);\">\n\t\t<a><\/a>\n\t<\/div>\n\t<div id=\"sp-ea-3964\" class=\"sp-ea-one sp-easy-accordion \" data-ex-icon=\"fa-minus\" data-col-icon=\"fa-plus\"  data-ea-active=\"ea-click\"  data-ea-mode=\"vertical\" data-ea-multi-column=\"\" data-ea-coll=\"\" data-keep-accordion=\"\" data-autoclose=\"\" data-preloader=\"\" data-scroll-active-item=\"\" data-offset-to-scroll=\"0\" data-autoplaytime=\"\" data-expand=>\t<div class=\"ea-card   sp-ea-single\" id=&quot;esp_faq39640&quot; >\n\n\t\t<h1 class=\"ea-header\">\n\t\t\t<a class=\"collapsed\" data-sptoggle=\"spcollapse\" rel=\"nofollow\" data-sptarget=\"#collapse39640\" href=\"javascript:void(0)\" data-title=\"efaq-what-is-a-living-room-concert\" aria-expanded=\"false\">\n\t\t\t\t<i class=\"ea-expand-icon fa fa-plus\"><\/i>  What is a living room concert?\t\t\t<\/a>\n\t\t<\/h1>\n\n\t\t<div class=\"sp-collapse spcollapse spcollapse\" id=\"collapse39640\" data-parent=\"#sp-ea-3964\">\n\t\t<div class=\"ea-body \"> \n\t<p>Read more here: <a href=\"https:\/\/heinesen.fo\/en\/index.php\/fljod-concerts\/\">What is a living room concert?<\/a><\/p>\n<\/div>\n\t\t\t<\/div>\n\t<\/div>\n\t\t<div class=\"ea-card   sp-ea-single\" id=&quot;esp_faq39641&quot; >\n\n\t\t<h1 class=\"ea-header\">\n\t\t\t<a class=\"collapsed\" data-sptoggle=\"spcollapse\" rel=\"nofollow\" data-sptarget=\"#collapse39641\" href=\"javascript:void(0)\" data-title=\"efaq-what-is-the-story-behind-fljod-kvoldsetur-and-the-title\" aria-expanded=\"false\">\n\t\t\t\t<i class=\"ea-expand-icon fa fa-plus\"><\/i>  What is the story behind F'LJ\u00d3\u00d0 KV\u00d8LDSETUR and the title?\t\t\t<\/a>\n\t\t<\/h1>\n\n\t\t<div class=\"sp-collapse spcollapse spcollapse\" id=\"collapse39641\" data-parent=\"#sp-ea-3964\">\n\t\t<div class=\"ea-body \"> \n\t<p>Read more here <a href=\"https:\/\/heinesen.fo\/en\/index.php\/fljod-concerts\/in-a-private-home\/\">about F\u2019LJ\u00d3\u00d0 KV\u00d8LDSETUR and the title.<\/a><\/p>\n<\/div>\n\t\t\t<\/div>\n\t<\/div>\n\t\t<div class=\"ea-card   sp-ea-single\" id=&quot;esp_faq39642&quot; >\n\n\t\t<h1 class=\"ea-header\">\n\t\t\t<a class=\"collapsed\" data-sptoggle=\"spcollapse\" rel=\"nofollow\" data-sptarget=\"#collapse39642\" href=\"javascript:void(0)\" data-title=\"efaq-what-is-included-in-the-experience\" aria-expanded=\"false\">\n\t\t\t\t<i class=\"ea-expand-icon fa fa-plus\"><\/i>  What is included in the experience?\t\t\t<\/a>\n\t\t<\/h1>\n\n\t\t<div class=\"sp-collapse spcollapse spcollapse\" id=\"collapse39642\" data-parent=\"#sp-ea-3964\">\n\t\t<div class=\"ea-body \"> \n\t<p>In addition to performing music, the host, Elin Brimheim Heinesen, usually reads excerpts for the guests \u2013 mostly \u2013 from her father's literature, the Faroese author Jens Pauli Heinesen. This can be in Faroese, Danish, or English, depending on which of the three languages the guests understand best. This part of the evening is typically quite popular.<\/p>\n<p>Furthermore, coffee, tea, and cake are served. There is no extra charge for this.<\/p>\n<\/div>\n\t\t\t<\/div>\n\t<\/div>\n\t\t<div class=\"ea-card   sp-ea-single\" id=&quot;esp_faq39643&quot; >\n\n\t\t<h1 class=\"ea-header\">\n\t\t\t<a class=\"collapsed\" data-sptoggle=\"spcollapse\" rel=\"nofollow\" data-sptarget=\"#collapse39643\" href=\"javascript:void(0)\" data-title=\"efaq-how-long-does-a-fljod-kvoldsetur-event-last\" aria-expanded=\"false\">\n\t\t\t\t<i class=\"ea-expand-icon fa fa-plus\"><\/i>  How long does a F'LJ\u00d3\u00d0 KV\u00d8LDSETUR event last?\t\t\t<\/a>\n\t\t<\/h1>\n\n\t\t<div class=\"sp-collapse spcollapse spcollapse\" id=\"collapse39643\" data-parent=\"#sp-ea-3964\">\n\t\t<div class=\"ea-body \"> \n\t<p>Normally, a F\u2019LJ\u00d3\u00d0 KV\u00d8LDSETUR living room concert lasts around one and a half up to two hours. It can also last less time than that, according to your wish.<\/p>\n<p>A concert can take place any time of day, depending on what suits you best. The concerts usually begin at 8pm and end at 10pm \u2013 incl. a break of 15-20 minutes, where coffee, tea and cakes are served. The musicians play two sets of around 30-40 minutes.<\/p>\n<p>In addition, there is a reading of excerpts from Faroese literature, which lasts approx. 5-10 minutes \u2013 just after the break and before the musicians play the second set.<\/p>\n<\/div>\n\t\t\t<\/div>\n\t<\/div>\n\t\t<div class=\"ea-card   sp-ea-single\" id=&quot;esp_faq39644&quot; >\n\n\t\t<h1 class=\"ea-header\">\n\t\t\t<a class=\"collapsed\" data-sptoggle=\"spcollapse\" rel=\"nofollow\" data-sptarget=\"#collapse39644\" href=\"javascript:void(0)\" data-title=\"efaq-who-are-the-musicians-playing\" aria-expanded=\"false\">\n\t\t\t\t<i class=\"ea-expand-icon fa fa-plus\"><\/i>  Who are the musicians playing?\t\t\t<\/a>\n\t\t<\/h1>\n\n\t\t<div class=\"sp-collapse spcollapse spcollapse\" id=\"collapse39644\" data-parent=\"#sp-ea-3964\">\n\t\t<div class=\"ea-body \"> \n\t<p>First of all, it is Elin herself who sings and plays the guitar together with her partner, Ey\u00f0un Mohr Hansen, guitarist. You can listen to some of Elin\u2019s music on this Spotify playlist:<\/p>\n<p><iframe loading=\"lazy\" title=\"Spotify Embed: Elin Brimheim Heinesen songs\" src=\"https:\/\/open.spotify.com\/embed\/playlist\/2wT1sSwBBKTu1Lw1Lh35ul?si=6581739ea4b24f93&amp;utm_source=oembed\" width=\"100%\" height=\"352\" frameborder=\"0\" allowfullscreen=\"allowfullscreen\" data-mce-fragment=\"1\"><\/iframe><\/p>\n<p>If there is a specific desire for it, other Faroese singers\/musicians can play a concert as well. Faroese musicians tend to be kind to play a living room concert if asked. But some of them demand a higher fee than there is income for, so it is not always certain that you can get exactly the singer\/musician you want.<\/p>\n<\/div>\n\t\t\t<\/div>\n\t<\/div>\n\t\t<div class=\"ea-card   sp-ea-single\" id=&quot;esp_faq39645&quot; >\n\n\t\t<h1 class=\"ea-header\">\n\t\t\t<a class=\"collapsed\" data-sptoggle=\"spcollapse\" rel=\"nofollow\" data-sptarget=\"#collapse39645\" href=\"javascript:void(0)\" data-title=\"efaq-do-fljod-kvoldsetur-work-with-sustainability\" aria-expanded=\"false\">\n\t\t\t\t<i class=\"ea-expand-icon fa fa-plus\"><\/i>  Do F'LJ\u00d3\u00d0 KV\u00d8LDSETUR work with sustainability?\t\t\t<\/a>\n\t\t<\/h1>\n\n\t\t<div class=\"sp-collapse spcollapse spcollapse\" id=\"collapse39645\" data-parent=\"#sp-ea-3964\">\n\t\t<div class=\"ea-body \"> \n\t<p>Yes, as far as possible, we aim to deliver as environmentally friendly and sustainable events as possible. If we use disposable tableware, we only use organically produced cardboard mugs, cardboard plates, etc.<\/p>\n<\/div>\n\t\t\t<\/div>\n\t<\/div>\n\t\t<div class=\"ea-card   sp-ea-single\" id=&quot;esp_faq39646&quot; >\n\n\t\t<h1 class=\"ea-header\">\n\t\t\t<a class=\"collapsed\" data-sptoggle=\"spcollapse\" rel=\"nofollow\" data-sptarget=\"#collapse39646\" href=\"javascript:void(0)\" data-title=\"efaq-where-do-the-fljod-kvoldsetur-events-take-place\" aria-expanded=\"false\">\n\t\t\t\t<i class=\"ea-expand-icon fa fa-plus\"><\/i>  Where do the F'LJ\u00d3\u00d0 KV\u00d8LDSETUR events take place?\t\t\t<\/a>\n\t\t<\/h1>\n\n\t\t<div class=\"sp-collapse spcollapse spcollapse\" id=\"collapse39646\" data-parent=\"#sp-ea-3964\">\n\t\t<div class=\"ea-body \"> \n\t<p>F\u2019LJ\u00d3\u00d0 KV\u00d8LDSETUR living room concerts take place in Elin Brimheim Heinesen\u2019s home in the heart of T\u00f3rshavn in <strong>Magnus Heinasonar g\u00f8ta 8<\/strong> close to V\u00e1gsbotn, the small boat harbor.<\/p>\n<p>Please go to this page to see a map of the location and a guide to how to find it: <a href=\"https:\/\/heinesen.fo\/en\/index.php\/fljod-concerts\/stadseting\/\">LOCATION<\/a><\/p>\n<\/div>\n\t\t\t<\/div>\n\t<\/div>\n\t\t<div class=\"ea-card   sp-ea-single\" id=&quot;esp_faq39647&quot; >\n\n\t\t<h1 class=\"ea-header\">\n\t\t\t<a class=\"collapsed\" data-sptoggle=\"spcollapse\" rel=\"nofollow\" data-sptarget=\"#collapse39647\" href=\"javascript:void(0)\" data-title=\"efaq-how-does-one-book-an-event\" aria-expanded=\"false\">\n\t\t\t\t<i class=\"ea-expand-icon fa fa-plus\"><\/i>  How does one book an event?\t\t\t<\/a>\n\t\t<\/h1>\n\n\t\t<div class=\"sp-collapse spcollapse spcollapse\" id=\"collapse39647\" data-parent=\"#sp-ea-3964\">\n\t\t<div class=\"ea-body \"> \n\t<p>Please go to <a href=\"https:\/\/heinesen.fo\/en\/index.php\/book-a-performance\/\">this page to find out how<\/a>.<\/p>\n<\/div>\n\t\t\t<\/div>\n\t<\/div>\n\t\t<div class=\"ea-card   sp-ea-single\" id=&quot;esp_faq39648&quot; >\n\n\t\t<h1 class=\"ea-header\">\n\t\t\t<a class=\"collapsed\" data-sptoggle=\"spcollapse\" rel=\"nofollow\" data-sptarget=\"#collapse39648\" href=\"javascript:void(0)\" data-title=\"efaq-how-many-guests-can-you-accommodate-at-one-time\" aria-expanded=\"false\">\n\t\t\t\t<i class=\"ea-expand-icon fa fa-plus\"><\/i>  How many guests can you accommodate at one time?\t\t\t<\/a>\n\t\t<\/h1>\n\n\t\t<div class=\"sp-collapse spcollapse spcollapse\" id=\"collapse39648\" data-parent=\"#sp-ea-3964\">\n\t\t<div class=\"ea-body \"> \n\t<p>There is room for up to 32 guests. However, there have been up to 36 guests at one time, but then it is very cramped. The ideal number is between 12 and 30 guests.<\/p>\n<\/div>\n\t\t\t<\/div>\n\t<\/div>\n\t\t<div class=\"ea-card   sp-ea-single\" id=&quot;esp_faq39649&quot; >\n\n\t\t<h1 class=\"ea-header\">\n\t\t\t<a class=\"collapsed\" data-sptoggle=\"spcollapse\" rel=\"nofollow\" data-sptarget=\"#collapse39649\" href=\"javascript:void(0)\" data-title=\"efaq-is-it-possible-to-book-evenst-for-groups-how-small-large-can-the-groups-be\" aria-expanded=\"false\">\n\t\t\t\t<i class=\"ea-expand-icon fa fa-plus\"><\/i>  Is it possible to book evenst for groups? How small \/ large can the groups be?\t\t\t<\/a>\n\t\t<\/h1>\n\n\t\t<div class=\"sp-collapse spcollapse spcollapse\" id=\"collapse39649\" data-parent=\"#sp-ea-3964\">\n\t\t<div class=\"ea-body \"> \n\t<p>Usually bookings are made for groups of around 12-30 guests.<\/p>\n<p>If the group is larger, it can be divided, where two concerts are arranged in one evening. One half of the group can e.g. eat at a restaurant from 6 o\u2019clock, while the other half is at the concert. And then they switch at 8 o\u2019clock.<\/p>\n<p>If the group is smaller than 12 people, it is still possible to organize an event \u2013 if the group accepts that they have to pay a little more per person (see the answer on prices). So don\u2019t hesitate to ask.<\/p>\n<p>Please go to <a href=\"https:\/\/heinesen.fo\/en\/index.php\/book-a-performance\/\">this page<\/a> and fill out the form. Or write directly to: <a href=\"mailto:elinheinesen@icloud.com\">elinheinesen@icloud.com<\/a>.<\/p>\n<\/div>\n\t\t\t<\/div>\n\t<\/div>\n\t\t<div class=\"ea-card   sp-ea-single\" id=&quot;esp_faq396410&quot; >\n\n\t\t<h1 class=\"ea-header\">\n\t\t\t<a class=\"collapsed\" data-sptoggle=\"spcollapse\" rel=\"nofollow\" data-sptarget=\"#collapse396410\" href=\"javascript:void(0)\" data-title=\"efaq-if-i-book-a-fljod-kvoldsetur-event-for-a-group-how-much-does-it-cost\" aria-expanded=\"false\">\n\t\t\t\t<i class=\"ea-expand-icon fa fa-plus\"><\/i>  If I book a F'LJ\u00d3\u00d0 KV\u00d8LDSETUR event for a group, how much does it cost?\t\t\t<\/a>\n\t\t<\/h1>\n\n\t\t<div class=\"sp-collapse spcollapse spcollapse\" id=\"collapse396410\" data-parent=\"#sp-ea-3964\">\n\t\t<div class=\"ea-body \"> \n\t<p>Normally, payment is made per guest. For living room concerts, booked for groups, the price per guest depends on how many guests are in the group.<\/p>\n<ul>\n<li>If there are 12 to 20 guests, the minimum price per guest DKK 250<\/li>\n<li>If there are 20 to 30 guests or more, there is a discount, so the price comes down to DKK 240 per person.<\/li>\n<li>If there are fewer than 12 guests, each individual guest must pay that much more, so that we reach a minimum of DKK 3,000 in total for the whole group.<\/li>\n<\/ul>\n<p>To be able to arrange a living room concert, the gross income must be at least DKK 3,000 if it is to be worthwhile. The amount must be enough to cover expenses for preparation, fees for musicians, purchase of coffee, tea, cakes, napkins, paper cups, plates and cutlery, cleaning and expenses for electricity consumption and tax.<\/p>\n<\/div>\n\t\t\t<\/div>\n\t<\/div>\n\t\t<div class=\"ea-card   sp-ea-single\" id=&quot;esp_faq396411&quot; >\n\n\t\t<h1 class=\"ea-header\">\n\t\t\t<a class=\"collapsed\" data-sptoggle=\"spcollapse\" rel=\"nofollow\" data-sptarget=\"#collapse396411\" href=\"javascript:void(0)\" data-title=\"efaq-is-it-possible-to-book-a-living-room-concert-exclusively-for-two-guests-if-they-pay-a-total-of-3000-dkk\" aria-expanded=\"false\">\n\t\t\t\t<i class=\"ea-expand-icon fa fa-plus\"><\/i>  Is it possible to book a living room concert exclusively for two guests if they pay a total of 3,000 DKK?\t\t\t<\/a>\n\t\t<\/h1>\n\n\t\t<div class=\"sp-collapse spcollapse spcollapse\" id=\"collapse396411\" data-parent=\"#sp-ea-3964\">\n\t\t<div class=\"ea-body \"> \n\t<p>Exactly. It can easily be done, if they pay DKK 1,500 each. Also for four guests if they pay DKK 750 each. Or for eight guests, if they pay DKK 375 each etc.<\/p>\n<\/div>\n\t\t\t<\/div>\n\t<\/div>\n\t\t<div class=\"ea-card   sp-ea-single\" id=&quot;esp_faq396412&quot; >\n\n\t\t<h1 class=\"ea-header\">\n\t\t\t<a class=\"collapsed\" data-sptoggle=\"spcollapse\" rel=\"nofollow\" data-sptarget=\"#collapse396412\" href=\"javascript:void(0)\" data-title=\"efaq-can-a-single-guest-or-just-a-few-guests-who-wish-to-experience-a-fljod-kvoldsetur-event-join-an-already-planned-event-that-they-have-not-booked-themselves\" aria-expanded=\"false\">\n\t\t\t\t<i class=\"ea-expand-icon fa fa-plus\"><\/i>  Can a single guest or just a few guests who wish to experience a F\u2019LJ\u00d3\u00d0 KV\u00d8LDSETUR event join an already planned event that they have not booked themselves?\t\t\t<\/a>\n\t\t<\/h1>\n\n\t\t<div class=\"sp-collapse spcollapse spcollapse\" id=\"collapse396412\" data-parent=\"#sp-ea-3964\">\n\t\t<div class=\"ea-body \"> \n\t<p>As mentioned above, it is possible to book an event for just a few guests \u2013 even just one single person \u2013 if you are aware that the price increases per guest the fewer people attend the event you have booked.<\/p>\n<p>However, if you do not wish to book a whole event for a few guests, can these guests attend an already planned event that others may have booked?<\/p>\n<p>You can always contact Elin to inquire if there is space for extra guests at an already planned F\u2019LJ\u00d3\u00d0 KV\u00d8LDSETUR event. So please do not hesitate to ask.You can always contact Elin to find out if there is room in an already planned living room concert. So don\u2019t hesitate to ask.<\/p>\n<p>Please go to <a href=\"https:\/\/heinesen.fo\/en\/index.php\/book-a-performance\/\">this page<\/a> and fill out the form. Or write directly to: <a href=\"mailto:elinheinesen@icloud.com\">elinheinesen@icloud.com<\/a>.<\/p>\n<\/div>\n\t\t\t<\/div>\n\t<\/div>\n\t\t<div class=\"ea-card   sp-ea-single\" id=&quot;esp_faq396413&quot; >\n\n\t\t<h1 class=\"ea-header\">\n\t\t\t<a class=\"collapsed\" data-sptoggle=\"spcollapse\" rel=\"nofollow\" data-sptarget=\"#collapse396413\" href=\"javascript:void(0)\" data-title=\"efaq-is-it-possible-to-book-events-at-dates-and-times-that-best-suits-us\" aria-expanded=\"false\">\n\t\t\t\t<i class=\"ea-expand-icon fa fa-plus\"><\/i>  Is it possible to book events at dates and times that best suits us?\t\t\t<\/a>\n\t\t<\/h1>\n\n\t\t<div class=\"sp-collapse spcollapse spcollapse\" id=\"collapse396413\" data-parent=\"#sp-ea-3964\">\n\t\t<div class=\"ea-body \"> \n\t<p>Yes, it is possible to book living room concerts for groups any day and time that suits you \u2013 with the proviso that it does not conflict with other agreements. Generally, it is most ideal to arrange living room concerts in the evening at eight o\u2019clock. But if you have a wish for other times, you can make an agreement in advance on a time of day according to your wish (with reservations). Some travel companies book concerts already a year in advance, so it is important to book early to be sure of getting the dates and times you most want.<\/p>\n<\/div>\n\t\t\t<\/div>\n\t<\/div>\n\t\t<div class=\"ea-card   sp-ea-single\" id=&quot;esp_faq396414&quot; >\n\n\t\t<h1 class=\"ea-header\">\n\t\t\t<a class=\"collapsed\" data-sptoggle=\"spcollapse\" rel=\"nofollow\" data-sptarget=\"#collapse396414\" href=\"javascript:void(0)\" data-title=\"efaq-is-it-possible-for-the-group-to-have-something-else-to-eat-and-drink-other-than-coffee-tea-and-cake\" aria-expanded=\"false\">\n\t\t\t\t<i class=\"ea-expand-icon fa fa-plus\"><\/i>  Is it possible for the group to have something else to eat and drink other than coffee, tea and cake?\t\t\t<\/a>\n\t\t<\/h1>\n\n\t\t<div class=\"sp-collapse spcollapse spcollapse\" id=\"collapse396414\" data-parent=\"#sp-ea-3964\">\n\t\t<div class=\"ea-body \"> \n\t<p>The surroundings are not ideal, as there is too little space in the living room to set up tables. However, it can be arranged by agreement that smaller groups e.g. can get nordic \u2018sm\u00f8rrebr\u00f8d\u2019. But it must be ordered in advance, and of course it costs extra.<\/p>\n<p>If you want this option, it is important to give notice of this at least two days before the concert takes place, so that preparations can be made for this. In that case, the guests must also choose in advance what kind of \u2018sm\u00f8rrebr\u00f8d\u2019 they want, so that it can be ordered and ready for the guests when they come to the living room concert.<\/p>\n<p>Eg. Bitin.fo has good and exciting \u2018sm\u00f8rrebr\u00f8d\u2019 in the style they call New Nordic Style \u2013 i.a. with Faroese delicacies, made in a way that appeals to foreigners. Here you can see <a href=\"https:\/\/shop.verk.fo\/GistOgVist\/bitin\/Shop.aspx\" target=\"_blank\" rel=\"noopener\">Bitin.fo\u2019s selection<\/a>.<\/p>\n<\/div>\n\t\t\t<\/div>\n\t<\/div>\n\t\t<div class=\"ea-card   sp-ea-single\" id=&quot;esp_faq396415&quot; >\n\n\t\t<h1 class=\"ea-header\">\n\t\t\t<a class=\"collapsed\" data-sptoggle=\"spcollapse\" rel=\"nofollow\" data-sptarget=\"#collapse396415\" href=\"javascript:void(0)\" data-title=\"efaq-do-you-pay-in-advance-on-the-spot-or-afterwards\" aria-expanded=\"false\">\n\t\t\t\t<i class=\"ea-expand-icon fa fa-plus\"><\/i>  Do you pay in advance, on the spot or afterwards?\t\t\t<\/a>\n\t\t<\/h1>\n\n\t\t<div class=\"sp-collapse spcollapse spcollapse\" id=\"collapse396415\" data-parent=\"#sp-ea-3964\">\n\t\t<div class=\"ea-body \"> \n\t<p>Invoices for booked events for groups are sent after the event. Individuals can pay on site with cash or by bank transferv via Mobile Pay. Later it will be possible to pay with Apple Pay.<\/p>\n<\/div>\n\t\t\t<\/div>\n\t<\/div>\n\t\t<div class=\"ea-card   sp-ea-single\" id=&quot;esp_faq396416&quot; >\n\n\t\t<h1 class=\"ea-header\">\n\t\t\t<a class=\"collapsed\" data-sptoggle=\"spcollapse\" rel=\"nofollow\" data-sptarget=\"#collapse396416\" href=\"javascript:void(0)\" data-title=\"efaq-what-if-we-have-to-cancel-the-concert-do-we-have-to-pay-anything\" aria-expanded=\"false\">\n\t\t\t\t<i class=\"ea-expand-icon fa fa-plus\"><\/i>  What if we have to cancel the concert? Do we have to pay anything?\t\t\t<\/a>\n\t\t<\/h1>\n\n\t\t<div class=\"sp-collapse spcollapse spcollapse\" id=\"collapse396416\" data-parent=\"#sp-ea-3964\">\n\t\t<div class=\"ea-body \"> \n\t<p>If the concert is canceled five working days before the concert or more, no invoice will be sent. If the concert is canceled less than five working days before the concert, an invoice of DKK 1,500 will be sent. The payment method is stated on the invoice.<\/p>\n<\/div>\n\t\t\t<\/div>\n\t<\/div>\n\t\t<div class=\"ea-card   sp-ea-single\" id=&quot;esp_faq396417&quot; >\n\n\t\t<h1 class=\"ea-header\">\n\t\t\t<a class=\"collapsed\" data-sptoggle=\"spcollapse\" rel=\"nofollow\" data-sptarget=\"#collapse396417\" href=\"javascript:void(0)\" data-title=\"efaq-where-can-i-get-more-information-about-fljod-kvoldsetur-living-room-concerts\" aria-expanded=\"false\">\n\t\t\t\t<i class=\"ea-expand-icon fa fa-plus\"><\/i>  Where can I get more information about F\u2019LJ\u00d3\u00d0 KV\u00d8LDSETUR living room concerts?\t\t\t<\/a>\n\t\t<\/h1>\n\n\t\t<div class=\"sp-collapse spcollapse spcollapse\" id=\"collapse396417\" data-parent=\"#sp-ea-3964\">\n\t\t<div class=\"ea-body \"> \n\t<p>In the brochure below there are many photos from F\u2019LJ\u00d3\u00d0 KV\u00d8LDSETUR living room concerts and a complete program for a typical living room concert:<\/p>\n<ul>\n<li><a href=\"https:\/\/heinesen.fo\/wp-content\/uploads\/2023\/11\/Faldari_Stovukonsertir_Fljod_MHG_EN-1.pdf\" target=\"_blank\" rel=\"noopener\">English brochure<\/a><\/li>\n<li><a href=\"https:\/\/heinesen.fo\/wp-content\/uploads\/2023\/11\/Faldari_Stovukonsertir_Fljod_MHG_DA-1.pdf\" target=\"_blank\" rel=\"noopener\">Danish brochure<\/a><\/li>\n<li><a href=\"https:\/\/heinesen.fo\/wp-content\/uploads\/2023\/11\/Faldari_Stovukonsertir_Fljod_MHG_FO-2.pdf\" target=\"_blank\" rel=\"noopener\">Faroese brochure<\/a><\/li>\n<\/ul>\n<p>For more info about current events, please go to <a href=\"https:\/\/www.facebook.com\/fljod\" target=\"_blank\" rel=\"noopener\">F\u2019LJ\u00d3\u00d0 KV\u00d8LDSETUR\u2019s facebook-page.<\/a><\/p>\n<p>Or to <a href=\"https:\/\/billetto.dk\/users\/f-ljod-living-room-concerts\/\" target=\"_blank\" rel=\"noopener\">F\u2019LJ\u00d3\u00d0 KV\u00d8LDSETUR\u2019s concert tickets page<\/a>.<\/p>\n<\/div>\n\t\t\t<\/div>\n\t<\/div>\n\t<\/div><\/div>\n","protected":false},"excerpt":{"rendered":"<p>FREQUENTLY ASKED QUESTIONS (See prices further below).<\/p>\n","protected":false},"author":1,"featured_media":1709,"parent":1462,"menu_order":2,"comment_status":"closed","ping_status":"closed","template":"","meta":{"footnotes":""},"class_list":["post-1471","page","type-page","status-publish","format-standard","has-post-thumbnail","hentry"],"_links":{"self":[{"href":"https:\/\/heinesen.fo\/en\/index.php\/wp-json\/wp\/v2\/pages\/1471","targetHints":{"allow":["GET"]}}],"collection":[{"href":"https:\/\/heinesen.fo\/en\/index.php\/wp-json\/wp\/v2\/pages"}],"about":[{"href":"https:\/\/heinesen.fo\/en\/index.php\/wp-json\/wp\/v2\/types\/page"}],"author":[{"embeddable":true,"href":"https:\/\/heinesen.fo\/en\/index.php\/wp-json\/wp\/v2\/users\/1"}],"replies":[{"embeddable":true,"href":"https:\/\/heinesen.fo\/en\/index.php\/wp-json\/wp\/v2\/comments?post=1471"}],"version-history":[{"count":71,"href":"https:\/\/heinesen.fo\/en\/index.php\/wp-json\/wp\/v2\/pages\/1471\/revisions"}],"predecessor-version":[{"id":3981,"href":"https:\/\/heinesen.fo\/en\/index.php\/wp-json\/wp\/v2\/pages\/1471\/revisions\/3981"}],"up":[{"embeddable":true,"href":"https:\/\/heinesen.fo\/en\/index.php\/wp-json\/wp\/v2\/pages\/1462"}],"wp:featuredmedia":[{"embeddable":true,"href":"https:\/\/heinesen.fo\/en\/index.php\/wp-json\/wp\/v2\/media\/1709"}],"wp:attachment":[{"href":"https:\/\/heinesen.fo\/en\/index.php\/wp-json\/wp\/v2\/media?parent=1471"}],"curies":[{"name":"wp","href":"https:\/\/api.w.org\/{rel}","templated":true}]}}