{"id":23,"date":"2023-08-25T13:20:27","date_gmt":"2023-08-25T13:20:27","guid":{"rendered":"https:\/\/heinesen.fo\/?page_id=23"},"modified":"2024-07-25T12:27:49","modified_gmt":"2024-07-25T11:27:49","slug":"musical-career","status":"publish","type":"page","link":"https:\/\/heinesen.fo\/en\/index.php\/musical-career\/","title":{"rendered":"MUSIC CAREER"},"content":{"rendered":"<p><span id=\"speechify-first-word-listening-nudge-root-13\" style=\"position: absolute; z-index: 10000;\"><\/span><span id=\"speechify-first-word-listening-nudge-13\"><span id=\"speechify-first-word-listening-nudge-root-13\" style=\"position: absolute; z-index: 10000;\"><\/span><span id=\"speechify-first-word-listening-nudge-13\">ELIN BRIMHEIM HEINESEN<\/span><\/span> is a Faroese singer-songwriter who has been well-known to the Faroese public since the mid-70&#8217;s. Elin is perhaps best known as one half of the duo NALJA, which in the late 80&#8217;s released a cassette tape with very popular songs like &#8220;\u00c1, Tann deiliga Havn&#8221;, &#8220;Sjeikurin&#8221; and &#8220;Eitt d\u00fdpi av d\u00fdrari t\u00ed\u00f0&#8221;.<\/p>\n<p><span id=\"speechify-first-word-listening-nudge-root-14\" style=\"position: absolute; z-index: 10000;\"><\/span><span id=\"speechify-first-word-listening-nudge-14\"><span id=\"speechify-first-word-listening-nudge-root-14\" style=\"position: absolute; z-index: 10000;\"><\/span><span id=\"speechify-first-word-listening-nudge-14\">Although Elin has<\/span><\/span> been well-known for a long time as a musician, she has only released three albums:<\/p>\n<ul>\n<li>The album &#8220;NALJA&#8221; together with K\u00e1ri Linderoth Jacobsen, where they wrote five tracks each. The album was released in 1988 as MC, and again in 1998 as CD.<br \/>\nRead more about the alum <a href=\"https:\/\/heinesen.fo\/en\/index.php\/published-music\/album-nalja\/\">HERE<\/a> and listen to the album on your favorite platform online here: <a href=\"https:\/\/album.link\/i\/1019759045\" target=\"_blank\" rel=\"noopener\">https:\/\/album.link\/i\/1019759045<\/a><\/li>\n<li>The album &#8220;Yndisl\u00f8g \u2013 Ein fer\u00f0 aftur \u00ed farnar t\u00ed\u00f0ir&#8221; (Treasured songs \u2013 a trip down memory lane) with Ad Libitum, containing different well-known evergreens, released in 2010.<br \/>\nRead more about the album <a href=\"https:\/\/heinesen.fo\/en\/index.php\/published-music\/album-yndisloeg-treasured-songs\/\">HERE<\/a> and listen to the album on your favorite platform online here: <a href=\"https:\/\/album.link\/i\/1317126745\" target=\"_blank\" rel=\"noopener\">https:\/\/album.link\/i\/1317126745<\/a><\/li>\n<li>The album &#8220;Handan stj\u00f8rnurnar&#8221; (Beyond the Stars&#8221;), which was her first solo album with 12 of her own songs, released in 2018.<br \/>\nRead more about the album <a href=\"https:\/\/heinesen.fo\/en\/index.php\/published-music\/album-handan-stjoernurnar\/\">HERE<\/a> and listen to the album on your favorite platform online here: <a href=\"https:\/\/album.link\/i\/1406252217\" target=\"_blank\" rel=\"noopener\">https:\/\/album.link\/i\/1406252217<\/a><\/li>\n<li>Her fourth album &#8220;Eitt d\u00fdpi av d\u00fdrari t\u00ed\u00f0\u00a0 \/ A Chasm of Precious Time&#8221; was released in November 2023 with\u00a0 contemporary classical symphonic music, Elin has set to her father, Jens Pauli Heinesen&#8217;s poems.<br \/>\nRead more about the album <a href=\"https:\/\/heinesen.fo\/en\/index.php\/published-music\/album-eitt-dypi-av-dyrari-tid\/\">HERE<\/a> and listen to the album on your favorite platform here: <a href=\"https:\/\/album.link\/eitt-dypi-av-dyrari-tid\" target=\"_blank\" rel=\"noopener\">https:\/\/album.link\/eitt-dypi-av-dyrari-tid<\/a><\/li>\n<\/ul>\n<h3><b>WHAT KIND OF MUSIC DOES ELIN PLAY?<\/b><\/h3>\n<p><span id=\"speechify-first-word-listening-nudge-root-15\" style=\"position: absolute; z-index: 10000;\"><\/span><span id=\"speechify-first-word-listening-nudge-15\"><span id=\"speechify-first-word-listening-nudge-root-16\" style=\"position: absolute; z-index: 10000;\"><\/span><span id=\"speechify-first-word-listening-nudge-16\"><span id=\"speechify-first-word-listening-nudge-root-17\" style=\"position: absolute; z-index: 10000;\"><\/span><span id=\"speechify-first-word-listening-nudge-17\"><span id=\"speechify-first-word-listening-nudge-root-20\" style=\"position: absolute; z-index: 10000;\"><\/span><span id=\"speechify-first-word-listening-nudge-20\"><span id=\"speechify-first-word-listening-nudge-root-15\" style=\"position: absolute; z-index: 10000;\"><\/span><span id=\"speechify-first-word-listening-nudge-15\"><span id=\"speechify-first-word-listening-nudge-root-16\" style=\"position: absolute; z-index: 10000;\"><\/span><span id=\"speechify-first-word-listening-nudge-16\"><span id=\"speechify-first-word-listening-nudge-root-17\" style=\"position: absolute; z-index: 10000;\"><\/span><span id=\"speechify-first-word-listening-nudge-17\"><span id=\"speechify-first-word-listening-nudge-root-20\" style=\"position: absolute; z-index: 10000;\"><\/span><span id=\"speechify-first-word-listening-nudge-20\">Elin has played<\/span><\/span><\/span><\/span><\/span><\/span><\/span><\/span> and composed music of many different kinds all of her career.\u00a0 She has sung jazz, musicals, revue songs, pop rock \u2013 even performed with a heavy rock band. Lately she has composed several symphonic songs.<\/p>\n<p><span id=\"speechify-first-word-listening-nudge-root-21\" style=\"position: absolute; z-index: 10000;\"><\/span><span id=\"speechify-first-word-listening-nudge-21\"><span id=\"speechify-first-word-listening-nudge-root-21\" style=\"position: absolute; z-index: 10000;\"><\/span><span id=\"speechify-first-word-listening-nudge-21\">In her childhood,<\/span><\/span> the very lively song tradition on the Faroe Islands where Elin grew up, of course influenced her a lot &#8211; and of course it has had an impact on her composing style, which always has been quite vocal oriented.<\/p>\n<p><span id=\"speechify-first-word-listening-nudge-root-22\" style=\"position: absolute; z-index: 10000;\"><\/span><span id=\"speechify-first-word-listening-nudge-22\"><span id=\"speechify-first-word-listening-nudge-root-22\" style=\"position: absolute; z-index: 10000;\"><\/span><span id=\"speechify-first-word-listening-nudge-22\">In the seventies,<\/span><\/span> she made songs that can be called folk songs, which was a very popular genre at that time. During these early years in her music career, Elin was also very much into jazz and blues. She made broadcasts on \u00datvarp F\u00f8roya, the national radio, about the history of jazz and helped found Havnar Jazzfelag (T\u00f3rshavn&#8217;s Jazz Club) in the mid-seventies, where she also performed, among others together with her maternal uncle Svenn Brimheim, singing songs from the jazz bible &#8220;The Real Book. This period also greatly developed and shaped her musical preferences. So this has had a great influence on her music as well.<\/p>\n<p><span id=\"speechify-first-word-listening-nudge-root-23\" style=\"position: absolute; z-index: 10000;\"><\/span><span id=\"speechify-first-word-listening-nudge-23\"><span id=\"speechify-first-word-listening-nudge-root-23\" style=\"position: absolute; z-index: 10000;\"><\/span><span id=\"speechify-first-word-listening-nudge-23\">In the eighties<\/span><\/span> she formed a duo with K\u00e1ri Jacobsen and made the pop album \u201cNALJA\u201d. It was an album, that in many ways reminded of other pop albums from the eighties\u00a0 \u2013 but the album was also unique in a very \u2018Faroese\u2019 way, and became very popular as such. In interviews Elin &amp; K\u00e1ri told journalists, that they saw the album as kind of a reaction against the political correctness in music, which was very common in those years. This was not really an intentional goal with the album, but in retrospect, it could be seen that way. Elin has always insisted on making music, that has a right in itself \u2013 and not only as a mean to promote something else or &#8216;sell&#8217; some message, current for the time\u2026 Ideally, music should not be about anything else but expressing true feelings whether it is joy and happiness or sadness and despair. The songs on the NALJA-album ,which was re-released in 1998, still get a lot af airplay in Faroese radio channels.<\/p>\n<p><span id=\"speechify-first-word-listening-nudge-root-24\" style=\"position: absolute; z-index: 10000;\"><\/span><span id=\"speechify-first-word-listening-nudge-24\"><span id=\"speechify-first-word-listening-nudge-root-24\" style=\"position: absolute; z-index: 10000;\"><\/span><span id=\"speechify-first-word-listening-nudge-24\">The album \u201cYndisl\u00f8g\u201d<\/span><\/span> (Treasured Songs), released in 2010, had a very different relaxed and easy listening feel to it. While her solo album &#8220;Handan stj\u00f8rnurnar&#8221;, released in 2018, had a whole other, more kind of a poprock expression. And her album &#8220;Eitt d\u00fdpi av d\u00fdrari t\u00ed\u00f0&#8221; is then again something completely different, because here we are talking about impressive neoclassical symphonic music.<\/p>\n<p><span id=\"speechify-first-word-listening-nudge-root-25\" style=\"position: absolute; z-index: 10000;\"><\/span><span id=\"speechify-first-word-listening-nudge-25\"><span id=\"speechify-first-word-listening-nudge-root-25\" style=\"position: absolute; z-index: 10000;\"><\/span><span id=\"speechify-first-word-listening-nudge-25\">Additionally, Elin has<\/span><\/span> composed many other unreleased songs that defy easy categorisation. Her music is diverse and expressive of her artistic evolution. Much of her music may be labeled as pop rock or folk rock \u2013 but these are very general terms which tell nothing about, what the music really sounds like.<\/p>\n<h3>PLAYLIST<\/h3>\n<p><span id=\"speechify-first-word-listening-nudge-root-27\" style=\"position: absolute; z-index: 10000;\"><\/span><span id=\"speechify-first-word-listening-nudge-27\"><span id=\"speechify-first-word-listening-nudge-root-27\" style=\"position: absolute; z-index: 10000;\"><\/span><span id=\"speechify-first-word-listening-nudge-27\">Listen to a<\/span><\/span> playlist with songs by or with Elin Brimheim Heinesen:<br \/>\n<iframe loading=\"lazy\" style=\"border-radius: 12px;\" src=\"https:\/\/open.spotify.com\/embed\/playlist\/2wT1sSwBBKTu1Lw1Lh35ul?utm_source=generator\" width=\"100%\" height=\"352\" frameborder=\"0\" allowfullscreen=\"allowfullscreen\"><\/iframe><\/p>\n","protected":false},"excerpt":{"rendered":"<p>ELIN BRIMHEIM HEINESEN is a Faroese singer-songwriter who has been well-known to the Faroese public since the mid-70&#8217;s. Elin is perhaps best known as one half of the duo NALJA, which in the late 80&#8217;s released a cassette tape with very popular songs like &#8220;\u00c1, Tann deiliga Havn&#8221;, &#8220;Sjeikurin&#8221; and &#8220;Eitt d\u00fdpi av d\u00fdrari t\u00ed\u00f0&#8221;.&hellip;<\/p>\n","protected":false},"author":1,"featured_media":1480,"parent":0,"menu_order":0,"comment_status":"closed","ping_status":"closed","template":"","meta":{"footnotes":""},"class_list":["post-23","page","type-page","status-publish","format-standard","has-post-thumbnail","hentry"],"_links":{"self":[{"href":"https:\/\/heinesen.fo\/en\/index.php\/wp-json\/wp\/v2\/pages\/23","targetHints":{"allow":["GET"]}}],"collection":[{"href":"https:\/\/heinesen.fo\/en\/index.php\/wp-json\/wp\/v2\/pages"}],"about":[{"href":"https:\/\/heinesen.fo\/en\/index.php\/wp-json\/wp\/v2\/types\/page"}],"author":[{"embeddable":true,"href":"https:\/\/heinesen.fo\/en\/index.php\/wp-json\/wp\/v2\/users\/1"}],"replies":[{"embeddable":true,"href":"https:\/\/heinesen.fo\/en\/index.php\/wp-json\/wp\/v2\/comments?post=23"}],"version-history":[{"count":55,"href":"https:\/\/heinesen.fo\/en\/index.php\/wp-json\/wp\/v2\/pages\/23\/revisions"}],"predecessor-version":[{"id":3902,"href":"https:\/\/heinesen.fo\/en\/index.php\/wp-json\/wp\/v2\/pages\/23\/revisions\/3902"}],"wp:featuredmedia":[{"embeddable":true,"href":"https:\/\/heinesen.fo\/en\/index.php\/wp-json\/wp\/v2\/media\/1480"}],"wp:attachment":[{"href":"https:\/\/heinesen.fo\/en\/index.php\/wp-json\/wp\/v2\/media?parent=23"}],"curies":[{"name":"wp","href":"https:\/\/api.w.org\/{rel}","templated":true}]}}