{"id":33,"date":"2023-08-25T13:26:02","date_gmt":"2023-08-25T12:26:02","guid":{"rendered":"https:\/\/heinesen.fo\/?page_id=33"},"modified":"2023-11-05T21:17:45","modified_gmt":"2023-11-05T21:17:45","slug":"videos","status":"publish","type":"page","link":"https:\/\/heinesen.fo\/en\/index.php\/published-music\/videos\/","title":{"rendered":"VIDEOS"},"content":{"rendered":"<h3><strong>MUSIC VIDEOS &amp; PERFORMANCES ON VIDEO<\/strong><\/h3>\n<p><strong>Content on this page:<\/strong><\/p>\n<p>\u2013 <a href=\"#Soleyan\">Music video: \u201cS\u00f3leyan l\u00fdsir um fl\u00f8tur\u201d (Buttercups Light Up The Meadows) in Faroese (2021)<\/a><br \/>\n\u2013 <a href=\"#Buttercups\">Music video: \u201cS\u00f3leyan l\u00fdsir um fl\u00f8tur\u201d (Buttercups Light Up The Meadows) in English (2021)<\/a><br \/>\n\u2013 <a href=\"#Tuvart\">Lyrics Video: \u201cT\u00fa vart alt\u00ed\u00f0 har (You Were Always There) from the album \u201cHandan stj\u00f8rnurnar\u201d (Beyond The Stars) (2018)<\/a><br \/>\n\u2013 <a href=\"#Soeti\">Lyrics Video: \u201cS\u00f8ti m\u00edn\u201d (My Baby) from the album \u201cHandan stj\u00f8rnurnar\u201d (Beyond The Stars) (2018)<\/a><br \/>\n\u2013 <a href=\"#Lisa\">Video of live performance by Elin Brimheim Heinesen Trio of the song \u201cLisas sang til K\u00e5re\u201d (Lisa\u2019s Song To K\u00e5re) written and composed by Lisbeth Nebelong<\/a><br \/>\n\u2013 <a href=\"#Dypi\">Award-winning video: \u201cEitt d\u00fdpi av d\u00fdrari t\u00ed\u00f0\u201d (A Chasm Of Precious Time) with English captions (2008)<\/a><br \/>\n\u2013 <a href=\"#Dypilive\">Video of live performance of \u201cEitt d\u00fdpi av d\u00fdrari t\u00ed\u00f0\u201d (2008)<\/a><br \/>\n\u2013 <a href=\"#Geralog\">Video Interview (in Faroese) about composing (2008)<\/a><br \/>\n\u2013 <a href=\"#Atanndeiliga\">Music Video: The biggest hit from the pop duo NALJA days: \u201c\u00c1, tann deiliga Havn\u201d (1988)<\/a><\/p>\n<p id=\"Soleyan\"><strong>Music video: \u201cS\u00f3leyan l\u00fdsir um fl\u00f8tur\u201d (Buttercups Light Up The Meadows) in Faroese (2021):<\/strong><\/p>\n<p><iframe loading=\"lazy\" title=\"YouTube video player\" src=\"https:\/\/www.youtube.com\/embed\/KHFIqjqT4Gg\" width=\"700\" height=\"450\" frameborder=\"0\" allowfullscreen=\"allowfullscreen\" data-mce-fragment=\"1\"><\/iframe><\/p>\n<p id=\"&quot;Buttercups\"><strong>Music video: \u201cS\u00f3leyan l\u00fdsir um fl\u00f8tur\u201d (Buttercups Light Up The Meadows) in English (2021):<\/strong><\/p>\n<p><iframe loading=\"lazy\" title=\"YouTube video player\" src=\"https:\/\/www.youtube.com\/embed\/8RDofwQg284\" width=\"700\" height=\"450\" frameborder=\"0\" allowfullscreen=\"allowfullscreen\" data-mce-fragment=\"1\"><\/iframe><\/p>\n<p id=\"Tuvart\"><strong>Lyrics Video: \u201cT\u00fa vart alt\u00ed\u00f0 har (You Were Always There) from the album \u201cHandan stj\u00f8rnurnar\u201d (Beyond The Stars) (2018):<\/strong><\/p>\n<p><iframe loading=\"lazy\" title=\"YouTube video player\" src=\"https:\/\/www.youtube.com\/embed\/ijo2GVo_ZbA\" width=\"700\" height=\"450\" frameborder=\"0\" allowfullscreen=\"allowfullscreen\" data-mce-fragment=\"1\"><\/iframe><\/p>\n<p id=\"Soeti\"><strong>Lyrics Video: \u201cS\u00f8ti m\u00edn\u201d (My Baby) from the album \u201cHandan stj\u00f8rnurnar\u201d (Beyond The Stars) (2018):<\/strong><\/p>\n<p><iframe loading=\"lazy\" title=\"YouTube video player\" src=\"https:\/\/www.youtube.com\/embed\/-A-XR5ZjGrU\" width=\"700\" height=\"450\" frameborder=\"0\" allowfullscreen=\"allowfullscreen\" data-mce-fragment=\"1\"><\/iframe><\/p>\n<p id=\"Lisa\"><strong>Video of live performance by Elin Brimheim Heinesen Trio of the song \u201cLisas sang til K\u00e5re\u201d (Lisa\u2019s Song To K\u00e5re) written and composed by Lisbeth Nebelong:<\/strong><\/p>\n<p><iframe loading=\"lazy\" title=\"YouTube video player\" src=\"https:\/\/www.youtube.com\/embed\/bOIQgxlBkus\" width=\"700\" height=\"450\" frameborder=\"0\" allowfullscreen=\"allowfullscreen\" data-mce-fragment=\"1\"><\/iframe><\/p>\n<p id=\"Dypi\"><strong>Video: \u201cEitt d\u00fdpi av d\u00fdrari t\u00ed\u00f0\u201d (A Chasm Of Precious Time) (2008) with English captions:<\/strong><\/p>\n<p><iframe loading=\"lazy\" title=\"YouTube video player\" src=\"https:\/\/www.youtube.com\/embed\/Nd-vBF2-mIo\" width=\"700\" height=\"450\" frameborder=\"0\" allowfullscreen=\"allowfullscreen\" data-mce-fragment=\"1\"><\/iframe><\/p>\n<p id=\"Dypilive\"><strong>Performing eitt d\u00fdpi av d\u00fdrari t\u00ed\u00f0 \u2013 live! (2008):<\/strong><\/p>\n<p><iframe loading=\"lazy\" title=\"YouTube video player\" src=\"https:\/\/www.youtube.com\/embed\/lZGfI3_hLhg?si=VjY5dv3_0D61kDLV&amp;start=36\" width=\"700\" height=\"450\" frameborder=\"0\" allowfullscreen=\"allowfullscreen\"><\/iframe><\/p>\n<p id=\"&quot;Geralog\">&#8220;<strong>Video Interview (in Faroese) about composing (2008):<\/strong><\/p>\n<p><iframe loading=\"lazy\" title=\"YouTube video player\" src=\"https:\/\/www.youtube.com\/embed\/jFNHfIB4AHE?si=VIDoRmTUO_s0M-uI\" width=\"700\" height=\"450\" frameborder=\"0\" allowfullscreen=\"allowfullscreen\"><\/iframe><\/p>\n<p id=\"Atanndeiliga\"><strong>The biggest hit from the NALJA-days (1988):<\/strong><\/p>\n<p><iframe loading=\"lazy\" title=\"YouTube video player\" src=\"https:\/\/www.youtube.com\/embed\/0-Cdyo7AKuU?si=jh4RfGdCrSAfzLxs&amp;start=36\" width=\"700\" height=\"450\" frameborder=\"0\" allowfullscreen=\"allowfullscreen\"><\/iframe><\/p>\n","protected":false},"excerpt":{"rendered":"<p>MUSIC VIDEOS &amp; PERFORMANCES ON VIDEO Content on this page: \u2013 Music video: \u201cS\u00f3leyan l\u00fdsir um fl\u00f8tur\u201d (Buttercups Light Up The Meadows) in Faroese (2021) \u2013 Music video: \u201cS\u00f3leyan l\u00fdsir um fl\u00f8tur\u201d (Buttercups Light Up The Meadows) in English (2021) \u2013 Lyrics Video: \u201cT\u00fa vart alt\u00ed\u00f0 har (You Were Always There) from the album \u201cHandan&hellip;<\/p>\n","protected":false},"author":1,"featured_media":1765,"parent":1078,"menu_order":5,"comment_status":"closed","ping_status":"closed","template":"","meta":{"footnotes":""},"class_list":["post-33","page","type-page","status-publish","format-standard","has-post-thumbnail","hentry"],"_links":{"self":[{"href":"https:\/\/heinesen.fo\/en\/index.php\/wp-json\/wp\/v2\/pages\/33","targetHints":{"allow":["GET"]}}],"collection":[{"href":"https:\/\/heinesen.fo\/en\/index.php\/wp-json\/wp\/v2\/pages"}],"about":[{"href":"https:\/\/heinesen.fo\/en\/index.php\/wp-json\/wp\/v2\/types\/page"}],"author":[{"embeddable":true,"href":"https:\/\/heinesen.fo\/en\/index.php\/wp-json\/wp\/v2\/users\/1"}],"replies":[{"embeddable":true,"href":"https:\/\/heinesen.fo\/en\/index.php\/wp-json\/wp\/v2\/comments?post=33"}],"version-history":[{"count":11,"href":"https:\/\/heinesen.fo\/en\/index.php\/wp-json\/wp\/v2\/pages\/33\/revisions"}],"predecessor-version":[{"id":2843,"href":"https:\/\/heinesen.fo\/en\/index.php\/wp-json\/wp\/v2\/pages\/33\/revisions\/2843"}],"up":[{"embeddable":true,"href":"https:\/\/heinesen.fo\/en\/index.php\/wp-json\/wp\/v2\/pages\/1078"}],"wp:featuredmedia":[{"embeddable":true,"href":"https:\/\/heinesen.fo\/en\/index.php\/wp-json\/wp\/v2\/media\/1765"}],"wp:attachment":[{"href":"https:\/\/heinesen.fo\/en\/index.php\/wp-json\/wp\/v2\/media?parent=33"}],"curies":[{"name":"wp","href":"https:\/\/api.w.org\/{rel}","templated":true}]}}