{"id":37,"date":"2023-08-25T13:28:13","date_gmt":"2023-08-25T13:28:13","guid":{"rendered":"https:\/\/heinesen.fo\/?page_id=37"},"modified":"2023-10-27T13:32:25","modified_gmt":"2023-10-27T12:32:25","slug":"a-popular-song","status":"publish","type":"page","link":"https:\/\/heinesen.fo\/en\/index.php\/a-popular-song\/","title":{"rendered":"A POPULAR SONG"},"content":{"rendered":"<h3>EITT D\u00ddPI AV D\u00ddRARI T\u00cd\u00d0<\/h3>\n<h4>(IN ENGLISH: \u201cA CHASM OF PRECIOUS TIME\u201d)<\/h4>\n<p>This is the title of one of Elin\u2019s most popular songs with lyrics by her father, Jens Pauli Heinesen. The song has gained international recognition.<\/p>\n<p>There are two versions of the song \u2013 the original one from the NALJA-album published in 1988, and a later edition from 2002 recorded with the City of Prague Philharmonic Orchestra and T\u00f3rshavn Men&#8217;s Choir, arranged by Danish composer S\u00f8ren Hyldgaard, which today is the most well-known.<\/p>\n<p>Listen to the original NALJA-version here:<\/p>\n<audio class=\"wp-audio-shortcode\" id=\"audio-37-1\" preload=\"none\" style=\"width: 100%;\" controls=\"controls\"><source type=\"audio\/mpeg\" src=\"http:\/\/heinesen.fo\/wp-content\/uploads\/2023\/08\/05-Eitt-Dypi-Av-Dyrari-Tid.mp3?_=1\" \/><a href=\"http:\/\/heinesen.fo\/wp-content\/uploads\/2023\/08\/05-Eitt-Dypi-Av-Dyrari-Tid.mp3\">http:\/\/heinesen.fo\/wp-content\/uploads\/2023\/08\/05-Eitt-Dypi-Av-Dyrari-Tid.mp3<\/a><\/audio>\n<p>Listen to the newer symphonic version here:<\/p>\n<audio class=\"wp-audio-shortcode\" id=\"audio-37-2\" preload=\"none\" style=\"width: 100%;\" controls=\"controls\"><source type=\"audio\/mpeg\" src=\"http:\/\/heinesen.fo\/wp-content\/uploads\/2023\/08\/Eitt_dypi_av_dyrari_tid.mp3?_=2\" \/><a href=\"http:\/\/heinesen.fo\/wp-content\/uploads\/2023\/08\/Eitt_dypi_av_dyrari_tid.mp3\">http:\/\/heinesen.fo\/wp-content\/uploads\/2023\/08\/Eitt_dypi_av_dyrari_tid.mp3<\/a><\/audio>\n<p>Watch Elin perform the song live in an acoustic version here:<\/p>\n<p style=\"text-align: center;\"><iframe loading=\"lazy\" title=\"YouTube video player\" src=\"https:\/\/www.youtube.com\/embed\/lZGfI3_hLhg?si=irf2JvJWpDLf5a6Q&amp;start=36\" width=\"853\" height=\"480\" frameborder=\"0\" allowfullscreen=\"allowfullscreen\"><\/iframe><\/p>\n<p>The song is also on the soundtrack to the video &#8220;Where Nature Rules&#8221;:<\/p>\n<p><center><iframe loading=\"lazy\" title=\"YouTube video player\" src=\"https:\/\/www.youtube.com\/embed\/Nd-vBF2-mIo?si=wyVSIoWKQIdi_Ie0\" width=\"700\" height=\"450\" frameborder=\"0\" allowfullscreen=\"allowfullscreen\"><\/iframe><\/center><\/p>\n","protected":false},"excerpt":{"rendered":"<p>EITT D\u00ddPI AV D\u00ddRARI T\u00cd\u00d0 (IN ENGLISH: \u201cA CHASM OF PRECIOUS TIME\u201d) This is the title of one of Elin\u2019s most popular songs with lyrics by her father, Jens Pauli Heinesen. The song has gained international recognition. There are two versions of the song \u2013 the original one from the NALJA-album published in 1988, and&hellip;<\/p>\n","protected":false},"author":1,"featured_media":1673,"parent":0,"menu_order":0,"comment_status":"closed","ping_status":"closed","template":"","meta":{"footnotes":""},"class_list":["post-37","page","type-page","status-publish","format-standard","has-post-thumbnail","hentry"],"_links":{"self":[{"href":"https:\/\/heinesen.fo\/en\/index.php\/wp-json\/wp\/v2\/pages\/37","targetHints":{"allow":["GET"]}}],"collection":[{"href":"https:\/\/heinesen.fo\/en\/index.php\/wp-json\/wp\/v2\/pages"}],"about":[{"href":"https:\/\/heinesen.fo\/en\/index.php\/wp-json\/wp\/v2\/types\/page"}],"author":[{"embeddable":true,"href":"https:\/\/heinesen.fo\/en\/index.php\/wp-json\/wp\/v2\/users\/1"}],"replies":[{"embeddable":true,"href":"https:\/\/heinesen.fo\/en\/index.php\/wp-json\/wp\/v2\/comments?post=37"}],"version-history":[{"count":19,"href":"https:\/\/heinesen.fo\/en\/index.php\/wp-json\/wp\/v2\/pages\/37\/revisions"}],"predecessor-version":[{"id":3292,"href":"https:\/\/heinesen.fo\/en\/index.php\/wp-json\/wp\/v2\/pages\/37\/revisions\/3292"}],"wp:featuredmedia":[{"embeddable":true,"href":"https:\/\/heinesen.fo\/en\/index.php\/wp-json\/wp\/v2\/media\/1673"}],"wp:attachment":[{"href":"https:\/\/heinesen.fo\/en\/index.php\/wp-json\/wp\/v2\/media?parent=37"}],"curies":[{"name":"wp","href":"https:\/\/api.w.org\/{rel}","templated":true}]}}