{"id":39,"date":"2023-08-25T13:29:00","date_gmt":"2023-08-25T13:29:00","guid":{"rendered":"https:\/\/heinesen.fo\/?page_id=39"},"modified":"2025-05-24T13:56:40","modified_gmt":"2025-05-24T12:56:40","slug":"about","status":"publish","type":"page","link":"https:\/\/heinesen.fo\/en\/","title":{"rendered":"ABOUT ELIN"},"content":{"rendered":"<h3>MUSIC<\/h3>\n<p>Since the 1970s, Elin Brimheim Heinesen has been known in the Faroe Islands as a singer\/songwriter\/composer. She performs and creates music as a solo artist but has also collaborated with several other artists from time to time.<\/p>\n<p>The collaboration with the Faroese composer\/producer K\u00e1ri Linderoth Jacobsen is the most well-known in the Faroe Islands, with whom she released their debut album NALJA in 1988. On the release, five of the ten songs were written by her, and the other five by K\u00e1ri. The NALJA songs were well received and have been highly valued in the Faroe Islands ever since. They are still often played on Faroese radio. One could rightly say that the songs have become classics.<\/p>\n<p>It was not until 22 years later that Elin released an album again. In the mid-2000s, she began a collaboration with the music group Ad Libitum, with whom she released the album &#8220;Yndisl\u00f8g&#8221; (Treasured Songs) in 2010. The album featured 15 songs, most of which were covers of evergreens that Elin translated into Faroese.<\/p>\n<p>8 years later, that is, early in 2018, Elin finally took the step to record and release her first complete album as a solo artist \u2013 &#8220;Handan stj\u00f8rnurnar&#8221; (Beyond The Stars) featuring only her own music \u2013 12 songs with lyrics and music by herself.<\/p>\n<p>And 5 years later \u2013 in December 2023 \u2013 she released an album of neoclassical symphonic music &#8211; &#8220;Eitt d\u00fdpi av d\u00fdrari t\u00ed\u00f0 &#8211; A Chasm of Precious Time&#8221; &#8211; with music she composed for poems by her father, Jens Pauli Heinesen. At the FMA (Faroese Music Awards) in 2022, she received an award for her father&#8217;s lyrics to the song &#8220;S\u00f3leyan l\u00fdsir um fl\u00f8tur&#8221; on the album, which she had released as a single before the album was published.<\/p>\n<p>More details <a title=\"Musical career\" href=\"https:\/\/heinesen.fo\/en\/index.php\/musical-career\/\">HERE<\/a>.<\/p>\n<h4>LISTEN TO ELIN BRIMHEIM HEINESEN<br \/>\n<iframe loading=\"lazy\" style=\"border-radius: 12px;\" src=\"https:\/\/open.spotify.com\/embed\/playlist\/2wT1sSwBBKTu1Lw1Lh35ul?utm_source=generator\" width=\"100%\" height=\"352\" frameborder=\"0\" allowfullscreen=\"allowfullscreen\"><\/iframe><\/h4>\n<h3>EDUCATION<\/h3>\n<p>Elin holds a university degree (Cand.Mag.) in aesthetics and culture and also has an education in business economics from Copenhagen Business School as well as being an educated screenwriter from Den Danske Filmskole (the Danish Film School).<\/p>\n<p>More details <a title=\"Education\" href=\"https:\/\/heinesen.fo\/en\/index.php\/about\/education\/\">HERE<\/a>.<\/p>\n<h3>WORK EXPERIENCE<\/h3>\n<p>Elin has wide-ranging experience in the fields of internet, marketing, media and culture and has worked in communication and marketing for many years as head of media and marketing, journalist and editor in chief in on-line and printed media.<\/p>\n<p>Elin was, for example, an international marketing coordinator for Copenhagen as the European Capital of Culture in 1996.<\/p>\n<p>During the last 5 of the 25 years she spent in Denmark before moving back to the Faroe Islands in 2007, she was the editor-in-chief of KIWI Magazine, a Danish women\u2019s and consumer magazine, which she co-founded. The magazine had 430,000 readers according to a Gallup survey in 2006.<\/p>\n<p>In 2007, she moved to the Faroe Islands to take on the role of CEO at SamViti \u2013 Faroe Islands Enterprise, Faroese Trade and Tourism Council, which after 2 years was merged with the Faroese Ministry of Foreign Affairs.<\/p>\n<p>In 2009, she became media director at Kringvarp F\u00f8roya.<\/p>\n<p>In May 2012, she left Kringvarp F\u00f8roya to become an independent copywriter, journalist, editor, and communications consultant. She ran an online music magazine and worked as a freelance journalist.<\/p>\n<p>In 2015, she took on a new permanent role as the head of the Student Services Center at the University of the Faroe Islands (Fr\u00f3\u00f0skaparsetur F\u00f8roya), handling tasks related to communication, information, guidance, administration, and academics, particularly relating to the studies of future, current, and former students.<\/p>\n<p>In 2018, she was offered the position of head of the Audiobook Service at Landsb\u00f3kasavni\u00f0 (the National Library) in the Faroe Islands, which remains her current position. She is responsible for the production and distribution of Faroese audiobooks. The purpose of the Audiobook Service is to ensure that, primarily, people with special needs have as much access as possible to reading materials published in Faroese, including in formats other than print media.<\/p>\n<p>More details <a title=\"Work Experience\" href=\"https:\/\/heinesen.fo\/en\/index.php\/about\/work-experience\/\">HERE<\/a>.<\/p>\n<h3>PRIVATE LIFE<\/h3>\n<p>Elin was born 25. June in 1958 in T\u00f3rshavn, the Faroe Islands, where she grew up with her parents, Jens Pauli Heinesen, author and teacher, and Maud Heinesen (born Brimheim), children&#8217;s book author and administration manager at the University of the Faroe Islands.<\/p>\n<p>Elin went to Denmark to study in her mid twenties and stayed in the country for 25 years, most of the time living and working in Copenhagen, until she moved back to the Faroes in 2007, where she lives today.<\/p>\n<p>Elin married a Danish man in 1989 with whom she had one daughter. They later divorced in 1997.<\/p>\n<p>If you are interested in reading a more personal and thorough description of Elin&#8217;s life and career, you can learn more <a href=\"https:\/\/heinesen.info\/wp\/en\/blog\/2020\/06\/30\/care-helped-me-to-survive\/\" target=\"_blank\" rel=\"noopener\">HERE<\/a>.<\/p>\n<h3>THE DAUGHTER<\/h3>\n<p><img loading=\"lazy\" decoding=\"async\" class=\"size-medium wp-image-1157 alignright\" src=\"http:\/\/heinesen.fo\/wp-content\/uploads\/2023\/08\/Brimheim-300x300.jpg\" alt=\"\" width=\"300\" height=\"300\" srcset=\"https:\/\/heinesen.fo\/wp-content\/uploads\/2023\/08\/Brimheim-300x300.jpg 300w, https:\/\/heinesen.fo\/wp-content\/uploads\/2023\/08\/Brimheim-1024x1024.jpg 1024w, https:\/\/heinesen.fo\/wp-content\/uploads\/2023\/08\/Brimheim-150x150.jpg 150w, https:\/\/heinesen.fo\/wp-content\/uploads\/2023\/08\/Brimheim-768x769.jpg 768w, https:\/\/heinesen.fo\/wp-content\/uploads\/2023\/08\/Brimheim-1534x1536.jpg 1534w, https:\/\/heinesen.fo\/wp-content\/uploads\/2023\/08\/Brimheim-1300x1302.jpg 1300w, https:\/\/heinesen.fo\/wp-content\/uploads\/2023\/08\/Brimheim.jpg 1618w\" sizes=\"auto, (max-width: 300px) 100vw, 300px\" \/>Elin&#8217;s daughter, Helena Heinesen Rebensdorff, born in 1990, went on to pursue a music career just like her mother. But Helena has taken it much further. She has a Bachelor&#8217;s Degree in Songwriting from the Royal Academy of Music in Aarhus and a Master&#8217;s Degreen in Music Creation from the Rhythmic Music Conservatory (RMC) in Copenhagen.<\/p>\n<p>Helena now works as a professional musician under the artist name <a href=\"http:\/\/brimheim.com\" target=\"_blank\" rel=\"noopener\">BRIMHEIM<\/a> and lives in Malm\u00f6, Sweden, with her wife Lorri Lin, but spends her daily life in Copenhagen, Denmark, where she has her professional base. BRIMHEIM is quite well-known in Denmark, where her music gets a lot of airplay in Danish radio. She plays concerts at the main scenes and festivals with her band there, and has also toured other countries. BRIMHEIM has gotten a plethora of rave reviews for her published music and her concerts.<\/p>\n<p>She has been nominated several times for the FMA \u2013 Faroe Music Awards, and she has won a total of eight FMA awards \u2013 in 2021 as New Artist of the Year, in 2022 as Female Singer of the Year, Band of the Year, and for Song of the Year (&#8220;Hey Amanda&#8221;), as well as in 2024 for Song of the Year (&#8220;Literally Everything&#8221;) and Visual Identity of the Year. In 2025, she won two awards \u2013 one as Composer of the Year and another for Album of the Year (the album\u00a0<em>&#8220;RATKING&#8221;<\/em>). Additionally, she was awarded the Carl Prize by the Danish music publishers as Talent of the Year in 2022, which included a prize of 30,000 DKK.<\/p>\n<p>Check out <a href=\"http:\/\/brimheim.com\" target=\"_blank\" rel=\"noopener\">BRIMHEIM&#8217;s webpage<\/a>.<\/p>\n<h4>LISTEN TO BRIMHEIM<br \/>\n<iframe loading=\"lazy\" style=\"border-radius: 12px;\" src=\"https:\/\/open.spotify.com\/embed\/artist\/2ROf9t2bzHTnVuf8btRd5J?utm_source=generator\" width=\"100%\" height=\"352\" frameborder=\"0\" allowfullscreen=\"allowfullscreen\"><\/iframe><\/h4>\n","protected":false},"excerpt":{"rendered":"<p>MUSIC Since the 1970s, Elin Brimheim Heinesen has been known in the Faroe Islands as a singer\/songwriter\/composer. She performs and creates music as a solo artist but has also collaborated with several other artists from time to time. The collaboration with the Faroese composer\/producer K\u00e1ri Linderoth Jacobsen is the most well-known in the Faroe Islands,&hellip;<\/p>\n","protected":false},"author":1,"featured_media":1236,"parent":0,"menu_order":0,"comment_status":"closed","ping_status":"closed","template":"","meta":{"footnotes":""},"class_list":["post-39","page","type-page","status-publish","format-standard","has-post-thumbnail","hentry"],"_links":{"self":[{"href":"https:\/\/heinesen.fo\/en\/index.php\/wp-json\/wp\/v2\/pages\/39","targetHints":{"allow":["GET"]}}],"collection":[{"href":"https:\/\/heinesen.fo\/en\/index.php\/wp-json\/wp\/v2\/pages"}],"about":[{"href":"https:\/\/heinesen.fo\/en\/index.php\/wp-json\/wp\/v2\/types\/page"}],"author":[{"embeddable":true,"href":"https:\/\/heinesen.fo\/en\/index.php\/wp-json\/wp\/v2\/users\/1"}],"replies":[{"embeddable":true,"href":"https:\/\/heinesen.fo\/en\/index.php\/wp-json\/wp\/v2\/comments?post=39"}],"version-history":[{"count":50,"href":"https:\/\/heinesen.fo\/en\/index.php\/wp-json\/wp\/v2\/pages\/39\/revisions"}],"predecessor-version":[{"id":4125,"href":"https:\/\/heinesen.fo\/en\/index.php\/wp-json\/wp\/v2\/pages\/39\/revisions\/4125"}],"wp:featuredmedia":[{"embeddable":true,"href":"https:\/\/heinesen.fo\/en\/index.php\/wp-json\/wp\/v2\/media\/1236"}],"wp:attachment":[{"href":"https:\/\/heinesen.fo\/en\/index.php\/wp-json\/wp\/v2\/media?parent=39"}],"curies":[{"name":"wp","href":"https:\/\/api.w.org\/{rel}","templated":true}]}}