{"id":3984,"date":"2024-09-20T17:06:08","date_gmt":"2024-09-20T16:06:08","guid":{"rendered":"https:\/\/heinesen.fo\/index.php\/stadseting\/"},"modified":"2024-09-23T17:00:52","modified_gmt":"2024-09-23T16:00:52","slug":"stadseting","status":"publish","type":"page","link":"https:\/\/heinesen.fo\/en\/index.php\/fljod-concerts\/stadseting\/","title":{"rendered":"LOCATION"},"content":{"rendered":"<p>Here is a map of T\u00f3rshavn to show you the approximate location, marked \u201c<strong>MY HOME<\/strong>\u201c:<\/p>\n<p><img loading=\"lazy\" decoding=\"async\" class=\"alignnone size-nord-full-width wp-image-3668\" src=\"https:\/\/heinesen.fo\/wp-content\/uploads\/2024\/04\/Map-of-Torshavn-with-FLJOD-location-1300x1378.jpg\" sizes=\"auto, (max-width: 1200px) 100vw, 1200px\" srcset=\"https:\/\/heinesen.fo\/wp-content\/uploads\/2024\/04\/Map-of-Torshavn-with-FLJOD-location-1300x1378.jpg 1300w, https:\/\/heinesen.fo\/wp-content\/uploads\/2024\/04\/Map-of-Torshavn-with-FLJOD-location-283x300.jpg 283w, https:\/\/heinesen.fo\/wp-content\/uploads\/2024\/04\/Map-of-Torshavn-with-FLJOD-location-966x1024.jpg 966w, https:\/\/heinesen.fo\/wp-content\/uploads\/2024\/04\/Map-of-Torshavn-with-FLJOD-location-768x814.jpg 768w, https:\/\/heinesen.fo\/wp-content\/uploads\/2024\/04\/Map-of-Torshavn-with-FLJOD-location-1449x1536.jpg 1449w, https:\/\/heinesen.fo\/wp-content\/uploads\/2024\/04\/Map-of-Torshavn-with-FLJOD-location-1932x2048.jpg 1932w, https:\/\/heinesen.fo\/wp-content\/uploads\/2024\/04\/Map-of-Torshavn-with-FLJOD-location.jpg 1998w\" alt=\"\" width=\"1200\" height=\"1272\" \/><\/p>\n<p>And a little closer:<\/p>\n<p><img loading=\"lazy\" decoding=\"async\" class=\"alignnone wp-image-3757 size-nord-full-width\" src=\"https:\/\/heinesen.fo\/wp-content\/uploads\/2024\/05\/How-to-get-to-Magnus-Heinasonar-gota-8-1300x1040.png\" sizes=\"auto, (max-width: 1200px) 100vw, 1200px\" srcset=\"https:\/\/heinesen.fo\/wp-content\/uploads\/2024\/05\/How-to-get-to-Magnus-Heinasonar-gota-8-1300x1040.png 1300w, https:\/\/heinesen.fo\/wp-content\/uploads\/2024\/05\/How-to-get-to-Magnus-Heinasonar-gota-8-300x240.png 300w, https:\/\/heinesen.fo\/wp-content\/uploads\/2024\/05\/How-to-get-to-Magnus-Heinasonar-gota-8-1024x819.png 1024w, https:\/\/heinesen.fo\/wp-content\/uploads\/2024\/05\/How-to-get-to-Magnus-Heinasonar-gota-8-768x614.png 768w, https:\/\/heinesen.fo\/wp-content\/uploads\/2024\/05\/How-to-get-to-Magnus-Heinasonar-gota-8-1536x1229.png 1536w, https:\/\/heinesen.fo\/wp-content\/uploads\/2024\/05\/How-to-get-to-Magnus-Heinasonar-gota-8.png 1720w\" alt=\"\" width=\"1200\" height=\"960\" \/><\/p>\n<h4>Find your way from Sverrisg\u00f8ta:<\/h4>\n<p>Find the corner of Sverrisg\u00f8ta and Magnus Heinasonarg\u00f8ta (looks like the photo below) \u2013 and then walk down to the dark red house you see at the end of the street with the parked cars.<\/p>\n<p>That is Magnus Heinasonar g\u00f8ta. No. 8 is right behind the dark red house. But\u2026<\/p>\n<p><img loading=\"lazy\" decoding=\"async\" class=\"alignnone size-large wp-image-3671\" src=\"https:\/\/heinesen.fo\/wp-content\/uploads\/2024\/04\/Corner_Sverrisgota_M-Heinasonargota-1024x708.jpg\" sizes=\"auto, (max-width: 1024px) 100vw, 1024px\" srcset=\"https:\/\/heinesen.fo\/wp-content\/uploads\/2024\/04\/Corner_Sverrisgota_M-Heinasonargota-1024x708.jpg 1024w, https:\/\/heinesen.fo\/wp-content\/uploads\/2024\/04\/Corner_Sverrisgota_M-Heinasonargota-300x207.jpg 300w, https:\/\/heinesen.fo\/wp-content\/uploads\/2024\/04\/Corner_Sverrisgota_M-Heinasonargota-768x531.jpg 768w, https:\/\/heinesen.fo\/wp-content\/uploads\/2024\/04\/Corner_Sverrisgota_M-Heinasonargota-1536x1062.jpg 1536w, https:\/\/heinesen.fo\/wp-content\/uploads\/2024\/04\/Corner_Sverrisgota_M-Heinasonargota-2048x1416.jpg 2048w, https:\/\/heinesen.fo\/wp-content\/uploads\/2024\/04\/Corner_Sverrisgota_M-Heinasonargota-1300x899.jpg 1300w\" alt=\"\" width=\"1024\" height=\"708\" \/><\/p>\n<p>\u2026 when you reach the dark red house, make sure that you do\u00a0<strong>NOT<\/strong>\u00a0go down the road to the left of the red house, where you see a white car on the photo below parked in front of a little white house.<\/p>\n<p>As stated, do\u00a0<strong>NOT go that way. Please go to the right instead. And then immediately turn at the corner of the red house<\/strong>, where you\u2019ll see a very narrow alley to your left side.<\/p>\n<p><img loading=\"lazy\" decoding=\"async\" class=\"alignnone size-large wp-image-3682\" src=\"https:\/\/heinesen.fo\/wp-content\/uploads\/2024\/04\/The-red-house-1024x778.jpg\" sizes=\"auto, (max-width: 1024px) 100vw, 1024px\" srcset=\"https:\/\/heinesen.fo\/wp-content\/uploads\/2024\/04\/The-red-house-1024x778.jpg 1024w, https:\/\/heinesen.fo\/wp-content\/uploads\/2024\/04\/The-red-house-300x228.jpg 300w, https:\/\/heinesen.fo\/wp-content\/uploads\/2024\/04\/The-red-house-768x583.jpg 768w, https:\/\/heinesen.fo\/wp-content\/uploads\/2024\/04\/The-red-house-1536x1167.jpg 1536w, https:\/\/heinesen.fo\/wp-content\/uploads\/2024\/04\/The-red-house-2048x1556.jpg 2048w, https:\/\/heinesen.fo\/wp-content\/uploads\/2024\/04\/The-red-house-1300x988.jpg 1300w\" alt=\"\" width=\"1024\" height=\"778\" \/><\/p>\n<p>This video below shows you the way to Magnus Heinasonar g\u00f8ta 8 from the spot on the photo above:<\/p>\n<p><iframe loading=\"lazy\" title=\"How to find F'LJ\u00d3\u00d0 KV\u00d8LDSETUR's location\" src=\"https:\/\/www.youtube.com\/embed\/4b9KSqkxA90?feature=oembed\" width=\"1200\" height=\"675\" frameborder=\"0\" allowfullscreen=\"allowfullscreen\" data-mce-fragment=\"1\"><\/iframe><\/p>\n<p>You will find Magnus Heinasonar g\u00f8ta 8 \u2013 the domicile of F\u2019LJ\u00d3\u00d0 KV\u00d8LDSETUR \u2013 in the next house down the narrow alley. It is a black house with white windows and a green front door. Welcome!<\/p>\n<p><img loading=\"lazy\" decoding=\"async\" class=\"alignnone size-full wp-image-3690\" src=\"https:\/\/heinesen.fo\/wp-content\/uploads\/2024\/04\/Magnus-Heinasonar-gota-8.jpg\" sizes=\"auto, (max-width: 697px) 100vw, 697px\" srcset=\"https:\/\/heinesen.fo\/wp-content\/uploads\/2024\/04\/Magnus-Heinasonar-gota-8.jpg 697w, https:\/\/heinesen.fo\/wp-content\/uploads\/2024\/04\/Magnus-Heinasonar-gota-8-300x300.jpg 300w, https:\/\/heinesen.fo\/wp-content\/uploads\/2024\/04\/Magnus-Heinasonar-gota-8-150x150.jpg 150w\" alt=\"\" width=\"697\" height=\"697\" \/><\/p>\n<h4>Find way from V\u00e1gsbotn\/the small boat harbour:<\/h4>\n<p>If you come from the harbour down at V\u00e1gsbotn, you will follow this route:<\/p>\n<p><a href=\"https:\/\/heinesen.fo\/en\/index.php\/stadseting\/vagsbotn1\/\" rel=\"attachment wp-att-3986\"><img loading=\"lazy\" decoding=\"async\" class=\"alignnone size-large wp-image-3986\" src=\"https:\/\/heinesen.fo\/wp-content\/uploads\/2024\/09\/Vagsbotn1-1024x861.jpg\" alt=\"\" width=\"1024\" height=\"861\" srcset=\"https:\/\/heinesen.fo\/wp-content\/uploads\/2024\/09\/Vagsbotn1-1024x861.jpg 1024w, https:\/\/heinesen.fo\/wp-content\/uploads\/2024\/09\/Vagsbotn1-300x252.jpg 300w, https:\/\/heinesen.fo\/wp-content\/uploads\/2024\/09\/Vagsbotn1-768x646.jpg 768w, https:\/\/heinesen.fo\/wp-content\/uploads\/2024\/09\/Vagsbotn1-1536x1291.jpg 1536w, https:\/\/heinesen.fo\/wp-content\/uploads\/2024\/09\/Vagsbotn1-1300x1093.jpg 1300w, https:\/\/heinesen.fo\/wp-content\/uploads\/2024\/09\/Vagsbotn1.jpg 1806w\" sizes=\"auto, (max-width: 1024px) 100vw, 1024px\" \/><\/a><\/p>\n<p>Walk over to the bar Sirkus.<\/p>\n<p><a href=\"https:\/\/heinesen.fo\/en\/index.php\/stadseting\/vagsbotn2\/\" rel=\"attachment wp-att-3989\"><img loading=\"lazy\" decoding=\"async\" class=\"alignnone size-large wp-image-3989\" src=\"https:\/\/heinesen.fo\/wp-content\/uploads\/2024\/09\/Vagsbotn2-1024x864.jpg\" alt=\"\" width=\"1024\" height=\"864\" srcset=\"https:\/\/heinesen.fo\/wp-content\/uploads\/2024\/09\/Vagsbotn2-1024x864.jpg 1024w, https:\/\/heinesen.fo\/wp-content\/uploads\/2024\/09\/Vagsbotn2-300x253.jpg 300w, https:\/\/heinesen.fo\/wp-content\/uploads\/2024\/09\/Vagsbotn2-768x648.jpg 768w, https:\/\/heinesen.fo\/wp-content\/uploads\/2024\/09\/Vagsbotn2-1536x1297.jpg 1536w, https:\/\/heinesen.fo\/wp-content\/uploads\/2024\/09\/Vagsbotn2-1300x1097.jpg 1300w, https:\/\/heinesen.fo\/wp-content\/uploads\/2024\/09\/Vagsbotn2.jpg 1836w\" sizes=\"auto, (max-width: 1024px) 100vw, 1024px\" \/><\/a><\/p>\n<p>Walk past the bar Sirkus up the narrow road.<\/p>\n<p><a href=\"https:\/\/heinesen.fo\/en\/index.php\/stadseting\/vagsbotn3\/\" rel=\"attachment wp-att-3992\"><img loading=\"lazy\" decoding=\"async\" class=\"alignnone size-large wp-image-3992\" src=\"https:\/\/heinesen.fo\/wp-content\/uploads\/2024\/09\/Vagsbotn3-1024x865.jpg\" alt=\"\" width=\"1024\" height=\"865\" srcset=\"https:\/\/heinesen.fo\/wp-content\/uploads\/2024\/09\/Vagsbotn3-1024x865.jpg 1024w, https:\/\/heinesen.fo\/wp-content\/uploads\/2024\/09\/Vagsbotn3-300x254.jpg 300w, https:\/\/heinesen.fo\/wp-content\/uploads\/2024\/09\/Vagsbotn3-768x649.jpg 768w, https:\/\/heinesen.fo\/wp-content\/uploads\/2024\/09\/Vagsbotn3-1536x1298.jpg 1536w, https:\/\/heinesen.fo\/wp-content\/uploads\/2024\/09\/Vagsbotn3-1300x1099.jpg 1300w, https:\/\/heinesen.fo\/wp-content\/uploads\/2024\/09\/Vagsbotn3.jpg 1820w\" sizes=\"auto, (max-width: 1024px) 100vw, 1024px\" \/><\/a><\/p>\n<p>Walk up to the stairs on the right side of the road.<\/p>\n<p><a href=\"https:\/\/heinesen.fo\/en\/index.php\/stadseting\/vagsbotn4\/\" rel=\"attachment wp-att-3995\"><img loading=\"lazy\" decoding=\"async\" class=\"alignnone wp-image-3995 size-large\" src=\"https:\/\/heinesen.fo\/wp-content\/uploads\/2024\/09\/Vagsbotn4-e1727035834917-1024x885.jpg\" alt=\"\" width=\"1024\" height=\"885\" srcset=\"https:\/\/heinesen.fo\/wp-content\/uploads\/2024\/09\/Vagsbotn4-e1727035834917-1024x885.jpg 1024w, https:\/\/heinesen.fo\/wp-content\/uploads\/2024\/09\/Vagsbotn4-e1727035834917-300x259.jpg 300w, https:\/\/heinesen.fo\/wp-content\/uploads\/2024\/09\/Vagsbotn4-e1727035834917-768x664.jpg 768w, https:\/\/heinesen.fo\/wp-content\/uploads\/2024\/09\/Vagsbotn4-e1727035834917.jpg 1286w\" sizes=\"auto, (max-width: 1024px) 100vw, 1024px\" \/><\/a><\/p>\n<p>Walk up these stairs and then turn to the right. Watch this short video to see how to find the right house:<\/p>\n<p><iframe loading=\"lazy\" title=\"V\u00e1gsbotn route\" width=\"1200\" height=\"675\" src=\"https:\/\/www.youtube.com\/embed\/KkiIsMzT2gM?feature=oembed\" frameborder=\"0\" allow=\"accelerometer; autoplay; clipboard-write; encrypted-media; gyroscope; picture-in-picture; web-share\" referrerpolicy=\"strict-origin-when-cross-origin\" allowfullscreen><\/iframe><\/p>\n<p>So there you are! You have found the address: Magnus Heinasonar g\u00f8ta 8, where the F&#8217;LJ\u00d3\u00d0 KV\u00d8LDSETUR events take place.<\/p>\n","protected":false},"excerpt":{"rendered":"<p>Here is a map of T\u00f3rshavn to show you the approximate location, marked \u201cMY HOME\u201c: And a little closer: Find your way from Sverrisg\u00f8ta: Find the corner of Sverrisg\u00f8ta and Magnus Heinasonarg\u00f8ta (looks like the photo below) \u2013 and then walk down to the dark red house you see at the end of the street&hellip;<\/p>\n","protected":false},"author":1,"featured_media":0,"parent":1462,"menu_order":3,"comment_status":"closed","ping_status":"closed","template":"","meta":{"footnotes":""},"class_list":["post-3984","page","type-page","status-publish","format-standard","hentry"],"_links":{"self":[{"href":"https:\/\/heinesen.fo\/en\/index.php\/wp-json\/wp\/v2\/pages\/3984","targetHints":{"allow":["GET"]}}],"collection":[{"href":"https:\/\/heinesen.fo\/en\/index.php\/wp-json\/wp\/v2\/pages"}],"about":[{"href":"https:\/\/heinesen.fo\/en\/index.php\/wp-json\/wp\/v2\/types\/page"}],"author":[{"embeddable":true,"href":"https:\/\/heinesen.fo\/en\/index.php\/wp-json\/wp\/v2\/users\/1"}],"replies":[{"embeddable":true,"href":"https:\/\/heinesen.fo\/en\/index.php\/wp-json\/wp\/v2\/comments?post=3984"}],"version-history":[{"count":5,"href":"https:\/\/heinesen.fo\/en\/index.php\/wp-json\/wp\/v2\/pages\/3984\/revisions"}],"predecessor-version":[{"id":4013,"href":"https:\/\/heinesen.fo\/en\/index.php\/wp-json\/wp\/v2\/pages\/3984\/revisions\/4013"}],"up":[{"embeddable":true,"href":"https:\/\/heinesen.fo\/en\/index.php\/wp-json\/wp\/v2\/pages\/1462"}],"wp:attachment":[{"href":"https:\/\/heinesen.fo\/en\/index.php\/wp-json\/wp\/v2\/media?parent=3984"}],"curies":[{"name":"wp","href":"https:\/\/api.w.org\/{rel}","templated":true}]}}