{"id":41,"date":"2023-08-25T13:29:54","date_gmt":"2023-08-25T13:29:54","guid":{"rendered":"https:\/\/heinesen.fo\/?page_id=41"},"modified":"2023-11-05T19:42:39","modified_gmt":"2023-11-05T19:42:39","slug":"work-experience","status":"publish","type":"page","link":"https:\/\/heinesen.fo\/en\/index.php\/about\/work-experience\/","title":{"rendered":"WORK EXPERIENCE"},"content":{"rendered":"<h4>APRIL 2018 \u2013 NOW<\/h4>\n<p><em>Manager of the Audio Books Service<\/em> at the National Library of the Faroe Islands \u2013 Lj\u00f3\u00f0b\u00f3kat\u00e6nastan. The National Library\u2019s Audio Book Service \u2013 publishes audio books and other audio material in Faroese to people, who for some reason do not have the opportunity to read or acquire printed text in other ways. Furthermore, the Audio Book Service must ensure that material of the above kind is available to users of the libraries in the country. The purpose of the Audio Book Service is to ensure that first and foremost those with special needs, have as much access as possible to reading material published in Faroese, also on media other than printed media. It is important that the material has the best possible literary, linguistic and technical quality. The work of the Audio Book Service is carried out in collaboration with an advisory board with representatives of users, various associations and libraries.<\/p>\n<h4>APRIL 2015 \u2013 MARCH 2018<\/h4>\n<p><em>Manager of the Information and Student Services Centre<\/em> at the University of the Faroe Islands. The Student Services Centre at Fr\u00f3\u00f0skaparsetur F\u00f8roya, the University of the Faroe Islands, is in charge of the university&#8217;s information and website management, student guidance, administrative, and academic tasks especially related to the studies of coming, current, and former students and must, alongside other administrative units, work towards a more effective level of service for students, staff, and guests at the University of the Faroe Islands. The Student Services Centre handled its responsibilities in close co-operation with the management and administration at the university, student representatives and others. The Student Services Centre handles practical administrative responsibilities in areas directly related to admission and student affairs \u2013 as for instance receiving applications, admissions and registry of students. The Student Services Centre co-ordinates the students\u2019 guidance at the University of the Faroe Islands and develops various tools and services to ensure that the university\u2019s users receive appropriate help and information on affairs relevant to studying. The Student Services Centre also markets to and informs the public on education and research at the University of the Faroe Islands. Additionally, the Student Services Centre provides relevant guidance on quality control tools and procedures, conducts surveys etc.<\/p>\n<h4>MAY 2012 \u2013 MARCH 2015<\/h4>\n<p><em>Independent Copywriter, Editor and Communications Adviser<\/em>\u00a0at\u00a0<a href=\"http:\/\/heinesen.info\/\" target=\"_blank\" rel=\"noopener\">Heinesen.info<\/a>.\u00a0Editor-in-chief and journalist at\u00a0<a href=\"https:\/\/web.archive.org\/web\/20140706143035\/http:\/\/music.fo\/\" target=\"_blank\" rel=\"noopener\">MUSIC.fo.<\/a>\u00a0Journalist at\u00a0<a href=\"https:\/\/web.archive.org\/web\/20121118161057\/http:\/\/www.planet.fo\/\" target=\"_blank\" rel=\"noopener\">Planet.fo<\/a>.<br \/>\nEditing. Copywriting. Translation (Fo\/Dk\/En). Web Management and Content Management. Advising small businesses in Communication and Marketing Strategies.<br \/>\nRoles: copywriter, scriptwriter, journalist, editor, translator, proofreader, marketing &amp; communications adviser, supervisor, motivator, inspiring conversation partner, coach, web manager, content developer, project manager, lecturer, event organizer, researcher, survey organizer, tourist guide, host and so on.<\/p>\n<h4>SEPTEMBER 2009 \u2013 MAY 2012<\/h4>\n<p><em>Media- and Development Manager<\/em> at Kringvarp F\u00f8roya, the National Broadcasting Company of the Faroe Islands, in charge of media strategies and Project Leader of a team responsible for preparing and launching the company\u2019s news website (<a href=\"https:\/\/web.archive.org\/web\/20110728144006\/http:\/\/www.kringvarp.fo\/\" target=\"_blank\" rel=\"noopener\">www.kringvarp.fo<\/a>). The site has many different functions and is updated several times a day. It also serves as a public archive for all aired radio and tv programs, produced by the company itself. In charge of the radio and tv archives (the physical part of them) and for the staff scheduling and transmitting TV shows. Responsible for Kringvarp&#8217;s release of several successful music CD\u2019s also with older music from the Kringvarp archives or new music with bigger ensembles in collaboration between Kringvarp and external partners.<\/p>\n<h4>MAY 2007 \u2013 AUGUST 2009<\/h4>\n<p><em>Managing Director<\/em> of SamVit &#8211; Faroe Islands Enterprise (the Faroe Islands Business Council) &#8211; a public organization which was a merger of the two former organizations Fer\u00f0ar\u00e1\u00f0 F\u00f8roya (Faroe Islands Tourist Board) and Menningarstovan (Faroe Islands Export Council). The two organizations officially merged at the end of 2006 and became SamVit \u2013 the Business Council of the Faroe Islands, but in 2009 SamVit was merged with the Ministry of Foreign Affairs of the Faroe Islands and ceased to function as an independent organisation. SamVit was to carry out the chosen national policy regarding trade and industry. The main functions were:\u00a0 To encourage innovation and enterprise. To advance and develop Faroese trade and industry. To market Faroese products and services as well as the Faroe Islands themselves as business and investment opportunity. To advance and develop tourism in the Faroes and market the Faroe Islands as a tourist destination. In cooperation with other organisations and institutions an aim was to coordinate procedures relating to administration which can benefit all the individual companies. View <a href=\"https:\/\/web.archive.org\/web\/20090319084205\/http:\/\/samvit.fo\/\" target=\"_blank\" rel=\"noopener\">samvit.fo<\/a>.<\/p>\n<h4>JULY 2003 \u2013 APRIL 2007:<\/h4>\n<p><em>Managing Editor<\/em>\u00a0at KIWI magazine, a glossy women\u2019s consumer magazine, published by Chili Group. Involved in the start-up process, including concept development. KIWI magazine has a circulation of 200.000 with more than 400.000 readers. It includes practical advice, aimed at making the reader\u2019s hectic life easier \u2013 primarily about saving time and money. The main target group is women aged 25-50. Chili Group has a contract with the Danish supermarket chain Netto regarding exclusive free distribution of the magazine throughout Denmark.\u00a0 View\u00a0<a href=\"https:\/\/web.archive.org\/web\/20060719114913\/http:\/\/www.kiwimagazine.dk\/\" target=\"_blank\" rel=\"noopener\">www.kiwimagazine.dk<\/a> on Wayback Machine\u00a0and\u00a0<a href=\"https:\/\/web.archive.org\/web\/20060204112101\/http:\/\/www.chiligroup.dk\/\" target=\"_blank\" rel=\"noopener\">www.chiligroup.dk<\/a>. KIWI magazine changed name in March 2010 to LIME magazine when the Norwegian supermarket chain of the same name &#8211; Kiwi &#8211; opened their first stores in Denmark.<\/p>\n<h4>DECEMBER 2002 \u2013 APRIL 2003:<\/h4>\n<p>A contract position as\u00a0<em>Project Leader\/Coordinator<\/em>\u00a0for the Faroese Telecom. Responsibilities included preparing a report about the possibilities for establishing a new commercially-based TV channel to compete with the Faroese national channel.<\/p>\n<h4>OCTOBER 2002 \u2013 DECEMBER 2002:<\/h4>\n<p>Moved to her native Faroe Islands for a short period, mainly to produce a TV-film in two episodes by Gulla \u00d8regaard about Elin&#8217;s father, the Faroese author Jens Pauli Heinesen. Responsible for the music and the editing of the film. The music can be heard <a href=\"https:\/\/heinesen.fo\/index.php\/a-popular-song\/\">here<\/a>.<\/p>\n<h4>NOVEMBER 2001 \u2013 OCTOBER 2002:<\/h4>\n<p><em>Managing Editor<\/em>\u00a0at the Danish Committee for Health Education, a public service which publishes health-related books and magazines, including UNG, a quarterly magazine distributed to all 13-16 year-old school pupils in Denmark. View\u00a0<a href=\"https:\/\/web.archive.org\/web\/20020610174251\/http:\/\/www.sundhedsformidling.dk\/\" target=\"_blank\" rel=\"noopener\">www.sundhedsoplysning.dk<\/a>,\u00a0<a href=\"https:\/\/web.archive.org\/web\/20020402124239\/http:\/\/www.ung-bladet.dk\/\" target=\"_blank\" rel=\"noopener\">www.ung-bladet.dk<\/a>\u00a0og\u00a0<a href=\"https:\/\/web.archive.org\/web\/20020607144528\/http:\/\/www.ung-rejseguide.dk\/index.htm\" target=\"_blank\" rel=\"noopener\">www.ung-rejseguide.dk<\/a>.<\/p>\n<h4>FEBRUARY 2000 \u2013 OCTOBER 2001:<\/h4>\n<p><em>Managing Editor and founder<\/em>\u00a0of\u00a0<a href=\"http:\/\/heinesen.fo\/wp-content\/uploads\/2023\/08\/Kvindekanalen.pdf\" target=\"_blank\" rel=\"noopener\">www.kvindekanalen.dk<\/a>\u00a0\u2013 World Online\u2019s (now Tiscali\u2019s) online magazine for women with content such as shopping, letters, body &amp; soul, lifestyle &amp; culture, career and IT. Responsibilities included vision, concept development and strategy, as well as maintenance. The staff consisted of an editorial assistant and 40 freelancers. Although the site was the fifth-largest women\u2019s site in Denmark, it was shut down in August 2001 due to financial problems caused by the world wide IT crisis at the time.<\/p>\n<h4>JULY 1997 \u2013 APRIL 2007:<\/h4>\n<p><em>Founder and Director<\/em>\u00a0of own company (initially to finance studies at the National Film School of Denmark), Heinesen Kommunikation. The company provided consultancy services, specialising in media communications. When she became Managing Director of SamVit in 2007, she had to close down the company due to her official position.<\/p>\n<h4>1995-1996:<\/h4>\n<p><em>Marketing Coordinator<\/em>\u00a0for Kulturby 96 (Copenhagen \u2013 Cultural Capital of Europe 1996). Elin developed the advertising strategy and edited promotional texts and layout for various advertising areas. In addition, she was an advisor for almost 600 cultural projects in the city, providing advice about marketing strategies and advertising, as well as distribution of flyers, signs, banners and flags to various cultural institutions.<\/p>\n<h4>1994-1995:<\/h4>\n<p><em>Sales and Marketing Manager<\/em>\u00a0at Folketeateret \u2013 The People\u2019s Theatre in Copenhagen. She was responsible for planning and controlling the theatre\u2019s marketing plans. She designed and sent out sales letters, designed packages for customers and visitors, edited advertising copy, designed the theatre\u2019s programmes, posters and postcards, as well as organising merchandising, adverts and sponsors.<\/p>\n<h4>1992-1993:<\/h4>\n<p><em>Marketing Manager<\/em>\u00a0at SMS in T\u00f3rshavn \u2013 a shopping centre which houses 26 shops, including a large supermarket, post office, bank and cafeteria, and employs 300 people. Elin was responsible for producing weekly five-minute TV broadcasts for national TV, which included reports and adverts. She was also responsible for selling advertising space to the shops and organising weekly events in the centre \u2013 cultural, commercial and entertainment.<\/p>\n<h3>JOBS BEFORE AND DURING COLLEGE AND UNIVERSITY STUDIES<\/h3>\n<p><em>Technological Assistant<\/em>\u00a0at the Teknovision exhibition in Copenhagen (summer, 1992)<br \/>\n<em>Office Assistant<\/em>\u00a0at the Faroese Academy (summer holidays, 1989-91)<br \/>\n<em>Market Researcher<\/em>, Copenhagen (student job, 1988)<br \/>\n<em>Marketing Assistant<\/em>\u00a0at EC-Marketing, Copenhagen (student job, 1987-88)<br \/>\n<em>Sandwich Maid<\/em>\u00a0(student job, 1987)<br \/>\n<em>Canteen Assistant<\/em>\u00a0at the Faroese House in Copenhagen (student job, 1986-87)<br \/>\n<em>Book Shop Clerk<\/em>, T\u00f3rshavn (summer, 1986)<br \/>\n<em>Office Assistant<\/em>\u00a0at the Faroese Academy (summer holidays, 1983-85)<br \/>\n<em>Supply Teacher<\/em>\u00a0at a college in T\u00f3rshavn (full-time job, 1981-82)<br \/>\n<em>Care Worker<\/em>\u00a0at a recreation centre for physically and mentally disabled, T\u00f3rshavn (summer job, 1979-1981)<br \/>\n<em>Journalist<\/em>\u00a0on the newspaper 14 September and a Faroese cultural magazine Magn (full-time job, 1978-79)<br \/>\n<em>Radio Assistant and Record Archivist<\/em>, T\u00f3rshavn (full-time job, 1978)<br \/>\n<em>Supply Teacher<\/em>\u00a0at a primary school (full-time job, 1977-78)<br \/>\n<em>Ticket Office Assistant<\/em>\u00a0at Torshavn\u2019s Jazzklub (weekend job, 1976-82)<br \/>\n<em>Attendant<\/em>\u00a0at the Faroese National Art Gallery (student job, 1974-76)<\/p>\n","protected":false},"excerpt":{"rendered":"<p>APRIL 2018 \u2013 NOW Manager of the Audio Books Service at the National Library of the Faroe Islands \u2013 Lj\u00f3\u00f0b\u00f3kat\u00e6nastan. The National Library\u2019s Audio Book Service \u2013 publishes audio books and other audio material in Faroese to people, who for some reason do not have the opportunity to read or acquire printed text in other&hellip;<\/p>\n","protected":false},"author":1,"featured_media":1236,"parent":39,"menu_order":1,"comment_status":"closed","ping_status":"closed","template":"","meta":{"footnotes":""},"class_list":["post-41","page","type-page","status-publish","format-standard","has-post-thumbnail","hentry"],"_links":{"self":[{"href":"https:\/\/heinesen.fo\/en\/index.php\/wp-json\/wp\/v2\/pages\/41","targetHints":{"allow":["GET"]}}],"collection":[{"href":"https:\/\/heinesen.fo\/en\/index.php\/wp-json\/wp\/v2\/pages"}],"about":[{"href":"https:\/\/heinesen.fo\/en\/index.php\/wp-json\/wp\/v2\/types\/page"}],"author":[{"embeddable":true,"href":"https:\/\/heinesen.fo\/en\/index.php\/wp-json\/wp\/v2\/users\/1"}],"replies":[{"embeddable":true,"href":"https:\/\/heinesen.fo\/en\/index.php\/wp-json\/wp\/v2\/comments?post=41"}],"version-history":[{"count":14,"href":"https:\/\/heinesen.fo\/en\/index.php\/wp-json\/wp\/v2\/pages\/41\/revisions"}],"predecessor-version":[{"id":3497,"href":"https:\/\/heinesen.fo\/en\/index.php\/wp-json\/wp\/v2\/pages\/41\/revisions\/3497"}],"up":[{"embeddable":true,"href":"https:\/\/heinesen.fo\/en\/index.php\/wp-json\/wp\/v2\/pages\/39"}],"wp:featuredmedia":[{"embeddable":true,"href":"https:\/\/heinesen.fo\/en\/index.php\/wp-json\/wp\/v2\/media\/1236"}],"wp:attachment":[{"href":"https:\/\/heinesen.fo\/en\/index.php\/wp-json\/wp\/v2\/media?parent=41"}],"curies":[{"name":"wp","href":"https:\/\/api.w.org\/{rel}","templated":true}]}}