{"id":43,"date":"2023-08-25T13:30:38","date_gmt":"2023-08-25T13:30:38","guid":{"rendered":"https:\/\/heinesen.fo\/?page_id=43"},"modified":"2023-08-30T15:15:37","modified_gmt":"2023-08-30T15:15:37","slug":"education","status":"publish","type":"page","link":"https:\/\/heinesen.fo\/en\/index.php\/about\/education\/","title":{"rendered":"EDUCATION"},"content":{"rendered":"<h3>EDUCATION<\/h3>\n<p><em>Screenwriting Degree<\/em><br \/>\n1997-1999<br \/>\nDen Danske Filmskole \u2013 The National Film School of Denmark, Copenhagen<br \/>\nView\u00a0<a href=\"http:\/\/heinesen.fo\/wp-content\/uploads\/2023\/08\/Afgangsbevis-fra-Den-Danske-Filmskole.pdf\">transcript<\/a><\/p>\n<p><em>Master of Arts Degree Majoring in Aesthetics and Culture (Cand.Mag.)<br \/>\n<\/em>1984-1986 and 1989-1991<br \/>\nDissertation: Practical Work with Marketing \u2013 with Emphasis on TV Advertising \u2013 Based on Humanistic Theories of Culture and Communication<br \/>\nUniversity of Aarhus, Denmark<br \/>\nView\u00a0<a href=\"http:\/\/heinesen.fo\/wp-content\/uploads\/2023\/08\/Eksamensbevis-fra-Aarhus-Universitet.pdf\">transcript of exam paper<\/a>\u00a0and\u00a0<a href=\"http:\/\/heinesen.fo\/wp-content\/uploads\/2023\/08\/Udskrift-fra-Aarhus-Universitets-eksamensregister.pdf\">transcript of all the examination results<\/a><\/p>\n<p><em>Business Economics for Humanists<br \/>\n<\/em>1987-88<br \/>\nCopenhagen Business School, Denmark<br \/>\nView\u00a0<a href=\"http:\/\/heinesen.fo\/wp-content\/uploads\/2023\/08\/Eksamensbevis-fra-Handelshoejskolen-i-Koebenhavn.pdf\">transcript<\/a><\/p>\n<p><em>Unfinished Degree in Dramaturgy<br \/>\n<\/em>1983-84<br \/>\nUniversity of Aarhus, Denmark<br \/>\nView\u00a0<a href=\"http:\/\/heinesen.fo\/wp-content\/uploads\/2023\/08\/Udskrift-fra-Aarhus-Universitets-eksamensregister.pdf\">transcript<\/a><\/p>\n<p><em>University Bachelor Degree in Nordic Languages and Literature<br \/>\n<\/em>1979-1981<br \/>\nFr\u00f3\u00f0skaparsetur F\u00f8roya \u2013 The Faroese Academy, T\u00f3rshavn, Faroe Islands<br \/>\nView\u00a0<a href=\"http:\/\/heinesen.fo\/wp-content\/uploads\/2023\/08\/Eksamensbevis-fra-Academia-Faeroensis.pdf\">transcript<\/a><\/p>\n<h3>COURSES<\/h3>\n<p><em>Project Management Course<br \/>\n<\/em>Winter 2007-8<br \/>\nT\u00f3rshavn, Faroe Islands<\/p>\n<p><em>Project Management<br \/>\n<\/em>Spring 2001<br \/>\nCopenhagen, Denmark<br \/>\nView\u00a0<a href=\"http:\/\/heinesen.fo\/wp-content\/uploads\/2023\/08\/Kursusbevis-i-projektledelse.pdf\">transcript<\/a><\/p>\n<p><em>Computer-based Music Composition and Arrangement<br \/>\n<\/em>Autumn 1995<br \/>\nCopenhagen, Denmark<\/p>\n<p><em>Technological Communications<br \/>\n<\/em>Spring 1992<br \/>\nCopenhagen, Denmark<br \/>\nView\u00a0<a href=\"http:\/\/heinesen.fo\/wp-content\/uploads\/2023\/08\/Kursusbevis-i-teknologiformidling.pdf\">transcript<\/a><\/p>\n<p><em>Course in Drama, Visual Arts, Music and Literature<br \/>\n<\/em>Herning College<br \/>\nSpring, 1978<br \/>\nHerning, Denmark<br \/>\nView\u00a0<a href=\"http:\/\/heinesen.fo\/wp-content\/uploads\/2023\/08\/Kursusbevis-fra-Herning-Hoejskole.pdf\">transcript<\/a><\/p>\n<p><em>Two night school Drama courses<br \/>\n<\/em>The winters of 1976 and 1977<br \/>\nT\u00f3rshavn, Faroe Islands<\/p>\n","protected":false},"excerpt":{"rendered":"<p>EDUCATION Screenwriting Degree 1997-1999 Den Danske Filmskole \u2013 The National Film School of Denmark, Copenhagen View\u00a0transcript Master of Arts Degree Majoring in Aesthetics and Culture (Cand.Mag.) 1984-1986 and 1989-1991 Dissertation: Practical Work with Marketing \u2013 with Emphasis on TV Advertising \u2013 Based on Humanistic Theories of Culture and Communication University of Aarhus, Denmark View\u00a0transcript of&hellip;<\/p>\n","protected":false},"author":1,"featured_media":1236,"parent":39,"menu_order":0,"comment_status":"closed","ping_status":"closed","template":"","meta":{"footnotes":""},"class_list":["post-43","page","type-page","status-publish","format-standard","has-post-thumbnail","hentry"],"_links":{"self":[{"href":"https:\/\/heinesen.fo\/en\/index.php\/wp-json\/wp\/v2\/pages\/43","targetHints":{"allow":["GET"]}}],"collection":[{"href":"https:\/\/heinesen.fo\/en\/index.php\/wp-json\/wp\/v2\/pages"}],"about":[{"href":"https:\/\/heinesen.fo\/en\/index.php\/wp-json\/wp\/v2\/types\/page"}],"author":[{"embeddable":true,"href":"https:\/\/heinesen.fo\/en\/index.php\/wp-json\/wp\/v2\/users\/1"}],"replies":[{"embeddable":true,"href":"https:\/\/heinesen.fo\/en\/index.php\/wp-json\/wp\/v2\/comments?post=43"}],"version-history":[{"count":10,"href":"https:\/\/heinesen.fo\/en\/index.php\/wp-json\/wp\/v2\/pages\/43\/revisions"}],"predecessor-version":[{"id":367,"href":"https:\/\/heinesen.fo\/en\/index.php\/wp-json\/wp\/v2\/pages\/43\/revisions\/367"}],"up":[{"embeddable":true,"href":"https:\/\/heinesen.fo\/en\/index.php\/wp-json\/wp\/v2\/pages\/39"}],"wp:featuredmedia":[{"embeddable":true,"href":"https:\/\/heinesen.fo\/en\/index.php\/wp-json\/wp\/v2\/media\/1236"}],"wp:attachment":[{"href":"https:\/\/heinesen.fo\/en\/index.php\/wp-json\/wp\/v2\/media?parent=43"}],"curies":[{"name":"wp","href":"https:\/\/api.w.org\/{rel}","templated":true}]}}