{"id":966,"date":"2023-08-28T09:23:59","date_gmt":"2023-08-28T09:23:59","guid":{"rendered":"https:\/\/heinesen.fo\/?page_id=966"},"modified":"2023-10-27T13:03:40","modified_gmt":"2023-10-27T12:03:40","slug":"about-the-song","status":"publish","type":"page","link":"https:\/\/heinesen.fo\/en\/index.php\/a-popular-song\/about-the-song\/","title":{"rendered":"ABOUT THE SONG"},"content":{"rendered":"<figure id=\"attachment_120\" aria-describedby=\"caption-attachment-120\" style=\"width: 350px\" class=\"wp-caption alignleft\"><img loading=\"lazy\" decoding=\"async\" class=\"wp-image-120 size-full\" src=\"https:\/\/heinesen.fo\/wp-content\/uploads\/2023\/08\/Elin_og_papin_millum.jpg\" alt=\"Elin Brimheim Heinesen and her father, the author Jens Pauli Heinesen at his 75th birthday.\" width=\"350\" height=\"262\" srcset=\"https:\/\/heinesen.fo\/wp-content\/uploads\/2023\/08\/Elin_og_papin_millum.jpg 350w, https:\/\/heinesen.fo\/wp-content\/uploads\/2023\/08\/Elin_og_papin_millum-300x225.jpg 300w\" sizes=\"auto, (max-width: 350px) 100vw, 350px\" \/><figcaption id=\"caption-attachment-120\" class=\"wp-caption-text\">Elin Brimheim Heinesen and her father, the author Jens Pauli Heinesen at his 75th birthday.<\/figcaption><\/figure>\n<h3>THE FIRST VERSION OF THE SONG<\/h3>\n<p>The song <em>Eitt d\u00fdpi av d\u00fdrari t\u00ed\u00f0<\/em> (A Chasm of Precious Time) was one of the most popular songs on the album <em>NALJA<\/em> featuring Elin Brimheim Heinesen and K\u00e5re Linderoth Jacobsen. The album was released the first time as an MC in 1988 and re-released on CD in 1998 by the record company TUTL on the Faroe Islands. The music was recorded in Bl\u00f8ndal Studio in Copenhagen in 1988. Elin Brimheim Heinesen wrote and arranged the track <em>Eitt d\u00fdpi av d\u00fdrari t\u00ed\u00f0<\/em>.<\/p>\n<h3>SHE LEFT HIM AND BEAUTIFUL ART WAS CREATED<\/h3>\n<p>Elin&#8217;s father, the Faroese author Jens Pauli Heinesen, wrote the lyrics to the song back in 1953 \u2013 at only 21 years old. At that time he was engaged to a young lady called Kirstin. He was quite sure that she was the one and that they were going to marry. But after having been a couple for two years, she suddenly left him for one of his best friends.<\/p>\n<p>His heart was broken. So he sat down to write a poem. You would think he would write a poem about being unhappily in love, but no. He wrote about how precious life is and how much life is worth living in spite of challenges and misfortune. He wrote essentially about hope. Perhaps to comfort himself, but nevertheless &#8211; an impressively deep and beautiful poem was created, which today is one of the most beloved song lyrics in the Faroe Islands. Many people find it unbelievable that such a young man could write something so profound and insightful.<\/p>\n<p><em>Here is Jens Pauli Heinesen at the time when he wrote the poem Eitt d\u00fdpi av d\u00fdrari t\u00ed\u00f0:<\/em><\/p>\n<p style=\"text-align: center;\"><img loading=\"lazy\" decoding=\"async\" class=\"alignnone size-full wp-image-1679\" src=\"http:\/\/heinesen.fo\/wp-content\/uploads\/2023\/09\/1953_JPH_i_Sandavagi.jpg\" alt=\"\" width=\"624\" height=\"560\" srcset=\"https:\/\/heinesen.fo\/wp-content\/uploads\/2023\/09\/1953_JPH_i_Sandavagi.jpg 624w, https:\/\/heinesen.fo\/wp-content\/uploads\/2023\/09\/1953_JPH_i_Sandavagi-300x269.jpg 300w\" sizes=\"auto, (max-width: 624px) 100vw, 624px\" \/><\/p>\n<h3>THE SONG IN A NEW SYMPHONIC VERSION<\/h3>\n<p>The 10. and the 17. November 2002 a TV documentary in two parts was broadcasted for the first time in the Faroese national television. The documentary about the author and the man Jens Pauli Heinesen was made by Gulla \u00d8regaard as a tribute to him on his 70 years birthday the 12. November 2002.<\/p>\n<p>In the making of the documentary a new version of the song <em>Eitt d\u00fdpi av d\u00fdrari t\u00ed\u00f0<\/em> was made. Gulla \u00d8regaard managed to get the symphonic recordings financed, and Elin contacted the Danish film composer <a href=\"http:\/\/www.screenmusic.dk\/\" target=\"_blank\" rel=\"noopener\">S\u00f8ren Hyldgaard<\/a> who helped with making the arrangements for symphony orchestra and a mens choir. The music was recorded partly in Prague with the City of Prague Philharmonic Orchestra under the conduction of Mario Klemens \u2013 and partly in T\u00f3rshavn with the T\u00f3rshavn Men\u2019s Choir under the conduction of Bjarni Restorff and with Elin Brimheim Heinesen as a vocal soloist.<\/p>\n<p>This last symphonic version of the song has been released two times \u2013 the first time in 2003 on a Faroese compilation CD called Popp List 2, published by 3\u2019arin and the second time on another Faroese compilation CD with Faroese female artists only, published as an introductory gift to people who subscribe to the Faroese womens magazine \u2018Kvinna\u2019. This CD was released the first time in November 2004.<\/p>\n<p>The symphonic version was re-released in November 2023 on the album of the same title &#8211; <em>Eitt d\u00fdpi av d\u00fdrari t\u00ed\u00f0<\/em> &#8211; in an updated mix and mastering.<\/p>\n<p>See also Elin&#8217;s\u00a0<a href=\"https:\/\/heinesen.fo\/en\/index.php\/published-music\/discography\/\" target=\"_blank\" rel=\"noopener\">DISCOGRAPHY.<\/a><\/p>\n","protected":false},"excerpt":{"rendered":"<p>THE FIRST VERSION OF THE SONG The song Eitt d\u00fdpi av d\u00fdrari t\u00ed\u00f0 (A Chasm of Precious Time) was one of the most popular songs on the album NALJA featuring Elin Brimheim Heinesen and K\u00e5re Linderoth Jacobsen. The album was released the first time as an MC in 1988 and re-released on CD in 1998&hellip;<\/p>\n","protected":false},"author":1,"featured_media":1673,"parent":37,"menu_order":0,"comment_status":"closed","ping_status":"closed","template":"","meta":{"footnotes":""},"class_list":["post-966","page","type-page","status-publish","format-standard","has-post-thumbnail","hentry"],"_links":{"self":[{"href":"https:\/\/heinesen.fo\/en\/index.php\/wp-json\/wp\/v2\/pages\/966","targetHints":{"allow":["GET"]}}],"collection":[{"href":"https:\/\/heinesen.fo\/en\/index.php\/wp-json\/wp\/v2\/pages"}],"about":[{"href":"https:\/\/heinesen.fo\/en\/index.php\/wp-json\/wp\/v2\/types\/page"}],"author":[{"embeddable":true,"href":"https:\/\/heinesen.fo\/en\/index.php\/wp-json\/wp\/v2\/users\/1"}],"replies":[{"embeddable":true,"href":"https:\/\/heinesen.fo\/en\/index.php\/wp-json\/wp\/v2\/comments?post=966"}],"version-history":[{"count":14,"href":"https:\/\/heinesen.fo\/en\/index.php\/wp-json\/wp\/v2\/pages\/966\/revisions"}],"predecessor-version":[{"id":3282,"href":"https:\/\/heinesen.fo\/en\/index.php\/wp-json\/wp\/v2\/pages\/966\/revisions\/3282"}],"up":[{"embeddable":true,"href":"https:\/\/heinesen.fo\/en\/index.php\/wp-json\/wp\/v2\/pages\/37"}],"wp:featuredmedia":[{"embeddable":true,"href":"https:\/\/heinesen.fo\/en\/index.php\/wp-json\/wp\/v2\/media\/1673"}],"wp:attachment":[{"href":"https:\/\/heinesen.fo\/en\/index.php\/wp-json\/wp\/v2\/media?parent=966"}],"curies":[{"name":"wp","href":"https:\/\/api.w.org\/{rel}","templated":true}]}}