{"id":979,"date":"2023-08-28T09:30:04","date_gmt":"2023-08-28T09:30:04","guid":{"rendered":"https:\/\/heinesen.fo\/?page_id=979"},"modified":"2023-10-09T16:12:29","modified_gmt":"2023-10-09T15:12:29","slug":"an-awarded-video","status":"publish","type":"page","link":"https:\/\/heinesen.fo\/en\/index.php\/a-popular-song\/an-awarded-video\/","title":{"rendered":"AN AWARDED VIDEO"},"content":{"rendered":"<h3>USED IN AD FOR THE FAROE ISLANDS<\/h3>\n<p>The song <em>&#8220;EIitt d\u00fdpi av d\u00fdrari t\u00ed\u00f0&#8221;<\/em> was used in a video presentation about the Faroe Islands called <em>\u201cWhere Nature Rules\u201d<\/em>, that Elin made in 2008, after the magazine National Geographic Traveler in November 2007 rated the Faroe Islands as best islands in the world. The little film shows landscapes from the Faroe Islands and advertises for the Faroes as a travel destination. Pictures and music are shown with quotes from traveler descriptions of the Faroes.<\/p>\n<h3>AWARDED INTERNATIONAL PRIZE FOR 3rd BEST TOURIST AD<\/h3>\n<p>The 12. of March 2009 the video got awarded 3. prize at the international tourism film award ceremony <em>\u201cGolden City Gate\u201d<\/em> at the ITB Tourist Fair in Berlin \u2013 one of the largest of its kind in the world. (Read more here: <a href=\"http:\/\/www.das-goldene-stadttor.de\/\" target=\"_blank\" rel=\"noopener\">www.das-goldene-stadttor.de<\/a>).<\/p>\n<p>Elin about winning an award for the video:<\/p>\n<blockquote><p><em>\u201cIt was really a surprise to me that the video won an award. Actually it was a draft I made as a presentation for a meeting we had at my work place where we were supposed to discuss various ways of marketing the Faroes. This was my suggestion that I made at home after work hours with an amateur film editing program Windows Movie Maker. I put the video on YouTube and Facebook to get some feedback \u2013 so that I could learn from the comments. After a while I realised that people liked the video so much that they were sending the link to each other and to their friends and acquaintances all over the world. <\/em><em>After a couple of months more than twelve thousand people had seen the video on YouTube and probably just as many on Facebook (unfortunately Facebook did not count the viewers at the time). A month before the Tourist Fair ITB in Berlin (which by the way is one of the biggest in the world with up to 200.000 visitors) where the Tourism Film Award Ceremony \u201cGolden City Gate Awards\u201d takes place, my staff suggested that I should send the video to the film competition, but I said no \u2013 because it was a <strong>FILM<\/strong> competition and my video is just a row of stills (as I said, just a sketch really). But they sent it in anyway without me knowing it! So I was really taken by surprise when they called me from Berlin to tell me that it had won the 3rd prize!\u201d<\/em><\/p><\/blockquote>\n<h3>ENJOYED BY SEVERAL HUNDRED THOUSANDS<\/h3>\n<p>In Feb 2010 the number of downloads exceeded more than a hundred thousand on YouTube and Facebook \u2013 and 5 years after the release more than 200.000 people had watched the video on YouTube. \u00a0The reason that the video became so popular so fast might probably, on the one hand, be the amazing pictures and on the other hand also the music. The song <em>\u201cEitt d\u00fdpi av d\u00fdrari t\u00ed\u00f0\u201d<\/em> (translated to English: A Chasm of Precious Time) was already very popular on the Faroes a long time before the video was made. Elin Brimheim Heinesen made the music and the lyrics were written by her father, the Faroese author Jens Pauli Heinesen, who is his generations greatest and most appreciated authors on the Faroes.<\/p>\n<p>You can read the whole story about the music and the lyrics and also read the lyrics in four languages \u2013 Faroese, and translated to Danish, English and German\u00a0 \u2013 and listen to the music in two versions \u2013 the original and the symphonic one \u2013 for free! \u2013<a href=\"https:\/\/heinesen.fo\/en\/index.php\/a-popular-song\/\"> here on this page<\/a>.<\/p>\n<p style=\"text-align: left;\"><em>Watch the video \u201dWhere nature rules\u201d\u00a0here:<\/em><\/p>\n<p style=\"text-align: center;\"><iframe loading=\"lazy\" title=\"YouTube video player\" src=\"https:\/\/www.youtube.com\/embed\/Ow2HumAf13w?si=Qmv3hq0QlPI7LOmw\" width=\"853\" height=\"480\" frameborder=\"0\" allowfullscreen=\"allowfullscreen\" data-mce-fragment=\"1\"><\/iframe><\/p>\n<p>You can also find this video\u00a0on Facebook\u00a0<a href=\"http:\/\/www.facebook.com\/video\/video.php?v=48199918144\" target=\"_blank\" rel=\"noopener\">here<\/a>\u00a0and on YouTube\u00a0<a href=\"http:\/\/www.youtube.com\/watch?v=Nd-vBF2-mIo\" target=\"_blank\" rel=\"noopener\">here<\/a>\u00a0or\u00a0<a href=\"http:\/\/www.youtube.com\/watch?v=Ow2HumAf13w\" target=\"_blank\" rel=\"noopener\">here (English)<\/a>\u00a0&gt;\u00a0<a href=\"http:\/\/www.youtube.com\/watch?v=l9pbqJq-FU0\" target=\"_blank\" rel=\"noopener\">(Danish)<\/a>\u00a0&gt;\u00a0<a href=\"http:\/\/www.youtube.com\/watch?v=23QbNHTpYug\" target=\"_blank\" rel=\"noopener\">(German)<\/a><\/p>\n<p>Here are some of the\u00a0<a href=\"http:\/\/heinesen.fo\/wp-content\/uploads\/2023\/08\/Comments_to_WhereNatureRules.pdf\" target=\"_blank\" rel=\"noopener\">initial comments about the video<\/a>\u00a0in E-mails, YouTube and Facebook.<\/p>\n","protected":false},"excerpt":{"rendered":"<p>USED IN AD FOR THE FAROE ISLANDS The song &#8220;EIitt d\u00fdpi av d\u00fdrari t\u00ed\u00f0&#8221; was used in a video presentation about the Faroe Islands called \u201cWhere Nature Rules\u201d, that Elin made in 2008, after the magazine National Geographic Traveler in November 2007 rated the Faroe Islands as best islands in the world. The little film&hellip;<\/p>\n","protected":false},"author":1,"featured_media":1673,"parent":37,"menu_order":2,"comment_status":"closed","ping_status":"closed","template":"","meta":{"footnotes":""},"class_list":["post-979","page","type-page","status-publish","format-standard","has-post-thumbnail","hentry"],"_links":{"self":[{"href":"https:\/\/heinesen.fo\/en\/index.php\/wp-json\/wp\/v2\/pages\/979","targetHints":{"allow":["GET"]}}],"collection":[{"href":"https:\/\/heinesen.fo\/en\/index.php\/wp-json\/wp\/v2\/pages"}],"about":[{"href":"https:\/\/heinesen.fo\/en\/index.php\/wp-json\/wp\/v2\/types\/page"}],"author":[{"embeddable":true,"href":"https:\/\/heinesen.fo\/en\/index.php\/wp-json\/wp\/v2\/users\/1"}],"replies":[{"embeddable":true,"href":"https:\/\/heinesen.fo\/en\/index.php\/wp-json\/wp\/v2\/comments?post=979"}],"version-history":[{"count":11,"href":"https:\/\/heinesen.fo\/en\/index.php\/wp-json\/wp\/v2\/pages\/979\/revisions"}],"predecessor-version":[{"id":3112,"href":"https:\/\/heinesen.fo\/en\/index.php\/wp-json\/wp\/v2\/pages\/979\/revisions\/3112"}],"up":[{"embeddable":true,"href":"https:\/\/heinesen.fo\/en\/index.php\/wp-json\/wp\/v2\/pages\/37"}],"wp:featuredmedia":[{"embeddable":true,"href":"https:\/\/heinesen.fo\/en\/index.php\/wp-json\/wp\/v2\/media\/1673"}],"wp:attachment":[{"href":"https:\/\/heinesen.fo\/en\/index.php\/wp-json\/wp\/v2\/media?parent=979"}],"curies":[{"name":"wp","href":"https:\/\/api.w.org\/{rel}","templated":true}]}}