{"id":1879,"date":"2023-08-28T09:26:51","date_gmt":"2023-08-28T08:26:51","guid":{"rendered":"https:\/\/heinesen.fo\/index.php\/eitt-vaelumtokt-lag\/chords-and-melody\/"},"modified":"2023-10-27T13:34:07","modified_gmt":"2023-10-27T12:34:07","slug":"akkordir-og-lag","status":"publish","type":"page","link":"https:\/\/heinesen.fo\/index.php\/eitt-vaelumtokt-lag\/akkordir-og-lag\/","title":{"rendered":"AKKORDIR OG LAG"},"content":{"rendered":"<p>Um t\u00fa vil sp\u00e6la sangin sj\u00e1lv\/sj\u00e1lvur, kanst t\u00fa heinta n\u00f3tar og akkordir her:<\/p>\n<ul>\n<li><a href=\"https:\/\/heinesen.fo\/wp-content\/uploads\/2023\/08\/EITT_DYPI_AV_DYRARI_TID_Becifringar.pdf\" target=\"_blank\" rel=\"noopener\">Akkordir vi\u00f0 sangteksti<\/a><\/li>\n<li><a href=\"https:\/\/heinesen.fo\/wp-content\/uploads\/2023\/08\/EittDypiAvDyrariTid_Sopran.pdf\" target=\"_blank\" rel=\"noopener\">Lag vi\u00f0 sangteksti<\/a><\/li>\n<li><a href=\"https:\/\/heinesen.fo\/wp-content\/uploads\/2023\/10\/EittDypiAvDyrariTid_Partitur.pdf\" target=\"_blank\" rel=\"noopener\">Partitur fyri symfoniorkestur og k\u00f3r. \u00datseting eftir S\u00f8ren Hyldgaard, danskt t\u00f3naskald<\/a><\/li>\n<\/ul>\n","protected":false},"excerpt":{"rendered":"<p>Um t\u00fa vil sp\u00e6la sangin sj\u00e1lv\/sj\u00e1lvur, kanst t\u00fa heinta n\u00f3tar og akkordir her: Akkordir vi\u00f0 sangteksti Lag vi\u00f0 sangteksti Partitur fyri symfoniorkestur og k\u00f3r. \u00datseting eftir S\u00f8ren Hyldgaard, danskt t\u00f3naskald<\/p>\n","protected":false},"author":1,"featured_media":1675,"parent":1802,"menu_order":1,"comment_status":"closed","ping_status":"closed","template":"","meta":{"footnotes":""},"class_list":["post-1879","page","type-page","status-publish","format-standard","has-post-thumbnail","hentry"],"_links":{"self":[{"href":"https:\/\/heinesen.fo\/index.php\/wp-json\/wp\/v2\/pages\/1879","targetHints":{"allow":["GET"]}}],"collection":[{"href":"https:\/\/heinesen.fo\/index.php\/wp-json\/wp\/v2\/pages"}],"about":[{"href":"https:\/\/heinesen.fo\/index.php\/wp-json\/wp\/v2\/types\/page"}],"author":[{"embeddable":true,"href":"https:\/\/heinesen.fo\/index.php\/wp-json\/wp\/v2\/users\/1"}],"replies":[{"embeddable":true,"href":"https:\/\/heinesen.fo\/index.php\/wp-json\/wp\/v2\/comments?post=1879"}],"version-history":[{"count":4,"href":"https:\/\/heinesen.fo\/index.php\/wp-json\/wp\/v2\/pages\/1879\/revisions"}],"predecessor-version":[{"id":3296,"href":"https:\/\/heinesen.fo\/index.php\/wp-json\/wp\/v2\/pages\/1879\/revisions\/3296"}],"up":[{"embeddable":true,"href":"https:\/\/heinesen.fo\/index.php\/wp-json\/wp\/v2\/pages\/1802"}],"wp:featuredmedia":[{"embeddable":true,"href":"https:\/\/heinesen.fo\/index.php\/wp-json\/wp\/v2\/media\/1675"}],"wp:attachment":[{"href":"https:\/\/heinesen.fo\/index.php\/wp-json\/wp\/v2\/media?parent=1879"}],"curies":[{"name":"wp","href":"https:\/\/api.w.org\/{rel}","templated":true}]}}