{"id":1889,"date":"2023-08-25T13:30:38","date_gmt":"2023-08-25T12:30:38","guid":{"rendered":"https:\/\/heinesen.fo\/index.php\/about\/education\/"},"modified":"2025-04-04T15:47:20","modified_gmt":"2025-04-04T14:47:20","slug":"utbugving","status":"publish","type":"page","link":"https:\/\/heinesen.fo\/index.php\/um-elina\/utbugving\/","title":{"rendered":"\u00daTB\u00daGVING"},"content":{"rendered":"<h3>PR\u00d3VT\u00d8KUR<\/h3>\n<p><em>Filmshandrith\u00f8vundur<\/em><br \/>\n1997-1999<br \/>\nDen Danske Filmskole \u2013 The National Film School of Denmark, Keypmannahavn<br \/>\nS\u00ed <a href=\"https:\/\/heinesen.fo\/wp-content\/uploads\/2023\/08\/Afgangsbevis-fra-Den-Danske-Filmskole.pdf\">pr\u00f3gv<\/a><\/p>\n<p><em>Master of Arts \u00ed fagurfr\u00f8\u00f0i og mentan (Cand.Mag.)<br \/>\n<\/em>1984-1986 og 1989-1991<br \/>\nH\u00f8vu\u00f0suppg\u00e1va: Praktiskt arbei\u00f0i vi\u00f0 markna\u00f0arf\u00f8ring \u2013 vi\u00f0 denti \u00e1 sj\u00f3nvarpsl\u00fdsingar \u2013 vi\u00f0 st\u00f8\u00f0i \u00ed hugv\u00edsindaligum \u00e1st\u00f8\u00f0i um mentan og samskifti<br \/>\nAarhus Universitet, Danmark<br \/>\nS\u00ed <a href=\"https:\/\/heinesen.fo\/wp-content\/uploads\/2023\/08\/Eksamensbevis-fra-Aarhus-Universitet.pdf\">pr\u00f3gv<\/a> og <a href=\"https:\/\/heinesen.fo\/wp-content\/uploads\/2023\/08\/Udskrift-fra-Aarhus-Universitets-eksamensregister.pdf\">\u00fatskrift av pr\u00f3vt\u00f8lum<\/a><\/p>\n<p><em>Vinnub\u00faskapur fyri hugv\u00edsindaf\u00f3lk<br \/>\n<\/em>1987-88<br \/>\nCopenhagen Business School, Danmark<br \/>\nS\u00ed <a href=\"https:\/\/heinesen.fo\/wp-content\/uploads\/2023\/08\/Eksamensbevis-fra-Handelshoejskolen-i-Koebenhavn.pdf\">pr\u00f3gv<\/a><\/p>\n<p><em>1-\u00e1ra \u00fatb\u00fagving \u00ed leiklistafr\u00f8\u00f0i<br \/>\n<\/em>1983-84<br \/>\nAarhus Universitet, Danmark<br \/>\nS\u00ed <a href=\"https:\/\/heinesen.fo\/wp-content\/uploads\/2023\/08\/Udskrift-fra-Aarhus-Universitets-eksamensregister.pdf\">pr\u00f3gv<\/a><\/p>\n<p><em>Exam. Art. \u00ed nor\u00f0urlendskum m\u00e1lum og b\u00f3kmentum vi\u00f0 serligum denti \u00e1 f\u00f8royskt<br \/>\n<\/em>1979-1981<br \/>\nFr\u00f3\u00f0skaparsetur F\u00f8roya \u2013 Academia Feroensis, F\u00f8royar<br \/>\nS\u00ed <a href=\"https:\/\/heinesen.fo\/wp-content\/uploads\/2023\/08\/Eksamensbevis-fra-Academia-Faeroensis.pdf\">pr\u00f3gv<\/a><\/p>\n<h3>SKEI\u00d0<\/h3>\n<p><em>Skei\u00f0 \u00ed verk\u00e6tlanarlei\u00f0slu<br \/>\n<\/em>Veturin 2007-8<br \/>\nT\u00f3rshavn, F\u00f8royar<\/p>\n<p><em>Skei\u00f0 \u00ed verk\u00e6tlanarlei\u00f0slu<br \/>\n<\/em>V\u00e1ri\u00f0 2001<br \/>\nKeypmannahavn, Danmark<br \/>\nS\u00ed <a href=\"https:\/\/heinesen.fo\/wp-content\/uploads\/2023\/08\/Kursusbevis-i-projektledelse.pdf\">pr\u00f3gv<\/a><\/p>\n<p><em>Kompositi\u00f3n og t\u00f3nleika\u00fatsetingar \u00e1 teldu<br \/>\n<\/em>Heysti\u00f0 1995<br \/>\nDen Rytmiske Dagh\u00f8jskole, Keypmannahavn, Danmark<\/p>\n<p><em>T\u00f8knisamskifti<br \/>\n<\/em>V\u00e1ri\u00f0 1992<br \/>\nTeknovision, Keypmannahavn, Danmark<br \/>\nS\u00ed <a href=\"https:\/\/heinesen.fo\/wp-content\/uploads\/2023\/08\/Kursusbevis-i-teknologiformidling.pdf\">pr\u00f3gv<\/a><\/p>\n<p><em>Skei\u00f0 \u00ed drama, list, t\u00f3nleiki og b\u00f3kmentum<br \/>\n<\/em>Herning H\u00f8jsole<br \/>\nV\u00e1ri\u00f0 1978<br \/>\nHerning, Danmark<br \/>\nS\u00ed <a href=\"https:\/\/heinesen.fo\/wp-content\/uploads\/2023\/08\/Kursusbevis-fra-Herning-Hoejskole.pdf\">pr\u00f3gv<\/a><\/p>\n<p><em>Tvey kv\u00f8ldsk\u00falaskei\u00f0 \u00ed drama<br \/>\n<\/em>Vetrarnar 1976 og 1977<br \/>\nT\u00f3rshavn, F\u00f8royar<\/p>\n","protected":false},"excerpt":{"rendered":"<p>PR\u00d3VT\u00d8KUR Filmshandrith\u00f8vundur 1997-1999 Den Danske Filmskole \u2013 The National Film School of Denmark, Keypmannahavn S\u00ed pr\u00f3gv Master of Arts \u00ed fagurfr\u00f8\u00f0i og mentan (Cand.Mag.) 1984-1986 og 1989-1991 H\u00f8vu\u00f0suppg\u00e1va: Praktiskt arbei\u00f0i vi\u00f0 markna\u00f0arf\u00f8ring \u2013 vi\u00f0 denti \u00e1 sj\u00f3nvarpsl\u00fdsingar \u2013 vi\u00f0 st\u00f8\u00f0i \u00ed hugv\u00edsindaligum \u00e1st\u00f8\u00f0i um mentan og samskifti Aarhus Universitet, Danmark S\u00ed pr\u00f3gv og \u00fatskrift av&hellip;<\/p>\n","protected":false},"author":1,"featured_media":1238,"parent":1887,"menu_order":3,"comment_status":"closed","ping_status":"closed","template":"","meta":{"footnotes":""},"class_list":["post-1889","page","type-page","status-publish","format-standard","has-post-thumbnail","hentry"],"_links":{"self":[{"href":"https:\/\/heinesen.fo\/index.php\/wp-json\/wp\/v2\/pages\/1889","targetHints":{"allow":["GET"]}}],"collection":[{"href":"https:\/\/heinesen.fo\/index.php\/wp-json\/wp\/v2\/pages"}],"about":[{"href":"https:\/\/heinesen.fo\/index.php\/wp-json\/wp\/v2\/types\/page"}],"author":[{"embeddable":true,"href":"https:\/\/heinesen.fo\/index.php\/wp-json\/wp\/v2\/users\/1"}],"replies":[{"embeddable":true,"href":"https:\/\/heinesen.fo\/index.php\/wp-json\/wp\/v2\/comments?post=1889"}],"version-history":[{"count":5,"href":"https:\/\/heinesen.fo\/index.php\/wp-json\/wp\/v2\/pages\/1889\/revisions"}],"predecessor-version":[{"id":3509,"href":"https:\/\/heinesen.fo\/index.php\/wp-json\/wp\/v2\/pages\/1889\/revisions\/3509"}],"up":[{"embeddable":true,"href":"https:\/\/heinesen.fo\/index.php\/wp-json\/wp\/v2\/pages\/1887"}],"wp:featuredmedia":[{"embeddable":true,"href":"https:\/\/heinesen.fo\/index.php\/wp-json\/wp\/v2\/media\/1238"}],"wp:attachment":[{"href":"https:\/\/heinesen.fo\/index.php\/wp-json\/wp\/v2\/media?parent=1889"}],"curies":[{"name":"wp","href":"https:\/\/api.w.org\/{rel}","templated":true}]}}