{"id":1891,"date":"2023-08-25T13:29:54","date_gmt":"2023-08-25T12:29:54","guid":{"rendered":"https:\/\/heinesen.fo\/index.php\/about\/work-experience\/"},"modified":"2025-04-04T15:47:05","modified_gmt":"2025-04-04T14:47:05","slug":"starvsroyndir","status":"publish","type":"page","link":"https:\/\/heinesen.fo\/index.php\/um-elina\/starvsroyndir\/","title":{"rendered":"STARVSROYNDIR"},"content":{"rendered":"<h4>APRIL 2018 \u2013 N\u00da<\/h4>\n<p><em>Fyrist\u00f8\u00f0uf\u00f3lk fyri Lj\u00f3\u00f0b\u00f3kat\u00e6nastuna<\/em> \u00e1 Landsb\u00f3kasavninum. Lj\u00f3\u00f0b\u00f3kat\u00e6nastan framlei\u00f0ir lj\u00f3\u00f0b\u00f8kur og anna\u00f0 lj\u00f3\u00f0tilfar \u00e1 f\u00f8royskum til f\u00f3lk, sum av eini ella a\u00f0rari ors\u00f8k ikki hava m\u00f8guleika fyri at lesa ella ogna s\u00e6r prenta\u00f0an tekst \u00e1 annan h\u00e1tt. Haraftrat skal Lj\u00f3\u00f0b\u00f3kat\u00e6nastan tryggja, at nevnda tilfar er t\u00f8kt til br\u00fakarar av b\u00f3kas\u00f8vnum kring landi\u00f0. Endam\u00e1li\u00f0 vi\u00f0 Lj\u00f3\u00f0b\u00f3kat\u00e6nastuni er fyrst og fremst at tryggja, at tey vi\u00f0 serligum t\u00f8rvi hava so g\u00f3\u00f0a atgongd sum gj\u00f8rligt til lesitilfar \u00fatgivi\u00f0 \u00e1 f\u00f8royskum, eisini \u00e1 \u00f8\u00f0rum mi\u00f0lum enn prenta\u00f0um mi\u00f0lum. Umr\u00e1\u00f0andi er, at tilfari\u00f0 hevur best m\u00f8guliga g\u00f3\u00f0sku &#8211; b\u00f3kmentaliga, m\u00e1lsliga og t\u00f8kniliga. Arbei\u00f0i\u00f0 hj\u00e1 Lj\u00f3\u00f0b\u00f3kat\u00e6nastuni ver\u00f0ur gj\u00f8rt \u00ed samstarvi vi\u00f0 eina r\u00e1\u00f0gevandi nevnd vi\u00f0 umbo\u00f0um fyri br\u00fakararnar, ymisk fel\u00f8g og b\u00f3kas\u00f8vn.<\/p>\n<h4>APR\u00cdL 2015 \u2013 MARS 2018<\/h4>\n<p><em>Lestrarskrivstovulei\u00f0ari\u00a0<\/em>\u00e1 Fr\u00f3\u00f0skaparsetri F\u00f8roya. Lestrarskrivstovan t\u00f3k s\u00e6r hetta t\u00ed\u00f0arskei\u00f0i\u00f0 av kunningararbei\u00f0i og heimas\u00ed\u00f0uumsiting hj\u00e1 Setrinum, av lestrarveglei\u00f0ing, fyrisitingarligum og akademiskum uppg\u00e1vum, sum hava vi\u00f0 lestur at gera hj\u00e1 komandi, verandi og farandi lesandi, og skuldi saman vi\u00f0 \u00f8\u00f0rum fyrisitingareindum arbei\u00f0a fyri einum munadyggari t\u00e6nastust\u00f8\u00f0i fyri lesandi, starvsf\u00f3lk og gestir \u00e1 Setrinum. Lestrarskrivstovan r\u00f8kti s\u00edna \u00e1byrgd \u00ed t\u00f8ttum samstarvi vi\u00f0 lei\u00f0sluna og fyrisitingina \u00e1 Setrinum, R\u00e1\u00f0 teirra lesandi v. fl. Lestrarskrivstovan t\u00f3k s\u00e6r av fyrisitingarligu \u00e1byrgdini \u00e1 \u00f8kjum, sum v\u00f3ru beinlei\u00f0is kn\u00fdtt at uppt\u00f8ku og lestrarvi\u00f0urskiftum &#8211; so sum t.d. m\u00f3tt\u00f8ku av ums\u00f3knum, av uppt\u00f8ku og av skr\u00e1seting av lesandi. Lestrarskrivstovan samskipa\u00f0i lestrarveglei\u00f0igina \u00e1 Setrinum og menti ymisk ambo\u00f0 og t\u00e6nastur, sum skuldu tryggja, at tey sum l\u00f3su og arbeiddu \u00e1 Setrinum fingu h\u00f3skandi hj\u00e1lp og kunning um vi\u00f0urskifti vi\u00f0komandi fyri lesturin. Lestrarskrivstovan markna\u00f0arf\u00f8rdi og kunna\u00f0i almenningin um \u00fatb\u00fagving og gransking \u00e1 Setrinum. Haraftrat gav Lestrarskrivstovan vi\u00f0komandi veglei\u00f0ing um g\u00f3\u00f0skust\u00fdringarambo\u00f0 og -mannagongdir, framdi spurnarkanningar o.a.<\/p>\n<h4>MAI 2012 \u2013 MARS 2015<\/h4>\n<p><em>Sj\u00e1lvst\u00f8\u00f0ugur teksth\u00f8vundur, ritstj\u00f3ri og samskiftisr\u00e1\u00f0gevi. <\/em>Elin rak og rekur enn heimas\u00ed\u00f0una <a href=\"http:\/\/heinesen.info\/\" target=\"_blank\" rel=\"noopener\">Heinesen.info<\/a>. Hon var \u00ed hesum t\u00ed\u00f0arskei\u00f0i eisini bla\u00f0stj\u00f3ri og t\u00ed\u00f0indaf\u00f3lk \u00e1 <a href=\"https:\/\/web.archive.org\/web\/20140706143035\/http:\/\/music.fo\/\" target=\"_blank\" rel=\"noopener\">MUSIC.fo<\/a>, umframt journalistur \u00e1 <a href=\"https:\/\/web.archive.org\/web\/20121118161057\/http:\/\/www.planet.fo\/\" target=\"_blank\" rel=\"noopener\">Planet.fo<\/a>. Hon hev\u00f0i eisini leiklutir \u00ed n\u00f3gvum \u00f8\u00f0rum samanhangum sum ritstj\u00f3ri, teksth\u00f8vundur, t\u00fd\u00f0ari (Fo\/Dk\/En), t\u00f3k s\u00e6r av heimas\u00ed\u00f0uger\u00f0 og innihaldsst\u00fdring, var r\u00e1\u00f0gevi \u00ed samskifti og markna\u00f0arf\u00f8ring, r\u00e6ttlesari, \u00edbl\u00e1sari, verk\u00e6tlanarlei\u00f0ari, fyrilestrarhaldari, tiltaksfyriskipari, gj\u00f8rdi ranns\u00f3knir av ymiskum slag, var fyriskipari av spurnarkanningum, fer\u00f0af\u00f3lkalei\u00f0ari, vertur til ymisk tilt\u00f8k osfr.<\/p>\n<h4>SEPTEMBER 2009 \u2013 MAI 2012<\/h4>\n<p><em>Mi\u00f0la- og menningarlei\u00f0ari\u00a0<\/em>\u00ed Kringvarpi F\u00f8roya. Elin hev\u00f0i \u00e1byrgd av mi\u00f0lastrategium og var verk\u00e6tlanarlei\u00f0ari fyri eitt toymi vi\u00f0 \u00e1byrgd av menning av heimas\u00ed\u00f0u Kringvarpsins vi\u00f0 t\u00ed\u00f0indum o.\u00f8. innihaldi (<a href=\"https:\/\/web.archive.org\/web\/20110728144006\/http:\/\/www.kringvarp.fo\/\" target=\"_blank\" rel=\"noopener\">www.kringvarp.fo<\/a>). S\u00ed\u00f0an hev\u00f0i n\u00f3gvar ymiskar funkur og var dagf\u00f8rd fleiri fer\u00f0ir um dagin. S\u00ed\u00f0an var eisini ein almenn goymsla av \u00f8llum sendingum b\u00e6\u00f0i \u00ed \u00fatvarpi og sj\u00f3nvarpi, framleiddar \u00ed Kringvarpinum. Elin hev\u00f0i \u00e1byrgd av \u00fatvarps- og sj\u00f3nvarpssavninum og fyri starvsf\u00f3lk, sum l\u00f8gdu skr\u00e1nna, og fyri sj\u00f3nvarpssendit\u00f8kningar. Hon hev\u00f0i \u00e1byrgd av framlei\u00f0slu Kringvarpsins av fleiri \u00fatg\u00e1vum \u00e1 fl\u00f8gum vi\u00f0 tilfari \u00far Kringvarpssavninum, umframt vi\u00f0 n\u00fdggjum t\u00f3nleiki innsp\u00e6ldum vi\u00f0 st\u00f8rri b\u00f3lkum \u00ed samstarvi millum Kringvarpi\u00f0 og samstarvspartar uttanfyri Kringvarpi\u00f0 &#8211; m.a. T\u00f3rshavnar Big Band.<\/p>\n<h4>MAI 2007 \u2013 AUGUST 2009<\/h4>\n<p><em>Forstj\u00f3ri\u00a0<\/em>\u00ed SamViti\u00a0 \u2013 Faroe Islands Enterprise \u2013 ein almennur stovnur, sum seint \u00ed 2006 var samanlagdur av fyrrverandi Fer\u00f0ar\u00e1\u00f0 F\u00f8roya og Menningarstovuni. Stovnurin var \u00ed 2009 samanlagdur vi\u00f0 Uttanr\u00edkisr\u00e1\u00f0i\u00f0 og gavst t\u00e1 at virka sum sj\u00e1lvst\u00f8\u00f0ugur stovnur. \u00c6tlanin vi\u00f0 SamViti var, at stovnurin skuldi taka s\u00e6r av at fremja politikkin og valdu k\u00f3sina hj\u00e1 landsst\u00fdrinum vi\u00f0v. vinnum\u00e1lum. H\u00f8vu\u00f0suppg\u00e1vurnar v\u00f3ru at birta uppundir n\u00fdskapan og \u00edverksetan \u00ed F\u00f8royum. At styrkja og menna f\u00f8royska vinnu og \u00eddna\u00f0. At markna\u00f0arf\u00f8ra f\u00f8royskar v\u00f8rur og t\u00e6nastur eins og sj\u00e1lvar F\u00f8royar sum \u00edl\u00f8guland og sum vinnuligur samstarvspartur. At styrkja og menna fer\u00f0avinnu \u00ed F\u00f8royum og markna\u00f0arf\u00f8ra F\u00f8royar sum fer\u00f0aland. \u00cd samstarvi vi\u00f0 a\u00f0rar stovnar og fel\u00f8g var m\u00e1li\u00f0 at samskipa mannagongdir \u00ed fyrisitingini, sum kundi ver\u00f0a til fyrimuns fyri allar t\u00e6r einst\u00f8ku fyrit\u00f8kurnar \u00ed landinum. S\u00ed <a href=\"https:\/\/web.archive.org\/web\/20090319084205\/http:\/\/samvit.fo\/\" target=\"_blank\" rel=\"noopener\">samvit.fo<\/a>.<\/p>\n<h4>JULI 2003 \u2013 APR\u00cdL 2007:<\/h4>\n<p><em>Bla\u00f0stj\u00f3ri\u00a0<\/em>\u00e1 KIWI Magazine, sum var eitt m\u00e1na\u00f0arligt glinsprenta\u00f0 kvinnu- og br\u00fakarabla\u00f0, \u00fatgivi\u00f0 av Chili Group. Elin var vi\u00f0 til at stovna bla\u00f0i\u00f0, har\u00edmillum at menna hugmyndaliga leistin fyri bla\u00f0i\u00f0. KIWI Magazine var\u00f0 prenta\u00f0 \u00ed 200.000 eint\u00f8kum og hev\u00f0i ein lesaraskara upp\u00e1 meira enn 400.000 lesarar. \u00cd bla\u00f0num v\u00f3ru mest praktisk r\u00e1\u00f0. Endam\u00e1li\u00f0 var at gera str\u00e6vna l\u00edvi\u00f0 hj\u00e1 lesarunum l\u00e6ttari &#8211; oftast r\u00e1\u00f0 um at spara t\u00ed\u00f0 og pengar. H\u00f8vu\u00f0sm\u00e1lb\u00f3lkurin v\u00f3ru kvinnur \u00ed aldrinum 25 til 50 \u00e1r. Chili Group fekk s\u00e1ttm\u00e1la \u00ed lag vi\u00f0 handilsketuna NETTO um fr\u00eda \u00fatbrei\u00f0slu av bla\u00f0num \u00ed NETTO handlum kring alt Danmark. S\u00ed <a href=\"https:\/\/web.archive.org\/web\/20060719114913\/http:\/\/www.kiwimagazine.dk\/\" target=\"_blank\" rel=\"noopener\">www.kiwimagazine.dk<\/a> \u00e1 &#8216;Wayback Machine&#8217; og <a href=\"https:\/\/web.archive.org\/web\/20060204112101\/http:\/\/www.chiligroup.dk\/\" target=\"_blank\" rel=\"noopener\">www.chiligroup.dk<\/a>. KIWI Magazine broyti navn \u00ed mars 2010 til LIME magazine, t\u00e1 norska handilsketan vi\u00f0 sama navni\u00f0 sum bla\u00f0i\u00f0 &#8211; Kiwi &#8211; lat teir fyrstu handlarnar upp \u00ed Danmark. Hetta bla\u00f0i\u00f0 er ikki til meira, eftir at Allers bla\u00f0h\u00fasi\u00f0 yvirt\u00f3k Chili Group n\u00f8kur \u00e1r seinni.<\/p>\n<h4>DESEMBER 2002 \u2013 APR\u00cdL 2003:<\/h4>\n<p>Stuttt\u00ed\u00f0arsettur <em>verk\u00e6tlanarlei\u00f0ari\u00a0<\/em> \u00e1 F\u00f8roya Tele. Uppg\u00e1van var at fyrireika eitt upprit um m\u00f8guleikarnar fyri at stovna eina n\u00fdggja handilsliga sj\u00f3nvarpsr\u00e1s, sum skuldi kappast vi\u00f0 sj\u00f3nvarpsr\u00e1sina hj\u00e1 almenna Kringvarpinum.<\/p>\n<h4>OKTOBER 2002 \u2013 DESEMBER 2002:<\/h4>\n<p>Flutti til F\u00f8roya eitt stutt t\u00ed\u00f0arskei\u00f0 fyrst og fremst fyri at arbei\u00f0a vi\u00f0 einum sj\u00f3nvarpsdokumentari hj\u00e1 Gullu \u00d8regaard \u00ed tveimum p\u00f8rtum um Jens Paula Heinesen, p\u00e1pa Elina. Elin hev\u00f0i \u00e1byrgdina av t\u00f3nleikinum \u00ed sendingini og fyri klippingina av sendingini. Til ber at hoyra t\u00f3nleikin <a href=\"https:\/\/heinesen.fo\/index.php\/eitt-vaelumtokt-lag\/\">her<\/a>.<\/p>\n<h4>NOVEMBER 2001 \u2013 OKTOBER 2002:<\/h4>\n<p><em>Ritstj\u00f3ri<\/em> \u00ed Komiteen for Sundhedsoplysning, ein almenn t\u00e6nasta, sum gav \u00fat heilsuvi\u00f0komandi b\u00f8kur og bl\u00f8\u00f0, har\u00edmillum bla\u00f0i\u00f0 UNG, eitt magasin, sum kom \u00fat eina fer\u00f0 hv\u00f8rt fj\u00f3r\u00f0ings\u00e1r og bleiv breitt \u00fat \u00e1 sk\u00falum til \u00f8ll 13-16 \u00e1ra gomul sk\u00falab\u00f8rn \u00ed Danmark. S\u00ed\u00a0<a href=\"https:\/\/web.archive.org\/web\/20020610174251\/http:\/\/www.sundhedsformidling.dk\/\" target=\"_blank\" rel=\"noopener\">www.sundhedsoplysning.dk<\/a>,\u00a0<a href=\"https:\/\/web.archive.org\/web\/20020402124239\/http:\/\/www.ung-bladet.dk\/\" target=\"_blank\" rel=\"noopener\">www.ung-bladet.dk<\/a>\u00a0og\u00a0<a href=\"https:\/\/web.archive.org\/web\/20020607144528\/http:\/\/www.ung-rejseguide.dk\/index.htm\" target=\"_blank\" rel=\"noopener\">www.ung-rejseguide.dk<\/a>.<\/p>\n<h4>FEBRUAR 2000 \u2013 OKTOBER 2001:<\/h4>\n<p><em>Bla\u00f0stj\u00f3ri og stovnari<\/em> av <a href=\"https:\/\/heinesen.fo\/wp-content\/uploads\/2023\/08\/Kvindekanalen.pdf\" target=\"_blank\" rel=\"noopener\">www.kvindekanalen.dk<\/a> \u2013 fyrsta kvinnunetmagasin \u00ed Danmar. World Online (n\u00fa Tiscali) rak netmagasini\u00f0, sum hev\u00f0i ymiskt vi\u00f0komandi innihald serliga fyri kvinnur, so sum shopping, br\u00e6vkassa, kropp &amp; s\u00e1l, l\u00edvsst\u00edl og mentan, yrkislei\u00f0 og KT. \u00c1byrgdin hj\u00e1 Elini sum bla\u00f0stj\u00f3ra fevndi um at or\u00f0a visj\u00f3n, at menna leistin og strategiina fyri magasini\u00f0, umframt umsiting. Starvsf\u00f3lkah\u00f3purin fevndi um ein hj\u00e1lparritstj\u00f3ra og 40 fr\u00edyrkisf\u00f3lk, umframt tveir l\u00fdsingaseljarar. H\u00f3ast netmagasini\u00f0 var ta\u00f0 fimt-st\u00f8rsta \u00ed Danmark \u00e1 s\u00ednum \u00f8ki, var ta\u00f0 ni\u00f0urlagt \u00ed august 2001 orsaka av f\u00edggjartrupulleikum og av t\u00ed heimsumfatandi KT-kreppuni, sum herja\u00f0i j\u00fast ta t\u00ed\u00f0ina.<\/p>\n<h4>JULI 1997 \u2013 APR\u00cdL 2007:<\/h4>\n<p><em>Stovnari og stj\u00f3ri <\/em>\u00a0\u00ed egnari samskiftisfyrit\u00f8ku (upprunaliga stovna\u00f0 vi\u00f0 endam\u00e1linum at f\u00edggja lesturin \u00e1 Den Danske FIlmskole), Heinesen Kommunikation. Fyrit\u00f8kan veitti r\u00e1\u00f0gevingart\u00e6nastur, serliga \u00ed mi\u00f0lasamskifti. T\u00e1 Elin gj\u00f8rdist forstj\u00f3ri \u00ed SamViti \u00ed 2007, var hon noydd til at avtaka s\u00edna egnu fyrit\u00f8ku orsaka av s\u00ednum almenna starvi.<\/p>\n<h4>1995-1996:<\/h4>\n<p><em>Markna\u00f0arsamskipari<\/em> fyri Kulturby 96 (Copenhagen \u2013 Cultural Capital of Europe 1996). Elin menti altj\u00f3\u00f0a l\u00fdsingar\u00e6tlanir og ritstj\u00f3rna\u00f0i l\u00fdsingartekstir og l\u00fdsingarsni\u00f0 \u00e1 fleiri ymiskum l\u00fdsingar\u00f8kjum. Haraftrat var hon r\u00e1\u00f0gevi fyri upp m\u00f3ti 600 mentanarverk\u00e6tlanum \u00ed b\u00fdnum, har hon \u00fatvega\u00f0i teimum r\u00e1\u00f0 um markna\u00f0arf\u00f8ringsstrateggir og l\u00fdsingar\u00e1t\u00f8k, umframt distributi\u00f3n av faldarum, l\u00fdsingaruppsl\u00f8gum, bannarum og fl\u00f8ggum til ymiskar mentanarstovnar.<\/p>\n<h4>1994-1995:<\/h4>\n<p><em>S\u00f8lu- og markna\u00f0arlei\u00f0ari<\/em> \u00e1 Folketeateret \u00ed Keypmannahavn. Hon hev\u00f0i \u00e1byrgd av \u00e6tlanarlegging og st\u00fdring av markna\u00f0arf\u00f8ringini av teatrinum. Hon sni\u00f0gav og sendi \u00fat t\u00ed\u00f0inda- og s\u00f8lubr\u00f8v. samansetti pakkar fyri kundar og vitjandi, skriva\u00f0i og ritstj\u00f3rna\u00f0i l\u00fdsingar, sni\u00f0gav skr\u00e1irnar hj\u00e1 teatrinum, plakatir og postkort, umframt at hon samskipa\u00f0i mechandise s\u00f8lu, l\u00fdsingar\u00e1t\u00f8k og stu\u00f0lar.<\/p>\n<h4>1992-1993:<\/h4>\n<p><em>Markna\u00f0arlei\u00f0ari<\/em> \u00ed SMS \u00ed Havn \u2013 s\u00f8lumi\u00f0st\u00f8\u00f0 sum t\u00e1 h\u00fdsti 26 handlum, har \u00edmillum st\u00f3ran matv\u00f8ruhandil, posth\u00fas, banka og kafeteria, vi\u00f0 tilsamans meir enn 300 starvsf\u00f3lkum. Elin hev\u00e5i \u00e1byrgd av at framelei\u00f0a 5-12 minuttirs l\u00fdsingarsendingar, sendar \u00ed Sj\u00f3nvarpi F\u00f8roya hv\u00f8rja viku. \u00cd sendingini v\u00f3ru b\u00e6\u00f0i l\u00fdsingar og reportasjur \u00far SMS. Hon hev\u00f0i eisini \u00e1byrgd av at selja l\u00fdsingar til sendingina til handlarnar og fyri at skipa fyri vikuligum tilt\u00f8kum \u00e1 torginum \u00ed s\u00f8lumi\u00f0st\u00f8\u00f0ini &#8211; mentanarlig og handilslig tilt\u00f8k, umframt anna\u00f0 undirhald.<\/p>\n<h3>ST\u00d8RV \u00c1\u00d0RENN ELLA \u00cdME\u00d0AN ELIN GEKK \u00c1 STUDENTASK\u00daLA\/UNIVERSITETI<\/h3>\n<p><em>T\u00f8knimi\u00f0lari \u00e1 <\/em>Teknovision frams\u00fdningini \u00ed Keypmannahavn (summari\u00f0, 1992)<br \/>\n<em>Skrivstovuhj\u00e1lparf\u00f3lk <\/em>\u00e1 Fr\u00f3\u00f0skaparsetri F\u00f8roya (summarferiur, 1989-91)<br \/>\n<em>Markna\u00f0arkanningarf\u00f3lk<\/em>, Keypmannahavn (lestrarstarv, 1988)<br \/>\n<em>Markna\u00f0arf\u00f8ringsmedhj\u00e1lp<\/em> \u00e1 EC-Marketing, Keypmannahavn (lestrarstarv, 1987-88)<br \/>\n<i>Vi\u00f0skerafr\u00fagv (sm\u00f8rrebr\u00f8dsjomfru) og t\u00e6nari <\/i>(lestrarstarv, 1987)<br \/>\n<em>Hj\u00e1lparf\u00f3lk \u00ed kantinu<\/em> \u00ed F\u00f8royah\u00fasinum \u00ed Keypmannahavn (lestrarstarv, 1986-87)<br \/>\n<em>Hj\u00e1lparf\u00f3lk \u00ed b\u00f3khandli<\/em>, T\u00f3rshavn (summer, 1986)<br \/>\n<em>Skrivstovuhj\u00e1lparf\u00f3lk<\/em> \u00e1 Fr\u00f3\u00f0skaparsetrinum\u00a0 (summarferiur, 1983-85)<br \/>\n<em>Vikarur<\/em> \u00e1 Studentask\u00falanum \u00ed Hoyd\u00f8lum (fullt\u00ed\u00f0arstarv, 1981-82)<br \/>\n<em>Hjalparf\u00f3lk<\/em> \u00e1 Uml\u00e6ttingarheiminum fyri f\u00f3lk vi\u00f0 breki, T\u00f3rshavn (summarferiur, 1979-1981)<br \/>\n<em>Journalistur<\/em> bla\u00f0num 14 September og \u00e1 m\u00e1na\u00f0arbla\u00f0num Magn (fullt\u00ed\u00f0arstarv, 1978-79)<br \/>\n<em>Sendingarf\u00f3lk og pl\u00e1tugoymsluf\u00f3lk<\/em>, T\u00f3rshavn (fullt\u00ed\u00f0arstarv, 1978)<br \/>\n<em>Vikarur<\/em> \u00e1 Eystrursk\u00falanum, T\u00f3rshavn (fullt\u00ed\u00f0arstarv, 1977-78)<br \/>\n<em>Hjalparf\u00f3lk, t\u00e6nari<\/em> \u00ed Havnar Jazzklubba (vikuskiftisstarv, 1976-82)<br \/>\n<em>Ansingarf\u00f3lk <\/em>\u00e1 Listasavni F\u00f8roya (starv eftir sk\u00falat\u00ed\u00f0, 1974-76)<\/p>\n","protected":false},"excerpt":{"rendered":"<p>APRIL 2018 \u2013 N\u00da Fyrist\u00f8\u00f0uf\u00f3lk fyri Lj\u00f3\u00f0b\u00f3kat\u00e6nastuna \u00e1 Landsb\u00f3kasavninum. Lj\u00f3\u00f0b\u00f3kat\u00e6nastan framlei\u00f0ir lj\u00f3\u00f0b\u00f8kur og anna\u00f0 lj\u00f3\u00f0tilfar \u00e1 f\u00f8royskum til f\u00f3lk, sum av eini ella a\u00f0rari ors\u00f8k ikki hava m\u00f8guleika fyri at lesa ella ogna s\u00e6r prenta\u00f0an tekst \u00e1 annan h\u00e1tt. Haraftrat skal Lj\u00f3\u00f0b\u00f3kat\u00e6nastan tryggja, at nevnda tilfar er t\u00f8kt til br\u00fakarar av b\u00f3kas\u00f8vnum kring landi\u00f0. Endam\u00e1li\u00f0&hellip;<\/p>\n","protected":false},"author":1,"featured_media":1238,"parent":1887,"menu_order":1,"comment_status":"closed","ping_status":"closed","template":"","meta":{"footnotes":""},"class_list":["post-1891","page","type-page","status-publish","format-standard","has-post-thumbnail","hentry"],"_links":{"self":[{"href":"https:\/\/heinesen.fo\/index.php\/wp-json\/wp\/v2\/pages\/1891","targetHints":{"allow":["GET"]}}],"collection":[{"href":"https:\/\/heinesen.fo\/index.php\/wp-json\/wp\/v2\/pages"}],"about":[{"href":"https:\/\/heinesen.fo\/index.php\/wp-json\/wp\/v2\/types\/page"}],"author":[{"embeddable":true,"href":"https:\/\/heinesen.fo\/index.php\/wp-json\/wp\/v2\/users\/1"}],"replies":[{"embeddable":true,"href":"https:\/\/heinesen.fo\/index.php\/wp-json\/wp\/v2\/comments?post=1891"}],"version-history":[{"count":16,"href":"https:\/\/heinesen.fo\/index.php\/wp-json\/wp\/v2\/pages\/1891\/revisions"}],"predecessor-version":[{"id":3492,"href":"https:\/\/heinesen.fo\/index.php\/wp-json\/wp\/v2\/pages\/1891\/revisions\/3492"}],"up":[{"embeddable":true,"href":"https:\/\/heinesen.fo\/index.php\/wp-json\/wp\/v2\/pages\/1887"}],"wp:featuredmedia":[{"embeddable":true,"href":"https:\/\/heinesen.fo\/index.php\/wp-json\/wp\/v2\/media\/1238"}],"wp:attachment":[{"href":"https:\/\/heinesen.fo\/index.php\/wp-json\/wp\/v2\/media?parent=1891"}],"curies":[{"name":"wp","href":"https:\/\/api.w.org\/{rel}","templated":true}]}}