{"id":1893,"date":"2023-08-25T13:31:41","date_gmt":"2023-08-25T12:31:41","guid":{"rendered":"https:\/\/heinesen.fo\/index.php\/about\/pastime\/"},"modified":"2025-04-04T15:47:32","modified_gmt":"2025-04-04T14:47:32","slug":"fritid","status":"publish","type":"page","link":"https:\/\/heinesen.fo\/index.php\/um-elina\/fritid\/","title":{"rendered":"FR\u00cdTI\u00d0"},"content":{"rendered":"<h3><strong>SJ\u00c1LVBO\u00d0IN ST\u00d8RV OG FR\u00cdYRKISST\u00d8RV<\/strong><\/h3>\n<p>Elin Brimheim Heineseni hevur gl\u00f8\u00f0andi \u00e1huga fyri internetinum og heldur seg sj\u00e1lva dagf\u00f8rda vi\u00f0 netbornum r\u00e1kum.<\/p>\n<p>Elin var vevritstj\u00f3ri \u00e1 heimas\u00ed\u00f0uni MUSIC.fo fr\u00e1 2012 til 2014 &#8211; ein netborin t\u00f3nleikami\u00f0il fyri \u00f8ll vi\u00f0 \u00e1huga fyri aktuellari kunning um t\u00f3nleik \u00far F\u00f8royum &#8211; eitt arbei\u00f0i, sum hon gj\u00f8rdi sj\u00e1lvbo\u00f0in \u00ed s\u00edni fr\u00edt\u00ed\u00f0. \u00c1 s\u00ed\u00f0uni v\u00f3ru \u00f3teljandi sj\u00f3nbandal\u00f8g, myndir, greinir, podcastar og onnur kunning &#8211; alt vi\u00f0v. f\u00f8royskum t\u00f3nleiki. T\u00edverri kravdi hetta ov n\u00f3gv arbei\u00f0i at halda s\u00ed\u00f0una dagf\u00f8rda. Ta\u00f0 hendi so n\u00f3gv \u00e1 f\u00f8royska t\u00f3nleikapallinum og a\u00f0rar skyldur kravdu uppmerksemi\u00f0 hj\u00e1 Elini, so hon m\u00e1tti taka tungu avger\u00f0ina at avtaka heimas\u00ed\u00f0una. Her er ein l\u00f8tumynd av MUSIC.fo heimas\u00ed\u00f0uni \u00e1<a href=\"https:\/\/web.archive.org\/web\/20140706143035\/http:\/\/music.fo\/\" target=\"_blank\" rel=\"noopener\">\u00a0l\u00f8tumynd av heimas\u00ed\u00f0uni MUSIC.fo \u00e1 Wayback Machine<\/a>.<\/p>\n<p>Elin var eisini vevritstj\u00f3ri av heimas\u00ed\u00f0uni www.faroeislandsreview.com fra 2009 til 2012 \u2013 ein netborin mi\u00f0il um F\u00f8royar sum heild. Her er <a href=\"https:\/\/web.archive.org\/web\/20101024170157\/http:\/\/www.heinesen.fo\/faroeislandsreview\/\" target=\"_blank\" rel=\"noopener\">ein l\u00f8tumynd fr\u00e1 2010<\/a>.<\/p>\n<p>\u00c1\u00f0renn ta\u00f0 var hon stovnari og ritstj\u00f3ri av heimas\u00ed\u00f0uni www.fo-dk.dk \u2013 ein heimas\u00ed\u00f0a um vi\u00f0urskiftini millum F\u00f8royar og Danmark, sum byrja\u00f0i \u00ed apr\u00edl 2000 og helt \u00e1 fram til 2007. Hetta sj\u00e1lvbodna arbei\u00f0i m\u00e1tti eisini ste\u00f0ga orsaka av \u00f8\u00f0rum uppg\u00e1vum, t\u00e1 Elin flutti til F\u00f8roya \u00ed 2007. Her er <a href=\"https:\/\/web.archive.org\/web\/20021016100219\/http:\/\/www.fo-dk.dk:80\/\" target=\"_blank\" rel=\"noopener\">ein l\u00f8tumynd fr\u00e1 2002<\/a>.<\/p>\n<p>Vi\u00f0 s\u00ed\u00f0una av heimas\u00ed\u00f0uarbei\u00f0num hevur Elin havt fleiri journalistiskarar kanningaruppg\u00e1vur, sum hon hevur arbeitt vi\u00f0 sum fr\u00edyrkisuppg\u00e1vur. Hon hevur skriva\u00f0 n\u00f3gvar greinir, klummur og umm\u00e6li b\u00e6\u00f0i \u00ed donskum og f\u00f8royskum bl\u00f8\u00f0um. Av og \u00e1 skrivar hon lista-, t\u00f3nleika-, films- og sj\u00f3nleikaumm\u00e6li. Og hon hevur arbeitt vi\u00f0 fleiri ymiskum l\u00fdsingarherfe\u00f0rum og markna\u00f0arkanningum. Hetta hevur m.a. \u00farslita\u00f0 \u00ed prenta\u00f0um \u00fatg\u00e1vum, mest um markna\u00f0arf\u00f8ringsr\u00e1\u00f0geving.<\/p>\n<h3><strong>T\u00d3NLEIKUR OG SJ\u00d3NLEIKUR<\/strong><\/h3>\n<p>S\u00ed\u00f0an 1964 hevur Elin veri\u00f0 virkin sum t\u00f3naskald og songkvinna. Hon gav \u00fat NALJA-\u00fatg\u00e1vuna \u00e1 kassettubandi \u00ed 1988, og \u00e1 fl\u00f8gu \u00ed 1998 saman vi\u00f0 K\u00e1ra jacobsen. \u00cd 2010 gav hon aftur eina heildar\u00fatg\u00e1vu \u00fat vi\u00f0 hennara egnu tulkingum av yndisk\u00f8gunum hj\u00e1 mammu og mammubeiggja s\u00ednum. B\u00e6\u00f0i doy\u00f0u av krabbameini \u00e1vikavist \u00ed 2005 og 2006, og hendan \u00fatg\u00e1van var til hei\u00f0urs og minnis um tey. Les um <a href=\"https:\/\/heinesen.fo\/index.php\/tonleikayrkisleid\/\">t\u00f3nleikayrkislei\u00f0ina hj\u00e1 Elini og lurta eftir n\u00f8krum sangum hj\u00e1 henni<\/a>, og serliga um \u00fatg\u00e1vurnar &#8211; <a href=\"https:\/\/heinesen.fo\/index.php\/utgivin-tonleikur\/album-yndisloeg-treasured-songs\/\">&#8216;Yndisl\u00f8g&#8217;<\/a> og <a href=\"https:\/\/heinesen.fo\/index.php\/utgivin-tonleikur\/album-handan-stjoernurnar\/\">&#8216;Handan stj\u00f8rnurnar&#8217;.<\/a> Og her er <a href=\"https:\/\/heinesen.fo\/index.php\/utgivin-tonleikur\/utgavuskra\/\">ein listi vi\u00f0 \u00f8llum \u00fatg\u00e1vunum<\/a>, sum hon hevur veri\u00f0 partur av.<\/p>\n<p>Elin hevur veri\u00f0 virkin \u00e1 mentanarpallinum \u00ed heimb\u00fdi s\u00ednum, sum sj\u00f3nleikari, t\u00f3nleikar og fyriskipari, umframt sum stovnari av Havnar Jazzfelag s\u00ed\u00f0an 1975.\u00a0 Hon var eisini nevndarlimum av felagnum tey fyrstu \u00e1rini.<\/p>\n<p>Elin hevur fyriskipa\u00f0 konsertir &#8211; og ger ta\u00f0 enn &#8211; og hon var vi\u00f0stovnari av fleiri ymiskum fel\u00f8gum fyri t\u00f3nleikarar, t\u00f3nask\u00f8ld og t\u00f3nleika\u00e1huga\u00f0 \u00ed Havn.<\/p>\n<p>Hon hevur veri\u00f0 vi\u00f0leikari \u00ed sangleikum, so sum Seymistovan \u00ed Sj\u00f3nleikarh\u00fasinum (1978) og Glata\u00f0u sp\u00e6limenninir, ein leikur bygdur \u00e1 eina skalds\u00f8gu eftir William Heinesen, \u00ed Nor\u00f0urlandah\u00fasinum \u00ed havn (1993).<\/p>\n<h3><strong>\u00daTVARP, SJ\u00d3NVARP OG FILMUR<\/strong><\/h3>\n<p>Elin var \u00e1 fer\u00f0 kring F\u00f8roya vi\u00f0 V4-sendingini sum t\u00e1tta- og v\u00edsusangsrinna \u00ed tr\u00fd \u00e1r fr\u00e1 1975 til 1978. Hetta v\u00f3ru vikuligar undirhaldssendingar \u00ed \u00datvarpi F\u00f8roya, sum v\u00f3ru sendar hv\u00f8rt leygarkv\u00f8ld \u00ed vetrarh\u00e1lvuni.<\/p>\n<p>Hon hevur gj\u00f8rt sj\u00f3nbandal\u00f8g og t\u00f3nleikasendingar sum fr\u00edyrkisf\u00f3lk fyri f\u00f8royska \u00fatvarpi\u00f0 og sj\u00f3nvarpi\u00f0 s\u00ed\u00f0ani 1975.<\/p>\n<p>Hon hevur freamleitt fleiri ymiskar \u00fatvarpssendingar s\u00ed\u00f0ani 1975, so sum eina sendingarr\u00f8\u00f0 \u00ed 12 p\u00f8rtum um jazz-s\u00f8guna og eina \u00fatvarpsleik fyri b\u00f8rn \u00ed seks p\u00f8rtum. Hon framleiddi og sp\u00e6ldi sj\u00e1lv vi\u00f0 \u00ed fleiri \u00fatvarpsleikum, gj\u00f8rdi barnasendingar og las upp s\u00f8gur fyri b\u00f8rnum og sang fleiri barnasangir \u00ed \u00fatvarpinum.<\/p>\n","protected":false},"excerpt":{"rendered":"<p>SJ\u00c1LVBO\u00d0IN ST\u00d8RV OG FR\u00cdYRKISST\u00d8RV Elin Brimheim Heineseni hevur gl\u00f8\u00f0andi \u00e1huga fyri internetinum og heldur seg sj\u00e1lva dagf\u00f8rda vi\u00f0 netbornum r\u00e1kum. Elin var vevritstj\u00f3ri \u00e1 heimas\u00ed\u00f0uni MUSIC.fo fr\u00e1 2012 til 2014 &#8211; ein netborin t\u00f3nleikami\u00f0il fyri \u00f8ll vi\u00f0 \u00e1huga fyri aktuellari kunning um t\u00f3nleik \u00far F\u00f8royum &#8211; eitt arbei\u00f0i, sum hon gj\u00f8rdi sj\u00e1lvbo\u00f0in \u00ed s\u00edni fr\u00edt\u00ed\u00f0.&hellip;<\/p>\n","protected":false},"author":1,"featured_media":1238,"parent":1887,"menu_order":2,"comment_status":"closed","ping_status":"closed","template":"","meta":{"footnotes":""},"class_list":["post-1893","page","type-page","status-publish","format-standard","has-post-thumbnail","hentry"],"_links":{"self":[{"href":"https:\/\/heinesen.fo\/index.php\/wp-json\/wp\/v2\/pages\/1893","targetHints":{"allow":["GET"]}}],"collection":[{"href":"https:\/\/heinesen.fo\/index.php\/wp-json\/wp\/v2\/pages"}],"about":[{"href":"https:\/\/heinesen.fo\/index.php\/wp-json\/wp\/v2\/types\/page"}],"author":[{"embeddable":true,"href":"https:\/\/heinesen.fo\/index.php\/wp-json\/wp\/v2\/users\/1"}],"replies":[{"embeddable":true,"href":"https:\/\/heinesen.fo\/index.php\/wp-json\/wp\/v2\/comments?post=1893"}],"version-history":[{"count":6,"href":"https:\/\/heinesen.fo\/index.php\/wp-json\/wp\/v2\/pages\/1893\/revisions"}],"predecessor-version":[{"id":3127,"href":"https:\/\/heinesen.fo\/index.php\/wp-json\/wp\/v2\/pages\/1893\/revisions\/3127"}],"up":[{"embeddable":true,"href":"https:\/\/heinesen.fo\/index.php\/wp-json\/wp\/v2\/pages\/1887"}],"wp:featuredmedia":[{"embeddable":true,"href":"https:\/\/heinesen.fo\/index.php\/wp-json\/wp\/v2\/media\/1238"}],"wp:attachment":[{"href":"https:\/\/heinesen.fo\/index.php\/wp-json\/wp\/v2\/media?parent=1893"}],"curies":[{"name":"wp","href":"https:\/\/api.w.org\/{rel}","templated":true}]}}