{"id":1895,"date":"2023-08-25T13:31:08","date_gmt":"2023-08-25T12:31:08","guid":{"rendered":"https:\/\/heinesen.fo\/index.php\/about\/references\/"},"modified":"2025-04-04T15:47:43","modified_gmt":"2025-04-04T14:47:43","slug":"vidmaeli","status":"publish","type":"page","link":"https:\/\/heinesen.fo\/index.php\/um-elina\/vidmaeli\/","title":{"rendered":"VI\u00d0M\u00c6LI"},"content":{"rendered":"<p><a href=\"https:\/\/heinesen.fo\/wp-content\/uploads\/2023\/08\/AnbefalingFraMargretheDalThomsen.pdf\" target=\"_blank\" rel=\"noopener\">Vi\u00f0m\u00e6li fr\u00e1 Chili Group A\/S (KIWI magazine)<\/a><\/p>\n<p><a href=\"https:\/\/heinesen.fo\/wp-content\/uploads\/2023\/08\/Anbefaling-fra-Komiteen-for-Sundhedsoplysning.pdf\" target=\"_blank\" rel=\"noopener\">Vi\u00f0m\u00e6li fr\u00e1 Komiteen for Sundhedsoplysning<\/a><\/p>\n<p><a href=\"https:\/\/heinesen.fo\/wp-content\/uploads\/2023\/08\/Anbefaling-fra-Kvindekanalen-Tiscali.pdf\">Vi\u00f0m\u00e6li fr\u00e1 Tiscali A\/S (Kvindekanalen.dk)<\/a><\/p>\n<p><a href=\"https:\/\/heinesen.fo\/wp-content\/uploads\/2023\/08\/Anbefalinger_fra_samarbejdspartnere_Kvindekanalen-Tiscali.pdf\" target=\"_blank\" rel=\"noopener\">Vi\u00f0m\u00e6li fr\u00e1 starvsfel\u00f8gum \u00e1 Kvindekanalen.dk<\/a><\/p>\n<p><a href=\"https:\/\/heinesen.fo\/wp-content\/uploads\/2023\/08\/Anbefaling-fra-Kulturby-96.pdf\" target=\"_blank\" rel=\"noopener\">Vi\u00f0m\u00e6li fr\u00e1 Kulturby 96 (Cultural Capital of Europe \u201996)<\/a><\/p>\n<p><a href=\"https:\/\/heinesen.fo\/wp-content\/uploads\/2023\/08\/Anbefaling-fra-Teknovision.pdf\" target=\"_blank\" rel=\"noopener\">Vi\u00f0m\u00e6li fr\u00e1 Teknovision<\/a><\/p>\n","protected":false},"excerpt":{"rendered":"<p>Vi\u00f0m\u00e6li fr\u00e1 Chili Group A\/S (KIWI magazine) Vi\u00f0m\u00e6li fr\u00e1 Komiteen for Sundhedsoplysning Vi\u00f0m\u00e6li fr\u00e1 Tiscali A\/S (Kvindekanalen.dk) Vi\u00f0m\u00e6li fr\u00e1 starvsfel\u00f8gum \u00e1 Kvindekanalen.dk Vi\u00f0m\u00e6li fr\u00e1 Kulturby 96 (Cultural Capital of Europe \u201996) Vi\u00f0m\u00e6li fr\u00e1 Teknovision<\/p>\n","protected":false},"author":1,"featured_media":1238,"parent":1887,"menu_order":3,"comment_status":"closed","ping_status":"closed","template":"","meta":{"footnotes":""},"class_list":["post-1895","page","type-page","status-publish","format-standard","has-post-thumbnail","hentry"],"_links":{"self":[{"href":"https:\/\/heinesen.fo\/index.php\/wp-json\/wp\/v2\/pages\/1895","targetHints":{"allow":["GET"]}}],"collection":[{"href":"https:\/\/heinesen.fo\/index.php\/wp-json\/wp\/v2\/pages"}],"about":[{"href":"https:\/\/heinesen.fo\/index.php\/wp-json\/wp\/v2\/types\/page"}],"author":[{"embeddable":true,"href":"https:\/\/heinesen.fo\/index.php\/wp-json\/wp\/v2\/users\/1"}],"replies":[{"embeddable":true,"href":"https:\/\/heinesen.fo\/index.php\/wp-json\/wp\/v2\/comments?post=1895"}],"version-history":[{"count":3,"href":"https:\/\/heinesen.fo\/index.php\/wp-json\/wp\/v2\/pages\/1895\/revisions"}],"predecessor-version":[{"id":2727,"href":"https:\/\/heinesen.fo\/index.php\/wp-json\/wp\/v2\/pages\/1895\/revisions\/2727"}],"up":[{"embeddable":true,"href":"https:\/\/heinesen.fo\/index.php\/wp-json\/wp\/v2\/pages\/1887"}],"wp:featuredmedia":[{"embeddable":true,"href":"https:\/\/heinesen.fo\/index.php\/wp-json\/wp\/v2\/media\/1238"}],"wp:attachment":[{"href":"https:\/\/heinesen.fo\/index.php\/wp-json\/wp\/v2\/media?parent=1895"}],"curies":[{"name":"wp","href":"https:\/\/api.w.org\/{rel}","templated":true}]}}