{"id":1897,"date":"2023-08-25T13:32:21","date_gmt":"2023-08-25T12:32:21","guid":{"rendered":"https:\/\/heinesen.fo\/index.php\/about\/websites\/"},"modified":"2025-04-04T15:47:54","modified_gmt":"2025-04-04T14:47:54","slug":"heimasidur","status":"publish","type":"page","link":"https:\/\/heinesen.fo\/index.php\/um-elina\/heimasidur\/","title":{"rendered":"HEIMAS\u00cd\u00d0UR"},"content":{"rendered":"<h3>PERS\u00d3NLIGAR HEIMAS\u00cd\u00d0UR<\/h3>\n<ul>\n<li><a href=\"http:\/\/www.heinesen.fo\/\" rel=\"noopener\">heinesen.fo<\/a> &#8211; Elin Brimheim Heinesen&#8217;s Artist Website.<\/li>\n<li><a href=\"http:\/\/heinesen.info\/\" target=\"_blank\" rel=\"noopener\">heinesen.info &#8211; <\/a>Elin Brimheim Heinesen&#8217;s Blog<\/li>\n<\/ul>\n<h3>SOSIALIR MI\u00d0LAR<\/h3>\n<ul>\n<li><a href=\"http:\/\/www.facebook.com\/elinbheinesen\" rel=\"noopener\">www.facebook.com\/elinbheinesen<\/a><\/li>\n<li><a href=\"http:\/\/www.linkedin.com\/in\/elinheinesen\" rel=\"noopener\">www.linkedin.com\/in\/elinheinesen<\/a><\/li>\n<li><a href=\"https:\/\/www.instagram.com\/elinbheinesen\/\" target=\"_blank\" rel=\"noopener\">www.instagram.com\/elinbheinesen\/\u00a0<\/a><\/li>\n<li><a href=\"http:\/\/www.twitter.com\/elinbheinesen\" rel=\"noopener\">www.twitter.com\/elinbheinesen<\/a><\/li>\n<li><a href=\"http:\/\/www.kommunikationsforum.dk\/Elin-Heinesen\" rel=\"noopener\">www.kommunikationsforum.dk\/Elin-Heinesen<\/a><\/li>\n<li><a href=\"https:\/\/soundcloud.com\/elinbheinesen\" target=\"_blank\" rel=\"noopener\">soundcloud.com\/elinbheinesen<\/a><\/li>\n<\/ul>\n<h3>FJEPPARAS\u00cd\u00d0UR<\/h3>\n<ul>\n<li><a href=\"https:\/\/www.facebook.com\/ElinBrimheimHeinesen\" target=\"_blank\" rel=\"noopener\">www.facebook.com\/ElinBrimheimHeinesen<\/a><\/li>\n<li><a href=\"http:\/\/www.myspace.com\/elinheinesen\" rel=\"noopener\">www.myspace.com\/elinheinesen<\/a><\/li>\n<li><a href=\"http:\/\/www.reverbnation.com\/elinbrimheimheinesen\" rel=\"noopener\">www.reverbnation.com\/elinbrimheimheinesen<\/a><\/li>\n<\/ul>\n<h3>A\u00d0RAR S\u00cd\u00d0UR<\/h3>\n<ul>\n<li><a href=\"http:\/\/fljod.com\/\" target=\"_blank\" rel=\"noopener\">fljod.com<\/a> &#8211; Leinki til facebook-s\u00ed\u00f0una hj\u00e1 F&#8217;LJ\u00d3\u00d0 stovukonsertum.<\/li>\n<li><a href=\"http:\/\/faroemusic.fo\/\" target=\"_blank\" rel=\"noopener\">faroemusic.fo <\/a>&#8211; S\u00ed\u00f0an ver\u00f0ur ikki dagf\u00f8rd longur.<\/li>\n<li><a href=\"http:\/\/faroeislandsreview.com\/\" target=\"_blank\" rel=\"noopener\">faroeislandsreview.com<\/a> &#8211; S\u00ed\u00f0an ver\u00f0ur ikki dagf\u00f8rd longur.<\/li>\n<li><a href=\"http:\/\/elinbrimheimheinesen.blogspot.com\/\" target=\"_blank\" rel=\"noopener\">elinbrimheimheinesen.blogspot.com<\/a> &#8211; S\u00ed\u00f0an ver\u00f0ur ikki dagf\u00f8rd longur.<\/li>\n<\/ul>\n<h3><\/h3>\n","protected":false},"excerpt":{"rendered":"<p>PERS\u00d3NLIGAR HEIMAS\u00cd\u00d0UR heinesen.fo &#8211; Elin Brimheim Heinesen&#8217;s Artist Website. heinesen.info &#8211; Elin Brimheim Heinesen&#8217;s Blog SOSIALIR MI\u00d0LAR www.facebook.com\/elinbheinesen www.linkedin.com\/in\/elinheinesen www.instagram.com\/elinbheinesen\/\u00a0 www.twitter.com\/elinbheinesen www.kommunikationsforum.dk\/Elin-Heinesen soundcloud.com\/elinbheinesen FJEPPARAS\u00cd\u00d0UR www.facebook.com\/ElinBrimheimHeinesen www.myspace.com\/elinheinesen www.reverbnation.com\/elinbrimheimheinesen A\u00d0RAR S\u00cd\u00d0UR fljod.com &#8211; Leinki til facebook-s\u00ed\u00f0una hj\u00e1 F&#8217;LJ\u00d3\u00d0 stovukonsertum. faroemusic.fo &#8211; S\u00ed\u00f0an ver\u00f0ur ikki dagf\u00f8rd longur. faroeislandsreview.com &#8211; S\u00ed\u00f0an ver\u00f0ur ikki dagf\u00f8rd longur. elinbrimheimheinesen.blogspot.com &#8211; S\u00ed\u00f0an ver\u00f0ur&hellip;<\/p>\n","protected":false},"author":1,"featured_media":1238,"parent":1887,"menu_order":4,"comment_status":"closed","ping_status":"closed","template":"","meta":{"footnotes":""},"class_list":["post-1897","page","type-page","status-publish","format-standard","has-post-thumbnail","hentry"],"_links":{"self":[{"href":"https:\/\/heinesen.fo\/index.php\/wp-json\/wp\/v2\/pages\/1897","targetHints":{"allow":["GET"]}}],"collection":[{"href":"https:\/\/heinesen.fo\/index.php\/wp-json\/wp\/v2\/pages"}],"about":[{"href":"https:\/\/heinesen.fo\/index.php\/wp-json\/wp\/v2\/types\/page"}],"author":[{"embeddable":true,"href":"https:\/\/heinesen.fo\/index.php\/wp-json\/wp\/v2\/users\/1"}],"replies":[{"embeddable":true,"href":"https:\/\/heinesen.fo\/index.php\/wp-json\/wp\/v2\/comments?post=1897"}],"version-history":[{"count":2,"href":"https:\/\/heinesen.fo\/index.php\/wp-json\/wp\/v2\/pages\/1897\/revisions"}],"predecessor-version":[{"id":2550,"href":"https:\/\/heinesen.fo\/index.php\/wp-json\/wp\/v2\/pages\/1897\/revisions\/2550"}],"up":[{"embeddable":true,"href":"https:\/\/heinesen.fo\/index.php\/wp-json\/wp\/v2\/pages\/1887"}],"wp:featuredmedia":[{"embeddable":true,"href":"https:\/\/heinesen.fo\/index.php\/wp-json\/wp\/v2\/media\/1238"}],"wp:attachment":[{"href":"https:\/\/heinesen.fo\/index.php\/wp-json\/wp\/v2\/media?parent=1897"}],"curies":[{"name":"wp","href":"https:\/\/api.w.org\/{rel}","templated":true}]}}