{"id":1899,"date":"2023-08-25T13:18:07","date_gmt":"2023-08-25T12:18:07","guid":{"rendered":"https:\/\/heinesen.fo\/index.php\/book-a-performance\/"},"modified":"2024-07-04T01:23:46","modified_gmt":"2024-07-04T00:23:46","slug":"bilegg-framforslu","status":"publish","type":"page","link":"https:\/\/heinesen.fo\/index.php\/bilegg-framforslu\/","title":{"rendered":"B\u00cdLEGG FRAMF\u00d8RSLU"},"content":{"rendered":"<h4>HVAT OG HVUSSU KANN EIN B\u00cdLEGGJA<\/h4>\n<p>Vilt t\u00fa fegin b\u00edleggja:<\/p>\n<ul>\n<li>Eina ella fleiri <a href=\"https:\/\/heinesen.fo\/index.php\/fljod-konsertir\/oss-um-fljod-konsertir\/\">stovukonsertir<\/a> vi\u00f0 Elini Brimheim Heinesen, og \u00f8\u00f0rum t\u00f3nleikarum vi\u00f0, heima \u00ed hennara egnu stovu?<\/li>\n<li>Kanska privatar stovukonsertir fyri b\u00f3lkar av fer\u00f0af\u00f3lkum.<\/li>\n<li>Kanska b\u00f3lkar av starvsf\u00f3lkum fr\u00e1 einum arbei\u00f0spl\u00e1ssi?<\/li>\n<li>Kanska bindiklubbar?<\/li>\n<li>Ella kanska onkur onnur \u00e1hugafel\u00f8g?<\/li>\n<li>Ella vilt t\u00fa bara bi\u00f0ja Elina syngja og sp\u00e6la eitt anna\u00f0 sta\u00f0? Kundi veri\u00f0 \u00e1 eini f\u00f8\u00f0ingardagsveitslu, til eitt br\u00fadleyp, eina jar\u00f0arfer\u00f0, \u00ed kirkju, \u00e1 festivalum, ella \u00e1 eini stovukonsert \u00ed t\u00edni egnu stovu.<\/li>\n<li>&#8211; ja, til eitthv\u00f8rt tiltak eftir t\u00ednum ynski.<\/li>\n<\/ul>\n<h4>T\u00f3nleikaframf\u00f8rslur \/ Konsertir<\/h4>\n<p>Elin bj\u00f3\u00f0ar fleiri m\u00f8guleikar:<\/p>\n<ul>\n<li>Elin Brimheim Heinesen Solo (sang, gittar)<\/li>\n<li>EBH Duo (sang, gittar, gittar)<\/li>\n<li>EBH Trio (sang, gittar, gittar, bass)<\/li>\n<li>EBH Kvartett (sang, gittar, gittar, bass, trummur) og<\/li>\n<li>EBH Band (sang, gittar, gittar, bass, trummur, lj\u00f3mbor\u00f0)<\/li>\n<\/ul>\n<h4>A\u00f0rar framf\u00f8rslur<\/h4>\n<p>Elin heldur eisini r\u00f8\u00f0ur ella hevur framl\u00f8gur um ymisk evni.<\/p>\n<p>At kanna evni av \u00e1huga, far til: <a href=\"http:\/\/heinesen.info\" target=\"_blank\" rel=\"noopener\">heinesen.info<\/a>).<\/p>\n<p>Elin kann eisini b\u00edleggjast til at hava fr\u00e1s\u00f8gur ella til upplestur av f\u00f8grum b\u00f3kmentum (stutts\u00f8gur, yrkingar o.a.)<\/p>\n<h3>FYLL \u00daT OY\u00d0UBLA\u00d0I\u00d0 NI\u00d0ANFYRI<\/h3>\n<div style=\"width: 100%; height: 500px;\" data-tf-widget=\"tq8fOnpm\" data-tf-opacity=\"100\" data-tf-iframe-props=\"title=Music Artist Booking Form Template (copy)\" data-tf-transitive-search-params=\"\" data-tf-medium=\"snippet\"><\/div>\n<p><script src=\"\/\/embed.typeform.com\/next\/embed.js\"><\/script><\/p>\n<p><strong><a class=\"livesite-schedule\" href=\"https:\/\/www.facebook.com\/elinbrimheimheinesen\" target=\"_blank\" rel=\"noopener noreferrer\" data-staff=\"26e72c5d\">ELLA b\u00edlegg \u00e1 Facebook.<\/a><\/strong><\/p>\n","protected":false},"excerpt":{"rendered":"<p>HVAT OG HVUSSU KANN EIN B\u00cdLEGGJA Vilt t\u00fa fegin b\u00edleggja: Eina ella fleiri stovukonsertir vi\u00f0 Elini Brimheim Heinesen, og \u00f8\u00f0rum t\u00f3nleikarum vi\u00f0, heima \u00ed hennara egnu stovu? Kanska privatar stovukonsertir fyri b\u00f3lkar av fer\u00f0af\u00f3lkum. Kanska b\u00f3lkar av starvsf\u00f3lkum fr\u00e1 einum arbei\u00f0spl\u00e1ssi? Kanska bindiklubbar? Ella kanska onkur onnur \u00e1hugafel\u00f8g? Ella vilt t\u00fa bara bi\u00f0ja Elina syngja&hellip;<\/p>\n","protected":false},"author":1,"featured_media":1242,"parent":0,"menu_order":0,"comment_status":"closed","ping_status":"closed","template":"","meta":{"footnotes":""},"class_list":["post-1899","page","type-page","status-publish","format-standard","has-post-thumbnail","hentry"],"_links":{"self":[{"href":"https:\/\/heinesen.fo\/index.php\/wp-json\/wp\/v2\/pages\/1899","targetHints":{"allow":["GET"]}}],"collection":[{"href":"https:\/\/heinesen.fo\/index.php\/wp-json\/wp\/v2\/pages"}],"about":[{"href":"https:\/\/heinesen.fo\/index.php\/wp-json\/wp\/v2\/types\/page"}],"author":[{"embeddable":true,"href":"https:\/\/heinesen.fo\/index.php\/wp-json\/wp\/v2\/users\/1"}],"replies":[{"embeddable":true,"href":"https:\/\/heinesen.fo\/index.php\/wp-json\/wp\/v2\/comments?post=1899"}],"version-history":[{"count":30,"href":"https:\/\/heinesen.fo\/index.php\/wp-json\/wp\/v2\/pages\/1899\/revisions"}],"predecessor-version":[{"id":3767,"href":"https:\/\/heinesen.fo\/index.php\/wp-json\/wp\/v2\/pages\/1899\/revisions\/3767"}],"wp:featuredmedia":[{"embeddable":true,"href":"https:\/\/heinesen.fo\/index.php\/wp-json\/wp\/v2\/media\/1242"}],"wp:attachment":[{"href":"https:\/\/heinesen.fo\/index.php\/wp-json\/wp\/v2\/media?parent=1899"}],"curies":[{"name":"wp","href":"https:\/\/api.w.org\/{rel}","templated":true}]}}