{"id":1901,"date":"2023-08-28T19:03:41","date_gmt":"2023-08-28T18:03:41","guid":{"rendered":"https:\/\/heinesen.fo\/index.php\/buy-elin-brimheim-heinesens-albums\/"},"modified":"2023-12-04T16:34:15","modified_gmt":"2023-12-04T16:34:15","slug":"keyp-tonleik","status":"publish","type":"page","link":"https:\/\/heinesen.fo\/index.php\/keyp-tonleik\/","title":{"rendered":"KEYP T\u00d3NLEIK"},"content":{"rendered":"<h3>B\u00cdLEGGINGARSE\u00d0IL<\/h3>\n<style id=\"wpforms-css-vars-2878\">\n\t\t\t\t#wpforms-2878 {\n\t\t\t\t\n\t\t\t}\n\t\t\t<\/style><div class=\"wpforms-container wpforms-container-full wpforms-render-modern\" id=\"wpforms-2878\"><form id=\"wpforms-form-2878\" class=\"wpforms-validate wpforms-form wpforms-ajax-form\" data-formid=\"2878\" method=\"post\" enctype=\"multipart\/form-data\" action=\"\/index.php\/wp-json\/wp\/v2\/pages\/1901\" data-token=\"748527a1893b3efaf8112d7b24f48f50\" data-token-time=\"1777467662\"><noscript class=\"wpforms-error-noscript\">Please enable JavaScript in your browser to complete this form.<\/noscript><div id=\"wpforms-error-noscript\" style=\"display: none;\">Please enable JavaScript in your browser to complete this form.<\/div><div class=\"wpforms-field-container\"><div id=\"wpforms-2878-field_0-container\" class=\"wpforms-field wpforms-field-name\" data-field-id=\"0\"><fieldset><legend class=\"wpforms-field-label\">Navn <span class=\"wpforms-required-label\" aria-hidden=\"true\">*<\/span><\/legend><div class=\"wpforms-field-row wpforms-field-medium\"><div class=\"wpforms-field-row-block wpforms-first wpforms-one-half\"><input type=\"text\" id=\"wpforms-2878-field_0\" class=\"wpforms-field-name-first wpforms-field-required\" name=\"wpforms[fields][0][first]\" value=\"Navn\" aria-errormessage=\"wpforms-2878-field_0-error\" required><label for=\"wpforms-2878-field_0\" class=\"wpforms-field-sublabel after\">First<\/label><\/div><div class=\"wpforms-field-row-block wpforms-one-half\"><input type=\"text\" id=\"wpforms-2878-field_0-last\" class=\"wpforms-field-name-last wpforms-field-required\" name=\"wpforms[fields][0][last]\" value=\"Eftirnavn\" aria-errormessage=\"wpforms-2878-field_0-last-error\" required><label for=\"wpforms-2878-field_0-last\" class=\"wpforms-field-sublabel after\">Last<\/label><\/div><\/div><\/fieldset><\/div><div id=\"wpforms-2878-field_1-container\" class=\"wpforms-field wpforms-field-email\" data-field-id=\"1\"><fieldset><legend class=\"wpforms-field-label\">Teldupostur <span class=\"wpforms-required-label\" aria-hidden=\"true\">*<\/span><\/legend><div class=\"wpforms-field-row wpforms-field-medium\"><div class=\"wpforms-field-row-block wpforms-one-half wpforms-first\"><input type=\"email\" id=\"wpforms-2878-field_1\" class=\"wpforms-field-required wpforms-field-email-primary\" name=\"wpforms[fields][1][primary]\" placeholder=\"Teldupostur\" spellcheck=\"false\" aria-errormessage=\"wpforms-2878-field_1-error\" aria-describedby=\"wpforms-2878-field_1-description\" required><label for=\"wpforms-2878-field_1\" class=\"wpforms-field-sublabel after\">Email<\/label><\/div><div class=\"wpforms-field-row-block wpforms-one-half\"><input type=\"email\" id=\"wpforms-2878-field_1-secondary\" class=\"wpforms-field-email-secondary wpforms-field-required\" data-rule-confirm=\"#wpforms-2878-field_1\" name=\"wpforms[fields][1][secondary]\" placeholder=\"V\u00e1tta teldupostaddressu\" spellcheck=\"false\" aria-errormessage=\"wpforms-2878-field_1-secondary-error\" aria-describedby=\"wpforms-2878-field_1-description\" required><label for=\"wpforms-2878-field_1-secondary\" class=\"wpforms-field-sublabel after\">Confirm Email<\/label><\/div><\/div><div id=\"wpforms-2878-field_1-description\" class=\"wpforms-field-description\">Vinaliga skriva r\u00e6tta teldupostadressu vi\u00f0 at t\u00f8ppa hana inn tv\u00e6r fer\u00f0ir.<\/div><\/fieldset><\/div><div id=\"wpforms-2878-field_2-container\" class=\"wpforms-field wpforms-field-textarea\" data-field-id=\"2\"><label class=\"wpforms-field-label\" for=\"wpforms-2878-field_2\">B\u00fasta\u00f0ur <span class=\"wpforms-required-label\" aria-hidden=\"true\">*<\/span><\/label><textarea id=\"wpforms-2878-field_2\" class=\"wpforms-field-medium wpforms-field-required\" name=\"wpforms[fields][2]\" placeholder=\"G\u00f8ta; B\u00fdur\/bygd; Postnummar; Land\" aria-errormessage=\"wpforms-2878-field_2-error\" aria-describedby=\"wpforms-2878-field_2-description\" required><\/textarea><div id=\"wpforms-2878-field_2-description\" class=\"wpforms-field-description\">Vinaliga skriva t\u00edna postadressu her omanfyri.<\/div><\/div><div id=\"wpforms-2878-field_5-container\" class=\"wpforms-field wpforms-field-checkbox wpforms-list-2-columns\" data-field-id=\"5\"><fieldset><legend class=\"wpforms-field-label\">Avkrossingarteigur <span class=\"wpforms-required-label\" aria-hidden=\"true\">*<\/span><\/legend><ul id=\"wpforms-2878-field_5\" class=\"wpforms-field-required wpforms-image-choices wpforms-image-choices-classic\"><li class=\"choice-3 depth-1 wpforms-image-choices-item\"><label class=\"wpforms-field-label-inline\" for=\"wpforms-2878-field_5_3\" tabindex=\"0\"><span class=\"wpforms-image-choices-image\"><img decoding=\"async\" src=\"http:\/\/heinesen.fo\/wp-content\/uploads\/2023\/09\/Eitt-dypi-husi-1684x1684-1.jpg\" alt=\"B\u00cdLEGG CD \/ LP FRAMMANUNDAN: &lt;br&gt;&lt;b&gt;Eitt d\u00fdpi av d\u00fdrari t\u00ed\u00f0 &lt;\/b&gt;&lt;br&gt; (A Chasm of Precious Time) &lt;br&gt;(2 x 6 skeringar, \u00fatg\u00e1va \u00ed 2023) &lt;br&gt;&lt;b&gt;Pr\u00edsur fyri CD:&lt;\/b&gt;&lt;br&gt; 103,00 kr u\/MVG, &lt;br&gt; 128,75 kr v\/MVG  &lt;br&gt;+ postgjald. &lt;br&gt;&lt;b&gt;Pr\u00edsur fyri LP:&lt;\/b&gt;&lt;br&gt; 199,00 kr u\/MVG, &lt;br&gt; 248,75 kr v\/MVG &lt;br&gt;+ postgjald.\" title=\"B\u00cdLEGG CD \/ LP FRAMMANUNDAN: &lt;br&gt;&lt;b&gt;Eitt d\u00fdpi av d\u00fdrari t\u00ed\u00f0 &lt;\/b&gt;&lt;br&gt; (A Chasm of Precious Time) &lt;br&gt;(2 x 6 skeringar, \u00fatg\u00e1va \u00ed 2023) &lt;br&gt;&lt;b&gt;Pr\u00edsur fyri CD:&lt;\/b&gt;&lt;br&gt; 103,00 kr u\/MVG, &lt;br&gt; 128,75 kr v\/MVG  &lt;br&gt;+ postgjald. &lt;br&gt;&lt;b&gt;Pr\u00edsur fyri LP:&lt;\/b&gt;&lt;br&gt; 199,00 kr u\/MVG, &lt;br&gt; 248,75 kr v\/MVG &lt;br&gt;+ postgjald.\"><\/span><input type=\"checkbox\" id=\"wpforms-2878-field_5_3\" class=\"wpforms-screen-reader-element\" name=\"wpforms[fields][5][]\" value=\"B\u00cdLEGG CD \/ LP FRAMMANUNDAN: &lt;br&gt;&lt;b&gt;Eitt d\u00fdpi av d\u00fdrari t\u00ed\u00f0 &lt;\/b&gt;&lt;br&gt; (A Chasm of Precious Time) &lt;br&gt;(2 x 6 skeringar, \u00fatg\u00e1va \u00ed 2023) &lt;br&gt;&lt;b&gt;Pr\u00edsur fyri CD:&lt;\/b&gt;&lt;br&gt; 103,00 kr u\/MVG, &lt;br&gt; 128,75 kr v\/MVG  &lt;br&gt;+ postgjald. &lt;br&gt;&lt;b&gt;Pr\u00edsur fyri LP:&lt;\/b&gt;&lt;br&gt; 199,00 kr u\/MVG, &lt;br&gt; 248,75 kr v\/MVG &lt;br&gt;+ postgjald.\" aria-errormessage=\"wpforms-2878-field_5_3-error\" aria-describedby=\"wpforms-2878-field_5-description\" tabindex=\"-1\" required ><span class=\"wpforms-image-choices-label\">B\u00cdLEGG CD \/ LP FRAMMANUNDAN: <br><b>Eitt d\u00fdpi av d\u00fdrari t\u00ed\u00f0 <\/b><br> (A Chasm of Precious Time) <br>(2 x 6 skeringar, \u00fatg\u00e1va \u00ed 2023) <br><b>Pr\u00edsur fyri CD:<\/b><br> 103,00 kr u\/MVG, <br> 128,75 kr v\/MVG  <br>+ postgjald. <br><b>Pr\u00edsur fyri LP:<\/b><br> 199,00 kr u\/MVG, <br> 248,75 kr v\/MVG <br>+ postgjald.<\/span><\/label><\/li><li class=\"choice-2 depth-1 wpforms-image-choices-item\"><label class=\"wpforms-field-label-inline\" for=\"wpforms-2878-field_5_2\" tabindex=\"0\"><span class=\"wpforms-image-choices-image\"><img decoding=\"async\" src=\"http:\/\/heinesen.fo\/wp-content\/uploads\/2023\/08\/03-Landid-Handan-Stjoernurnar-m4a-image.jpg\" alt=\"B\u00cdLEGG CD:&lt;br&gt;&lt;b&gt;Handan Stj\u00f8rnurnar&lt;\/b&gt;&lt;br&gt; (12 skeringar, \u00fatg\u00e1va \u00ed 2018). &lt;br&gt;&lt;b&gt;Pr\u00edsur fyri CD:&lt;\/b&gt;&lt;br&gt; 95,00 kr u\/MVG, &lt;br&gt;118,75 kr v\/MVG &lt;br&gt;+ postgjald.\" title=\"B\u00cdLEGG CD:&lt;br&gt;&lt;b&gt;Handan Stj\u00f8rnurnar&lt;\/b&gt;&lt;br&gt; (12 skeringar, \u00fatg\u00e1va \u00ed 2018). &lt;br&gt;&lt;b&gt;Pr\u00edsur fyri CD:&lt;\/b&gt;&lt;br&gt; 95,00 kr u\/MVG, &lt;br&gt;118,75 kr v\/MVG &lt;br&gt;+ postgjald.\"><\/span><input type=\"checkbox\" id=\"wpforms-2878-field_5_2\" class=\"wpforms-screen-reader-element\" name=\"wpforms[fields][5][]\" value=\"B\u00cdLEGG CD:&lt;br&gt;&lt;b&gt;Handan Stj\u00f8rnurnar&lt;\/b&gt;&lt;br&gt; (12 skeringar, \u00fatg\u00e1va \u00ed 2018). &lt;br&gt;&lt;b&gt;Pr\u00edsur fyri CD:&lt;\/b&gt;&lt;br&gt; 95,00 kr u\/MVG, &lt;br&gt;118,75 kr v\/MVG &lt;br&gt;+ postgjald.\" aria-errormessage=\"wpforms-2878-field_5_2-error\" aria-describedby=\"wpforms-2878-field_5-description\" tabindex=\"-1\" required ><span class=\"wpforms-image-choices-label\">B\u00cdLEGG CD:<br><b>Handan Stj\u00f8rnurnar<\/b><br> (12 skeringar, \u00fatg\u00e1va \u00ed 2018). <br><b>Pr\u00edsur fyri CD:<\/b><br> 95,00 kr u\/MVG, <br>118,75 kr v\/MVG <br>+ postgjald.<\/span><\/label><\/li><li class=\"choice-1 depth-1 wpforms-image-choices-item\"><label class=\"wpforms-field-label-inline\" for=\"wpforms-2878-field_5_1\" tabindex=\"0\"><span class=\"wpforms-image-choices-image\"><img decoding=\"async\" src=\"http:\/\/heinesen.fo\/wp-content\/uploads\/2023\/09\/Yndislog-husi_1400x1400.jpeg\" alt=\"B\u00cdLEGG CD: &lt;br&gt;&lt;b&gt;Yndisl\u00f8g - ein fer\u00f0 aftur \u00ed farnar t\u00ed\u00f0ir&lt;\/b&gt; &lt;br&gt;(Treasured Songs  - A Trip Down Memory Lane) &lt;br&gt; (15 skeringar, \u00fatg\u00e1va \u00ed 2010). &lt;br&gt; &lt;b&gt;Pr\u00edsur fyri CD:&lt;\/b&gt;&lt;br&gt;79,00 kr u\/MVG,&lt;br&gt;98,75 kr v\/MVG &lt;br&gt;+ postgjald.\" title=\"B\u00cdLEGG CD: &lt;br&gt;&lt;b&gt;Yndisl\u00f8g - ein fer\u00f0 aftur \u00ed farnar t\u00ed\u00f0ir&lt;\/b&gt; &lt;br&gt;(Treasured Songs  - A Trip Down Memory Lane) &lt;br&gt; (15 skeringar, \u00fatg\u00e1va \u00ed 2010). &lt;br&gt; &lt;b&gt;Pr\u00edsur fyri CD:&lt;\/b&gt;&lt;br&gt;79,00 kr u\/MVG,&lt;br&gt;98,75 kr v\/MVG &lt;br&gt;+ postgjald.\"><\/span><input type=\"checkbox\" id=\"wpforms-2878-field_5_1\" class=\"wpforms-screen-reader-element\" name=\"wpforms[fields][5][]\" value=\"B\u00cdLEGG CD: &lt;br&gt;&lt;b&gt;Yndisl\u00f8g - ein fer\u00f0 aftur \u00ed farnar t\u00ed\u00f0ir&lt;\/b&gt; &lt;br&gt;(Treasured Songs  - A Trip Down Memory Lane) &lt;br&gt; (15 skeringar, \u00fatg\u00e1va \u00ed 2010). &lt;br&gt; &lt;b&gt;Pr\u00edsur fyri CD:&lt;\/b&gt;&lt;br&gt;79,00 kr u\/MVG,&lt;br&gt;98,75 kr v\/MVG &lt;br&gt;+ postgjald.\" aria-errormessage=\"wpforms-2878-field_5_1-error\" aria-describedby=\"wpforms-2878-field_5-description\" tabindex=\"-1\" required ><span class=\"wpforms-image-choices-label\">B\u00cdLEGG CD: <br><b>Yndisl\u00f8g - ein fer\u00f0 aftur \u00ed farnar t\u00ed\u00f0ir<\/b> <br>(Treasured Songs  - A Trip Down Memory Lane) <br> (15 skeringar, \u00fatg\u00e1va \u00ed 2010). <br> <b>Pr\u00edsur fyri CD:<\/b><br>79,00 kr u\/MVG,<br>98,75 kr v\/MVG <br>+ postgjald.<\/span><\/label><\/li><li class=\"choice-4 depth-1 wpforms-image-choices-item\"><label class=\"wpforms-field-label-inline\" for=\"wpforms-2878-field_5_4\" tabindex=\"0\"><span class=\"wpforms-image-choices-image\"><img decoding=\"async\" src=\"http:\/\/heinesen.fo\/wp-content\/uploads\/2023\/08\/Elin-Kari-Nalja-HJF051.png\" alt=\"B\u00cdLEGG CD: &lt;br&gt;&lt;b&gt;NALJA&lt;\/b&gt; &lt;br&gt;Elin &amp; K\u00e1ri &lt;br&gt; (10 skeringar, \u00fatg\u00e1va \u00ed 1998). &lt;br&gt; &lt;b&gt;Pr\u00edsur fyri CD:&lt;\/b&gt;&lt;br&gt;79,00 kr u\/MVG,&lt;br&gt; 98,75 kr v\/MVG&lt;br&gt; + postgjald.\" title=\"B\u00cdLEGG CD: &lt;br&gt;&lt;b&gt;NALJA&lt;\/b&gt; &lt;br&gt;Elin &amp; K\u00e1ri &lt;br&gt; (10 skeringar, \u00fatg\u00e1va \u00ed 1998). &lt;br&gt; &lt;b&gt;Pr\u00edsur fyri CD:&lt;\/b&gt;&lt;br&gt;79,00 kr u\/MVG,&lt;br&gt; 98,75 kr v\/MVG&lt;br&gt; + postgjald.\"><\/span><input type=\"checkbox\" id=\"wpforms-2878-field_5_4\" class=\"wpforms-screen-reader-element\" name=\"wpforms[fields][5][]\" value=\"B\u00cdLEGG CD: &lt;br&gt;&lt;b&gt;NALJA&lt;\/b&gt; &lt;br&gt;Elin &amp; K\u00e1ri &lt;br&gt; (10 skeringar, \u00fatg\u00e1va \u00ed 1998). &lt;br&gt; &lt;b&gt;Pr\u00edsur fyri CD:&lt;\/b&gt;&lt;br&gt;79,00 kr u\/MVG,&lt;br&gt; 98,75 kr v\/MVG&lt;br&gt; + postgjald.\" aria-errormessage=\"wpforms-2878-field_5_4-error\" aria-describedby=\"wpforms-2878-field_5-description\" tabindex=\"-1\" required ><span class=\"wpforms-image-choices-label\">B\u00cdLEGG CD: <br><b>NALJA<\/b> <br>Elin &amp; K\u00e1ri <br> (10 skeringar, \u00fatg\u00e1va \u00ed 1998). <br> <b>Pr\u00edsur fyri CD:<\/b><br>79,00 kr u\/MVG,<br> 98,75 kr v\/MVG<br> + postgjald.<\/span><\/label><\/li><\/ul><div id=\"wpforms-2878-field_5-description\" class=\"wpforms-field-description\">GEV G\u00c6TUR! <br>Fyri at keypa eina ella fleiri av \u00fatg\u00e1vunum hj\u00e1 Elini Brimheim Heinesen: <\/br>\r\n1. Tr\u00fdst \u00e1 \u00fatg\u00e1vuna omanfyri, sum t\u00fa vilt b\u00edleggja. <\/br>\r\nGEV G\u00c6TUR! T\u00fa kanst b\u00edleggja komandi \u00fatg\u00e1vuna hj\u00e1 Elini \"Eitt d\u00fdpi av d\u00fdrari  t\u00ed\u00f0 \/ A Chasm of Precious Time\", sum ver\u00f0ur \u00fatgivin seinni \u00ed 2023. <\/br> \r\n2. T\u00f8ppa s\u00ed\u00f0ani, hvussu n\u00f3gvar av hv\u00f8rjari, t\u00fa vilt keypa, \u00ed teiginum her ni\u00f0ri undir. Vinaliga minst til at skriva, um t\u00fa ynskir fl\u00f8gur (CD) ella vinylpl\u00e1tur (LP).\r\n<\/div><\/fieldset><\/div><div id=\"wpforms-2878-field_6-container\" class=\"wpforms-field wpforms-field-textarea\" data-field-id=\"6\"><label class=\"wpforms-field-label\" for=\"wpforms-2878-field_6\">Tal av v\u00f8rum <span class=\"wpforms-required-label\" aria-hidden=\"true\">*<\/span><\/label><textarea id=\"wpforms-2878-field_6\" class=\"wpforms-field-small wpforms-field-required\" name=\"wpforms[fields][6]\" placeholder=\"Skriva her, hvussu n\u00f3gv eint\u00f8k av hv\u00f8rjari \u00fatg\u00e1vu, t\u00fa vilt keypa, og hvat slag - d\u00f8mi: 1 LP Eitt d\u00fdpi av d\u00fdrari t\u00ed\u00f0\" aria-errormessage=\"wpforms-2878-field_6-error\" aria-describedby=\"wpforms-2878-field_6-description\" required><\/textarea><div id=\"wpforms-2878-field_6-description\" class=\"wpforms-field-description\">1. T\u00e1 vit f\u00e1a t\u00edna b\u00edlegging, f\u00e6rt t\u00fa ein teldupost, sum v\u00e1ttar, at t\u00edn b\u00edlegging er skr\u00e1sett. <\/br>\r\n2. \u00cd teldupostinum vi\u00f0 v\u00e1ttanini ver\u00f0ur kunning um gjaldstreytirnar. <\/br>\r\n3. Vinaliga flyt r\u00f8ttu upph\u00e6ddina til ta bankakontuna, sum kunna\u00f0 er um \u00ed j\u00e1ttandi svarinum.\r\n<\/br>\r\n4. T\u00e1 t\u00edn flyting er gj\u00f8rd og skr\u00e1sett, ver\u00f0ur b\u00edlagda v\u00f8ran send til t\u00edn beinanvegin.<\/div><\/div><\/div><!-- .wpforms-field-container --><div class=\"wpforms-submit-container\" ><input type=\"hidden\" name=\"wpforms[id]\" value=\"2878\"><input type=\"hidden\" name=\"page_title\" value=\"\"><input type=\"hidden\" name=\"page_url\" value=\"https:\/\/heinesen.fo\/index.php\/wp-json\/wp\/v2\/pages\/1901\"><input type=\"hidden\" name=\"url_referer\" value=\"\"><button type=\"submit\" name=\"wpforms[submit]\" id=\"wpforms-submit-2878\" class=\"wpforms-submit\" data-alt-text=\"Sending...\" data-submit-text=\"Submit\" aria-live=\"assertive\" value=\"wpforms-submit\">Submit<\/button><img loading=\"lazy\" decoding=\"async\" src=\"https:\/\/heinesen.fo\/wp-content\/plugins\/wpforms-lite\/assets\/images\/submit-spin.svg\" class=\"wpforms-submit-spinner\" style=\"display: none;\" width=\"26\" height=\"26\" alt=\"Loading\"><\/div><\/form><\/div>  <!-- .wpforms-container -->\n","protected":false},"excerpt":{"rendered":"<p>B\u00cdLEGGINGARSE\u00d0IL<\/p>\n","protected":false},"author":1,"featured_media":1719,"parent":0,"menu_order":0,"comment_status":"closed","ping_status":"closed","template":"","meta":{"footnotes":""},"class_list":["post-1901","page","type-page","status-publish","format-standard","has-post-thumbnail","hentry"],"_links":{"self":[{"href":"https:\/\/heinesen.fo\/index.php\/wp-json\/wp\/v2\/pages\/1901","targetHints":{"allow":["GET"]}}],"collection":[{"href":"https:\/\/heinesen.fo\/index.php\/wp-json\/wp\/v2\/pages"}],"about":[{"href":"https:\/\/heinesen.fo\/index.php\/wp-json\/wp\/v2\/types\/page"}],"author":[{"embeddable":true,"href":"https:\/\/heinesen.fo\/index.php\/wp-json\/wp\/v2\/users\/1"}],"replies":[{"embeddable":true,"href":"https:\/\/heinesen.fo\/index.php\/wp-json\/wp\/v2\/comments?post=1901"}],"version-history":[{"count":3,"href":"https:\/\/heinesen.fo\/index.php\/wp-json\/wp\/v2\/pages\/1901\/revisions"}],"predecessor-version":[{"id":3536,"href":"https:\/\/heinesen.fo\/index.php\/wp-json\/wp\/v2\/pages\/1901\/revisions\/3536"}],"wp:featuredmedia":[{"embeddable":true,"href":"https:\/\/heinesen.fo\/index.php\/wp-json\/wp\/v2\/media\/1719"}],"wp:attachment":[{"href":"https:\/\/heinesen.fo\/index.php\/wp-json\/wp\/v2\/media?parent=1901"}],"curies":[{"name":"wp","href":"https:\/\/api.w.org\/{rel}","templated":true}]}}