{"id":1937,"date":"2023-08-25T13:26:02","date_gmt":"2023-08-25T12:26:02","guid":{"rendered":"https:\/\/heinesen.fo\/index.php\/videos\/"},"modified":"2023-11-05T21:19:20","modified_gmt":"2023-11-05T21:19:20","slug":"sjonbond","status":"publish","type":"page","link":"https:\/\/heinesen.fo\/index.php\/utgivin-tonleikur\/sjonbond\/","title":{"rendered":"SJ\u00d3NBOND"},"content":{"rendered":"<h3><strong>SJ\u00d3NBANDAL\u00d8G OG FRAMF\u00d8RSLUR \u00c1 SJ\u00d3NBANDI<\/strong><\/h3>\n<p><strong>Innihaldsyvirlit:<\/strong><\/p>\n<p>\u2013 <a href=\"#Soleyan\">Sj\u00f3nbandalag: \u201cS\u00f3leyan l\u00fdsir um fl\u00f8tur\u201d (Buttercups Light Up The Meadows) \u00e1 f\u00f8royskum (2021)<\/a><br \/>\n\u2013 <a href=\"#Buttercups\">Sj\u00f3nbandalag: \u201cS\u00f3leyan l\u00fdsir um fl\u00f8tur\u201d (Buttercups Light Up The Meadows) \u00e1 enskum (2021)<\/a><br \/>\n\u2013 <a href=\"#Tuvart\">Tekstsj\u00f3nbandalag: \u201cT\u00fa vart alt\u00ed\u00f0 har (You Were Always There) from the album \u201cHandan stj\u00f8rnurnar\u201d (Beyond The Stars) (2018)<\/a><br \/>\n\u2013 <a href=\"#Soeti\">Tekstsj\u00f3nbandalag: \u201cS\u00f8ti m\u00edn\u201d (My Baby) from the album \u201cHandan stj\u00f8rnurnar\u201d (Beyond The Stars) (2018)<\/a><br \/>\n\u2013 <a href=\"#Lisa\">Live framf\u00f8rsla vi\u00f0 Elin Brimheim Heinesen Trio av lagnum \u201cLisas sang til K\u00e5re\u201d vi\u00f0 or\u00f0 og lag eftir Lisbeth Nebelong<\/a><br \/>\n\u2013 <a href=\"#Dypi\">Pr\u00edsvinnandi sj\u00f3nband: \u201cEitt d\u00fdpi av d\u00fdrari t\u00ed\u00f0\u201d (A Chasm Of Precious Time) vi\u00f0 enskum teksti (2008)<\/a><br \/>\n\u2013 <a href=\"#Dypilive\">Live framf\u00f8rsla av \u201cEitt d\u00fdpi av d\u00fdrari t\u00ed\u00f0\u201d (2008)<\/a><br \/>\n\u2013 <a href=\"#Geralog\">Sj\u00f3nbanda\u00f0 samr\u00f8\u00f0a um at gera l\u00f8g (2008)<\/a><br \/>\n\u2013 <a href=\"#Atanndeiliga\">Sj\u00f3nbandalag: St\u00f8rsta hitti\u00f0 fr\u00e1 NALJA-d\u00f8gunum: \u201c\u00c1, tann deiliga Havn\u201d (1988)<\/a><\/p>\n<p id=\"Soleyan\"><strong>Sj\u00f3nbandalag: \u201cS\u00f3leyan l\u00fdsir um fl\u00f8tur\u201d (Buttercups Light Up The Meadows) \u00e1 f\u00f8royskum (2021):<\/strong><\/p>\n<p><iframe loading=\"lazy\" title=\"YouTube video player\" src=\"https:\/\/www.youtube.com\/embed\/KHFIqjqT4Gg\" width=\"700\" height=\"450\" frameborder=\"0\" allowfullscreen=\"allowfullscreen\" data-mce-fragment=\"1\"><\/iframe><\/p>\n<p id=\"Buttercups\"><strong>Sj\u00f3nbandalag: \u201cS\u00f3leyan l\u00fdsir um fl\u00f8tur\u201d (Buttercups Light Up The Meadows) \u00e1 enskum (2021):<\/strong><\/p>\n<p><iframe loading=\"lazy\" title=\"YouTube video player\" src=\"https:\/\/www.youtube.com\/embed\/8RDofwQg284\" width=\"700\" height=\"450\" frameborder=\"0\" allowfullscreen=\"allowfullscreen\" data-mce-fragment=\"1\"><\/iframe><\/p>\n<p id=\"Tuvart\"><strong>Tekstsj\u00f3nbandalag: \u201cT\u00fa vart alt\u00ed\u00f0 har (You Were Always There) from the album \u201cHandan stj\u00f8rnurnar\u201d (Beyond The Stars) (2018):<\/strong><\/p>\n<p><iframe loading=\"lazy\" title=\"YouTube video player\" src=\"https:\/\/www.youtube.com\/embed\/ijo2GVo_ZbA\" width=\"700\" height=\"450\" frameborder=\"0\" allowfullscreen=\"allowfullscreen\" data-mce-fragment=\"1\"><\/iframe><\/p>\n<p id=\"Soeti\"><strong>Tekstsj\u00f3nbandalag: \u201cS\u00f8ti m\u00edn\u201d (My Baby) from the album \u201cHandan stj\u00f8rnurnar\u201d (Beyond The Stars) (2018):<\/strong><\/p>\n<p><iframe loading=\"lazy\" title=\"YouTube video player\" src=\"https:\/\/www.youtube.com\/embed\/-A-XR5ZjGrU\" width=\"700\" height=\"450\" frameborder=\"0\" allowfullscreen=\"allowfullscreen\" data-mce-fragment=\"1\"><\/iframe><\/p>\n<p id=\"Lisa\"><strong>Live framf\u00f8rsla vi\u00f0 Elin Brimheim Heinesen Trio av lagnum \u201cLisas sang til K\u00e5re\u201d vi\u00f0 or\u00f0 og lag eftir Lisbeth Nebelong:<\/strong><\/p>\n<p><iframe loading=\"lazy\" title=\"YouTube video player\" src=\"https:\/\/www.youtube.com\/embed\/bOIQgxlBkus\" width=\"700\" height=\"450\" frameborder=\"0\" allowfullscreen=\"allowfullscreen\" data-mce-fragment=\"1\"><\/iframe><\/p>\n<p id=\"Dypi\"><strong>Pr\u00edsvinnandi sj\u00f3nband: \u201cEitt d\u00fdpi av d\u00fdrari t\u00ed\u00f0\u201d (A Chasm Of Precious Time) vi\u00f0 enskum teksti (2008):<\/strong><\/p>\n<p><iframe loading=\"lazy\" title=\"YouTube video player\" src=\"https:\/\/www.youtube.com\/embed\/Nd-vBF2-mIo\" width=\"700\" height=\"450\" frameborder=\"0\" allowfullscreen=\"allowfullscreen\" data-mce-fragment=\"1\"><\/iframe><\/p>\n<p id=\"Dypilive\"><strong>Live framf\u00f8rsla av \u201cEitt d\u00fdpi av d\u00fdrari t\u00ed\u00f0\u201d (2008):<\/strong><\/p>\n<p><iframe loading=\"lazy\" title=\"YouTube video player\" src=\"https:\/\/www.youtube.com\/embed\/lZGfI3_hLhg?si=VjY5dv3_0D61kDLV&amp;start=36\" width=\"700\" height=\"450\" frameborder=\"0\" allowfullscreen=\"allowfullscreen\"><\/iframe><\/p>\n<p id=\"Geralog\"><strong>Sj\u00f3nbanda\u00f0 samr\u00f8\u00f0a um at gera l\u00f8g (2008):<\/strong><\/p>\n<p><iframe loading=\"lazy\" title=\"YouTube video player\" src=\"https:\/\/www.youtube.com\/embed\/jFNHfIB4AHE?si=VIDoRmTUO_s0M-uI\" width=\"700\" height=\"450\" frameborder=\"0\" allowfullscreen=\"allowfullscreen\"><\/iframe><\/p>\n<p id=\"Atanndeiliga\"><strong>Sj\u00f3nbandalag: St\u00f8rsta hitti\u00f0 fr\u00e1 NALJA-d\u00f8gunum: \u201c\u00c1, tann deiliga Havn\u201d (1988):<\/strong><\/p>\n<p><iframe loading=\"lazy\" title=\"YouTube video player\" src=\"https:\/\/www.youtube.com\/embed\/0-Cdyo7AKuU?si=jh4RfGdCrSAfzLxs&amp;start=36\" width=\"700\" height=\"450\" frameborder=\"0\" allowfullscreen=\"allowfullscreen\"><\/iframe><\/p>\n","protected":false},"excerpt":{"rendered":"<p>SJ\u00d3NBANDAL\u00d8G OG FRAMF\u00d8RSLUR \u00c1 SJ\u00d3NBANDI Innihaldsyvirlit: \u2013 Sj\u00f3nbandalag: \u201cS\u00f3leyan l\u00fdsir um fl\u00f8tur\u201d (Buttercups Light Up The Meadows) \u00e1 f\u00f8royskum (2021) \u2013 Sj\u00f3nbandalag: \u201cS\u00f3leyan l\u00fdsir um fl\u00f8tur\u201d (Buttercups Light Up The Meadows) \u00e1 enskum (2021) \u2013 Tekstsj\u00f3nbandalag: \u201cT\u00fa vart alt\u00ed\u00f0 har (You Were Always There) from the album \u201cHandan stj\u00f8rnurnar\u201d (Beyond The Stars) (2018) \u2013 Tekstsj\u00f3nbandalag:&hellip;<\/p>\n","protected":false},"author":1,"featured_media":1767,"parent":1929,"menu_order":5,"comment_status":"closed","ping_status":"closed","template":"","meta":{"footnotes":""},"class_list":["post-1937","page","type-page","status-publish","format-standard","has-post-thumbnail","hentry"],"_links":{"self":[{"href":"https:\/\/heinesen.fo\/index.php\/wp-json\/wp\/v2\/pages\/1937","targetHints":{"allow":["GET"]}}],"collection":[{"href":"https:\/\/heinesen.fo\/index.php\/wp-json\/wp\/v2\/pages"}],"about":[{"href":"https:\/\/heinesen.fo\/index.php\/wp-json\/wp\/v2\/types\/page"}],"author":[{"embeddable":true,"href":"https:\/\/heinesen.fo\/index.php\/wp-json\/wp\/v2\/users\/1"}],"replies":[{"embeddable":true,"href":"https:\/\/heinesen.fo\/index.php\/wp-json\/wp\/v2\/comments?post=1937"}],"version-history":[{"count":4,"href":"https:\/\/heinesen.fo\/index.php\/wp-json\/wp\/v2\/pages\/1937\/revisions"}],"predecessor-version":[{"id":2840,"href":"https:\/\/heinesen.fo\/index.php\/wp-json\/wp\/v2\/pages\/1937\/revisions\/2840"}],"up":[{"embeddable":true,"href":"https:\/\/heinesen.fo\/index.php\/wp-json\/wp\/v2\/pages\/1929"}],"wp:featuredmedia":[{"embeddable":true,"href":"https:\/\/heinesen.fo\/index.php\/wp-json\/wp\/v2\/media\/1767"}],"wp:attachment":[{"href":"https:\/\/heinesen.fo\/index.php\/wp-json\/wp\/v2\/media?parent=1937"}],"curies":[{"name":"wp","href":"https:\/\/api.w.org\/{rel}","templated":true}]}}