{"id":3940,"date":"2024-09-20T17:06:08","date_gmt":"2024-09-20T16:06:08","guid":{"rendered":"https:\/\/heinesen.fo\/?page_id=3940"},"modified":"2024-09-22T22:11:29","modified_gmt":"2024-09-22T21:11:29","slug":"stadseting","status":"publish","type":"page","link":"https:\/\/heinesen.fo\/index.php\/fljod-konsertir\/stadseting\/","title":{"rendered":"STA\u00d0SETING"},"content":{"rendered":"<p><strong><em>Hvar fara F\u2019LJ\u00d3\u00d0 KV\u00d8LDSETUR fram?<\/em> <\/strong><\/p>\n<p>F\u2019LJ\u00d3\u00d0 KV\u00d8LDSETUR fara fram \u00ed Magnus Heinasonar g\u00f8tu 8, t\u00e6tt vi\u00f0 V\u00e1gsbotn og Vestaru V\u00e1g.<\/p>\n<p>Her er eitt kort av Havnini, sum v\u00edsir n\u00f8kurlunda sta\u00f0setingina, merkt &#8220;<strong><span style=\"color: #ff0000;\">MY HOME<\/span><\/strong>&#8220;:<\/p>\n<p><img loading=\"lazy\" decoding=\"async\" class=\"alignnone size-nord-full-width wp-image-3668\" src=\"https:\/\/heinesen.fo\/wp-content\/uploads\/2024\/04\/Map-of-Torshavn-with-FLJOD-location-1300x1378.jpg\" alt=\"\" width=\"1200\" height=\"1272\" srcset=\"https:\/\/heinesen.fo\/wp-content\/uploads\/2024\/04\/Map-of-Torshavn-with-FLJOD-location-1300x1378.jpg 1300w, https:\/\/heinesen.fo\/wp-content\/uploads\/2024\/04\/Map-of-Torshavn-with-FLJOD-location-283x300.jpg 283w, https:\/\/heinesen.fo\/wp-content\/uploads\/2024\/04\/Map-of-Torshavn-with-FLJOD-location-966x1024.jpg 966w, https:\/\/heinesen.fo\/wp-content\/uploads\/2024\/04\/Map-of-Torshavn-with-FLJOD-location-768x814.jpg 768w, https:\/\/heinesen.fo\/wp-content\/uploads\/2024\/04\/Map-of-Torshavn-with-FLJOD-location-1449x1536.jpg 1449w, https:\/\/heinesen.fo\/wp-content\/uploads\/2024\/04\/Map-of-Torshavn-with-FLJOD-location-1932x2048.jpg 1932w, https:\/\/heinesen.fo\/wp-content\/uploads\/2024\/04\/Map-of-Torshavn-with-FLJOD-location.jpg 1998w\" sizes=\"auto, (max-width: 1200px) 100vw, 1200px\" \/><\/p>\n<p>Og eitt sindur t\u00e6ttari:<\/p>\n<p><img loading=\"lazy\" decoding=\"async\" class=\"alignnone wp-image-3757 size-nord-full-width\" src=\"https:\/\/heinesen.fo\/wp-content\/uploads\/2024\/05\/How-to-get-to-Magnus-Heinasonar-gota-8-1300x1040.png\" alt=\"\" width=\"1200\" height=\"960\" srcset=\"https:\/\/heinesen.fo\/wp-content\/uploads\/2024\/05\/How-to-get-to-Magnus-Heinasonar-gota-8-1300x1040.png 1300w, https:\/\/heinesen.fo\/wp-content\/uploads\/2024\/05\/How-to-get-to-Magnus-Heinasonar-gota-8-300x240.png 300w, https:\/\/heinesen.fo\/wp-content\/uploads\/2024\/05\/How-to-get-to-Magnus-Heinasonar-gota-8-1024x819.png 1024w, https:\/\/heinesen.fo\/wp-content\/uploads\/2024\/05\/How-to-get-to-Magnus-Heinasonar-gota-8-768x614.png 768w, https:\/\/heinesen.fo\/wp-content\/uploads\/2024\/05\/How-to-get-to-Magnus-Heinasonar-gota-8-1536x1229.png 1536w, https:\/\/heinesen.fo\/wp-content\/uploads\/2024\/05\/How-to-get-to-Magnus-Heinasonar-gota-8.png 1720w\" sizes=\"auto, (max-width: 1200px) 100vw, 1200px\" \/><\/p>\n<h4>Finn veg fr\u00e1 Sverrisg\u00f8tu:<\/h4>\n<p>Finn horni\u00f0 av Sverrisg\u00f8tu og Magnus Heinasonar g\u00f8tu (s\u00e6r \u00fat sum \u00e1 myndini ni\u00f0ri undir) &#8211; og far so oman til myrkarey\u00f0a h\u00fasi\u00f0 vi\u00f0 endan av g\u00f8tuni vi\u00f0 parkera\u00f0u bilunum.<\/p>\n<p>Ta\u00f0 er Magnus Heinasonar g\u00f8ta. Nr. 8 er beint aftanfyri myrkarey\u00f0a h\u00fasi\u00f0 fyri endan av vegnum. Men&#8230;<\/p>\n<p><img loading=\"lazy\" decoding=\"async\" class=\"alignnone size-large wp-image-3671\" src=\"https:\/\/heinesen.fo\/wp-content\/uploads\/2024\/04\/Corner_Sverrisgota_M-Heinasonargota-1024x708.jpg\" alt=\"\" width=\"1024\" height=\"708\" srcset=\"https:\/\/heinesen.fo\/wp-content\/uploads\/2024\/04\/Corner_Sverrisgota_M-Heinasonargota-1024x708.jpg 1024w, https:\/\/heinesen.fo\/wp-content\/uploads\/2024\/04\/Corner_Sverrisgota_M-Heinasonargota-300x207.jpg 300w, https:\/\/heinesen.fo\/wp-content\/uploads\/2024\/04\/Corner_Sverrisgota_M-Heinasonargota-768x531.jpg 768w, https:\/\/heinesen.fo\/wp-content\/uploads\/2024\/04\/Corner_Sverrisgota_M-Heinasonargota-1536x1062.jpg 1536w, https:\/\/heinesen.fo\/wp-content\/uploads\/2024\/04\/Corner_Sverrisgota_M-Heinasonargota-2048x1416.jpg 2048w, https:\/\/heinesen.fo\/wp-content\/uploads\/2024\/04\/Corner_Sverrisgota_M-Heinasonargota-1300x899.jpg 1300w\" sizes=\"auto, (max-width: 1024px) 100vw, 1024px\" \/><\/p>\n<p>&#8230; t\u00e1 t\u00fa kemur oman til myrkarey\u00f0a h\u00fasi\u00f0, syrg fyri, at t\u00fa <strong>IKKI<\/strong> fert oman eftir g\u00f8tuni vinstrumegin rey\u00f0a h\u00fasi\u00f0, har t\u00fa s\u00e6rt tann hv\u00edta bilin \u00e1 myndini ni\u00f0riundir, parkera\u00f0ur frammanfyri eitt l\u00edti\u00f0 hv\u00edtt h\u00fas (Ostah\u00fasi\u00f0).<\/p>\n<p>T\u00fa skalt, sum nevnt, <strong>IKKI fara tann vegin. Vinaliga snara til h\u00f8gru \u00edsta\u00f0in og snara beinanvegin um horni\u00f0 \u00e1 rey\u00f0a h\u00fasinum<\/strong>, har t\u00fa s\u00e6rt eina sera smala g\u00f8tu til t\u00edna vinstru s\u00ed\u00f0u.<\/p>\n<p><img loading=\"lazy\" decoding=\"async\" class=\"alignnone size-large wp-image-3682\" src=\"https:\/\/heinesen.fo\/wp-content\/uploads\/2024\/04\/The-red-house-1024x778.jpg\" alt=\"\" width=\"1024\" height=\"778\" srcset=\"https:\/\/heinesen.fo\/wp-content\/uploads\/2024\/04\/The-red-house-1024x778.jpg 1024w, https:\/\/heinesen.fo\/wp-content\/uploads\/2024\/04\/The-red-house-300x228.jpg 300w, https:\/\/heinesen.fo\/wp-content\/uploads\/2024\/04\/The-red-house-768x583.jpg 768w, https:\/\/heinesen.fo\/wp-content\/uploads\/2024\/04\/The-red-house-1536x1167.jpg 1536w, https:\/\/heinesen.fo\/wp-content\/uploads\/2024\/04\/The-red-house-2048x1556.jpg 2048w, https:\/\/heinesen.fo\/wp-content\/uploads\/2024\/04\/The-red-house-1300x988.jpg 1300w\" sizes=\"auto, (max-width: 1024px) 100vw, 1024px\" \/><\/p>\n<p>Sj\u00f3nbandi\u00f0 undir her v\u00edsir t\u00e6r vegin til Magnus Heinasonar g\u00f8tu 8 fr\u00e1 t\u00ed sta\u00f0num, sum t\u00fa s\u00e6rt \u00e1 myndini uppi yvir:<\/p>\n<p><iframe loading=\"lazy\" title=\"How to find F&#039;LJ\u00d3\u00d0 KV\u00d8LDSETUR&#039;s location\" width=\"1200\" height=\"675\" src=\"https:\/\/www.youtube.com\/embed\/4b9KSqkxA90?feature=oembed\" frameborder=\"0\" allow=\"accelerometer; autoplay; clipboard-write; encrypted-media; gyroscope; picture-in-picture; web-share\" referrerpolicy=\"strict-origin-when-cross-origin\" allowfullscreen><\/iframe><\/p>\n<p>T\u00fa finnur Magnus Heinasonar g\u00f8tu 8 &#8211; heimsta\u00f0in hj\u00e1 F&#8217;LJ\u00d3\u00d0 KV\u00d8LDSETUM &#8211; \u00ed n\u00e6sta h\u00fasinum \u00ed r\u00f8\u00f0ini oman eftir sm\u00f8lu g\u00f8tuni. Ta\u00f0 er eitt svart h\u00fas vi\u00f0 hv\u00edtum vindeygum og gr\u00f8nari \u00fathur\u00f0:<\/p>\n<p><img loading=\"lazy\" decoding=\"async\" class=\"alignnone size-full wp-image-3690\" src=\"https:\/\/heinesen.fo\/wp-content\/uploads\/2024\/04\/Magnus-Heinasonar-gota-8.jpg\" alt=\"\" width=\"697\" height=\"697\" srcset=\"https:\/\/heinesen.fo\/wp-content\/uploads\/2024\/04\/Magnus-Heinasonar-gota-8.jpg 697w, https:\/\/heinesen.fo\/wp-content\/uploads\/2024\/04\/Magnus-Heinasonar-gota-8-300x300.jpg 300w, https:\/\/heinesen.fo\/wp-content\/uploads\/2024\/04\/Magnus-Heinasonar-gota-8-150x150.jpg 150w\" sizes=\"auto, (max-width: 697px) 100vw, 697px\" \/><\/p>\n<h4>Finn veg \u00far V\u00e1gsbotni:<\/h4>\n<p>Um t\u00fa kemur \u00far V\u00e1gsbotni, kanst t\u00fa fylgja hesi rutuni:<\/p>\n<p><a href=\"https:\/\/heinesen.fo\/en\/index.php\/stadseting\/vagsbotn1\/\" rel=\"attachment wp-att-3986\"><img loading=\"lazy\" decoding=\"async\" class=\"alignnone size-large wp-image-3986\" src=\"https:\/\/heinesen.fo\/wp-content\/uploads\/2024\/09\/Vagsbotn1-1024x861.jpg\" alt=\"\" width=\"1024\" height=\"861\" srcset=\"https:\/\/heinesen.fo\/wp-content\/uploads\/2024\/09\/Vagsbotn1-1024x861.jpg 1024w, https:\/\/heinesen.fo\/wp-content\/uploads\/2024\/09\/Vagsbotn1-300x252.jpg 300w, https:\/\/heinesen.fo\/wp-content\/uploads\/2024\/09\/Vagsbotn1-768x646.jpg 768w, https:\/\/heinesen.fo\/wp-content\/uploads\/2024\/09\/Vagsbotn1-1536x1291.jpg 1536w, https:\/\/heinesen.fo\/wp-content\/uploads\/2024\/09\/Vagsbotn1-1300x1093.jpg 1300w, https:\/\/heinesen.fo\/wp-content\/uploads\/2024\/09\/Vagsbotn1.jpg 1806w\" sizes=\"auto, (max-width: 1024px) 100vw, 1024px\" \/><\/a><\/p>\n<p>Far yvir til barrina Sirkus.<\/p>\n<p><a href=\"https:\/\/heinesen.fo\/en\/index.php\/stadseting\/vagsbotn2\/\" rel=\"attachment wp-att-3989\"><img loading=\"lazy\" decoding=\"async\" class=\"alignnone size-large wp-image-3989\" src=\"https:\/\/heinesen.fo\/wp-content\/uploads\/2024\/09\/Vagsbotn2-1024x864.jpg\" alt=\"\" width=\"1024\" height=\"864\" srcset=\"https:\/\/heinesen.fo\/wp-content\/uploads\/2024\/09\/Vagsbotn2-1024x864.jpg 1024w, https:\/\/heinesen.fo\/wp-content\/uploads\/2024\/09\/Vagsbotn2-300x253.jpg 300w, https:\/\/heinesen.fo\/wp-content\/uploads\/2024\/09\/Vagsbotn2-768x648.jpg 768w, https:\/\/heinesen.fo\/wp-content\/uploads\/2024\/09\/Vagsbotn2-1536x1297.jpg 1536w, https:\/\/heinesen.fo\/wp-content\/uploads\/2024\/09\/Vagsbotn2-1300x1097.jpg 1300w, https:\/\/heinesen.fo\/wp-content\/uploads\/2024\/09\/Vagsbotn2.jpg 1836w\" sizes=\"auto, (max-width: 1024px) 100vw, 1024px\" \/><\/a><\/p>\n<p>Far fram vi\u00f0 Sirkus og ni\u00f0an brekkuna.<\/p>\n<p><a href=\"https:\/\/heinesen.fo\/en\/index.php\/stadseting\/vagsbotn3\/\" rel=\"attachment wp-att-3992\"><img loading=\"lazy\" decoding=\"async\" class=\"alignnone size-large wp-image-3992\" src=\"https:\/\/heinesen.fo\/wp-content\/uploads\/2024\/09\/Vagsbotn3-1024x865.jpg\" alt=\"\" width=\"1024\" height=\"865\" srcset=\"https:\/\/heinesen.fo\/wp-content\/uploads\/2024\/09\/Vagsbotn3-1024x865.jpg 1024w, https:\/\/heinesen.fo\/wp-content\/uploads\/2024\/09\/Vagsbotn3-300x254.jpg 300w, https:\/\/heinesen.fo\/wp-content\/uploads\/2024\/09\/Vagsbotn3-768x649.jpg 768w, https:\/\/heinesen.fo\/wp-content\/uploads\/2024\/09\/Vagsbotn3-1536x1298.jpg 1536w, https:\/\/heinesen.fo\/wp-content\/uploads\/2024\/09\/Vagsbotn3-1300x1099.jpg 1300w, https:\/\/heinesen.fo\/wp-content\/uploads\/2024\/09\/Vagsbotn3.jpg 1820w\" sizes=\"auto, (max-width: 1024px) 100vw, 1024px\" \/><\/a><\/p>\n<p>Far ni\u00f0an til trappurna \u00ed h\u00f8gru s\u00ed\u00f0u av vegnum.<\/p>\n<p><a href=\"https:\/\/heinesen.fo\/en\/index.php\/stadseting\/vagsbotn4\/\" rel=\"attachment wp-att-3995\"><img loading=\"lazy\" decoding=\"async\" class=\"alignnone wp-image-3995 size-large\" src=\"https:\/\/heinesen.fo\/wp-content\/uploads\/2024\/09\/Vagsbotn4-e1727035834917-1024x885.jpg\" alt=\"\" width=\"1024\" height=\"885\" srcset=\"https:\/\/heinesen.fo\/wp-content\/uploads\/2024\/09\/Vagsbotn4-e1727035834917-1024x885.jpg 1024w, https:\/\/heinesen.fo\/wp-content\/uploads\/2024\/09\/Vagsbotn4-e1727035834917-300x259.jpg 300w, https:\/\/heinesen.fo\/wp-content\/uploads\/2024\/09\/Vagsbotn4-e1727035834917-768x664.jpg 768w, https:\/\/heinesen.fo\/wp-content\/uploads\/2024\/09\/Vagsbotn4-e1727035834917.jpg 1286w\" sizes=\"auto, (max-width: 1024px) 100vw, 1024px\" \/><\/a><\/p>\n<p>Far ni\u00f0an trappurnar og snara til h\u00f8gru fyri endan av trappunum. Hygg eftir hesum stutta videobrotinum fyri at s\u00edggja, hvussu t\u00fa finnur yvir til r\u00f8ttu h\u00fasini:<\/p>\n<p><iframe loading=\"lazy\" title=\"V\u00e1gsbotn route\" width=\"1200\" height=\"675\" src=\"https:\/\/www.youtube.com\/embed\/KkiIsMzT2gM?feature=oembed\" frameborder=\"0\" allow=\"accelerometer; autoplay; clipboard-write; encrypted-media; gyroscope; picture-in-picture; web-share\" referrerpolicy=\"strict-origin-when-cross-origin\" allowfullscreen><\/iframe><\/p>\n<p>Solei\u00f0is! T\u00fa hevur n\u00fa funni\u00f0 adressuna: Magnus Heinasonar g\u00f8ta 8, har F&#8217;LJ\u00d3\u00d0 KV\u00d8LDSETURNAR fara fram.<\/p>\n","protected":false},"excerpt":{"rendered":"<p>Hvar fara F\u2019LJ\u00d3\u00d0 KV\u00d8LDSETUR fram? F\u2019LJ\u00d3\u00d0 KV\u00d8LDSETUR fara fram \u00ed Magnus Heinasonar g\u00f8tu 8, t\u00e6tt vi\u00f0 V\u00e1gsbotn og Vestaru V\u00e1g. Her er eitt kort av Havnini, sum v\u00edsir n\u00f8kurlunda sta\u00f0setingina, merkt &#8220;MY HOME&#8220;: Og eitt sindur t\u00e6ttari: Finn veg fr\u00e1 Sverrisg\u00f8tu: Finn horni\u00f0 av Sverrisg\u00f8tu og Magnus Heinasonar g\u00f8tu (s\u00e6r \u00fat sum \u00e1 myndini ni\u00f0ri&hellip;<\/p>\n","protected":false},"author":1,"featured_media":0,"parent":1905,"menu_order":3,"comment_status":"closed","ping_status":"closed","template":"","meta":{"footnotes":""},"class_list":["post-3940","page","type-page","status-publish","format-standard","hentry"],"_links":{"self":[{"href":"https:\/\/heinesen.fo\/index.php\/wp-json\/wp\/v2\/pages\/3940","targetHints":{"allow":["GET"]}}],"collection":[{"href":"https:\/\/heinesen.fo\/index.php\/wp-json\/wp\/v2\/pages"}],"about":[{"href":"https:\/\/heinesen.fo\/index.php\/wp-json\/wp\/v2\/types\/page"}],"author":[{"embeddable":true,"href":"https:\/\/heinesen.fo\/index.php\/wp-json\/wp\/v2\/users\/1"}],"replies":[{"embeddable":true,"href":"https:\/\/heinesen.fo\/index.php\/wp-json\/wp\/v2\/comments?post=3940"}],"version-history":[{"count":5,"href":"https:\/\/heinesen.fo\/index.php\/wp-json\/wp\/v2\/pages\/3940\/revisions"}],"predecessor-version":[{"id":4009,"href":"https:\/\/heinesen.fo\/index.php\/wp-json\/wp\/v2\/pages\/3940\/revisions\/4009"}],"up":[{"embeddable":true,"href":"https:\/\/heinesen.fo\/index.php\/wp-json\/wp\/v2\/pages\/1905"}],"wp:attachment":[{"href":"https:\/\/heinesen.fo\/index.php\/wp-json\/wp\/v2\/media?parent=3940"}],"curies":[{"name":"wp","href":"https:\/\/api.w.org\/{rel}","templated":true}]}}